{"id":17199,"date":"2024-07-14T13:19:16","date_gmt":"2024-07-14T13:19:16","guid":{"rendered":"https:\/\/hungary.elite2you.com\/?page_id=17199"},"modified":"2025-06-05T23:38:50","modified_gmt":"2025-06-05T23:38:50","slug":"international","status":"publish","type":"page","link":"https:\/\/elite2you.com\/hu\/international\/","title":{"rendered":"International"},"content":{"rendered":"<style>\n    #map {\n        position: relative;\n        width: 100%;\n        max-width: 5000px;\n        margin: auto;\n    }\n    #map img {\n        width: 100%;\n    }\n    .marker {\n        position: absolute;\n        background-color: red;\n        border-radius: 50%;\n        width: 10px;\n        height: 10px;\n        cursor: pointer;\n    }\n    .marker a {\n        display: block;\n        width: 100%;\n        height: 100%;\n    }\n<\/style>\n<div id=\"map\">\n    <img decoding=\"async\" src=\"https:\/\/upload.wikimedia.org\/wikipedia\/commons\/8\/80\/World_map_-_low_resolution.svg\" alt=\"Vil\u00e1gt\u00e9rk\u00e9p\" \/><\/p>\n<div class=\"marker\" style=\"top: 32%; left: 20%;\" title=\"USA\">\n        <a href=\"https:\/\/elite2you.com\" target=\"_blank\" rel=\"noopener\"><\/a>\n    <\/div>\n<div class=\"marker\" style=\"top: 68%; left: 86%;\" title=\"Australia\">\n        <a href=\"https:\/\/elite2you.com\" target=\"_blank\" rel=\"noopener\"><\/a>\n    <\/div>\n<div class=\"marker\" style=\"top: 68%; left: 54.5%;\" title=\"South-Africa\">\n        <a href=\"https:\/\/elite2you.com\" target=\"_blank\" rel=\"noopener\"><\/a>\n    <\/div>\n<div class=\"marker\" style=\"top: 20%; left: 19%;\" title=\"Canada\">\n        <a href=\"https:\/\/elite2you.com\" target=\"_blank\" rel=\"noopener\"><\/a>\n    <\/div>\n<div class=\"marker\" style=\"top: 40%; left: 17.5%;\" title=\"Mexico\">\n        <a href=\"https:\/\/spain.elite2you.com\" target=\"_blank\" rel=\"noopener\"><\/a>\n    <\/div>\n<div class=\"marker\" style=\"top: 42%; left: 25%;\" title=\"Cuba\">\n        <a href=\"https:\/\/spain.elite2you.com\" target=\"_blank\" rel=\"noopener\"><\/a>\n    <\/div>\n<div class=\"marker\" style=\"top: 58%; left: 33%;\" title=\"Brazil\">\n        <a href=\"https:\/\/spain.elite2you.com\" target=\"_blank\" rel=\"noopener\"><\/a>\n    <\/div>\n<div class=\"marker\" style=\"top: 34%; left: 46.5%;\" title=\"Spain\">\n        <a href=\"https:\/\/spain.elite2you.com\" target=\"_blank\" rel=\"noopener\"><\/a>\n    <\/div>\n<div class=\"marker\" style=\"top: 27%; left: 46.5%;\" title=\"UK\">\n        <a href=\"https:\/\/elite2you.com\" target=\"_blank\" rel=\"noopener\"><\/a>\n    <\/div>\n<div class=\"marker\" style=\"top: 27.5%; left: 50%;\" title=\"Germany\">\n        <a href=\"https:\/\/germany.elite2you.com\" target=\"_blank\" rel=\"noopener\"><\/a>\n    <\/div>\n<div class=\"marker\" style=\"top: 29.9%; left: 52.5%;\" title=\"Hungary\">\n        <a href=\"https:\/\/elite2you.com\" target=\"_blank\" rel=\"noopener\"><\/a>\n    <\/div>\n<div class=\"marker\" style=\"top: 33%; left: 51.2%;\" title=\"Italy\">\n        <a href=\"https:\/\/italy.elite2you.com\" target=\"_blank\" rel=\"noopener\"><\/a>\n    <\/div>\n<div class=\"marker\" style=\"top: 32%; left: 52.5%;\" title=\"Croatia\">\n        <a href=\"https:\/\/croatia.elite2you.com\" target=\"_blank\" rel=\"noopener\"><\/a>\n    <\/div>\n<div class=\"marker\" style=\"top: 31%; left: 54.5%;\" title=\"Romania\">\n        <a href=\"https:\/\/romania.elite2you.com\" target=\"_blank\" rel=\"noopener\"><\/a>\n    <\/div>\n<\/div>\n","protected":false},"excerpt":{"rendered":"","protected":false},"author":5,"featured_media":0,"parent":0,"menu_order":0,"comment_status":"closed","ping_status":"closed","template":"","meta":{"_monsterinsights_skip_tracking":false,"_monsterinsights_sitenote_active":false,"_monsterinsights_sitenote_note":"","_monsterinsights_sitenote_category":0,"footnotes":""},"class_list":["post-17199","page","type-page","status-publish","hentry"],"_links":{"self":[{"href":"https:\/\/elite2you.com\/hu\/wp-json\/wp\/v2\/pages\/17199","targetHints":{"allow":["GET"]}}],"collection":[{"href":"https:\/\/elite2you.com\/hu\/wp-json\/wp\/v2\/pages"}],"about":[{"href":"https:\/\/elite2you.com\/hu\/wp-json\/wp\/v2\/types\/page"}],"author":[{"embeddable":true,"href":"https:\/\/elite2you.com\/hu\/wp-json\/wp\/v2\/users\/5"}],"replies":[{"embeddable":true,"href":"https:\/\/elite2you.com\/hu\/wp-json\/wp\/v2\/comments?post=17199"}],"version-history":[{"count":5,"href":"https:\/\/elite2you.com\/hu\/wp-json\/wp\/v2\/pages\/17199\/revisions"}],"predecessor-version":[{"id":18575,"href":"https:\/\/elite2you.com\/hu\/wp-json\/wp\/v2\/pages\/17199\/revisions\/18575"}],"wp:attachment":[{"href":"https:\/\/elite2you.com\/hu\/wp-json\/wp\/v2\/media?parent=17199"}],"curies":[{"name":"wp","href":"https:\/\/api.w.org\/{rel}","templated":true}]}}