{"id":17480,"date":"2025-03-20T16:57:41","date_gmt":"2025-03-20T16:57:41","guid":{"rendered":"https:\/\/hungary.elite2you.com\/?page_id=17480"},"modified":"2025-11-08T18:35:34","modified_gmt":"2025-11-08T18:35:34","slug":"impresszum","status":"publish","type":"page","link":"https:\/\/elite2you.com\/hu\/impresszum\/","title":{"rendered":"Impresszum"},"content":{"rendered":"<div class=\"wpb-content-wrapper\"><p>[vc_row][vc_column][vc_column_text css=\"\"]<\/p>\n<p data-pm-slice=\"1 1 []\"><strong>Impresszum \/ Jogi nyilatkozat (Legal Notice \/ Imprint)<\/strong><\/p>\n<p>Az al\u00e1bbiakban megtal\u00e1lhat\u00f3k az Elite2You Digital Model Agency hivatalos jogi adatai \u00e9s el\u00e9rhet\u0151s\u00e9gei:<\/p>\n<p><strong>C\u00e9gn\u00e9v:<\/strong> Elite2You Digit\u00e1lis Modell\u00fcgyn\u00f6ks\u00e9g<br \/>\n<strong>A c\u00e9g tev\u00e9kenys\u00e9ge:<\/strong> Online modellek, tartalomk\u00e9sz\u00edt\u0151k, influenszerek, YouTuberek, valamint c\u00e9gek \u00e9s egy\u00e9ni v\u00e1llalkoz\u00f3k k\u00f6z\u00f6ss\u00e9gi m\u00e9di\u00e1s jelenl\u00e9t\u00e9nek menedzsmentje. Tev\u00e9kenys\u00e9gi k\u00f6r\u00fcnk mag\u00e1ban foglalja a tartalomstrat\u00e9gia kialak\u00edt\u00e1s\u00e1t, kamp\u00e1nyok szervez\u00e9s\u00e9t, m\u00e1rka\u00e9p\u00edt\u00e9st, valamint az online jelenl\u00e9t optimaliz\u00e1l\u00e1s\u00e1t k\u00fcl\u00f6nb\u00f6z\u0151 platformokon \u2013 bele\u00e9rtve, de nem kiz\u00e1r\u00f3lagosan az Elite2Fans, OnlyFans, Facebook, Instagram, TikTok \u00e9s YouTube fel\u00fcleteket.<\/p>\n<p><strong>Sz\u00e9khely:<\/strong><\/p>\n<ul>\n<li><strong>Magyarorsz\u00e1gon: <\/strong>Keleti M\u00e1rton Utca 7. F\u00f3t, 2151, Hungary<\/li>\n<li><strong>Olaszorsz\u00e1gban:<\/strong> Via della Moscova 13, Milan, Lombardy 20121, ITALY<\/li>\n<li><strong>Egyes\u00fclt \u00c1llamokban: <\/strong>16192 Coastal Highway Lewes, Delaware, 19958, USA<\/li>\n<li><strong>N\u00e9metorsz\u00e1gban:\u00a0<\/strong>Eschersheimer Landstra\u00dfe 42, Frankfurt am Main, Hessen, 60322, Germany<\/li>\n<li><strong>Egyes\u00fclt Kir\u00e1lys\u00e1gban: <\/strong>293 Sugar Mill Business Park, Oakhurst Avenue, Leeds, LS117HL, United Kingdom<\/li>\n<\/ul>\n<p><strong>C\u00e9gjegyz\u00e9ksz\u00e1m:<\/strong> [15645991]<br \/>\n<strong>Ad\u00f3sz\u00e1m:<\/strong> [583927 379148]<br \/>\n<strong>E-mail:<\/strong> <a>info@elite2you.com<\/a><br \/>\n<strong>Telefon:<\/strong> +(36) 70-723-87-11<br \/>\n<strong>K\u00f6zponti weboldal:<\/strong> <a href=\"https:\/\/elite2you.com\/\" target=\"_blank\" rel=\"noopener\">https:\/\/elite2you.com\/<\/a><br \/>\n<strong>\u00dcgyf\u00e9lkapu:\u00a0<\/strong> <a href=\"https:\/\/cloud.elite2you.com\/\" target=\"_blank\" rel=\"noopener\">https:\/\/cloud.elite2you.com\/<\/a><\/p>\n<p><strong>Felel\u0151s vezet\u0151k az al\u00e1bbi linken \u00e9rhet\u0151ek el:<\/strong> <a href=\"https:\/\/elite2you.com\/agency\/\" target=\"_blank\" rel=\"noopener\">https:\/\/elite2you.com\/agency\/<\/a><\/p>\n<h3><strong><u>Tov\u00e1bbi weboldalaink:<\/u><\/strong><\/h3>\n<ul>\n<li>Modellkeres\u0151 weboldalunkat az al\u00e1bbi linken \u00e9rheti el: <a href=\"https:\/\/models2you.com\/\" target=\"_blank\" rel=\"noopener\">https:\/\/models2you.com\/<\/a><\/li>\n<li>Elite2You Online Webshopja: <a href=\"https:\/\/eroticwardrobe.com\/\" target=\"_blank\" rel=\"noopener\">https:\/\/eroticwardrobe.com\/<\/a><\/li>\n<li>Alkot\u00f3ink K\u00f6z\u00f6ss\u00e9gi oldala: <a href=\"https:\/\/elite2fans.com\/\" target=\"_blank\" rel=\"noopener\">https:\/\/elite2fans.com\/<\/a><\/li>\n<\/ul>\n<p>&nbsp;<\/p>\n<h3><strong><u>Az Elite2Fans K\u00f6z\u00f6ss\u00e9gi Oldalunk, az al\u00e1bbi linkeken \u00e9rhet\u0151ek el:<\/u><\/strong><\/h3>\n<ul>\n<li>Facebook: <a href=\"https:\/\/www.facebook.com\/elite2fans\" target=\"_blank\" rel=\"noopener\">https:\/\/www.facebook.com\/elite2fans<\/a><\/li>\n<li>Tik Tok: <a href=\"https:\/\/www.tiktok.com\/@elite2fans\" target=\"_blank\" rel=\"noopener\">https:\/\/www.tiktok.com\/@elite2fans<\/a><\/li>\n<\/ul>\n<p>&nbsp;<\/p>\n<h3><strong><u>Az Elite2You K\u00f6z\u00f6ss\u00e9gi Oldalai, az al\u00e1bbi linkeken \u00e9rhet\u0151ek el:<\/u><\/strong><\/h3>\n<ul>\n<li>Facebook: <a href=\"https:\/\/www.facebook.com\/E2Y.modelagency\/\" target=\"_blank\" rel=\"noopener\">https:\/\/www.facebook.com\/E2Y.modelagency\/<\/a><\/li>\n<li>Instagram: <a href=\"https:\/\/www.instagram.com\/elite2you.modelagency\/\" target=\"_blank\" rel=\"noopener\">https:\/\/www.instagram.com\/elite2you.modelagency\/<\/a><\/li>\n<li>Youtube: <a href=\"https:\/\/www.youtube.com\/@Elite2you_agency\" target=\"_blank\" rel=\"noopener\">https:\/\/www.youtube.com\/@Elite2you_agency<\/a><\/li>\n<li>Tik Tok: <a href=\"https:\/\/www.tiktok.com\/@elite2you_modelagency\" target=\"_blank\" rel=\"noopener\">https:\/\/www.tiktok.com\/@elite2you_modelagency<\/a><\/li>\n<li>X (Twitter) <a href=\"https:\/\/x.com\/elite2you\" target=\"_blank\" rel=\"noopener\">https:\/\/x.com\/elite2you<\/a><\/li>\n<li>Elite2Fans oldalunk: <a href=\"https:\/\/elite2fans.com\/elite2you-model-agency\" target=\"_blank\" rel=\"noopener\">https:\/\/elite2fans.com\/elite2you-model-agency<\/a><\/li>\n<\/ul>\n<p>&nbsp;<\/p>\n<h3><strong><u>Az Elite2You Szab\u00e1lyzatai az al\u00e1bbi linkeken \u00e9rhet\u0151ek el:<\/u><\/strong><\/h3>\n<ul>\n<li><strong>Kock\u00e1zati Nyilatkozat:<\/strong> <a href=\"https:\/\/elite2you.com\/kockazati-nyilatkozat\/\" target=\"_blank\" rel=\"noopener\">https:\/\/elite2you.com\/kockazati-nyilatkozat\/<\/a><\/li>\n<li><strong>Adatv\u00e9delmi Szab\u00e1lyzat<\/strong>: <a href=\"https:\/\/elite2you.com\/adatvedelmi-szabalyzat\/\" target=\"_blank\" rel=\"noopener\">https:\/\/elite2you.com\/adatvedelmi-szabalyzat\/<\/a><\/li>\n<li><strong>GDPR<\/strong>: <a href=\"https:\/\/elite2you.com\/gdpr\/\" target=\"_blank\" rel=\"noopener\">https:\/\/elite2you.com\/gdpr\/<\/a><\/li>\n<li><strong>S\u00fcti Szab\u00e1lyzat<\/strong>: <a href=\"https:\/\/elite2you.com\/suti-szabalyzat\/\" target=\"_blank\" rel=\"noopener\">https:\/\/elite2you.com\/suti-szabalyzat\/<\/a><\/li>\n<li><strong>DMCA &amp; Szerz\u0151i Jogok:<\/strong> <a href=\"https:\/\/elite2you.com\/dmca-szerzoi-jogok-nyilatkozat\/\" target=\"_blank\" rel=\"noopener\">https:\/\/elite2you.com\/dmca-szerzoi-jogok-nyilatkozat\/<\/a><\/li>\n<li><strong>Friss\u00edt\u00e9si \u00e9s Verzi\u00f3kezel\u00e9si Nyilatkozat:\u00a0<\/strong><a href=\"https:\/\/elite2you.com\/frissitesi-nyilatkozat\/\" target=\"_blank\" rel=\"noopener\">https:\/\/elite2you.com\/frissitesi-nyilatkozat\/<\/a><\/li>\n<\/ul>\n<p>&nbsp;<\/p>\n<ul>\n<li><strong>\u00c1ltal\u00e1nos Felhaszn\u00e1l\u00e1si Felt\u00e9telek:\u00a0<\/strong> <a href=\"https:\/\/elite2you.com\/altalanos-felhasznalasi-feltetelek\/\">https:\/\/elite2you.com\/altalanos-felhasznalasi-feltetelek\/<\/a><\/li>\n<li><strong>Felhaszn\u00e1l\u00f3i Magatart\u00e1si K\u00f3dex:<\/strong> <a href=\"https:\/\/elite2you.com\/felhasznaloi-magatartasi-kodex\/\" target=\"_blank\" rel=\"noopener\">https:\/\/elite2you.com\/felhasznaloi-magatartasi-kodex\/<\/a><\/li>\n<li><strong>Tartalom- \u00e9s K\u00f6z\u00f6ss\u00e9gi Magatart\u00e1si Szab\u00e1lyzat<\/strong>: <a href=\"https:\/\/elite2you.com\/kozossegi-magatartasi-szabalyzat\/\" target=\"_blank\" rel=\"noopener\">https:\/\/elite2you.com\/kozossegi-magatartasi-szabalyzat\/<\/a><\/li>\n<li><strong>Tartalomellen\u00f6rz\u00e9si \u00e9s J\u00f3v\u00e1hagy\u00e1si Szab\u00e1lyzat:<\/strong> <a href=\"https:\/\/elite2you.com\/tartalomellenorzesi-szabalyzat\/\" target=\"_blank\" rel=\"noopener\">https:\/\/elite2you.com\/tartalomellenorzesi-szabalyzat\/<\/a><\/li>\n<li><strong data-start=\"80\" data-end=\"138\">Szerz\u0151i Jogi Haszn\u00e1lati Enged\u00e9ly \u00e9s K\u00e9pjog Nyilatkozat:\u00a0<\/strong><a href=\"https:\/\/elite2you.com\/szerzoi-jogi-hasznalati-engedely\/\" target=\"_blank\" rel=\"noopener\">https:\/\/elite2you.com\/szerzoi-jogi-hasznalati-engedely\/<\/a><\/li>\n<\/ul>\n<p>&nbsp;<\/p>\n<ul>\n<li><strong>Digit\u00e1lis tartalmakhoz val\u00f3 hozz\u00e1f\u00e9r\u00e9si szab\u00e1lyzat<\/strong>: <a href=\"https:\/\/elite2you.com\/hozzaferesi-szabalyzat\/\" target=\"_blank\" rel=\"noopener\">https:\/\/elite2you.com\/hozzaferesi-szabalyzat\/<\/a><\/li>\n<li><strong>Elite2You Akad\u00e9mia Felhaszn\u00e1l\u00e1si Felt\u00e9telei: <\/strong><a href=\"https:\/\/elite2you.com\/felhasznalasi-feltetelek\/\" target=\"_blank\" rel=\"noopener\">https:\/\/elite2you.com\/felhasznalasi-feltetelek\/<\/a><\/li>\n<li><strong>R\u00e9szletfizet\u00e9si Szab\u00e1lyzat:\u00a0<\/strong><a href=\"https:\/\/elite2you.com\/reszletfizetesi-szabalyzat\/\" target=\"_blank\" rel=\"noopener\">https:\/\/elite2you.com\/reszletfizetesi-szabalyzat\/<\/a><\/li>\n<li><strong>Oktat\u00f3i Egy\u00fcttm\u0171k\u00f6d\u00e9si Szab\u00e1lyzat:\u00a0<\/strong><a href=\"https:\/\/elite2you.com\/oktatoi-egyuttmukodesi-szabalyzat\/\" target=\"_blank\" rel=\"noopener\">https:\/\/elite2you.com\/oktatoi-egyuttmukodesi-szabalyzat\/<\/a><\/li>\n<li><strong>Oktat\u00f3 \u00e9s Tanul\u00f3 k\u00f6z\u00f6tti Egy\u00fcttm\u0171k\u00f6d\u00e9si Szab\u00e1lyzat:\u00a0<\/strong><a href=\"https:\/\/elite2you.com\/akademiai-egyuttmukodesi-szabalyzat\/\" target=\"_blank\" rel=\"noopener\">https:\/\/elite2you.com\/akademiai-egyuttmukodesi-szabalyzat\/<\/a><\/li>\n<li><strong>Kezd\u0151 Kurzus r\u00e9szletfizet\u00e9si Szab\u00e1lyzata:\u00a0<\/strong><a href=\"https:\/\/elite2you.com\/reszletfizetesi-szabalyzat\/\" target=\"_blank\" rel=\"noopener\">https:\/\/elite2you.com\/reszletfizetesi-szabalyzat\/<\/a><\/li>\n<li><strong>Elite2You Akad\u00e9mia Vizsgafelt\u00e9telei:\u00a0 <\/strong><a href=\"https:\/\/elite2you.com\/vizsgafeltetelek\/\" target=\"_blank\" rel=\"noopener\">https:\/\/elite2you.com\/vizsgafeltetelek\/<\/a><\/li>\n<li><strong>Elite2You Akad\u00e9mia Vizsgaszab\u00e1lyzata:<\/strong> <a href=\"https:\/\/elite2you.com\/vizsgaszabalyzat\/\" target=\"_blank\" rel=\"noopener\">https:\/\/elite2you.com\/vizsgaszabalyzat\/<\/a><\/li>\n<li><strong>Tan\u00fas\u00edtv\u00e1nyok \u00e9s Vizsg\u00e1k Ki\u00e1ll\u00edt\u00e1s\u00e1nak Szab\u00e1lyzata:\u00a0<\/strong><a href=\"https:\/\/elite2you.com\/tanusitvanyok-szabalyzata\/\" target=\"_blank\" rel=\"noopener\">https:\/\/elite2you.com\/tanusitvanyok-szabalyzata\/<\/a><\/li>\n<\/ul>\n<p>&nbsp;<\/p>\n<ul>\n<li><strong>Fizet\u00e9si \u00e9s sz\u00e1ll\u00edt\u00e1si inform\u00e1ci\u00f3k:<\/strong> <a href=\"https:\/\/elite2you.com\/fizetesi-es-szallitasi-informaciok\/\" target=\"_blank\" rel=\"noopener\">https:\/\/elite2you.com\/fizetesi-es-szallitasi-informaciok\/<\/a><\/li>\n<li><strong>Aj\u00e1nd\u00e9k- \u00e9s Prom\u00f3ci\u00f3s Szab\u00e1lyzat:\u00a0<\/strong><a href=\"https:\/\/elite2you.com\/promocios-szabalyzat\/\" target=\"_blank\" rel=\"noopener\">https:\/\/elite2you.com\/promocios-szabalyzat\/<\/a><\/li>\n<li><strong>Visszak\u00fcld\u00e9si Szab\u00e1lyzat:<\/strong> <a href=\"https:\/\/elite2you.com\/visszakuldesi-szabalyzat\/\" target=\"_blank\" rel=\"noopener\">https:\/\/elite2you.com\/visszakuldesi-szabalyzat\/<\/a><\/li>\n<li><strong>Panaszkezel\u00e9si Szab\u00e1lyzat:<\/strong> <a href=\"https:\/\/elite2you.com\/panaszkezelesi-szabalyzat\/\" target=\"_blank\" rel=\"noopener\">https:\/\/elite2you.com\/panaszkezelesi-szabalyzat\/<\/a><\/li>\n<li><strong>El\u00e1ll\u00e1si Nyilatkozat<\/strong>: <a href=\"https:\/\/elite2you.com\/elallasi-nyilatkozat\/\" target=\"_blank\" rel=\"noopener\">https:\/\/elite2you.com\/elallasi-nyilatkozat\/<\/a><\/li>\n<\/ul>\n<p>&nbsp;<\/p>\n<ul>\n<li><strong>Szolg\u00e1ltat\u00f3kkal kapcsolatos szab\u00e1lyzat:\u00a0<\/strong><a href=\"https:\/\/elite2you.com\/szolgaltatokkal-kapcsolatos-szabalyzat\/\" target=\"_blank\" rel=\"noopener\">https:\/\/elite2you.com\/szolgaltatokkal-kapcsolatos-szabalyzat\/<\/a><\/li>\n<li><strong>Partnerek Min\u0151s\u00edt\u00e9si Szab\u00e1lyzata:<\/strong> <a href=\"https:\/\/elite2you.com\/partnerek-minositesi-szabalyzata\/\" target=\"_blank\" rel=\"noopener\">https:\/\/elite2you.com\/partnerek-minositesi-szabalyzata\/<\/a><\/li>\n<li><strong>Partneri \u00e9s Alv\u00e1llalkoz\u00f3i Titoktart\u00e1si \u00e9s Egy\u00fcttm\u0171k\u00f6d\u00e9si Szab\u00e1lyzat: <\/strong><a href=\"https:\/\/elite2you.com\/partneri-egyuttmukodesi-szabalyzat\/\">Partneri Egy\u00fcttm\u0171k\u00f6d\u00e9si Szab\u00e1lyzat - Elite2You DM Agency<\/a><\/li>\n<li><strong>Affiliate Szab\u00e1lyzat: <\/strong><a href=\"https:\/\/elite2you.com\/affiliate-szabalyzat\/\" target=\"_blank\" rel=\"noopener\">https:\/\/elite2you.com\/affiliate-szabalyzat\/<\/a><\/li>\n<li><strong>M\u00e1rkan\u00e9v- \u00e9s Log\u00f3haszn\u00e1lati Szab\u00e1lyzat:\u00a0<\/strong><a href=\"https:\/\/elite2you.com\/markanev-hasznalati-szabalyzat\/\" target=\"_blank\" rel=\"noopener\">https:\/\/elite2you.com\/markanev-hasznalati-szabalyzat\/<\/a><\/li>\n<li><strong>\u00c1tl\u00e1that\u00f3s\u00e1g:<\/strong> <a href=\"https:\/\/elite2you.com\/hu\/atlathatosag\/\" target=\"_blank\" rel=\"noopener\">https:\/\/elite2you.com\/hu\/atlathatosag\/\u00a0<\/a><\/li>\n<\/ul>\n<p>&nbsp;<\/p>\n<ul>\n<li><strong>Glob\u00e1lis M\u0171k\u00f6d\u00e9si Protokoll:<\/strong> <a href=\"https:\/\/elite2you.com\/globalis-mukodesi-protokoll\/\" target=\"_blank\" rel=\"noopener\">https:\/\/elite2you.com\/globalis-mukodesi-protokoll\/<\/a><\/li>\n<li><strong>Etikai K\u00f3dex Vezet\u0151k \u00e9s Igazgat\u00f3k Sz\u00e1m\u00e1ra:<\/strong> <a href=\"https:\/\/elite2you.com\/etikai-kodex\/\" target=\"_blank\" rel=\"noopener\">https:\/\/elite2you.com\/etikai-kodex\/<\/a><\/li>\n<li><strong>Bels\u0151 Munkav\u00e1llal\u00f3i Ir\u00e1nyelvek:\u00a0<\/strong><a href=\"https:\/\/elite2you.com\/belso-munkavallaloi-iranyelvek\/\" target=\"_blank\" rel=\"noopener\">https:\/\/elite2you.com\/belso-munkavallaloi-iranyelvek\/<\/a><\/li>\n<li><strong>Digit\u00e1lis Tartalomhaszn\u00e1lati Szab\u00e1lyzat:\u00a0<\/strong><a href=\"https:\/\/elite2you.com\/digitalis-tartalomhasznalati-szabalyzat\/\" target=\"_blank\" rel=\"noopener\">https:\/\/elite2you.com\/digitalis-tartalomhasznalati-szabalyzat\/<\/a><\/li>\n<li><strong data-start=\"326\" data-end=\"383\">AI \u00e9s Automatiz\u00e1l\u00e1s Haszn\u00e1lati Szab\u00e1lyzat:\u00a0<\/strong><a href=\"https:\/\/elite2you.com\/ai-szabalyozasa\/\" target=\"_blank\" rel=\"noopener\">https:\/\/elite2you.com\/ai-szabalyozasa\/<\/a><\/li>\n<li><strong>Nyilatkozatt\u00e9teli Szab\u00e1lyzat: <\/strong><a href=\"https:\/\/elite2you.com\/nyilatkozatteteli-szabalyzat\/\" target=\"_blank\" rel=\"noopener\">https:\/\/elite2you.com\/nyilatkozatteteli-szabalyzat\/<\/a><\/li>\n<li><strong>M\u00e1rkanagyk\u00f6veti Szab\u00e1lyzat:\u00a0<\/strong><a href=\"https:\/\/elite2you.com\/markanagykoveti-szabalyzat\/\" target=\"_blank\" rel=\"noopener\">https:\/\/elite2you.com\/markanagykoveti-szabalyzat\/<\/a><\/li>\n<li><strong>Viselked\u00e9si Szab\u00e1lyzat:<\/strong> <a href=\"https:\/\/elite2you.com\/viselkedesi-szabalyzat\/\" target=\"_blank\" rel=\"noopener\">https:\/\/elite2you.com\/viselkedesi-szabalyzat\/<\/a><\/li>\n<li><strong>K\u00f6z\u00f6ss\u00e9gi M\u00e9dia Haszn\u00e1lati Ir\u00e1nyelvek:\u00a0<\/strong><a href=\"https:\/\/elite2you.com\/kozossegi-media-iranyelvek\/\" target=\"_blank\" rel=\"noopener\">https:\/\/elite2you.com\/kozossegi-media-iranyelvek\/<\/a><\/li>\n<li><strong>Digit\u00e1lis Vagyont\u00e1rgyak \u00e9s Fi\u00f3kkezel\u00e9si Szab\u00e1lyzat:<\/strong> <a href=\"https:\/\/elite2you.com\/fiokkezelesi-szabalyzat\/\" target=\"_blank\" rel=\"noopener\">https:\/\/elite2you.com\/fiokkezelesi-szabalyzat\/<\/a><\/li>\n<\/ul>\n<p>&nbsp;<\/p>\n<ul>\n<li><strong>Biztons\u00e1gi Szab\u00e1lyzat:<\/strong> <a href=\"https:\/\/elite2you.com\/biztonsagi-szabalyzat\/\" target=\"_blank\" rel=\"noopener\">https:\/\/elite2you.com\/biztonsagi-szabalyzat\/<\/a><\/li>\n<li><strong>Jogi nyilatkozat \/ Felel\u0151ss\u00e9gkorl\u00e1toz\u00e1s:<\/strong> <a href=\"https:\/\/elite2you.com\/jogi-nyilatkozat\/\" target=\"_blank\" rel=\"noopener\">https:\/\/elite2you.com\/jogi-nyilatkozat\/<\/a><\/li>\n<\/ul>\n<p>&nbsp;<\/p>\n<p>T\u00e1j\u00e9koztatjuk, hogy az Elite2You Digit\u00e1lis\u00a0 Modell\u00fcgyn\u00f6ks\u00e9g egy nemzetk\u00f6zi f\u00fcggetlen v\u00e1llalat, amely online tartalomk\u00e9sz\u00edt\u0151k \u00e9s influenszerek menedzsmentj\u00e9re specializ\u00e1l\u00f3dott. Nincs kapcsolatban sem az Elite Model Managementtel, amely a divatiparban m\u0171k\u00f6d\u0151 kifut\u00f3modelleket k\u00e9pviseli, sem m\u00e1s, az ipar\u00e1gban tev\u00e9kenyked\u0151 v\u00e1llalkoz\u00e1sokkal. Emellett teljes m\u00e9rt\u00e9kben elhat\u00e1rol\u00f3dik minden \u00f6sszehasonl\u00edt\u00e1si vagy \u00f6sszet\u00e9veszt\u00e9si pr\u00f3b\u00e1lkoz\u00e1st\u00f3l.<\/p>\n<p>A weboldalon tal\u00e1lhat\u00f3 tartalom kiz\u00e1r\u00f3lag t\u00e1j\u00e9koztat\u00f3 jelleg\u0171, \u00e9s nem min\u0151s\u00fcl jogi, p\u00e9nz\u00fcgyi vagy szakmai tan\u00e1csad\u00e1snak. Az Elite2You Digit\u00e1lis Modell\u00fcgyn\u00f6ks\u00e9g nem v\u00e1llal felel\u0151ss\u00e9get a weboldalon tal\u00e1lhat\u00f3 inform\u00e1ci\u00f3k pontoss\u00e1g\u00e1\u00e9rt \u00e9s\/vagy frissess\u00e9g\u00e9\u00e9rt.<\/p>\n<p>B\u00e1rmilyen \u00e9szrev\u00e9tel\u00e9rt, k\u00e9rj\u00fck vegye fel vel\u00fcnk a kapcsolatot az info@elite2you.com k\u00f6zponti email c\u00edm\u00fcnk\u00f6n. K\u00f6sz\u00f6nj\u00fck.[\/vc_column_text][\/vc_column][\/vc_row]<\/p>\n<\/div>","protected":false},"excerpt":{"rendered":"<p>[vc_row][vc_column][vc_column_text css=\"\"] Impresszum \/ Jogi nyilatkozat (Legal Notice \/ Imprint) Az al\u00e1bbiakban megtal\u00e1lhat\u00f3k az Elite2You Digital Model Agency hivatalos jogi &hellip; <a href=\"https:\/\/elite2you.com\/hu\/impresszum\/\" class=\"more-link\">Continue reading <span class=\"screen-reader-text\">Impresszum<\/span><\/a><\/p>\n","protected":false},"author":5,"featured_media":0,"parent":0,"menu_order":0,"comment_status":"closed","ping_status":"closed","template":"","meta":{"_monsterinsights_skip_tracking":false,"_monsterinsights_sitenote_active":false,"_monsterinsights_sitenote_note":"","_monsterinsights_sitenote_category":0,"footnotes":""},"class_list":["post-17480","page","type-page","status-publish","hentry"],"_links":{"self":[{"href":"https:\/\/elite2you.com\/hu\/wp-json\/wp\/v2\/pages\/17480","targetHints":{"allow":["GET"]}}],"collection":[{"href":"https:\/\/elite2you.com\/hu\/wp-json\/wp\/v2\/pages"}],"about":[{"href":"https:\/\/elite2you.com\/hu\/wp-json\/wp\/v2\/types\/page"}],"author":[{"embeddable":true,"href":"https:\/\/elite2you.com\/hu\/wp-json\/wp\/v2\/users\/5"}],"replies":[{"embeddable":true,"href":"https:\/\/elite2you.com\/hu\/wp-json\/wp\/v2\/comments?post=17480"}],"version-history":[{"count":60,"href":"https:\/\/elite2you.com\/hu\/wp-json\/wp\/v2\/pages\/17480\/revisions"}],"predecessor-version":[{"id":22734,"href":"https:\/\/elite2you.com\/hu\/wp-json\/wp\/v2\/pages\/17480\/revisions\/22734"}],"wp:attachment":[{"href":"https:\/\/elite2you.com\/hu\/wp-json\/wp\/v2\/media?parent=17480"}],"curies":[{"name":"wp","href":"https:\/\/api.w.org\/{rel}","templated":true}]}}