{"id":17486,"date":"2025-03-20T17:16:21","date_gmt":"2025-03-20T17:16:21","guid":{"rendered":"https:\/\/hungary.elite2you.com\/?page_id=17486"},"modified":"2025-04-22T21:27:12","modified_gmt":"2025-04-22T21:27:12","slug":"felhasznaloi-magatartasi-kodex","status":"publish","type":"page","link":"https:\/\/elite2you.com\/hu\/felhasznaloi-magatartasi-kodex\/","title":{"rendered":"Felhaszn\u00e1l\u00f3i magatart\u00e1si k\u00f3dex"},"content":{"rendered":"<p data-pm-slice=\"1 1 []\"><strong> Felhaszn\u00e1l\u00f3i magatart\u00e1si k\u00f3dex (User Code of Conduct)<\/strong><\/p>\n<p>Az Elite2You elk\u00f6telezett egy biztons\u00e1gos \u00e9s tiszteletteljes online k\u00f6rnyezet fenntart\u00e1sa mellett. Minden felhaszn\u00e1l\u00f3nak be kell tartania az al\u00e1bbi szab\u00e1lyokat:<\/p>\n<ul data-spread=\"false\">\n<li>Tilos s\u00e9rt\u0151, gy\u0171l\u00f6letkelt\u0151, r\u00e1galmaz\u00f3 vagy illeg\u00e1lis tartalmat k\u00f6zz\u00e9tenni.<\/li>\n<li>Nem enged\u00e9lyezett m\u00e1sok szem\u00e9lyes adatainak k\u00f6zz\u00e9t\u00e9tele vagy jogosulatlan haszn\u00e1lata.<\/li>\n<li>Spammel\u00e9s, rekl\u00e1mok vagy egy\u00e9b nem k\u00edv\u00e1nt prom\u00f3ci\u00f3s tartalmak k\u00f6zz\u00e9t\u00e9tele tilos.<\/li>\n<li>Tilos b\u00e1rmilyen vissza\u00e9l\u00e9sszer\u0171 vagy manipulat\u00edv viselked\u00e9s.<\/li>\n<\/ul>\n<p>Az Elite2You Digit\u00e1lis Modell\u00fcgyn\u00f6ks\u00e9g fenntartja a jogot, hogy t\u00f6r\u00f6lje azokat a fi\u00f3kokat \u00e9s tartalmakat, amelyek megszegik ezeket a szab\u00e1lyokat.<\/p>\n","protected":false},"excerpt":{"rendered":"<p>Felhaszn\u00e1l\u00f3i magatart\u00e1si k\u00f3dex (User Code of Conduct) Az Elite2You elk\u00f6telezett egy biztons\u00e1gos \u00e9s tiszteletteljes online k\u00f6rnyezet fenntart\u00e1sa mellett. Minden felhaszn\u00e1l\u00f3nak &hellip; <a href=\"https:\/\/elite2you.com\/hu\/felhasznaloi-magatartasi-kodex\/\" class=\"more-link\">Continue reading <span class=\"screen-reader-text\">Felhaszn\u00e1l\u00f3i magatart\u00e1si k\u00f3dex<\/span><\/a><\/p>\n","protected":false},"author":5,"featured_media":0,"parent":0,"menu_order":0,"comment_status":"closed","ping_status":"closed","template":"","meta":{"_monsterinsights_skip_tracking":false,"_monsterinsights_sitenote_active":false,"_monsterinsights_sitenote_note":"","_monsterinsights_sitenote_category":0,"footnotes":""},"class_list":["post-17486","page","type-page","status-publish","hentry"],"_links":{"self":[{"href":"https:\/\/elite2you.com\/hu\/wp-json\/wp\/v2\/pages\/17486","targetHints":{"allow":["GET"]}}],"collection":[{"href":"https:\/\/elite2you.com\/hu\/wp-json\/wp\/v2\/pages"}],"about":[{"href":"https:\/\/elite2you.com\/hu\/wp-json\/wp\/v2\/types\/page"}],"author":[{"embeddable":true,"href":"https:\/\/elite2you.com\/hu\/wp-json\/wp\/v2\/users\/5"}],"replies":[{"embeddable":true,"href":"https:\/\/elite2you.com\/hu\/wp-json\/wp\/v2\/comments?post=17486"}],"version-history":[{"count":1,"href":"https:\/\/elite2you.com\/hu\/wp-json\/wp\/v2\/pages\/17486\/revisions"}],"predecessor-version":[{"id":17488,"href":"https:\/\/elite2you.com\/hu\/wp-json\/wp\/v2\/pages\/17486\/revisions\/17488"}],"wp:attachment":[{"href":"https:\/\/elite2you.com\/hu\/wp-json\/wp\/v2\/media?parent=17486"}],"curies":[{"name":"wp","href":"https:\/\/api.w.org\/{rel}","templated":true}]}}