{"id":17489,"date":"2025-03-20T17:26:07","date_gmt":"2025-03-20T17:26:07","guid":{"rendered":"https:\/\/hungary.elite2you.com\/?page_id=17489"},"modified":"2025-04-22T21:15:14","modified_gmt":"2025-04-22T21:15:14","slug":"dmca-szerzoi-jogok-nyilatkozat","status":"publish","type":"page","link":"https:\/\/elite2you.com\/hu\/dmca-szerzoi-jogok-nyilatkozat\/","title":{"rendered":"DMCA &#038; Szerz\u0151i Jogok Nyilatkozat"},"content":{"rendered":"<p data-pm-slice=\"1 3 []\"><strong>DMCA &amp; Szerz\u0151i Jogok Nyilatkozat (DMCA &amp; Copyright Policy)<\/strong><\/p>\n<p>Az Elite2You tiszteletben tartja a szerz\u0151i jogokat, \u00e9s elk\u00f6telezett a jogs\u00e9rt\u00e9sek megel\u0151z\u00e9se mellett. Ha \u00fagy v\u00e9li, hogy szerz\u0151i jogai s\u00e9r\u00fcltek a weboldalon k\u00f6zz\u00e9tett tartalom \u00e1ltal, k\u00e9rj\u00fck, vegye fel vel\u00fcnk a kapcsolatot az <a><strong>info@elite2you.com<\/strong><\/a> c\u00edmen.<\/p>\n<p>A bejelent\u00e9snek tartalmaznia kell:<\/p>\n<ul data-spread=\"false\">\n<li>A jogs\u00e9rt\u0151 tartalom pontos hely\u00e9t a weboldalon.<\/li>\n<li>A jogtulajdonos nev\u00e9t \u00e9s el\u00e9rhet\u0151s\u00e9g\u00e9t.<\/li>\n<li>A jogs\u00e9rt\u00e9st igazol\u00f3 dokument\u00e1ci\u00f3t vagy bizony\u00edt\u00e9kokat.<\/li>\n<\/ul>\n","protected":false},"excerpt":{"rendered":"<p>DMCA &amp; Szerz\u0151i Jogok Nyilatkozat (DMCA &amp; Copyright Policy) Az Elite2You tiszteletben tartja a szerz\u0151i jogokat, \u00e9s elk\u00f6telezett a jogs\u00e9rt\u00e9sek &hellip; <a href=\"https:\/\/elite2you.com\/hu\/dmca-szerzoi-jogok-nyilatkozat\/\" class=\"more-link\">Continue reading <span class=\"screen-reader-text\">DMCA &#038; Szerz\u0151i Jogok Nyilatkozat<\/span><\/a><\/p>\n","protected":false},"author":5,"featured_media":0,"parent":0,"menu_order":0,"comment_status":"closed","ping_status":"closed","template":"","meta":{"_monsterinsights_skip_tracking":false,"_monsterinsights_sitenote_active":false,"_monsterinsights_sitenote_note":"","_monsterinsights_sitenote_category":0,"footnotes":""},"class_list":["post-17489","page","type-page","status-publish","hentry"],"_links":{"self":[{"href":"https:\/\/elite2you.com\/hu\/wp-json\/wp\/v2\/pages\/17489","targetHints":{"allow":["GET"]}}],"collection":[{"href":"https:\/\/elite2you.com\/hu\/wp-json\/wp\/v2\/pages"}],"about":[{"href":"https:\/\/elite2you.com\/hu\/wp-json\/wp\/v2\/types\/page"}],"author":[{"embeddable":true,"href":"https:\/\/elite2you.com\/hu\/wp-json\/wp\/v2\/users\/5"}],"replies":[{"embeddable":true,"href":"https:\/\/elite2you.com\/hu\/wp-json\/wp\/v2\/comments?post=17489"}],"version-history":[{"count":1,"href":"https:\/\/elite2you.com\/hu\/wp-json\/wp\/v2\/pages\/17489\/revisions"}],"predecessor-version":[{"id":17491,"href":"https:\/\/elite2you.com\/hu\/wp-json\/wp\/v2\/pages\/17489\/revisions\/17491"}],"wp:attachment":[{"href":"https:\/\/elite2you.com\/hu\/wp-json\/wp\/v2\/media?parent=17489"}],"curies":[{"name":"wp","href":"https:\/\/api.w.org\/{rel}","templated":true}]}}