{"id":17492,"date":"2025-03-20T17:37:03","date_gmt":"2025-03-20T17:37:03","guid":{"rendered":"https:\/\/hungary.elite2you.com\/?page_id=17492"},"modified":"2025-04-22T21:29:42","modified_gmt":"2025-04-22T21:29:42","slug":"gdpr","status":"publish","type":"page","link":"https:\/\/elite2you.com\/hu\/gdpr\/","title":{"rendered":"GDPR"},"content":{"rendered":"<p data-pm-slice=\"1 1 []\"><strong>GDPR-adathozz\u00e1f\u00e9r\u00e9si \u00e9s -t\u00f6rl\u00e9si k\u00e9relem oldal (GDPR Data Access &amp; Deletion Request)<\/strong><\/p>\n<p>Az EU \u00c1ltal\u00e1nos Adatv\u00e9delmi Rendelete (GDPR) \u00e9rtelm\u00e9ben a felhaszn\u00e1l\u00f3k jogosultak:<\/p>\n<ul data-spread=\"false\">\n<li>K\u00e9rni szem\u00e9lyes adataik m\u00e1solat\u00e1t.<\/li>\n<li>K\u00e9rni adataik helyesb\u00edt\u00e9s\u00e9t vagy t\u00f6rl\u00e9s\u00e9t.<\/li>\n<li>Tiltakozni szem\u00e9lyes adataik bizonyos c\u00e9l\u00fa felhaszn\u00e1l\u00e1sa ellen.<\/li>\n<\/ul>\n<p>A k\u00e9relmeket e-mailben kell beny\u00fajtani az <a><strong>info@elite2you.com<\/strong><\/a> c\u00edmre. A szem\u00e9lyazonoss\u00e1g ellen\u0151rz\u00e9se \u00e9rdek\u00e9ben tov\u00e1bbi inform\u00e1ci\u00f3k bek\u00e9r\u00e9se sz\u00fcks\u00e9ges lehet.<\/p>\n","protected":false},"excerpt":{"rendered":"<p>GDPR-adathozz\u00e1f\u00e9r\u00e9si \u00e9s -t\u00f6rl\u00e9si k\u00e9relem oldal (GDPR Data Access &amp; Deletion Request) Az EU \u00c1ltal\u00e1nos Adatv\u00e9delmi Rendelete (GDPR) \u00e9rtelm\u00e9ben a felhaszn\u00e1l\u00f3k &hellip; <a href=\"https:\/\/elite2you.com\/hu\/gdpr\/\" class=\"more-link\">Continue reading <span class=\"screen-reader-text\">GDPR<\/span><\/a><\/p>\n","protected":false},"author":5,"featured_media":0,"parent":0,"menu_order":0,"comment_status":"closed","ping_status":"closed","template":"","meta":{"_monsterinsights_skip_tracking":false,"_monsterinsights_sitenote_active":false,"_monsterinsights_sitenote_note":"","_monsterinsights_sitenote_category":0,"footnotes":""},"class_list":["post-17492","page","type-page","status-publish","hentry"],"_links":{"self":[{"href":"https:\/\/elite2you.com\/hu\/wp-json\/wp\/v2\/pages\/17492","targetHints":{"allow":["GET"]}}],"collection":[{"href":"https:\/\/elite2you.com\/hu\/wp-json\/wp\/v2\/pages"}],"about":[{"href":"https:\/\/elite2you.com\/hu\/wp-json\/wp\/v2\/types\/page"}],"author":[{"embeddable":true,"href":"https:\/\/elite2you.com\/hu\/wp-json\/wp\/v2\/users\/5"}],"replies":[{"embeddable":true,"href":"https:\/\/elite2you.com\/hu\/wp-json\/wp\/v2\/comments?post=17492"}],"version-history":[{"count":1,"href":"https:\/\/elite2you.com\/hu\/wp-json\/wp\/v2\/pages\/17492\/revisions"}],"predecessor-version":[{"id":17494,"href":"https:\/\/elite2you.com\/hu\/wp-json\/wp\/v2\/pages\/17492\/revisions\/17494"}],"wp:attachment":[{"href":"https:\/\/elite2you.com\/hu\/wp-json\/wp\/v2\/media?parent=17492"}],"curies":[{"name":"wp","href":"https:\/\/api.w.org\/{rel}","templated":true}]}}