{"id":17495,"date":"2025-03-20T17:48:25","date_gmt":"2025-03-20T17:48:25","guid":{"rendered":"https:\/\/hungary.elite2you.com\/?page_id=17495"},"modified":"2025-04-22T21:54:10","modified_gmt":"2025-04-22T21:54:10","slug":"kockazati-nyilatkozat","status":"publish","type":"page","link":"https:\/\/elite2you.com\/hu\/kockazati-nyilatkozat\/","title":{"rendered":"Kock\u00e1zati Nyilatkozat"},"content":{"rendered":"<h2 class=\"\" data-start=\"242\" data-end=\"301\"><strong data-start=\"248\" data-end=\"301\">Kock\u00e1zati Nyilatkozat \u2013 Elite2You Modell\u00fcgyn\u00f6ks\u00e9g<\/strong><\/h2>\n<p class=\"\" data-start=\"303\" data-end=\"328\"><strong data-start=\"303\" data-end=\"328\">Kock\u00e1zati Nyilatkozat<\/strong><\/p>\n<p class=\"\" data-start=\"330\" data-end=\"503\">\u00c9n, felhaszn\u00e1l\u00f3k\u00e9nt, ez\u00faton kijelentem, hogy az Elite2You Modell\u00fcgyn\u00f6ks\u00e9g programj\u00e1ban \u00e9s szolg\u00e1ltat\u00e1saiban val\u00f3 r\u00e9szv\u00e9telemet teljes m\u00e9rt\u00e9kben saj\u00e1t elhat\u00e1roz\u00e1somb\u00f3l \u00e9s felel\u0151ss\u00e9gemre v\u00e1llalom.<\/p>\n<p class=\"\" data-start=\"505\" data-end=\"799\">Tudom\u00e1sul veszem, hogy az Elite2You \u00e1ltal biztos\u00edtott modellkarrier-\u00e9p\u00edt\u00e9si lehet\u0151s\u00e9gek \u2013 k\u00fcl\u00f6n\u00f6sen a digit\u00e1lis modellked\u00e9s, az OnlyFans menedzsment, a k\u00f6z\u00f6ss\u00e9gi m\u00e9dia jelenl\u00e9t \u00e9s az online tartalomk\u00e9sz\u00edt\u00e9s \u2013 egyedi \u00e9s nyilv\u00e1nos megjelen\u00e9ssel, valamint p\u00e9nz\u00fcgyi \u00e9s jogi kock\u00e1zatokkal j\u00e1rhatnak.<\/p>\n<p data-start=\"801\" data-end=\"818\">\n<p class=\"\" data-start=\"801\" data-end=\"818\"><strong>Kijelentem, hogy:<\/strong><\/p>\n<ul data-start=\"819\" data-end=\"1789\">\n<li class=\"\" data-start=\"819\" data-end=\"880\">\n<p class=\"\" data-start=\"821\" data-end=\"880\">elm\u00faltam 18 \u00e9ves, cselekv\u0151k\u00e9pes term\u00e9szetes szem\u00e9ly vagyok;<\/p>\n<\/li>\n<li class=\"\" data-start=\"881\" data-end=\"1033\">\n<p class=\"\" data-start=\"883\" data-end=\"1033\">meg\u00e9rtettem a digit\u00e1lis modellkarrier jelleg\u00e9t, a tartalomk\u00e9sz\u00edt\u00e9s \u00e9s publik\u00e1l\u00e1s folyamat\u00e1t, valamint a nyilv\u00e1nos jelenl\u00e9t lehets\u00e9ges k\u00f6vetkezm\u00e9nyeit;<\/p>\n<\/li>\n<li class=\"\" data-start=\"1034\" data-end=\"1284\">\n<p class=\"\" data-start=\"1036\" data-end=\"1284\">tudom\u00e1sul veszem, hogy a j\u00f6vedelemszerz\u00e9si lehet\u0151s\u00e9gek egy\u00e9nenk\u00e9nt elt\u00e9rhetnek, \u00e9s a siker nem garant\u00e1lt, mivel az nagym\u00e9rt\u00e9kben f\u00fcgg a saj\u00e1t aktivit\u00e1somt\u00f3l, marketingtev\u00e9kenys\u00e9gemt\u0151l, tartalomk\u00e9sz\u00edt\u00e9si min\u0151s\u00e9gemt\u0151l \u00e9s a c\u00e9lk\u00f6z\u00f6ns\u00e9g \u00e9rdekl\u0151d\u00e9s\u00e9t\u0151l;<\/p>\n<\/li>\n<li class=\"\" data-start=\"1285\" data-end=\"1482\">\n<p class=\"\" data-start=\"1287\" data-end=\"1482\">a digit\u00e1lis platformokon (pl. Elite2Fans, OnlyFans, TikTok, Instagram, Telegram stb.) val\u00f3 r\u00e9szv\u00e9tel sor\u00e1n a felhaszn\u00e1l\u00e1si felt\u00e9telek, k\u00f6z\u00f6ss\u00e9gi ir\u00e1nyelvek \u00e9s az adott orsz\u00e1g jogszab\u00e1lyai k\u00f6telez\u0151 \u00e9rv\u00e9ny\u0171ek;<\/p>\n<\/li>\n<li class=\"\" data-start=\"1483\" data-end=\"1668\">\n<p class=\"\" data-start=\"1485\" data-end=\"1668\">az Elite2You semmilyen form\u00e1ban nem v\u00e1llal felel\u0151ss\u00e9get az \u00e1ltalam k\u00f6zz\u00e9tett tartalmak vissza\u00e9l\u00e9sszer\u0171 felhaszn\u00e1l\u00e1s\u00e1\u00e9rt, harmadik f\u00e9l \u00e1ltali jogs\u00e9rt\u00e9s\u00e9rt vagy adatv\u00e9delmi incidens\u00e9rt;<\/p>\n<\/li>\n<li class=\"\" data-start=\"1669\" data-end=\"1789\">\n<p class=\"\" data-start=\"1671\" data-end=\"1789\">a nemzetk\u00f6zi egy\u00fcttm\u0171k\u00f6d\u00e9sb\u0151l ered\u0151 esetleges kultur\u00e1lis, jogi vagy nyelvi k\u00fcl\u00f6nbs\u00e9gek kock\u00e1zat\u00e1t is tudom\u00e1sul veszem.<\/p>\n<\/li>\n<\/ul>\n<p data-start=\"1791\" data-end=\"1816\">\n<p class=\"\" data-start=\"1791\" data-end=\"1816\"><strong>Kijelentem tov\u00e1bb\u00e1, hogy:<\/strong><\/p>\n<ul data-start=\"1817\" data-end=\"2191\">\n<li class=\"\" data-start=\"1817\" data-end=\"1946\">\n<p class=\"\" data-start=\"1819\" data-end=\"1946\">minden, az Elite2You \u00e1ltal \u00e1tadott oktat\u00e1si \u00e9s szakmai anyagot bizalmasan kezelek, azokat harmadik f\u00e9l sz\u00e1m\u00e1ra nem adom tov\u00e1bb;<\/p>\n<\/li>\n<li class=\"\" data-start=\"1947\" data-end=\"2101\">\n<p class=\"\" data-start=\"1949\" data-end=\"2101\">az Elite2You \u00e1ltal biztos\u00edtott mentor\u00e1l\u00e1si, prom\u00f3ci\u00f3s \u00e9s menedzsment szolg\u00e1ltat\u00e1sokat kiz\u00e1r\u00f3lag a saj\u00e1t fejl\u0151d\u00e9sem \u00e9s karrierem c\u00e9lj\u00e1b\u00f3l veszem ig\u00e9nybe;<\/p>\n<\/li>\n<li class=\"\" data-start=\"2102\" data-end=\"2191\">\n<p class=\"\" data-start=\"2104\" data-end=\"2191\">elfogadom az Elite2You \u00c1ltal\u00e1nos Szerz\u0151d\u00e9si Felt\u00e9teleit \u00e9s Adatkezel\u00e9si T\u00e1j\u00e9koztat\u00f3j\u00e1t.<\/p>\n<\/li>\n<\/ul>\n<p class=\"\" data-start=\"2193\" data-end=\"2361\">A fentiek tudom\u00e1sul v\u00e9tel\u00e9vel kijelentem, hogy az Elite2You modell\u00fcgyn\u00f6ks\u00e9g szolg\u00e1ltat\u00e1saiban val\u00f3 r\u00e9szv\u00e9telemet felel\u0151ss\u00e9gteljesen, tudatosan \u00e9s \u00f6nk\u00e9ntesen kezdem meg.<\/p>\n<p data-start=\"2193\" data-end=\"2361\">-<\/p>\n<p>A weboldalon tal\u00e1lhat\u00f3 inform\u00e1ci\u00f3k kiz\u00e1r\u00f3lag t\u00e1j\u00e9koztat\u00f3 jelleg\u0171ek.<\/p>\n<p>Az Elite2You Digital Model Agency nem v\u00e1llal felel\u0151ss\u00e9get a tartalmak pontoss\u00e1g\u00e1\u00e9rt, teljess\u00e9g\u00e9\u00e9rt vagy id\u0151szer\u0171s\u00e9g\u00e9\u00e9rt.<\/p>\n<p>A felhaszn\u00e1l\u00f3k saj\u00e1t felel\u0151ss\u00e9g\u00fckre haszn\u00e1lj\u00e1k az itt megjelen\u0151 inform\u00e1ci\u00f3kat, \u00e9s az Elite2You Digit\u00e1lis Modell\u00fcgyn\u00f6ks\u00e9g nem v\u00e1llal felel\u0151ss\u00e9get semmilyen k\u00f6zvetlen vagy k\u00f6zvetett k\u00e1ros k\u00f6vetkezm\u00e9ny\u00e9rt, amely a weboldal haszn\u00e1lat\u00e1b\u00f3l eredhet.<\/p>\n<div><\/div>\n","protected":false},"excerpt":{"rendered":"<p>Kock\u00e1zati Nyilatkozat \u2013 Elite2You Modell\u00fcgyn\u00f6ks\u00e9g Kock\u00e1zati Nyilatkozat \u00c9n, felhaszn\u00e1l\u00f3k\u00e9nt, ez\u00faton kijelentem, hogy az Elite2You Modell\u00fcgyn\u00f6ks\u00e9g programj\u00e1ban \u00e9s szolg\u00e1ltat\u00e1saiban val\u00f3 r\u00e9szv\u00e9telemet &hellip; <a href=\"https:\/\/elite2you.com\/hu\/kockazati-nyilatkozat\/\" class=\"more-link\">Continue reading <span class=\"screen-reader-text\">Kock\u00e1zati Nyilatkozat<\/span><\/a><\/p>\n","protected":false},"author":5,"featured_media":0,"parent":0,"menu_order":0,"comment_status":"closed","ping_status":"closed","template":"","meta":{"_monsterinsights_skip_tracking":false,"_monsterinsights_sitenote_active":false,"_monsterinsights_sitenote_note":"","_monsterinsights_sitenote_category":0,"footnotes":""},"class_list":["post-17495","page","type-page","status-publish","hentry"],"_links":{"self":[{"href":"https:\/\/elite2you.com\/hu\/wp-json\/wp\/v2\/pages\/17495","targetHints":{"allow":["GET"]}}],"collection":[{"href":"https:\/\/elite2you.com\/hu\/wp-json\/wp\/v2\/pages"}],"about":[{"href":"https:\/\/elite2you.com\/hu\/wp-json\/wp\/v2\/types\/page"}],"author":[{"embeddable":true,"href":"https:\/\/elite2you.com\/hu\/wp-json\/wp\/v2\/users\/5"}],"replies":[{"embeddable":true,"href":"https:\/\/elite2you.com\/hu\/wp-json\/wp\/v2\/comments?post=17495"}],"version-history":[{"count":3,"href":"https:\/\/elite2you.com\/hu\/wp-json\/wp\/v2\/pages\/17495\/revisions"}],"predecessor-version":[{"id":18112,"href":"https:\/\/elite2you.com\/hu\/wp-json\/wp\/v2\/pages\/17495\/revisions\/18112"}],"wp:attachment":[{"href":"https:\/\/elite2you.com\/hu\/wp-json\/wp\/v2\/media?parent=17495"}],"curies":[{"name":"wp","href":"https:\/\/api.w.org\/{rel}","templated":true}]}}