{"id":18842,"date":"2025-06-10T06:30:42","date_gmt":"2025-06-10T06:30:42","guid":{"rendered":"https:\/\/elite2you.com\/?page_id=18842"},"modified":"2025-08-23T20:15:20","modified_gmt":"2025-08-23T20:15:20","slug":"kezdo-kurzus","status":"publish","type":"page","link":"https:\/\/elite2you.com\/hu\/kezdo-kurzus\/","title":{"rendered":"Kezd\u0151 Kurzus"},"content":{"rendered":"<div class=\"wpb-content-wrapper\"><p>[vc_row][vc_column][vc_column_text]<\/p>\n<p data-pm-slice=\"1 1 []\"><span><strong>Az elso\u030b le\u0301pe\u0301s a sikeres modellkarrier fel\u00e9: Kezdo\u030b szint az Elite2You Akade\u0301mia\u0301n<\/strong><\/span><\/p>\n<p><span><strong>U\u0308dvo\u0308zlu\u0308nk a Kezdo\u030b szinten!<\/strong><\/span><\/p>\n<p><span>Az Elite2You Akade\u0301mia\u0301n valo\u0301 re\u0301szve\u0301tel nem csupa\u0301n egy online tanfolyam, hanem egy tudatos, le\u0301pe\u0301sro\u030bl-le\u0301pe\u0301sre fele\u0301pi\u0301tett rendszer, amely az alapokto\u0301l vezet el a nemzetko\u0308zi szint\u0171 digit\u00e1lis modellkarrierig. A Kezdo\u030b szint ehhez a rendszerhez valo\u0301 bel\u00e9po\u030b, az elso\u030b hivatalos a\u0301lloma\u0301s azon az u\u0301ton, amely nem csak anyagi f\u00fcggetlense\u0301get, de preszti\u0301zst, elismere\u0301st e\u0301s egy teljesen u\u0301j e\u0301letforma\u0301t is jelent sza\u0301modra.<\/span><\/p>\n<p><span><strong>Mit jelent Kezdo\u030b szintre le\u0301pni?<\/strong><\/span><\/p>\n<p><span>A Kezdo\u030b szint azoknak a jelentkezo\u030b modelleknek szo\u0301l, akik szeretne\u0301k a lehet\u0151 legjobb alapokra helyezni a karrierju\u0301ket. Itt nem szu\u0308kse\u0301ges elo\u0151zetes tapasztalat vagy kora\u0301bbi sikerek. Ha megvan benned az elsza\u0301ntsa\u0301g, a nyitottsa\u0301g az u\u0301jdonsa\u0301gokra, e\u0301s szeretne\u0301l profi segi\u0301tse\u0301ggel tanulni, akkor me\u0301g ma elkezdheted.<\/span><\/p>\n<p><span><strong>Mi a Kezdo\u030b kurzus, e\u0309s mit ad neked?<\/strong><\/span><\/p>\n<p><span>Ez a kurzus az online modellke\u0301peze\u0301s alapke\u0301pze\u0301se. Nem csak elme\u0301leti anyagokat kapsz, hanem gyakorlatokat is, otthon teljes\u00edtheto\u030b feladatokat, bemutato\u0301 vide\u00f3kat, pe\u0301lda\u0301kat e\u0301s o\u0301ra\u0301kat.\u00a0<\/span><\/p>\n<p><span><strong>Mi\u00e9rt fontos a Kezdo\u030b szint?<\/strong><\/span><\/p>\n<p><span>Mert itt alapozod meg azt a hozza\u0301a\u0301lla\u0301st, profi mentalita\u0301st e\u0301s rendszert, amely ne\u0301lku\u0308l nincs valo\u0301di hosszu\u0301 ta\u0301vu\u0301 siker. Ha ezt a szintet komolyan veszed, minden leko\u0308vetkez\u0151 le\u0301pe\u0301s konnyebb lesz. Ez egy olyan befektete\u0301s, amely ro\u0308vid ido\u030b alatt kamatozni kezd.<\/span><\/p>\n<p><span><strong>Mit va\u0301runk el to\u030bled?<\/strong><\/span><\/p>\n<ul data-spread=\"false\">\n<li><span>Rendszeres tanula\u0301st heti \u00fctemez\u00e9s szerint<\/span><\/li>\n<li><span>Tartalomgya\u0301rta\u0301si feladatok teljesi\u0301te\u0301se<\/span><\/li>\n<li><span>Kapcsolattarta\u0301s mentoroddal \u00e9s a veled egy\u00fctt dolgoz\u00f3 koll\u00e9g\u00e1kkal<\/span><\/li>\n<li><span>Kezdo\u030b szint\u0171 minimum aktivi\u0301ta\u0301s betarta\u0301sa<\/span><\/li>\n<\/ul>\n<p><span><strong>Mi to\u0308rte\u0301nik a Kezdo\u030b szint uta\u0301n?<\/strong><\/span><\/p>\n<p><span>Ha elve\u0301gzed a kurzust, e\u0301s elkezdesz akti\u0301van dolgozni az u\u0301tmutata\u0301saink szerint, akkor automatikusan jogot szerzel a Halad\u00f3<\/span><span><strong>\u00a0szintre le\u0301pe\u0309sre<\/strong><\/span><span>, ahol ma\u0301r magasabb jo\u0308vedelmi szint e\u0301s u\u0301j aj\u00e1nde\u0301kok va\u0301rnak.<\/span><\/p>\n<p><span><strong>Ne feledd:<\/strong><\/span><span> a Kezdo\u030b szint to\u0308ke\u0309letes va\u0301laszta\u0301s mindazoknak, akik most indulnak, \u00e9s akik komolyan gondolja\u0301k a modellkarriert. Nincsenek elva\u0301ra\u0301saink azon tu\u0301l, hogy lelkes legye\u0301l, hajlando\u0301 tanulni, e\u0301s hogy komolyan vedd a saja\u0301t e\u0301leted forma\u0301la\u0301sa\u0301t.<\/span><\/p>\n<p><span>Ez az elso\u030b le\u0301pe\u0301s. Innen indul minden.<\/span>[\/vc_column_text][\/vc_column][\/vc_row][vc_row][vc_column][vc_empty_space][vc_column_text]<\/p>\n<h2 style=\"text-align: center; margin-bottom: 30px;\">Mit kapsz azonnal \u2013 \u00e9s mit \u00e9rhetsz el<\/h2>\n<p>[\/vc_column_text][\/vc_column][\/vc_row][vc_row][vc_column width=\"1\/2&#8243;][vc_column_text css=\"\"]<\/p>\n<div style=\"border: 3px solid #9c27b0; border-radius: 12px; padding: 30px; background-color: #f9f9ff;\"><!-- Fejl\u00e9c --><\/p>\n<h3 style=\"font-size: 20px; color: #333;\">\ud83c\udf93 <strong>Kezd\u0151 Kurzus<\/strong><\/h3>\n<div style=\"color: #777; font-size: 14px;\"><span style=\"margin-left: 8px;\">990 USD helyett most csak<\/span><\/div>\n<h2 style=\"color: #9c27b0; font-size: 36px; margin-top: 10px;\">350 USD (~119.000.- Ft)<\/h2>\n<p style=\"font-weight: bold; margin-bottom: 25px;\">Tanulj, \u00e9s kapj pr\u00e9mium aj\u00e1nd\u00e9kokat m\u00e1r az els\u0151 l\u00e9p\u00e9sn\u00e9l!<\/p>\n<p><!-- SZAKMAI MODULOK --><\/p>\n<div style=\"background-color: #ffffff; padding: 20px; border-left: 4px solid #9c27b0; border-radius: 6px; margin-bottom: 20px;\">\n<h4>\ud83d\udcd8 <strong>SZAKMAI MODULOK:<\/strong><\/h4>\n<ul style=\"list-style: none; padding-left: 0;\">\n<li>\u2705 Sz\u00e9ps\u00e9g\u00e1pol\u00e1s<\/li>\n<li>\u2705 Haj &amp; Haj\u00e1pol\u00e1s<\/li>\n<li>\u2705 Manik\u0171r, Pedik\u0171r<\/li>\n<li>\u2705 \u00d6lt\u00f6zk\u00f6d\u00e9s &amp; Feh\u00e9rnem\u0171<\/li>\n<li>\u2705 Styling Alapok<\/li>\n<li>\u2705 \u00c9kszerek<\/li>\n<li>\u2705 F\u00e9tis Alapok<\/li>\n<li>\u2705 Boudoir P\u00f3zok<\/li>\n<li>\u2705 Cs\u00e1b\u00edt\u00e1si Tr\u00fckk\u00f6k<\/li>\n<li>\u2705 Fot\u00f3z\u00e1s<\/li>\n<\/ul>\n<\/div>\n<p><!-- \u00c9LETM\u00d3D --><\/p>\n<div style=\"background-color: #f0fff9; padding: 20px; border-left: 4px solid #4caf50; border-radius: 6px; margin-bottom: 20px;\">\n<h4>\ud83c\udf40 <strong>\u00c9LETM\u00d3D \u00c9S SZEM\u00c9LYES FEJL\u0150D\u00c9S:<\/strong><\/h4>\n<ul style=\"list-style: none; padding-left: 0;\">\n<li>\u2705 \u00d6nfejleszt\u00e9s<\/li>\n<li>\u2705 Fitnesz \u00e9s Eg\u00e9szs\u00e9g<\/li>\n<li>\u2705 Illemtan<\/li>\n<\/ul>\n<\/div>\n<p><!-- \u00dcZLETI --><\/p>\n<div style=\"background-color: #e8f5e9; padding: 20px; border-left: 4px solid #009688; border-radius: 6px; margin-bottom: 20px;\">\n<h4>\ud83d\udcbc <strong>\u00dcZLETI \u00c9S V\u00c1LLALKOZ\u00c1SI K\u00c9PZ\u00c9S:<\/strong><\/h4>\n<ul style=\"list-style: none; padding-left: 0;\">\n<li>\u2705 P\u00e9nz\u00fcgyi ismeretek<\/li>\n<li>\u2705 Jogi ismeretek<\/li>\n<li>\u2705 Elite2Fans \u2013 platformhaszn\u00e1lat \u00e9s t\u00e1mogat\u00e1s<\/li>\n<\/ul>\n<\/div>\n<p><!-- AJ\u00c1ND\u00c9KOK --><\/p>\n<div style=\"background-color: #fff7ed; padding: 20px; border-left: 4px solid #ff9800; border-radius: 6px;\">\n<h4>\ud83c\udf81 <strong>AJ\u00c1ND\u00c9K SZOLG\u00c1LTAT\u00c1SOK \u00c9S T\u00c1MOGAT\u00c1S:<\/strong><\/h4>\n<ul style=\"list-style: none; padding-left: 0;\">\n<li>\u2705 Portf\u00f3li\u00f3fot\u00f3z\u00e1s<\/li>\n<li>\u2705 Kezd\u0151 vlog k\u00e9szlet<\/li>\n<\/ul>\n<\/div>\n<p><!-- GOMB --><\/p>\n<div style=\"text-align: center; margin-top: 30px;\"><a style=\"display: inline-block; background-color: #9c27b0; color: white; padding: 14px 32px; font-size: 16px; font-weight: 600; border-radius: 8px; text-decoration: none; box-shadow: 0 4px 12px rgba(0,0,0,0.15); transition: background-color 0.3s ease;\" href=\"https:\/\/elite2you.com\/courses\/kezdo-kurzus\/\" target=\"_blank\" rel=\"noopener\"><br \/>\nMegveszem!<br \/>\n<\/a><\/div>\n<\/div>\n<p>[\/vc_column_text][\/vc_column][vc_column width=\"1\/2&#8243;][vc_column_text]<\/p>\n<div style=\"background-color: #f9f9f9; padding: 30px; border-radius: 16px; font-family: sans-serif; max-width: 900px; margin: 0 auto;\">\n<h2 style=\"color: #c09b6c; text-align: center;\">\ud83d\udfe1 1. Kezd\u0151 szint<\/h2>\n<p style=\"font-size: 16px; line-height: 1.6; text-align: center;\">Megvetted a tanfolyamot, ezzel bel\u00e9pt\u00e9l a kezd\u0151 szintre. Az <strong>Elite2You modellkarrier<\/strong> els\u0151 l\u00e9pcs\u0151j\u00e9re \u00e9rkezt\u00e9l, ahol felk\u00e9sz\u00edt\u00fcnk a sikeres digit\u00e1lis modellmunk\u00e1ra, \u00e9s biztos\u00edtjuk az indul\u00e1shoz sz\u00fcks\u00e9ges alap szolg\u00e1ltat\u00e1sokat.<\/p>\n<h3 style=\"color: #444; margin-top: 30px;\">\ud83c\udfaf Amit ezen a szinten k\u00edn\u00e1lunk:<\/h3>\n<ul style=\"line-height: 1.8; padding-left: 20px;\">\n<li>Professzion\u00e1lis profil\u00e9p\u00edt\u00e9s \u00e9s profilstrukt\u00fara kialak\u00edt\u00e1sa<\/li>\n<li>Social Media Menedzsment \u00e9s tartalomstrat\u00e9gia kialak\u00edt\u00e1sa<\/li>\n<li>\u00dcgyf\u00e9lkapcsolat-kezel\u00e9s \u00e9s rajong\u00f3i kommunik\u00e1ci\u00f3 menedzsment<\/li>\n<li>M\u00e1rka\u00e9p\u00edt\u00e9s \u00e9s brendfejleszt\u00e9s a hossz\u00fa t\u00e1v\u00fa siker\u00e9rt<\/li>\n<li>Napi kapcsolattart\u00e1s \u00e9s \u00e1lland\u00f3 mentor\u00e1l\u00e1s<\/li>\n<li>Banksz\u00e1mla kezel\u00e9s \u00e9s p\u00e9nz\u00fcgyi adminisztr\u00e1ci\u00f3<\/li>\n<\/ul>\n<h3 style=\"color: #444; margin-top: 30px;\">\ud83c\udf81 Amit ezen a szinten meg is kapsz:<\/h3>\n<ul style=\"line-height: 1.8; padding-left: 20px;\">\n<li><strong>1 ingyenes portf\u00f3li\u00f3fot\u00f3z\u00e1s<\/strong><\/li>\n<li><strong>1 Vlog starter csomag<\/strong><\/li>\n<\/ul>\n<h3 style=\"color: #444; margin-top: 30px;\">\ud83d\udcb5 Mennyi bev\u00e9telre sz\u00e1m\u00edthatsz Tanul\u00f3 szinten?<\/h3>\n<p style=\"line-height: 1.6;\">Ebben a st\u00e1tuszban addig maradsz, <strong>am\u00edg havi brutt\u00f3 bev\u00e9teled el nem \u00e9ri a 10.000 USD-t<\/strong>. A havi brutt\u00f3 <strong>0 \u00e9s 10.000 USD k\u00f6z\u00f6tti j\u00f6vedelem<\/strong> eset\u00e9n a k\u00f6vetkez\u0151 felt\u00e9telek vonatkoznak r\u00e1d:<\/p>\n<h3 style=\"color: #444; margin-top: 30px;\">\ud83d\udcca Tudnival\u00f3k a bev\u00e9telr\u0151l:<\/h3>\n<ul style=\"line-height: 1.8; padding-left: 20px;\">\n<li>Az <strong>OnlyFans<\/strong> platform 20% jutal\u00e9kot von le minden bev\u00e9telb\u0151l<\/li>\n<li>Levon\u00e1sra ker\u00fclnek a banki \u00e9s utal\u00e1si k\u00f6lts\u00e9gek, \u00edgy neked marad 78%. A piaci trendek alapj\u00e1n, ezen a 78%-on osztozol 50-50%-os ar\u00e1nyban az \u00fcgyn\u00f6ks\u00e9geddel, ami alapj\u00e1n 50% a tied, 50% az \u00fcgyn\u00f6ks\u00e9g\u00e9 akivel dolgozol.<\/li>\n<li>Az <strong>Elite2Fans<\/strong> platform <strong>csak 16%-ot von le<\/strong>, \u00edgy:\n<ul style=\"padding-left: 20px;\">\n<li><strong>+4%-kal t\u00f6bb p\u00e9nzed marad<\/strong> minden tartalom ut\u00e1n<\/li>\n<li>A <strong>nett\u00f3 bev\u00e9teled 54%-a a ti\u00e9d<\/strong> \u2013 minden egyes elad\u00e1s ut\u00e1n!<\/li>\n<\/ul>\n<\/li>\n<\/ul>\n<h3 style=\"color: #444; margin-top: 30px;\">\ud83d\ude80 A c\u00e9l:<\/h3>\n<p style=\"line-height: 1.6;\">Min\u00e9l gyorsabban el\u00e9rd a 10.000 doll\u00e1ros els\u0151 bev\u00e9teledet, ahol m\u00e1r eld\u00f6ntheted, hogy feljebb l\u00e9psz a Halad\u00f3 szintre, vagy maradsz a kezd\u0151 szinten, \u00e9s kilenc h\u00f3napon kereszt\u00fcl tartod a 10.000 doll\u00e1r feletti bev\u00e9teledet, amellyel automatikusan megkapod az <strong>exkluz\u00edv aj\u00e1nd\u00e9kainkat, \u00e9s ahol tov\u00e1bbi pr\u00e9mium szolg\u00e1ltat\u00e1sok \u00e9s extra lehet\u0151s\u00e9gek<\/strong> v\u00e1rnak r\u00e1d.<\/p>\n<\/div>\n<p>[\/vc_column_text][\/vc_column][\/vc_row][vc_row][vc_column][vc_cta h2=\"Ne felejtsd el!\"]<\/p>\n<p data-start=\"77\" data-end=\"113\">\ud83c\udf93 <strong data-start=\"80\" data-end=\"113\">Ne maradj le! Most vagy soha!<\/strong><\/p>\n<p data-start=\"115\" data-end=\"285\">Ez a kurzus nemcsak egy tananyag \u2013 ez egy lehet\u0151s\u00e9g arra, hogy elind\u00edtsd az \u00e1lmaid \u00e9let\u00e9t!<br data-start=\"205\" data-end=\"208\" \/>\u00c9s most <em data-start=\"216\" data-end=\"242\">rendk\u00edv\u00fcli kedvezm\u00e9nnyel<\/em> \u00e9rheted el, de csak <strong data-start=\"263\" data-end=\"284\">korl\u00e1tozott ideig<\/strong>!<\/p>\n<p data-start=\"287\" data-end=\"426\">\ud83d\udca5 <strong data-start=\"290\" data-end=\"328\">A kedvezm\u00e9nyes \u00e1r hamarosan lej\u00e1r!<\/strong><br data-start=\"328\" data-end=\"331\" \/>Haszn\u00e1ld ki most, am\u00edg m\u00e9g el\u00e9rhet\u0151 \u2013 mert ut\u00e1na m\u00e1r csak teljes \u00e1ron fogod tudni megv\u00e1s\u00e1rolni.<\/p>\n<p data-start=\"428\" data-end=\"604\">\u2705 Ha valaha is fontolgattad, hogy belev\u00e1gsz, <strong data-start=\"473\" data-end=\"500\">ez a t\u00f6k\u00e9letes pillanat<\/strong>.<br data-start=\"501\" data-end=\"504\" \/>\u2705 Ha \u00fagy \u00e9rzed, enn\u00e9l jobb aj\u00e1nlat nem lesz \u2013 <strong>igazad van.<\/strong><br data-start=\"561\" data-end=\"564\" \/>\u2705 Ha v\u00e1ltoz\u00e1st szeretn\u00e9l \u2013 <strong>itt kezd\u0151dik<\/strong>.<\/p>\n<p data-start=\"606\" data-end=\"742\"><strong data-start=\"606\" data-end=\"622\">Ne halogasd!<\/strong> A j\u00f6v\u0151d most d\u0151l el \u2013 \u00e9s csak egy kattint\u00e1sra vagy t\u0151le.<br data-start=\"679\" data-end=\"682\" \/>\ud83d\udc49 <strong><em data-start=\"685\" data-end=\"742\">V\u00e1s\u00e1rold meg most a kurzust, miel\u0151tt v\u00e9get \u00e9r az akci\u00f3!<\/em><\/strong><\/p>\n<p><!-- GOMB --><\/p>\n<div style=\"text-align: center; margin-top: 30px;\"><a style=\"display: inline-block; background-color: #9c27b0; color: white; padding: 14px 32px; font-size: 16px; font-weight: 600; border-radius: 8px; text-decoration: none; box-shadow: 0 4px 12px rgba(0,0,0,0.15); transition: background-color 0.3s ease;\" href=\"https:\/\/elite2you.com\/courses\/kezdo-kurzus\/\" target=\"_blank\" rel=\"noopener\"><br \/>\nMegveszem!<br \/>\n<\/a><\/div>\n<p>[\/vc_cta][\/vc_column][\/vc_row][vc_row][vc_column][vc_cta h2=\"De, van egy j\u00f3 h\u00edr\u00fcnk!\"]<\/p>\n<h3 data-start=\"240\" data-end=\"285\">\ud83c\udf93 El\u00e9rhet\u0151 most. Fizethet\u0151 r\u00e9szletekben.<\/h3>\n<p data-start=\"287\" data-end=\"406\">M\u00e1r most tudod, hogy ez a program neked sz\u00f3l.<br data-start=\"332\" data-end=\"335\" \/>Nem az a k\u00e9rd\u00e9s, hogy <strong data-start=\"357\" data-end=\"369\">meg\u00e9ri-e<\/strong>, hanem az, hogy <strong data-start=\"386\" data-end=\"405\">mikor v\u00e1gj bele<\/strong>.<\/p>\n<p data-start=\"408\" data-end=\"424\">\u00c9s mi\u00e9rt v\u00e1rn\u00e1l?<\/p>\n<p data-start=\"426\" data-end=\"561\">\ud83d\udcb3 <strong data-start=\"429\" data-end=\"471\">Most m\u00e1r r\u00e9szletfizet\u00e9ssel is el\u00e9rhet\u0151<\/strong> \u2013 hogy ne az egyszeri \u00f6sszeg tartson vissza att\u00f3l, amit val\u00f3j\u00e1ban m\u00e1r r\u00e9gen meg\u00e9rdemelsz.<\/p>\n<hr data-start=\"563\" data-end=\"566\" \/>\n<h3 data-start=\"568\" data-end=\"594\">\u2705 Mit jelent ez neked?<\/h3>\n<p data-start=\"595\" data-end=\"770\">\u2013 Nem kell megv\u00e1rnod a k\u00f6vetkez\u0151 fizet\u00e9st<br data-start=\"636\" data-end=\"639\" \/>\u2013 M\u00e1r ma elindulhatsz, \u00e9s b\u00e1rmikor, de ak\u00e1r <strong data-start=\"667\" data-end=\"700\">havonta kis \u00f6sszegben fizetve<\/strong><br data-start=\"700\" data-end=\"703\" \/>\u2013 \u00dagy fejlesztheted magad, hogy k\u00f6zben nem terheli meg a p\u00e9nzt\u00e1rc\u00e1d<\/p>\n<hr data-start=\"772\" data-end=\"775\" \/>\n<p><strong>Hogyan m\u0171k\u00f6dik?<\/strong><\/p>\n<p>Hat egyenl\u0151 r\u00e9szre osztottuk a kezd\u0151 kurzust, \u00edgy ak\u00e1r 6 havi r\u00e9szletfizet\u00e9ssel is meg tudod v\u00e1s\u00e1rolni a tanfolyamot!<\/p>\n<p>A r\u00e9szletek fizet\u00e9se csak rajtad m\u00falik! Akkor veszed meg amikor akarod, a l\u00e9nyeg a sorrend!<\/p>\n<p><strong>1. Els\u0151 r\u00e9szlet:<\/strong> Portf\u00f3li\u00f3fot\u00f3z\u00e1s - 30.000.- Ft<br \/>\n<strong>2. M\u00e1sodik r\u00e9szlet:<\/strong> F\u00e9nyk\u00e9p\u00e9szeti ismeretek - 30.000.- Ft<br \/>\n<strong>3. Harmadik r\u00e9szlet:<\/strong> El\u0151fizet\u00e9si rendszer fel\u00e9p\u00edt\u00e9si \u00fatmutat\u00f3 - 30.000<br \/>\n<strong>4. Negyedik r\u00e9szlet:<\/strong> Sz\u00e9ps\u00e9g, smink - 30.000<br \/>\n<strong>5. \u00d6t\u00f6dik r\u00e9szlet<\/strong>: Stylist, - 30.000<br \/>\n<strong>6. Hatodik r\u00e9szlet:<\/strong> \u00dczleti- 30.000<\/p>\n<p>Amint az \u00f6sszes tanfolyam modulj\u00e1t megv\u00e1s\u00e1roltad, ugyan\u00fagy haladhatsz tov\u00e1bb, mintha egy \u00f6sszegben fizetted volna ki a tanfolyam \u00e1r\u00e1t!<\/p>\n<hr data-start=\"772\" data-end=\"775\" \/>\n<h3 style=\"text-align: center;\" data-start=\"777\" data-end=\"810\">\ud83d\udca1 D\u00f6nts okosan, ne halogass!<\/h3>\n<p style=\"text-align: center;\" data-start=\"811\" data-end=\"874\">Ez a tud\u00e1s m\u00e1r ma a ti\u00e9d lehet \u2013 <strong data-start=\"841\" data-end=\"873\">most egy el\u00e9rhet\u0151 havid\u00edj\u00e9rt<\/strong>.<\/p>\n<hr data-start=\"876\" data-end=\"879\" \/>\n<!-- GOMB --><\/p>\n<div style=\"text-align: center; margin-top: 30px;\"><a style=\"display: inline-block; background-color: #9c27b0; color: white; padding: 14px 32px; font-size: 16px; font-weight: 600; border-radius: 8px; text-decoration: none; box-shadow: 0 4px 12px rgba(0,0,0,0.15); transition: background-color 0.3s ease;\" href=\"https:\/\/elite2you.com\/store\/kezdo-kurzus-6-reszletben\" target=\"_blank\" rel=\"noopener\"><br \/>\nBel\u00e9pek most, \u00e9s fizetek r\u00e9szletekben<br \/>\n<\/a><\/div>\n<p>[\/vc_cta][\/vc_column][\/vc_row][vc_row][vc_column][vc_column_text]<\/p>\n<div style=\"border: 3px solid #9c27b0; border-radius: 12px; padding: 30px; background-color: #f9f9ff;\">\n<h3 style=\"font-size: 20px; color: #333;\">\ud83d\udc8e A KURZUSHOZ TARTOZ\u00d3 - <strong>JUTALOMPROGRAM<\/strong><\/h3>\n<p style=\"margin-bottom: 15px;\">Miut\u00e1n elv\u00e9gezted a Kezd\u0151 Kurzust, elkezdheted a modellkarrieredet az ott tanultak alapj\u00e1n. A c\u00e9l az, hogy a megszerzett tud\u00e1st akt\u00edvan haszn\u00e1ld, \u00e9s k\u00f6vetkezetes munk\u00e1val el\u00e9rd a havi brutt\u00f3 <strong>10.000 USD<\/strong> bev\u00e9telt.<\/p>\n<p>Ha ezt a szintet legal\u00e1bb <strong>9 egym\u00e1st k\u00f6vet\u0151 h\u00f3napon<\/strong> kereszt\u00fcl fenntartod, akkor automatikusan jogosultt\u00e1 v\u00e1lsz az al\u00e1bbi exkluz\u00edv pr\u00e9mium jutalmakra:<\/p>\n<p><!-- \ud83c\udf81 Alap aj\u00e1nd\u00e9kmodulok --><\/p>\n<div style=\"background-color: #ffffff; padding: 20px 25px; margin-top: 20px; border-radius: 6px; border-left: 4px solid #9c27b0;\">\n<h4 style=\"margin-top: 0;\">\ud83c\udf81 Alap aj\u00e1nd\u00e9kcsomag:<\/h4>\n<ul style=\"list-style: none; padding-left: 0; font-size: 15px;\">\n<li>\u2705 Ingyenes portf\u00f3li\u00f3 fot\u00f3z\u00e1s neked<\/li>\n<li>\u2705 Vlog kezd\u0151csomag<\/li>\n<li>\u2705 D\u00edjmentesen v\u00e1logathatsz a webshoppunkb\u00f3l*<\/li>\n<\/ul>\n<\/div>\n<p><!-- \ud83e\uddfe \u00dczleti t\u00e1mogat\u00e1s --><\/p>\n<div style=\"background-color: #ffffff; padding: 20px 25px; margin-top: 20px; border-radius: 6px; border-left: 4px solid #4caf50;\">\n<h4>\ud83d\udcca \u00dczleti t\u00e1mogat\u00e1s:<\/h4>\n<ul style=\"list-style: none; padding-left: 0; font-size: 15px;\">\n<li>\u2705 C\u00e9galap\u00edt\u00e1s neked<\/li>\n<li>\u2705 D\u00edjmentes sz\u00e9khelyszolg\u00e1ltat\u00e1s<\/li>\n<li>\u2705 Banksz\u00e1mla menedzsment<\/li>\n<li>\u2705 K\u00f6nyvel\u00e9s \u00e9s ad\u00f3optimaliz\u00e1l\u00e1s a c\u00e9gednek<\/li>\n<\/ul>\n<\/div>\n<p><!-- \ud83c\udfe5 Biztons\u00e1gi \u00e9s eg\u00e9szs\u00e9g\u00fcgyi modul --><\/p>\n<div style=\"background-color: #ffffff; padding: 20px 25px; margin-top: 20px; border-radius: 6px; border-left: 4px solid #009688;\">\n<h4>\ud83c\udfe5 Eg\u00e9szs\u00e9g\u00fcgyi \u00e9s biztons\u00e1gi modul:<\/h4>\n<ul style=\"list-style: none; padding-left: 0; font-size: 15px;\">\n<li>\u2705 Eg\u00e9szs\u00e9g- \u00e9s \u00e9letbiztos\u00edt\u00e1s neked<\/li>\n<li>\u2705 Havi telefonsz\u00e1ml\u00e1d kifizet\u00e9se*<\/li>\n<li>\u2705 Aut\u00f3biztos\u00edt\u00e1sod teljes kifizet\u00e9se<\/li>\n<\/ul>\n<\/div>\n<p><!-- \ud83d\udc85 Beauty & lifestyle modul --><\/p>\n<div style=\"background-color: #ffffff; padding: 20px 25px; margin-top: 20px; border-radius: 6px; border-left: 4px solid #ff69b4;\">\n<h4>\ud83d\udc85 Beauty &amp; Lifestyle:<\/h4>\n<ul style=\"list-style: none; padding-left: 0; font-size: 15px;\">\n<li>\u2705 Heti 1 fodr\u00e1sz \u00e9s beauty szolg\u00e1ltat\u00e1s<\/li>\n<li>\u2705 Manik\u0171r &amp; pedik\u0171r heti 1 alkalommal<\/li>\n<li>\u2705 Egyedi r\u00fazs csak neked<\/li>\n<li>\u2705 1 wellness h\u00e9tv\u00e9ge 2 f\u0151 r\u00e9sz\u00e9re<\/li>\n<\/ul>\n<\/div>\n<p><!-- \ud83c\udf9f\ufe0f Esem\u00e9nyek & \u00e9lm\u00e9nycsomag --><\/p>\n<div style=\"background-color: #ffffff; padding: 20px 25px; margin-top: 20px; border-radius: 6px; border-left: 4px solid #03a9f4;\">\n<h4>\ud83c\udf9f\ufe0f Esem\u00e9nyek &amp; \u00e9lm\u00e9nyek:<\/h4>\n<ul style=\"list-style: none; padding-left: 0; font-size: 15px;\">\n<li>\u2705 Megh\u00edv\u00f3 a Mil\u00e1n\u00f3i divath\u00e9tre<\/li>\n<li>\u2705 Fesztiv\u00e1l bel\u00e9p\u0151 2 f\u0151 r\u00e9sz\u00e9re<\/li>\n<\/ul>\n<\/div>\n<p><!-- \ud83d\udd25 Erotika & kreat\u00edv modul --><\/p>\n<div style=\"background-color: #ffffff; padding: 20px 25px; margin-top: 20px; border-radius: 6px; border-left: 4px solid #e91e63;\">\n<h4>\ud83d\udd25 Erotika &amp; kreat\u00edv kurzusok:<\/h4>\n<ul style=\"list-style: none; padding-left: 0; font-size: 15px;\">\n<li>\u2705 Erotikus t\u00e1nc \u00e9s sztript\u00edz kurzus<\/li>\n<li>\u2705 Erotikus massz\u00e1zs kurzus<\/li>\n<li>\u2705 D\u00edjmentes aktfot\u00f3z\u00e1s<\/li>\n<\/ul>\n<\/div>\n<p><!-- \ud83d\udcb3 P\u00e9nz\u00fcgyi extra juttat\u00e1s --><\/p>\n<div style=\"background-color: #ffffff; padding: 20px 25px; margin-top: 20px; border-radius: 6px; border-left: 4px solid #673ab7;\">\n<h4>\ud83d\udcb3 P\u00e9nz\u00fcgyi extra:<\/h4>\n<ul style=\"list-style: none; padding-left: 0; font-size: 15px;\">\n<li><strong>\u2705 Elite2You Hitelk\u00e1rtya<\/strong> \u2013 havi 100.000 Ft kerettel<\/li>\n<\/ul>\n<\/div>\n<p><!-- Magyar\u00e1z\u00f3 sz\u00f6veg narancss\u00e1rga s\u00e1vval --><\/p>\n<div style=\"background-color: #ffffff; padding: 20px 25px; margin-top: 20px; border-radius: 6px; border-left: 4px solid #ff9800;\">\n<p style=\"font-size: 13px; color: #555;\">*A jutalmak automatikusan aktiv\u00e1l\u00f3dnak, ha 9 h\u00f3napon \u00e1t teljes\u00edted a brutt\u00f3 10.000 USD\/h\u00f3 bev\u00e9telt.<\/p>\n<p style=\"font-size: 13px; color: #555;\">Nincs k\u00fcl\u00f6n jelentkez\u00e9s, nincs extra d\u00edj \u2013 a rendszer figyeli \u00e9s aktiv\u00e1lja.<\/p>\n<p style=\"font-size: 13px; color: #555;\">\u26a0\ufe0f Ezeket az aj\u00e1nd\u00e9kokat egy \u00e9ven bel\u00fcl fel kell haszn\u00e1lnod. Ha nem haszn\u00e1lod fel \u0151ket egy \u00e9ven bel\u00fcl, akkor elvesznek.<\/p>\n<p style=\"font-size: 13px; color: #555;\">\ud83e\udded A <strong>Javadalmaz\u00e1si Igazgat\u00f3<\/strong> a seg\u00edts\u00e9gedre van ebben. \u0150 az egyik legjobb bar\u00e1tod az Elite2You-n\u00e1l: \u0151 foglalja a koncertjegyeket, wellness h\u00e9tv\u00e9g\u00e9ket, figyeli a beauty szolg\u00e1ltat\u00e1sokat \u2013 \u00e9s gondoskodik r\u00f3la, hogy minden aj\u00e1nd\u00e9kot marad\u00e9ktalanul megkapj.<\/p>\n<p style=\"font-size: 13px; color: #333;\">\u23e9Ezeket a jutalmakat addig kapod, am\u00edg el nem \u00e9red a Halad\u00f3 szintet, ahol m\u00e1r havi 50.000 USD bev\u00e9telt kell teljes\u00edtened.<\/p>\n<p>Amint ezt a szintet el\u00e9rted, a Halad\u00f3 Kurzust kell elv\u00e9gezned a tov\u00e1bbi fejl\u0151d\u00e9sed \u00e9rdek\u00e9ben.<\/p>\n<\/div>\n<\/div>\n<p>[\/vc_column_text][\/vc_column][\/vc_row][vc_row][vc_column][vc_column_text]<!-- GOMB --><\/p>\n<div style=\"text-align: center; margin-top: 30px;\"><a style=\"display: inline-block; background-color: #9c27b0; color: white; padding: 14px 32px; font-size: 16px; font-weight: 600; border-radius: 8px; text-decoration: none; box-shadow: 0 4px 12px rgba(0,0,0,0.15); transition: background-color 0.3s ease;\" href=\"https:\/\/elite2you.com\/courses\/kezdo-kurzus\/\" target=\"_blank\" rel=\"noopener\"><br \/>\nElindulok, \u00e9s Megveszem a Kezd\u0151 Kurzust Most!<br \/>\n<\/a><\/div>\n<p>[\/vc_column_text][\/vc_column][\/vc_row]<\/p>\n<\/div>","protected":false},"excerpt":{"rendered":"<p>[vc_row][vc_column][vc_column_text] Az elso\u030b le\u0301pe\u0301s a sikeres modellkarrier fel\u00e9: Kezdo\u030b szint az Elite2You Akade\u0301mia\u0301n U\u0308dvo\u0308zlu\u0308nk a Kezdo\u030b szinten! Az Elite2You Akade\u0301mia\u0301n &hellip; <a href=\"https:\/\/elite2you.com\/hu\/kezdo-kurzus\/\" class=\"more-link\">Continue reading <span class=\"screen-reader-text\">Kezd\u0151 Kurzus<\/span><\/a><\/p>\n","protected":false},"author":5,"featured_media":0,"parent":0,"menu_order":0,"comment_status":"closed","ping_status":"closed","template":"","meta":{"_monsterinsights_skip_tracking":false,"_monsterinsights_sitenote_active":false,"_monsterinsights_sitenote_note":"","_monsterinsights_sitenote_category":0,"footnotes":""},"class_list":["post-18842","page","type-page","status-publish","hentry"],"_links":{"self":[{"href":"https:\/\/elite2you.com\/hu\/wp-json\/wp\/v2\/pages\/18842","targetHints":{"allow":["GET"]}}],"collection":[{"href":"https:\/\/elite2you.com\/hu\/wp-json\/wp\/v2\/pages"}],"about":[{"href":"https:\/\/elite2you.com\/hu\/wp-json\/wp\/v2\/types\/page"}],"author":[{"embeddable":true,"href":"https:\/\/elite2you.com\/hu\/wp-json\/wp\/v2\/users\/5"}],"replies":[{"embeddable":true,"href":"https:\/\/elite2you.com\/hu\/wp-json\/wp\/v2\/comments?post=18842"}],"version-history":[{"count":39,"href":"https:\/\/elite2you.com\/hu\/wp-json\/wp\/v2\/pages\/18842\/revisions"}],"predecessor-version":[{"id":22465,"href":"https:\/\/elite2you.com\/hu\/wp-json\/wp\/v2\/pages\/18842\/revisions\/22465"}],"wp:attachment":[{"href":"https:\/\/elite2you.com\/hu\/wp-json\/wp\/v2\/media?parent=18842"}],"curies":[{"name":"wp","href":"https:\/\/api.w.org\/{rel}","templated":true}]}}