{"id":18851,"date":"2025-06-10T06:47:06","date_gmt":"2025-06-10T06:47:06","guid":{"rendered":"https:\/\/elite2you.com\/?page_id=18851"},"modified":"2025-08-23T20:28:37","modified_gmt":"2025-08-23T20:28:37","slug":"halado-kurzus","status":"publish","type":"page","link":"https:\/\/elite2you.com\/hu\/halado-kurzus\/","title":{"rendered":"Halad\u00f3 kurzus"},"content":{"rendered":"<div class=\"wpb-content-wrapper\"><p>[vc_row][vc_column][vc_column_text]<\/p>\n<p data-pm-slice=\"1 1 []\"><span>A Halad\u00f3 szint el\u00e9r\u00e9se azt jelenti, hogy t\u00f6bb\u00e9 nem vagy kezd\u0151. M\u00e1r nem csup\u00e1n tanulod a modellked\u00e9s alapjait, hanem akt\u00edv szerepl\u0151je vagy a digit\u00e1lis tartalomgy\u00e1rt\u00e1snak, komoly eredm\u00e9nyekkel a h\u00e1tad m\u00f6g\u00f6tt. Ez az a szint, ahol a szorgalmad, tehets\u00e9ged \u00e9s kitart\u00e1sod m\u00e1r k\u00e9zzelfoghat\u00f3 sikerr\u00e9 \u00e9rett. A havi 50.000 USD brutt\u00f3 bev\u00e9tel el\u00e9r\u00e9se nem v\u00e9letlen \u2013 ez m\u00e1r egy \u00fczenet a piacnak: jelen vagy, jelen akarsz maradni, \u00e9s komolyan veszed magad.<\/span><\/p>\n<div>\n<hr \/>\n<\/div>\n<p><span><strong>A Halad\u00f3 szint bel\u00e9p\u00e9si felt\u00e9telei:<\/strong><\/span><\/p>\n<ul data-spread=\"false\">\n<li><span>Legal\u00e1bb egy alkalommal el\u00e9rt\u00e9l havi 50.000 USD brutt\u00f3 bev\u00e9telt\u00a0<\/span><\/li>\n<li><span>Megv\u00e1s\u00e1roltad \u00e9s elv\u00e9gezted a Halad\u00f3 kurzust<\/span><\/li>\n<\/ul>\n<div>\n<hr \/>\n<\/div>\n<p><span><strong>A Halad\u00f3 kurzus tartalma<\/strong><\/span><\/p>\n<p><span>Ez a kurzus azokat a k\u00e9pess\u00e9geket fejleszti, amelyek a szintugr\u00e1shoz sz\u00fcks\u00e9gesek:<\/span><\/p>\n<ul data-spread=\"false\">\n<li><span><strong>Halad\u00f3 kommunik\u00e1ci\u00f3s strat\u00e9gi\u00e1k:<\/strong><\/span><span> Hogyan v\u00e1laszolj profi m\u00f3don, mikor mit mondj \u00e9s mit ne.<\/span><\/li>\n<li><span><strong>Brend \u00e9p\u00edt\u00e9s a gyakorlatban:<\/strong><\/span><span> Vizualit\u00e1s, nyelvezet, karakter - ami k\u00fcl\u00f6nlegess\u00e9 tesz.<\/span><\/li>\n<li><span><strong>Halad\u00f3 tartalomk\u00e9sz\u00edt\u00e9si technik\u00e1k:<\/strong><\/span><span> Mozg\u00e1s, storytelling, koncepc\u00f3k.<\/span><\/li>\n<li><span><strong>Bev\u00e9teln\u00f6vel\u00e9si kamp\u00e1nyok:<\/strong><\/span><span> Akci\u00f3k, aj\u00e1nd\u00e9kcsomagok, upsell technik\u00e1k.<\/span><\/li>\n<li><span><strong>Hat\u00e9konys\u00e1g \u00e9s id\u0151menedzsment:<\/strong><\/span><span> Hogy ne csak sokat dolgozz, hanem okosan.<\/span><\/li>\n<li><span><strong>Hat\u00e1sos marketing a gyakorlatban:<\/strong><\/span><span> Csatorn\u00e1k, kamp\u00e1nyterv, automata rendszerek.<\/span><\/li>\n<\/ul>\n<div>\n<hr \/>\n<\/div>\n<p><span><strong>C\u00e9l: A Halad\u00f3 szint stabiliz\u00e1l\u00e1sa<\/strong><\/span><\/p>\n<p><span>Ahhoz, hogy hossz\u00fa t\u00e1von is megmaradj ezen a szinten, legal\u00e1bb<strong> 6<\/strong><\/span><span><strong>\u00a0egym\u00e1st k\u00f6vet\u0151 h\u00f3napban<\/strong><\/span><span> el kell \u00e9rned a 50.000 USD-s havi bev\u00e9telt, hogy aktiv\u00e1l\u00f3djanak az <\/span><span><strong>extra aj\u00e1nd\u00e9kaink<\/strong><\/span><span> \u00e9s juttat\u00e1saink sz\u00e1modra.<\/span><\/p>\n<p><span>Ha siker\u00fcl, nemcsak anyagi szinten \u00e9rkezel meg az \u00e9lvonalba, hanem lelkileg \u00e9s gondolkod\u00e1sban is \u00e1tv\u00e1ltasz: m\u00e1r nem keresel lehet\u0151s\u00e9geket, hanem te magad vagy a lehet\u0151s\u00e9g.<\/span><\/p>\n<div>\n<hr \/>\n<\/div>\n<p><span><strong>D\u00f6nts tudatosan. V\u00e1laszthatsz:<\/strong><\/span><\/p>\n<p><span>Amint el\u00e9red az els\u0151 50.000 USD havi bev\u00e9telt, te d\u00f6nthetsz:<\/span><\/p>\n<ol start=\"1\" data-spread=\"false\">\n<li><span><strong>Maradsz a Halad\u00f3 szinten<\/strong><\/span><span>, \u00e9s ink\u00e1bb megc\u00e9lzod a hat h\u00f3napig tart\u00f3 bev\u00e9teli szint megtart\u00e1s\u00e1t, \u00e9s begy\u0171jt\u00f6d az ide tartoz\u00f3 aj\u00e1nd\u00e9kokat (pl. luxus portf\u00f3li\u00f3fot\u00f3z\u00e1s, aj\u00e1nd\u00e9k utaz\u00e1s, brand fot\u00f3sorozat, stb)<\/span><\/li>\n<li><span><strong>Azonnal tov\u00e1bl\u00e9psz a Profi szintre,<\/strong><\/span><span> \u00e9s r\u00e1l\u00e9psz a fels\u0151 10%-ba tartoz\u00f3k \u00fajtj\u00e1ra<\/span><\/li>\n<\/ol>\n<div>\n<hr \/>\n<\/div>\n<p data-pm-slice=\"1 1 []\"><span><strong>Ez a szint m\u00e1r nem j\u00e1t\u00e9k. Ez egy ugr\u00f3deszka.<\/strong><\/span><\/p>\n<p><span>Ha eddig tanult\u00e1l, most ideje alkalmaznod. Ha eddig v\u00e1rt\u00e1l, most itt az id\u0151 l\u00e9pni. A Halad\u00f3 szint nemcsak c\u00edm, hanem lehet\u0151s\u00e9g, hogy bebizony\u00edtsd: tart\u00f3san jelen vagy, \u00e9s k\u00e9sz vagy r\u00e1, hogy kil\u00e9pj a t\u00f6meg sor\u00e1b\u00f3l.<\/span><\/p>\n<p><span><strong>Most m\u00e1r nem k\u00e9rdezed: &#8222;Siker\u00fclhet-e?\"<\/strong><\/span><\/p>\n<p><span><strong>Hanem azt k\u00e9rdezed: &#8222;Mennyire magasra juthatok el?\"<\/strong><\/span><\/p>\n<p><span>A Halad\u00f3 szint az a pillanat, amikor m\u00e1r nemcsak a t\u00f6bbiekkel dolgozol, hanem <\/span><span><strong>magaddal is<\/strong><\/span><span>. Az \u00e9leted \u00e9s a branded most egyre er\u0151sebb\u00e9 v\u00e1lik.<\/span><\/p>\n<p><span><strong>A Halad\u00f3 szint az, amikor a j\u00f6v\u0151 m\u00e1r elkezd\u0151d\u00f6tt.<\/strong><\/span><\/p>\n<p><span>V\u00e1runk ezen az \u00faj szinten. K\u00e9sz vagy r\u00e1? Akkor ir\u00e1ny a Halad\u00f3 Kurzus!<\/span>[\/vc_column_text][\/vc_column][\/vc_row][vc_row][vc_column][vc_empty_space][vc_column_text]<\/p>\n<h2 style=\"text-align: center; margin-bottom: 30px;\">Mit kapsz azonnal \u2013 \u00e9s mit \u00e9rhetsz el<\/h2>\n<p>[\/vc_column_text][\/vc_column][\/vc_row][vc_row][vc_column width=\"1\/2&#8243;][vc_column_text css=\"\"]<\/p>\n<div style=\"border: 3px solid #ff5722; border-radius: 12px; padding: 25px; background-color: #fff9e6;\">\n<h3 style=\"font-size: 20px; color: #333;\">\ud83c\udf93 <strong>\ud83d\ude80 Halad\u00f3 Kurzus<\/strong><\/h3>\n<h2 style=\"color: #ff5722;\">5.500 USD<\/h2>\n<p style=\"font-weight: bold;\">Ezen a szinten m\u00e1r havi 50.000 USD feletti bev\u00e9telt termelsz. Itt az ideje magasabb szintre emelni a karriered, a m\u00e1rk\u00e1d \u00e9s a bev\u00e9teledet!<\/p>\n<p><!-- Szakmai modulok --><\/p>\n<div style=\"margin-top: 25px; padding: 20px; background-color: #ffffff; border-left: 4px solid #ff5722;\">\n<h4>\ud83d\udcd8 Szakmai modulok:<\/h4>\n<ul style=\"list-style: none; padding-left: 0; font-size: 14.5px;\">\n<li>\u2705 Halad\u00f3 p\u00f3zol\u00e1stechnika \u00e9s dinamikus tartalomgy\u00e1rt\u00e1s<\/li>\n<li>\u2705 M\u0171v\u00e9szi koncepci\u00f3k \u00e9s storytelling<\/li>\n<li>\u2705 Exkluz\u00edv st\u00edlustan\u00e1csad\u00e1s \u00e9s outfit coaching<\/li>\n<li>\u2705 Nemzetk\u00f6zi szint\u0171 fot\u00f3z\u00e1sra felk\u00e9sz\u00edt\u00e9s<\/li>\n<li>\u2705 Profi kamerakezel\u00e9s &amp; vil\u00e1g\u00edt\u00e1stechnika<\/li>\n<\/ul>\n<\/div>\n<p><!-- \u00c9letm\u00f3d & szem\u00e9lyes fejl\u0151d\u00e9s --><\/p>\n<div style=\"margin-top: 30px; padding: 20px; background-color: #fcfcfc; border-left: 4px solid #00bcd4;\">\n<h4>\ud83c\udf3f \u00c9letm\u00f3d \u00e9s szem\u00e9lyes fejl\u0151d\u00e9s:<\/h4>\n<ul style=\"list-style: none; padding-left: 0; font-size: 14.5px;\">\n<li>\u2705 \u00d6nbizalom-menedzsment \u00e9s asszert\u00edv kommunik\u00e1ci\u00f3<\/li>\n<li>\u2705 Magas st\u00e1tusz\u00fa kapcsolatok \u00e9s networking etikett<\/li>\n<li>\u2705 Stresszkezel\u00e9s \u00e9s eg\u00e9szs\u00e9gmenedzsment<\/li>\n<li>\u2705 Exkluz\u00edv utaz\u00e1si st\u00edlus \u00e9s biztons\u00e1g<\/li>\n<\/ul>\n<\/div>\n<p><!-- \u00dczleti k\u00e9pz\u00e9s --><\/p>\n<div style=\"margin-top: 30px; padding: 20px; background-color: #f6fff4; border-left: 4px solid #4caf50;\">\n<h4>\ud83d\udcbc \u00dczleti \u00e9s V\u00e1llalkoz\u00e1si K\u00e9pz\u00e9s:<\/h4>\n<ul style=\"list-style: none; padding-left: 0; font-size: 14.5px;\">\n<li>\u2705 M\u00e1rk\u00e1d nemzetk\u00f6zi szint\u0171 fel\u00e9p\u00edt\u00e9se<\/li>\n<li>\u2705 \u00dcgyf\u00e9lkapcsolat-menedzsment pr\u00e9mium szinten<\/li>\n<li>\u2705 Befektet\u00e9skezel\u00e9s \u00e9s tartal\u00e9k\u00e9p\u00edt\u00e9s<\/li>\n<li>\u2705 \u00dczleti deleg\u00e1l\u00e1s, asszisztensek \u00e9s csapat\u00e9p\u00edt\u00e9s<\/li>\n<\/ul>\n<\/div>\n<p><!-- Aj\u00e1nd\u00e9k csomag --><\/p>\n<div style=\"margin-top: 30px; padding: 20px; background-color: #f6fff4; border-left: 4px solid #4caf50;\">\n<h4 style=\"margin-top: 40px;\">\ud83c\udf81 Halad\u00f3 szint\u0171 aj\u00e1nd\u00e9kcsomag:<\/h4>\n<ul style=\"list-style: none; padding-left: 0; font-size: 15px;\">\n<li>\u2705 Teljesen finansz\u00edrozott divatportf\u00f3li\u00f3 fot\u00f3z\u00e1s k\u00fclf\u00f6ld\u00f6n<\/li>\n<li>\u2705 VIP rendezv\u00e9nybel\u00e9p\u0151k (divatbemutat\u00f3k, g\u00e1laestek)<\/li>\n<li>\u2705 Limit\u00e1lt kiad\u00e1s\u00fa Elite2You luxus aj\u00e1nd\u00e9kcsomag<\/li>\n<li>\u2705 Szem\u00e9lyes mentor\u00e1l\u00e1s heti 1x \u2013 Executive Mentort\u00f3l<\/li>\n<\/ul>\n<p><!-- Vizu\u00e1lis elv\u00e1laszt\u00f3 --><\/p>\n<hr style=\"border-top: 2px dashed #ccc; margin: 30px 0;\">\n<!-- Gomb --><\/p>\n<div style=\"margin-top: 30px;\"><a style=\"background-color: #ff5722; color: white; padding: 12px 28px; border-radius: 6px; font-size: 16px; text-decoration: none; font-weight: bold;\" href=\"https:\/\/elite2you.com\/courses\/halado-szint\/\" target=\"_blank\" rel=\"noopener\">Tov\u00e1bb a Halad\u00f3 kurzushoz<\/a><\/div>\n<\/div>\n<\/div>\n<p>[\/vc_column_text][\/vc_column][vc_column width=\"1\/2&#8243;][vc_column_text]<\/p>\n<div style=\"background-color: #f9f9f9; padding: 30px; border-radius: 16px; font-family: sans-serif; max-width: 900px; margin: 0 auto;\">\n<h2 style=\"color: #c09b6c; text-align: center;\">\ud83d\udfe1 1. Halad\u00f3 szint<\/h2>\n<p data-start=\"199\" data-end=\"467\">Bel\u00e9pt\u00e9l a Halad\u00f3 szintre \u2013 ez azt jelenti, hogy <strong data-start=\"248\" data-end=\"273\">nem csup\u00e1n \u00e9rdekl\u0151dsz<\/strong>, hanem <strong data-start=\"281\" data-end=\"300\">komolyan veszed<\/strong> a digit\u00e1lis modellkarriered \u00e9p\u00edt\u00e9s\u00e9t. Megv\u00e1s\u00e1roltad a tanfolyamot, ezzel szintet l\u00e9pt\u00e9l: kil\u00e9pt\u00e9l a Kezd\u0151 f\u00e1zisb\u00f3l, \u00e9s k\u00e9szen \u00e1llsz <strong data-start=\"434\" data-end=\"466\">rendszeres bev\u00e9telt termelni<\/strong>.<\/p>\n<p data-start=\"469\" data-end=\"666\">Ez a szint m\u00e1r nem a pr\u00f3b\u00e1lkoz\u00e1sr\u00f3l sz\u00f3l, hanem a <strong data-start=\"519\" data-end=\"536\">bizony\u00edt\u00e1sr\u00f3l<\/strong>: itt elkezded <em data-start=\"551\" data-end=\"569\">val\u00f3di \u00fczletk\u00e9nt<\/em> kezelni a tartalomgy\u00e1rt\u00e1st, \u00e9s elindulsz azon az \u00faton, ahol <strong data-start=\"630\" data-end=\"655\">minden egyes l\u00e9p\u00e9snek<\/strong> t\u00e9tje van.<\/p>\n<h3 style=\"color: #444; margin-top: 30px;\">\ud83c\udfaf Amit ezen a szinten k\u00edn\u00e1lunk:<\/h3>\n<ul style=\"line-height: 1.8; padding-left: 20px;\">\n<li>Professzion\u00e1lis profil\u00e9p\u00edt\u00e9s \u00e9s profilstrukt\u00fara kialak\u00edt\u00e1sa<\/li>\n<li>Social Media Menedzsment \u00e9s tartalomstrat\u00e9gia kialak\u00edt\u00e1sa<\/li>\n<li>\u00dcgyf\u00e9lkapcsolat-kezel\u00e9s \u00e9s rajong\u00f3i kommunik\u00e1ci\u00f3 menedzsment<\/li>\n<li>M\u00e1rka\u00e9p\u00edt\u00e9s \u00e9s brendfejleszt\u00e9s a hossz\u00fa t\u00e1v\u00fa siker\u00e9rt<\/li>\n<li>Napi kapcsolattart\u00e1s \u00e9s \u00e1lland\u00f3 mentor\u00e1l\u00e1s<\/li>\n<li>Banksz\u00e1mla kezel\u00e9s \u00e9s p\u00e9nz\u00fcgyi adminisztr\u00e1ci\u00f3<\/li>\n<\/ul>\n<ul style=\"line-height: 1.8; padding-left: 20px;\"><\/ul>\n<h3 style=\"color: #444; margin-top: 30px;\">\ud83d\udcb5 Mennyi bev\u00e9telre sz\u00e1m\u00edthatsz Halad\u00f3 szinten?<\/h3>\n<p style=\"line-height: 1.6;\">Ebben a st\u00e1tuszban addig maradsz, <strong>am\u00edg havi brutt\u00f3 bev\u00e9teled el nem \u00e9ri a 50.000 USD-t<\/strong>. A havi brutt\u00f3 1<strong>0.000 \u00e9s 50.000 USD k\u00f6z\u00f6tti j\u00f6vedelem<\/strong> eset\u00e9n a k\u00f6vetkez\u0151 felt\u00e9telek vonatkoznak r\u00e1d:<\/p>\n<h3 style=\"color: #444; margin-top: 30px;\">\ud83d\udcca Tudnival\u00f3k a bev\u00e9telr\u0151l:<\/h3>\n<ul style=\"line-height: 1.8; padding-left: 20px;\">\n<li>Az <strong>OnlyFans<\/strong> platform 20% jutal\u00e9kot von le minden bev\u00e9telb\u0151l<\/li>\n<li>Levon\u00e1sra ker\u00fclnek a banki \u00e9s utal\u00e1si k\u00f6lts\u00e9gek, \u00edgy neked marad 78%. A piaci trendek alapj\u00e1n, ezen a 78%-on osztozol 50-50%-os ar\u00e1nyban az \u00fcgyn\u00f6ks\u00e9geddel, ami alapj\u00e1n 50% a tied, 50% az \u00fcgyn\u00f6ks\u00e9g\u00e9 akivel dolgozol.<\/li>\n<li>Az <strong>Elite2Fans<\/strong> platform <strong>csak 16%-ot von le<\/strong>, \u00edgy:\n<ul style=\"padding-left: 20px;\">\n<li><strong>+4%-kal t\u00f6bb p\u00e9nzed marad<\/strong> minden tartalom ut\u00e1n<\/li>\n<li>A <strong>nett\u00f3 bev\u00e9teled 54%-a a ti\u00e9d<\/strong> \u2013 minden egyes elad\u00e1s ut\u00e1n!<\/li>\n<\/ul>\n<\/li>\n<\/ul>\n<h3 style=\"color: #444; margin-top: 30px;\">\ud83d\ude80 A c\u00e9l:<\/h3>\n<p style=\"line-height: 1.6;\">Min\u00e9l gyorsabban el\u00e9rd a 100.000 doll\u00e1ros els\u0151 bev\u00e9teledet, ahol m\u00e1r eld\u00f6ntheted, hogy feljebb l\u00e9psz a Profi szintre, vagy maradsz a Halad\u00f3 szinten, \u00e9s hat h\u00f3napon kereszt\u00fcl tartod a 50.000 doll\u00e1r feletti bev\u00e9teledet, amellyel automatikusan megkapod az <strong>exkluz\u00edv aj\u00e1nd\u00e9kainkat, \u00e9s ahol tov\u00e1bbi pr\u00e9mium szolg\u00e1ltat\u00e1sok \u00e9s extra lehet\u0151s\u00e9gek<\/strong> v\u00e1rnak r\u00e1d.<\/p>\n<\/div>\n<p>[\/vc_column_text][\/vc_column][\/vc_row][vc_row][vc_column][vc_cta h2=\"Ne felejtsd el!\"]<\/p>\n<p data-start=\"197\" data-end=\"237\">\ud83c\udf93 <strong data-start=\"200\" data-end=\"237\">Ez nem egy kurzus. Ez egy v\u00e1lasz.<\/strong><\/p>\n<p data-start=\"239\" data-end=\"442\">Lehet, hogy m\u00e1r r\u00e9g\u00f3ta \u00e9rzed: <strong data-start=\"269\" data-end=\"297\">valaminek v\u00e1ltoznia kell<\/strong>. Hogy amit eddig csin\u00e1lt\u00e1l, az m\u00e1r nem visz el\u0151re. Most itt az ideje egy \u00faj szintre l\u00e9pni \u2013 nem csak a karrieredben, hanem az eg\u00e9sz \u00e9letedben.<\/p>\n<p data-start=\"444\" data-end=\"520\">Ez az anyag pontosan az\u00e9rt sz\u00fcletett, hogy <strong data-start=\"487\" data-end=\"519\">\u00e1tvezessen ezen az \u00e1tt\u00f6r\u00e9sen<\/strong>.<\/p>\n<p data-start=\"522\" data-end=\"774\">\u2714\ufe0f Ha mostan\u00e1ban \u00fagy \u00e9rzed, elakadt\u00e1l, ez a rendszer seg\u00edt \u00fajra lend\u00fcletbe hozni az utad.<br data-start=\"611\" data-end=\"614\" \/>\u2714\ufe0f Ha t\u00f6bb van benned, mint amit eddig megmutatt\u00e1l, itt lehet\u0151s\u00e9ged van kibontakoztatni.<\/p>\n<p data-start=\"776\" data-end=\"935\">Ez nem egy hirtelen d\u00f6nt\u00e9s. Ez egy sz\u00fcks\u00e9ges d\u00f6nt\u00e9s.<br data-start=\"828\" data-end=\"831\" \/>A kedvezm\u00e9nyes \u00e1r csak ideiglenesen van \u00e9rv\u00e9nyben \u2013 <strong data-start=\"883\" data-end=\"919\">de a benned rejl\u0151 lehet\u0151s\u00e9g \u00f6r\u00f6k<\/strong>. Most te j\u00f6ssz.<\/p>\n<p data-start=\"937\" data-end=\"1030\" data-is-last-node=\"\" data-is-only-node=\"\">\ud83d\udc49 <a href=\"https:\/\/elite2you.com\/courses\/halado-szint\/\" target=\"_blank\" rel=\"noopener\"><strong data-start=\"940\" data-end=\"1030\" data-is-last-node=\"\">Szerezd meg a hozz\u00e1f\u00e9r\u00e9st most \u2013 \u00e9s kezdd el azt az \u00e9letet, amit val\u00f3ban meg\u00e9rdemelsz.<\/strong><\/a><\/p>\n<p>[\/vc_cta][\/vc_column][\/vc_row][vc_row][vc_column][vc_column_text]<\/p>\n<div style=\"border: 3px solid #9c27b0; border-radius: 12px; padding: 30px; background-color: #f9f9ff;\">\n<h3 style=\"font-size: 20px; color: #333;\">\ud83d\udc8e A KURZUSHOZ TARTOZ\u00d3 - <strong>JUTALOMPROGRAM<\/strong><\/h3>\n<p data-start=\"247\" data-end=\"457\">A Halad\u00f3 Kurzus elv\u00e9gz\u00e9s\u00e9vel bel\u00e9psz az Elite2You k\u00f6vetkez\u0151 szintj\u00e9re, ahol m\u00e1r nem csak tanulsz, hanem <strong data-start=\"351\" data-end=\"456\">bizony\u00edtod a hossz\u00fa t\u00e1v\u00fa elk\u00f6telez\u0151d\u00e9st, a k\u00f6vetkezetes teljes\u00edtm\u00e9nyt \u00e9s a pr\u00e9mium szint\u0171 hozz\u00e1\u00e1ll\u00e1st<\/strong>.<\/p>\n<p data-start=\"459\" data-end=\"652\">Ha havi brutt\u00f3 bev\u00e9teled legal\u00e1bb <strong>6 egym\u00e1st k\u00f6vet\u0151 h\u00f3napon \u00e1t el\u00e9ri a 50.000 USD-t<\/strong>, automatikusan jogosultt\u00e1 v\u00e1lsz az al\u00e1bbi k\u00fcl\u00f6nleges juttat\u00e1sokra, amelyek a Halad\u00f3 szinthez illeszkednek.<\/p>\n<p><!-- \ud83c\udf81 Alap aj\u00e1nd\u00e9kmodulok --><\/p>\n<div style=\"background-color: #ffffff; padding: 20px 25px; margin-top: 20px; border-radius: 6px; border-left: 4px solid #9c27b0;\">\n<h4 style=\"margin-top: 0;\">\ud83c\udf81 Alap aj\u00e1nd\u00e9kcsomag:<\/h4>\n<ul style=\"list-style: none; padding-left: 0; font-size: 15px;\">\n<li>\u2705 Friss\u00edtett portf\u00f3li\u00f3fot\u00f3z\u00e1s \u2013 profi kamp\u00e1nyk\u00e9pek k\u00e9sz\u00edt\u00e9se<br data-start=\"742\" data-end=\"745\" \/>\u2705 Halad\u00f3 Vlog kezd\u0151csomag \u2013 technikai felszerel\u00e9s \u00e9s \u00fatmutat\u00f3<br data-start=\"806\" data-end=\"809\" \/>\u2705 Kiemelt hozz\u00e1f\u00e9r\u00e9s a webshopunk term\u00e9keihez*<\/li>\n<\/ul>\n<\/div>\n<p><!-- \ud83e\uddfe \u00dczleti t\u00e1mogat\u00e1s --><\/p>\n<div style=\"background-color: #ffffff; padding: 20px 25px; margin-top: 20px; border-radius: 6px; border-left: 4px solid #4caf50;\">\n<h4>\ud83d\udcca \u00dczleti t\u00e1mogat\u00e1s:<\/h4>\n<ul style=\"list-style: none; padding-left: 0; font-size: 15px;\">\n<li>\u2705 C\u00e9galap\u00edt\u00e1s a te nevedre, k\u00f6lts\u00e9gmentesen<br data-start=\"926\" data-end=\"929\" \/>\u2705 D\u00edjmentes sz\u00e9khelyszolg\u00e1ltat\u00e1s \u00e9s hivatalos levelez\u00e9s kezel\u00e9se<br data-start=\"993\" data-end=\"996\" \/>\u2705 C\u00e9ges banksz\u00e1mla menedzsment \u00e9s p\u00e9nz\u00fcgyi h\u00e1tt\u00e9r kialak\u00edt\u00e1sa<br data-start=\"1057\" data-end=\"1060\" \/>\u2705 K\u00f6nyvel\u00e9s \u00e9s ad\u00f3optimaliz\u00e1l\u00e1s a v\u00e1llalkoz\u00e1sodnak<\/li>\n<\/ul>\n<\/div>\n<p><!-- \ud83c\udfe5 Biztons\u00e1gi \u00e9s eg\u00e9szs\u00e9g\u00fcgyi modul --><\/p>\n<div style=\"background-color: #ffffff; padding: 20px 25px; margin-top: 20px; border-radius: 6px; border-left: 4px solid #009688;\">\n<h4>\ud83c\udfe5 Eg\u00e9szs\u00e9g\u00fcgyi \u00e9s biztons\u00e1gi modul:<\/h4>\n<ul style=\"list-style: none; padding-left: 0; font-size: 15px;\">\n<li>\u2705 Eg\u00e9szs\u00e9g- \u00e9s \u00e9letbiztos\u00edt\u00e1s \u2013 teljes k\u00f6r\u0171 fedezettel<br data-start=\"1208\" data-end=\"1211\" \/>\u2705 Havi telefonsz\u00e1ml\u00e1d t\u00e9r\u00edt\u00e9se a keret\u00f6sszegig*<br data-start=\"1258\" data-end=\"1261\" \/>\u2705 Teljes aut\u00f3biztos\u00edt\u00e1si k\u00f6lts\u00e9g \u00e1tv\u00e1llal\u00e1sa<\/li>\n<\/ul>\n<\/div>\n<p><!-- \ud83d\udc85 Beauty & lifestyle modul --><\/p>\n<div style=\"background-color: #ffffff; padding: 20px 25px; margin-top: 20px; border-radius: 6px; border-left: 4px solid #ff69b4;\">\n<h4>\ud83d\udc85 Beauty &amp; Lifestyle:<\/h4>\n<ul style=\"list-style: none; padding-left: 0; font-size: 15px;\">\n<li>\u2705 Heti 2 fodr\u00e1sz \u00e9s beauty szolg\u00e1ltat\u00e1s<\/li>\n<li>\u2705 Manik\u0171r &amp; pedik\u0171r heti 2 alkalommal<\/li>\n<li>\u2705 Egyedi r\u00fazs csak neked<\/li>\n<li>\u2705 2 wellness h\u00e9tv\u00e9ge 2 f\u0151 r\u00e9sz\u00e9re<\/li>\n<\/ul>\n<\/div>\n<p><!-- \ud83c\udf9f\ufe0f Esem\u00e9nyek & \u00e9lm\u00e9nycsomag --><\/p>\n<div style=\"background-color: #ffffff; padding: 20px 25px; margin-top: 20px; border-radius: 6px; border-left: 4px solid #03a9f4;\">\n<h4>\ud83c\udf9f\ufe0f Esem\u00e9nyek &amp; \u00e9lm\u00e9nyek:<\/h4>\n<ul style=\"list-style: none; padding-left: 0; font-size: 15px;\">\n<li>\u2705 VIP megh\u00edv\u00f3 a Mil\u00e1n\u00f3i Divath\u00e9tre<br data-start=\"1604\" data-end=\"1607\" \/>\u2705 Fesztiv\u00e1l bel\u00e9p\u0151 2 f\u0151 r\u00e9sz\u00e9re, el\u0151re egyeztetett esem\u00e9nyre<br data-start=\"1667\" data-end=\"1670\" \/>\u2705 R\u00e9szv\u00e9tel z\u00e1rtk\u00f6r\u0171 Elite2You rendezv\u00e9nyeken<\/li>\n<\/ul>\n<\/div>\n<p><!-- \ud83d\udd25 Erotika & kreat\u00edv modul --><\/p>\n<div style=\"background-color: #ffffff; padding: 20px 25px; margin-top: 20px; border-radius: 6px; border-left: 4px solid #e91e63;\">\n<h4>\ud83d\udd25 Erotika &amp; kreat\u00edv kurzusok:<\/h4>\n<ul style=\"list-style: none; padding-left: 0; font-size: 15px;\">\n<li>\u2705 Halad\u00f3 erotikus t\u00e1nc \u00e9s sztript\u00edz tr\u00e9ning<br data-start=\"1796\" data-end=\"1799\" \/>\u2705 Erotikus massz\u00e1zs workshop<br data-start=\"1827\" data-end=\"1830\" \/>\u2705 D\u00edjmentes, profi aktfot\u00f3z\u00e1s m\u0171teremben<\/li>\n<\/ul>\n<\/div>\n<p><!-- \ud83d\udcb3 P\u00e9nz\u00fcgyi extra juttat\u00e1s --><\/p>\n<div style=\"background-color: #ffffff; padding: 20px 25px; margin-top: 20px; border-radius: 6px; border-left: 4px solid #673ab7;\">\n<h4>\ud83d\udcb3 P\u00e9nz\u00fcgyi extra:<\/h4>\n<ul style=\"list-style: none; padding-left: 0; font-size: 15px;\">\n<li><strong>\u2705 Elite2You Hitelk\u00e1rtya<\/strong> \u2013 havi 1.000.000 Ft kerettel<\/li>\n<\/ul>\n<\/div>\n<p><!-- Magyar\u00e1z\u00f3 sz\u00f6veg narancss\u00e1rga s\u00e1vval --><\/p>\n<div style=\"background-color: #ffffff; padding: 20px 25px; margin-top: 20px; border-radius: 6px; border-left: 4px solid #ff9800;\">\n<p style=\"font-size: 13px; color: #555;\">*A jutalmak automatikusan aktiv\u00e1l\u00f3dnak, ha 6 h\u00f3napon \u00e1t teljes\u00edted a brutt\u00f3 50.000 USD\/h\u00f3 bev\u00e9telt.<\/p>\n<p style=\"font-size: 13px; color: #555;\">Nincs k\u00fcl\u00f6n jelentkez\u00e9s, nincs extra d\u00edj \u2013 a rendszer figyeli \u00e9s aktiv\u00e1lja.<\/p>\n<p style=\"font-size: 13px; color: #555;\">\u26a0\ufe0f Ezeket az aj\u00e1nd\u00e9kokat egy \u00e9ven bel\u00fcl fel kell haszn\u00e1lnod. Ha nem haszn\u00e1lod fel \u0151ket egy \u00e9ven bel\u00fcl, akkor elvesznek.<\/p>\n<p style=\"font-size: 13px; color: #555;\">\ud83e\udded A <strong>Javadalmaz\u00e1si Igazgat\u00f3<\/strong> a seg\u00edts\u00e9gedre van ebben. \u0150 az egyik legjobb bar\u00e1tod az Elite2You-n\u00e1l: \u0151 foglalja a koncertjegyeket, wellness h\u00e9tv\u00e9g\u00e9ket, figyeli a beauty szolg\u00e1ltat\u00e1sokat \u2013 \u00e9s gondoskodik r\u00f3la, hogy minden aj\u00e1nd\u00e9kot marad\u00e9ktalanul megkapj.<\/p>\n<p style=\"font-size: 13px; color: #333;\">\u23e9Ezeket a jutalmakat addig kapod, am\u00edg el nem \u00e9red a Profi szintet, ahol m\u00e1r havi 100.000 USD bev\u00e9telt kell teljes\u00edtened.<\/p>\n<p>Amint ezt a szintet el\u00e9rted, a Profi Kurzust kell elv\u00e9gezned a tov\u00e1bbi fejl\u0151d\u00e9sed \u00e9rdek\u00e9ben.<\/p><\/div>\n<\/div>\n<p>[\/vc_column_text][\/vc_column][\/vc_row][vc_row][vc_column][vc_column_text]<!-- GOMB --><\/p>\n<div style=\"text-align: center; margin-top: 30px;\"><a style=\"display: inline-block; background-color: #9c27b0; color: white; padding: 14px 32px; font-size: 16px; font-weight: 600; border-radius: 8px; text-decoration: none; box-shadow: 0 4px 12px rgba(0,0,0,0.15); transition: background-color 0.3s ease;\" href=\"https:\/\/elite2you.com\/courses\/halado-szint\/\" target=\"_blank\" rel=\"noopener\"><br \/>\nMegveszem a Halad\u00f3 Kurzust Most!<br \/>\n<\/a><\/div>\n<p>[\/vc_column_text][\/vc_column][\/vc_row]<\/p>\n<\/div>","protected":false},"excerpt":{"rendered":"<p>[vc_row][vc_column][vc_column_text] A Halad\u00f3 szint el\u00e9r\u00e9se azt jelenti, hogy t\u00f6bb\u00e9 nem vagy kezd\u0151. M\u00e1r nem csup\u00e1n tanulod a modellked\u00e9s alapjait, hanem &hellip; <a href=\"https:\/\/elite2you.com\/hu\/halado-kurzus\/\" class=\"more-link\">Continue reading <span class=\"screen-reader-text\">Halad\u00f3 kurzus<\/span><\/a><\/p>\n","protected":false},"author":5,"featured_media":0,"parent":0,"menu_order":0,"comment_status":"closed","ping_status":"closed","template":"","meta":{"_monsterinsights_skip_tracking":false,"_monsterinsights_sitenote_active":false,"_monsterinsights_sitenote_note":"","_monsterinsights_sitenote_category":0,"footnotes":""},"class_list":["post-18851","page","type-page","status-publish","hentry"],"_links":{"self":[{"href":"https:\/\/elite2you.com\/hu\/wp-json\/wp\/v2\/pages\/18851","targetHints":{"allow":["GET"]}}],"collection":[{"href":"https:\/\/elite2you.com\/hu\/wp-json\/wp\/v2\/pages"}],"about":[{"href":"https:\/\/elite2you.com\/hu\/wp-json\/wp\/v2\/types\/page"}],"author":[{"embeddable":true,"href":"https:\/\/elite2you.com\/hu\/wp-json\/wp\/v2\/users\/5"}],"replies":[{"embeddable":true,"href":"https:\/\/elite2you.com\/hu\/wp-json\/wp\/v2\/comments?post=18851"}],"version-history":[{"count":22,"href":"https:\/\/elite2you.com\/hu\/wp-json\/wp\/v2\/pages\/18851\/revisions"}],"predecessor-version":[{"id":22468,"href":"https:\/\/elite2you.com\/hu\/wp-json\/wp\/v2\/pages\/18851\/revisions\/22468"}],"wp:attachment":[{"href":"https:\/\/elite2you.com\/hu\/wp-json\/wp\/v2\/media?parent=18851"}],"curies":[{"name":"wp","href":"https:\/\/api.w.org\/{rel}","templated":true}]}}