{"id":18862,"date":"2025-06-10T07:47:56","date_gmt":"2025-06-10T07:47:56","guid":{"rendered":"https:\/\/elite2you.com\/?page_id=18862"},"modified":"2025-06-15T12:37:35","modified_gmt":"2025-06-15T12:37:35","slug":"elite-szintek","status":"publish","type":"page","link":"https:\/\/elite2you.com\/hu\/elite-szintek\/","title":{"rendered":"Elite-szintek"},"content":{"rendered":"<div class=\"wpb-content-wrapper\"><p>[vc_row][vc_column][vc_column_text]<\/p>\n<p data-start=\"60\" data-end=\"97\"><strong data-start=\"60\" data-end=\"97\">Fedezd fel az Elite Sikerl\u00e9pcs\u0151t!<\/strong><\/p>\n<p data-start=\"99\" data-end=\"504\">\u00d6r\u00f6mmel mutatjuk be az <strong data-start=\"122\" data-end=\"144\">Elite Sikerl\u00e9pcs\u0151t<\/strong>, m\u00e1s n\u00e9ven az <strong data-start=\"159\" data-end=\"186\">Eliteszintek rendszer\u00e9t<\/strong> vagy m\u00e9rf\u00f6ldk\u00f6veket \u2013 egy j\u00f3l fel\u00e9p\u00edtett, \u00e1tl\u00e1that\u00f3 fejl\u0151d\u00e9si utat, amelyet kifejezetten az Elite2You k\u00f6z\u00f6ss\u00e9g tagjai sz\u00e1m\u00e1ra hoztunk l\u00e9tre.<br data-start=\"307\" data-end=\"310\" \/>Ez a rendszer l\u00e9p\u00e9sr\u0151l l\u00e9p\u00e9sre v\u00e9gigk\u00eds\u00e9r abban, hogyan tudsz a digit\u00e1lis modellkarriered sor\u00e1n egyre magasabb szintre jutni, t\u00f6bb t\u00e1mogat\u00e1st kapni, \u00e9s egyre komolyabb lehet\u0151s\u00e9geket kihaszn\u00e1lni.<\/p>\n<p data-start=\"506\" data-end=\"883\">Az Elite Sikerl\u00e9pcs\u0151 nem csup\u00e1n egy bels\u0151 strukt\u00fara \u2013 ez a rendszer azt is megmutatja, hogyan tudsz val\u00f3ban <strong data-start=\"614\" data-end=\"659\">kit\u0171nni, fejl\u0151dni \u00e9s stabil j\u00f6v\u0151t \u00e9p\u00edteni<\/strong> az Elite k\u00f6z\u00f6ss\u00e9g tagjak\u00e9nt. Minden egyes szint \u00faj oktat\u00e1st, eszk\u00f6z\u00f6ket, szolg\u00e1ltat\u00e1sokat, \u00e9s exkluz\u00edv hozz\u00e1f\u00e9r\u00e9seket biztos\u00edt sz\u00e1modra, amelyekkel professzion\u00e1lisabb\u00e1 v\u00e1lik a munk\u00e1d, n\u00f6vekedhet a bev\u00e9teled, \u00e9s meger\u0151s\u00f6dhet a m\u00e1rk\u00e1d.<\/p>\n<p data-start=\"885\" data-end=\"1169\">Az Eliteszintek rendszere abban seg\u00edt, hogy mindig tudd, <strong data-start=\"942\" data-end=\"1019\">hol tartasz \u00e9ppen, mi v\u00e1r r\u00e1d a k\u00f6vetkez\u0151 szinten, \u00e9s hogyan juthatsz fel oda<\/strong>. Ez a l\u00e9pcs\u0151 nemcsak fejl\u0151d\u00e9si \u00fatmutat\u00f3, hanem egyben motiv\u00e1ci\u00f3 is, amely v\u00e9gigk\u00eds\u00e9r a c\u00e9ljaid megval\u00f3s\u00edt\u00e1s\u00e1ban \u2013 az els\u0151 l\u00e9p\u00e9st\u0151l eg\u00e9szen a cs\u00facsig, vagyis az Elite szintig.<\/p>\n<p>[\/vc_column_text][\/vc_column][\/vc_row][vc_row][vc_column][vc_single_image image=\"18878&#8243; img_size=\"full\" alignment=\"center\"][\/vc_column][\/vc_row][vc_row][vc_column][vc_separator][\/vc_column][\/vc_row][vc_row][vc_column width=\"1\/4&#8243;]<div class=\"price-table\"><h4>Kezd\u0151 Szint<\/h4><h3>1<\/h3><ul>\n\n<li data-start=\"147\" data-end=\"182\">Itt kezd\u0151dik az utaz\u00e1sod!<\/li>\n<li data-start=\"183\" data-end=\"338\">A Kezd\u0151 Szint az alapja a sikerednek. Itt alapvet\u0151 tud\u00e1sra \u00e9s eszk\u00f6z\u00f6kre teszel szert, elsaj\u00e1t\u00edtod a szakma alapjait, \u00e9s elkezded \u00e9p\u00edteni a saj\u00e1t m\u00e1rk\u00e1dat.<\/li>\n<li data-start=\"340\" data-end=\"393\">Bel\u00e9p\u00e9si felt\u00e9tel: a Kezd\u0151 kurzus megv\u00e1s\u00e1rl\u00e1sa.<\/li>\n<li data-start=\"396\" data-end=\"474\">2 aj\u00e1nd\u00e9kot kapsz az indul\u00e1shoz: Portf\u00f3li\u00f3fot\u00f3z\u00e1s \u00e9s kezd\u0151 vlog k\u00e9szlet.<\/li>\n<li data-start=\"481\" data-end=\"531\">A c\u00e9l: legal\u00e1bb havi 10.000 doll\u00e1r bev\u00e9tel el\u00e9r\u00e9se, mert<\/li>\n<li data-start=\"578\" data-end=\"718\">A k\u00f6vetkez\u0151 szintre l\u00e9p\u00e9shez legal\u00e1bb egy h\u00f3napban el kell \u00e9rned az 10.000 doll\u00e1ros bev\u00e9telt. Am\u00edg ezt nem teljes\u00edted, ezen a szinten maradsz.<\/li>\n<li data-start=\"675\" data-end=\"832\">Most az a feladatod, hogy el\u00e9rd ezt az \u00f6sszeget legal\u00e1bb 9 egym\u00e1st k\u00f6vet\u0151 h\u00f3napban. Ha ez siker\u00fcl, automatikusan j\u00e1rnak neked az extra aj\u00e1nd\u00e9kaink.<\/li>\n<li data-start=\"675\" data-end=\"832\">D\u00f6nthetsz \u00fagy is, hogy m\u00e1r az els\u0151 10.000 doll\u00e1ros j\u00f6vedelem el\u00e9r\u00e9se ut\u00e1n tov\u00e1bbl\u00e9psz a Halad\u00f3 szintre. Ebben az esetben lemondasz a Kezd\u0151 szinten j\u00e1r\u00f3 aj\u00e1nd\u00e9kokr\u00f3l, viszont a Halad\u00f3 szint aj\u00e1nd\u00e9kai m\u00e1r v\u00e1rnak t\u00e9ged!<\/li>\n\n\n\n<li data-start=\"839\" data-end=\"875\">K\u00e9szen \u00e1llsz a v\u00e1ltoz\u00e1sra? A 10.000 doll\u00e1ros havi bev\u00e9tel nem \u00e1lom t\u00f6bb\u00e9! \u2013 csak egy tudatos d\u00f6nt\u00e9s k\u00e9rd\u00e9se!\u00a0V\u00e1laszd a fejl\u0151d\u00e9st, v\u00e1laszd \u00f6nmagad \u2013 \u00e9s tedd meg az els\u0151 10.000 doll\u00e1rodhoz az els\u0151 l\u00e9p\u00e9st most!<\/li>\n\n<\/ul><p><a href=\"https:\/\/elite2you.com\/courses\/kezdo-kurzus\/\" class=\"btn\" target=\"_blank\">Elindulok!<\/a><\/p><\/div>[\/vc_column][vc_column width=\"1\/4&#8243;]<div class=\"price-table\"><h4>Halad\u00f3 Szint<\/h4><h3>2<\/h3><ul>\n\n<li data-start=\"181\" data-end=\"365\">Az Elite2You Akad\u00e9mi\u00e1n megtanultad az indul\u00e1shoz sz\u00fcks\u00e9ges alapokat, \u00e9s k\u00f6zben \u00e9rt\u00e9kes tapasztalatokat is szerezt\u00e9l \u2013 mostanra el\u00e9rted az els\u0151 10.000 doll\u00e1ros bev\u00e9teledet. GRATUL\u00c1LUNK!<\/li>\n<li data-start=\"367\" data-end=\"451\">Bel\u00e9p\u00e9si felt\u00e9tel: Ha legal\u00e1bb egy h\u00f3napban el\u00e9red a 10.000 doll\u00e1ros bev\u00e9telt, \u00e9s megv\u00e1s\u00e1rolod a Halad\u00f3 kurzust, akkor bel\u00e9psz erre a szintre.<\/li>\n<li data-start=\"526\" data-end=\"576\">A c\u00e9l: Megtartani \u00e9s tov\u00e1bb emelni a bev\u00e9teleidet<\/li>\n<li data-start=\"578\" data-end=\"718\">A k\u00f6vetkez\u0151 szintre l\u00e9p\u00e9shez legal\u00e1bb egy h\u00f3napban el kell \u00e9rned az 50.000 doll\u00e1ros bev\u00e9telt. Am\u00edg ezt nem teljes\u00edted, ezen a szinten maradsz.<\/li>\n<li data-start=\"720\" data-end=\"877\">Most az a feladatod, hogy el\u00e9rd ezt az \u00f6sszeget legal\u00e1bb 6 egym\u00e1st k\u00f6vet\u0151 h\u00f3napban. Ha ez siker\u00fcl, automatikusan j\u00e1rnak neked az extra aj\u00e1nd\u00e9kaink.<\/li>\n<li data-start=\"675\" data-end=\"832\">D\u00f6nthetsz \u00fagy is, hogy m\u00e1r az els\u0151 50.000 doll\u00e1ros j\u00f6vedelem el\u00e9r\u00e9se ut\u00e1n tov\u00e1bbl\u00e9psz a Profi szintre. Ebben az esetben lemondasz a Halad\u00f3 szinten j\u00e1r\u00f3 aj\u00e1nd\u00e9kokr\u00f3l, viszont a Profi szint aj\u00e1nd\u00e9kai m\u00e1r v\u00e1rnak t\u00e9ged!<\/li>\n<li data-start=\"839\" data-end=\"875\">K\u00e9szen \u00e1llsz a v\u00e1ltoz\u00e1sra? Az 50.000 doll\u00e1ros havi bev\u00e9tel nem \u00e1lom t\u00f6bb\u00e9! \u2013 csak egy tudatos d\u00f6nt\u00e9s k\u00e9rd\u00e9se! V\u00e1laszd a fejl\u0151d\u00e9st, v\u00e1laszd \u00f6nmagad \u2013 \u00e9s tedd meg az els\u0151 50.000 doll\u00e1rodhoz az els\u0151 l\u00e9p\u00e9st most!<\/li>\n\n<\/ul><p><a href=\"https:\/\/elite2you.com\/courses\/halado-szint\/\" class=\"btn\" target=\"_blank\">Megveszem!<\/a><\/p><\/div>[\/vc_column][vc_column width=\"1\/4&#8243;]<div class=\"price-table\"><h4>Profi Szint<\/h4><h3>3<\/h3><ul>\n\n<li data-start=\"181\" data-end=\"365\">Az Elite2You Akad\u00e9mi\u00e1n megtanultad a sz\u00fcks\u00e9ges tananyagokat, \u00e9s k\u00f6zben \u00e9rt\u00e9kes tapasztalatokat is szerezt\u00e9l \u2013 mostanra el\u00e9rted az els\u0151 50.000 doll\u00e1ros bev\u00e9teledet. GRATUL\u00c1LUNK! Ez t\u00e9nyleg sz\u00e9p eredm\u00e9ny!<\/li>\n<li data-start=\"393\" data-end=\"482\">Bel\u00e9p\u00e9si felt\u00e9tel: Ha legal\u00e1bb egy h\u00f3napban el\u00e9red az 50.000 doll\u00e1ros bev\u00e9telt, \u00e9s megv\u00e1s\u00e1rolod a Profi kurzust, akkor bel\u00e9psz erre a szintre.<\/li>\n<li data-start=\"526\" data-end=\"576\">A c\u00e9l: Megtartani \u00e9s tov\u00e1bb emelni a bev\u00e9teleidet<\/li>\n<li data-start=\"578\" data-end=\"718\">A k\u00f6vetkez\u0151 szintre l\u00e9p\u00e9shez legal\u00e1bb egy h\u00f3napban el kell \u00e9rned az 100.000 doll\u00e1ros bev\u00e9telt. Am\u00edg ezt nem teljes\u00edted, ezen a szinten maradsz.<\/li>\n<li data-start=\"720\" data-end=\"877\">Most az a feladatod, hogy el\u00e9rd ezt az \u00f6sszeget legal\u00e1bb 3 egym\u00e1st k\u00f6vet\u0151 h\u00f3napban. Ha ez siker\u00fcl, automatikusan j\u00e1rnak neked az extra aj\u00e1nd\u00e9kaink.<\/li>\n<li data-start=\"675\" data-end=\"832\">D\u00f6nthetsz \u00fagy is, hogy m\u00e1r az els\u0151 100.000 doll\u00e1ros j\u00f6vedelem el\u00e9r\u00e9se ut\u00e1n tov\u00e1bbl\u00e9psz az Elite szintre. Ebben az esetben lemondasz a Profi szinten j\u00e1r\u00f3 aj\u00e1nd\u00e9kokr\u00f3l, viszont az Elite szint aj\u00e1nd\u00e9kai m\u00e1r v\u00e1rnak t\u00e9ged!<\/li>\n<li data-start=\"839\" data-end=\"875\">K\u00e9szen \u00e1llsz a v\u00e1ltoz\u00e1sra? A 100.000 doll\u00e1ros havi bev\u00e9tel nem \u00e1lom t\u00f6bb\u00e9! \u2013 csak egy tudatos d\u00f6nt\u00e9s k\u00e9rd\u00e9se! V\u00e1laszd a fejl\u0151d\u00e9st, v\u00e1laszd \u00f6nmagad \u2013 \u00e9s tedd meg az els\u0151 100.000 doll\u00e1rodhoz az els\u0151 l\u00e9p\u00e9st most!<\/li>\n\n<\/ul><p><a href=\"https:\/\/elite2you.com\/courses\/profi-szint\/\" class=\"btn\" target=\"_blank\">Megveszem!<\/a><\/p><\/div>[\/vc_column][vc_column width=\"1\/4&#8243;]<div class=\"price-table\"><h4>Elite Szint<\/h4><h3>4<\/h3><ul>\n\n<li>Az Elite2You Akad\u00e9mia Elite tagja lett\u00e9l! Megtapasztaltad, mit jelent igazi profik\u00e9nt dolgozni. Mindent megtanult\u00e1l a modellszakm\u00e1r\u00f3l \u2013neked m\u00e1r nem lehet \u00fajat mutatni. Mostanra el\u00e9rted az els\u0151 250.000 doll\u00e1ros havi bev\u00e9teledet. GRATUL\u00c1LUNK a kiv\u00e9teles teljes\u00edtm\u00e9nyhez!<\/li>\n<li>Bel\u00e9p\u00e9si felt\u00e9tel: Legal\u00e1bb egy h\u00f3napban el kell \u00e9rned 250.000 doll\u00e1ros bev\u00e9telt, hogy bel\u00e9pj erre a szintre.<\/li>\n<li>A c\u00e9l: Megtartani, \u00e9s tov\u00e1bb n\u00f6velni a bev\u00e9teleidet<\/li>\n<li data-start=\"720\" data-end=\"877\">Most az a feladatod, hogy el\u00e9rd ezt az \u00f6sszeget legal\u00e1bb 3 egym\u00e1st k\u00f6vet\u0151 h\u00f3napban. Ha ez siker\u00fcl, automatikusan j\u00e1rnak neked az extra aj\u00e1nd\u00e9kaink.<\/li>\n<li>Ezen a szinten m\u00e1r nemcsak bev\u00e9tel alapj\u00e1n m\u00e9r\u00fcnk \u2013 a hat\u00e1sod, a p\u00e9ld\u00e1d \u00e9s a megjelen\u00e9sed is \u00e9rt\u00e9k. Az Elite szint modelljeit k\u00fcl\u00f6n is bemutatjuk, mint p\u00e9ldak\u00e9peket, inspir\u00e1l\u00f3 t\u00f6rt\u00e9neteket \u00e9s mentork\u00e9nt m\u0171k\u00f6d\u0151 szakmai p\u00e9ldak\u00e9peket. P\u00e9ldak\u00e9nt jelen\u00edtj\u00fck meg \u0151ket a weboldalunkon, \u00e9s a k\u00f6z\u00f6ss\u00e9gi m\u00e9dia oldalainkon. Online \u00e9s Offiline hirdet\u00e9sinkben, magazinjaink c\u00edmoldal\u00e1n, \u00e9s a rekl\u00e1mainkban. A legkiemelked\u0151bb tagjaink automatikusan felk\u00e9r\u00e9st kaphatnak nemzetk\u00f6zi egy\u00fcttm\u0171k\u00f6d\u00e9sekre, kamp\u00e1ny szerepekre \u00e9s m\u00e1rkanagyk\u00f6veti poz\u00edci\u00f3kra.<\/li>\n\n<\/ul><p><a href=\"https:\/\/elite2you.com\/elite-szint\/\" class=\"btn\" target=\"_blank\">Ez Elite.<\/a><\/p><\/div>[\/vc_column][\/vc_row][vc_row][vc_column][vc_raw_html]JTNDJTIxLS0lMjBHT01CJTIwU1QlQzMlOERMVVMlMjAlMkIlMjBIVE1MJTIwLS0lM0UlMEElM0NkaXYlMjBzdHlsZSUzRCUyMnRleHQtYWxpZ24lM0ElMjBjZW50ZXIlM0IlMjBtYXJnaW4tdG9wJTNBJTIwMzBweCUzQiUyMiUzRSUwQSUyMCUyMCUzQ3N0eWxlJTNFJTBBJTIwJTIwJTIwJTIwLmN0YS1idXR0b24lMjAlN0IlMEElMjAlMjAlMjAlMjAlMjAlMjBkaXNwbGF5JTNBJTIwaW5saW5lLWZsZXglM0IlMEElMjAlMjAlMjAlMjAlMjAlMjBhbGlnbi1pdGVtcyUzQSUyMGNlbnRlciUzQiUwQSUyMCUyMCUyMCUyMCUyMCUyMGp1c3RpZnktY29udGVudCUzQSUyMGNlbnRlciUzQiUwQSUyMCUyMCUyMCUyMCUyMCUyMGJhY2tncm91bmQtY29sb3IlM0ElMjAlMjM5YzI3YjAlM0IlMEElMjAlMjAlMjAlMjAlMjAlMjBjb2xvciUzQSUyMHdoaXRlJTNCJTBBJTIwJTIwJTIwJTIwJTIwJTIwcGFkZGluZyUzQSUyMDIwcHglMjA0MHB4JTNCJTBBJTIwJTIwJTIwJTIwJTIwJTIwZm9udC1zaXplJTNBJTIwMS41cmVtJTNCJTIwJTJGJTJBJTIwa2IuJTIwaDIlMjBtJUMzJUE5cmV0JTIwJTJBJTJGJTBBJTIwJTIwJTIwJTIwJTIwJTIwZm9udC13ZWlnaHQlM0ElMjA3MDAlM0IlMEElMjAlMjAlMjAlMjAlMjAlMjBib3JkZXItcmFkaXVzJTNBJTIwMTBweCUzQiUwQSUyMCUyMCUyMCUyMCUyMCUyMHRleHQtZGVjb3JhdGlvbiUzQSUyMG5vbmUlM0IlMEElMjAlMjAlMjAlMjAlMjAlMjBib3gtc2hhZG93JTNBJTIwMCUyMDRweCUyMDEycHglMjByZ2JhJTI4MCUyQyUyMDAlMkMlMjAwJTJDJTIwMC4xNSUyOSUzQiUwQSUyMCUyMCUyMCUyMCUyMCUyMHRyYW5zaXRpb24lM0ElMjBiYWNrZ3JvdW5kLWNvbG9yJTIwMC4zcyUyMGVhc2UlM0IlMEElMjAlMjAlMjAlMjAlMjAlMjBjdXJzb3IlM0ElMjBwb2ludGVyJTNCJTBBJTIwJTIwJTIwJTIwJTIwJTIwbWluLWhlaWdodCUzQSUyMDYwcHglM0IlMEElMjAlMjAlMjAlMjAlMjAlMjBsaW5lLWhlaWdodCUzQSUyMDEuMiUzQiUwQSUyMCUyMCUyMCUyMCU3RCUwQSUwQSUyMCUyMCUyMCUyMC5jdGEtYnV0dG9uJTNBaG92ZXIlMjAlN0IlMEElMjAlMjAlMjAlMjAlMjAlMjBiYWNrZ3JvdW5kLWNvbG9yJTNBJTIwJTIzN2IxZmEyJTNCJTBBJTIwJTIwJTIwJTIwJTdEJTBBJTIwJTIwJTNDJTJGc3R5bGUlM0UlMEElMEElMjAlMjAlM0NhJTIwY2xhc3MlM0QlMjJjdGEtYnV0dG9uJTIyJTIwaHJlZiUzRCUyMmh0dHBzJTNBJTJGJTJGZWxpdGUyeW91LmNvbSUyRm1vZGVsbGthcnJpZXItdXRtdXRhdG8lMkYlMjIlMjB0YXJnZXQlM0QlMjJfYmxhbmslMjIlMjByZWwlM0QlMjJub29wZW5lciUyMiUzRSUwQSUyMCUyMCUyMCUyME4lQzMlQTl6ZCUyMG1lZyUyMGElMjBNb2RlbGxrYXJyaWVyJTIwJUMzJTlBdG11dGF0JUMzJUIzdCUyMGl0dCUwQSUyMCUyMCUzQyUyRmElM0UlMEElM0MlMkZkaXYlM0UlMEE=[\/vc_raw_html][\/vc_column][\/vc_row][vc_row][vc_column][vc_empty_space height=\"80px\"][vc_column_text]<\/p>\n<h2 style=\"text-align: center;\">A szintekhez tartoz\u00f3 aj\u00e1nd\u00e9kok<\/h2>\n<p>[\/vc_column_text][\/vc_column][\/vc_row][vc_row][vc_column width=\"1\/4&#8243;]<div class=\"price-table\"><h4>Kezd\u0151 Szint<\/h4><h3>1<\/h3><ul>\n\n<li>1 Ingyenes portf\u00f3li\u00f3fot\u00f3z\u00e1s neked<\/li>\n<li>1 Vlog kezd\u0151csomag<\/li>\n<li>D\u00edjmentesen v\u00e1logathatsz a webshoppunkb\u00f3l*<\/li>\n<li>C\u00e9galap\u00edt\u00e1s neked<\/li>\n<li>D\u00edjmenetes Sz\u00e9khelyszolg\u00e1ltat\u00e1s<\/li>\n<li>Banksz\u00e1mla menedzsment<\/li>\n<li>K\u00f6nyvel\u00e9s a c\u00e9gednek<\/li>\n<li>Ad\u00f3optimaliz\u00e1l\u00e1s neked \u00e9s a c\u00e9gednek<\/li>\n<li>Eg\u00e9szs\u00e9g &amp; \u00c9letbiztos\u00edt\u00e1s neked<\/li>\n<li>Fodr\u00e1sz \u00e9s Beauty hetente egyszer<\/li>\n<li>Egyedi R\u00fazs csak neked<\/li>\n<li>Manik\u0171r &amp; pedik\u0171r heti egyszer<\/li>\n<li>Bej\u00e1r\u00f3n\u0151 hetente egyszer<\/li>\n<li>Megh\u00edv\u00f3 a Mil\u00e1n\u00f3i divath\u00e9tre<\/li>\n<li>Fesztiv\u00e1l jegy k\u00e9t szem\u00e9ly r\u00e9sz\u00e9re<\/li>\n<li>1 Wellness h\u00e9tv\u00e9ge 2 szem\u00e9ly r\u00e9sz\u00e9re<\/li>\n<li>D\u00edjmentes Erotikus t\u00e1nc kurzus<\/li>\n<li>D\u00edjmentes Erotikus Massz\u00e1zs kurzus<\/li>\n<li>1 D\u00edjmentes Aktfot\u00f3z\u00e1s<\/li>\n<li>Telefonsz\u00e1ml\u00e1dat mi fizetj\u00fck havonta*<\/li>\n<li>Az aut\u00f3biztos\u00edt\u00e1sodat mi fizetj\u00fck<\/li>\n<li>Elite2You Hitelk\u00e1rty\u00e1t adunk havi $250.- doll\u00e1r k\u00f6lt\u00e9si limittel<\/li>\n\n<\/ul><\/div>[\/vc_column][vc_column width=\"1\/4&#8243;]<div class=\"price-table\"><h4>Halad\u00f3 Szint<\/h4><h3>2<\/h3><ul>\n\n<li>1 Ingyenes portf\u00f3li\u00f3fot\u00f3z\u00e1s neked<\/li>\n<li>1 Vlog kezd\u0151csomag<\/li>\n<li>D\u00edjmentesen v\u00e1logathatsz a webshoppunkb\u00f3l*<\/li>\n<li>C\u00e9gmenedzsment neked<\/li>\n<li>D\u00edjmenetes Sz\u00e9khelyszolg\u00e1ltat\u00e1s<\/li>\n<li>Banksz\u00e1mla menedzsment<\/li>\n<li>K\u00f6nyvel\u00e9s a c\u00e9gednek<\/li>\n<li>Ad\u00f3optimaliz\u00e1l\u00e1s neked \u00e9s a c\u00e9gednek<\/li>\n<li>Eg\u00e9szs\u00e9g &amp; \u00c9letbiztos\u00edt\u00e1s neked<\/li>\n<li>Fodr\u00e1sz \u00e9s Beauty 2x \/ H\u00e9t<\/li>\n<li>Egyedi R\u00fazs csak neked<\/li>\n<li>Manik\u0171r &amp; pedik\u0171r heti egyszer<\/li>\n<li>Bej\u00e1r\u00f3n\u0151 2x \/ H\u00e9t<\/li>\n<li>Megh\u00edv\u00f3 a P\u00e1rizsi divath\u00e9tre<\/li>\n<li>Fesztiv\u00e1l jegy k\u00e9t szem\u00e9ly r\u00e9sz\u00e9re \/ 2x<\/li>\n<li>2 Wellness h\u00e9tv\u00e9ge 2 szem\u00e9ly r\u00e9sz\u00e9re<\/li>\n<li>D\u00edjmentes Kommunik\u00e1ci\u00f3 &amp; PR kurzus<\/li>\n<li>1 \u00c1ltalad Kiv\u00e1lasztott Nyelvtanfolyam<\/li>\n<li>1 D\u00edjmentes Aktfot\u00f3z\u00e1s<\/li>\n<li>Teljes telefonsz\u00e1ml\u00e1dat mi fizetj\u00fck havonta*<\/li>\n<li>Az aut\u00f3biztos\u00edt\u00e1sodat mi fizetj\u00fck<\/li>\n<li>1 C\u00e9ges Aut\u00f3 neked<\/li>\n<li>A leg\u00fajabb mobiltelefon \u00e9vente<\/li>\n<li>1 Haj\u00f3\u00fat 2 szem\u00e9ly r\u00e9sz\u00e9re \/ \u00e9v<\/li>\n<li>1 x 2 h\u00e9t nyaral\u00e1s 2 szem\u00e9ly r\u00e9sz\u00e9re \/ \u00e9v<\/li>\n<li>Elite2You Hitelk\u00e1rty\u00e1t adunk havi $2.500.- doll\u00e1r k\u00f6lt\u00e9si limittel<\/li>\n\n\n\n\n<\/ul><\/div>[\/vc_column][vc_column width=\"1\/4&#8243;]<div class=\"price-table\"><h4>Profi Szint<\/h4><h3>3<\/h3><ul>\n\n<li>1 Ingyenes portf\u00f3li\u00f3fot\u00f3z\u00e1s neked<\/li>\n<li>1 Vlog kezd\u0151csomag<\/li>\n<li>D\u00edjmentesen v\u00e1logathatsz a webshoppunkb\u00f3l*<\/li>\n<li>C\u00e9gmenedzsment neked<\/li>\n<li>D\u00edjmenetes Sz\u00e9khelyszolg\u00e1ltat\u00e1s<\/li>\n<li>Banksz\u00e1mla menedzsment<\/li>\n<li>K\u00f6nyvel\u00e9s a c\u00e9gednek<\/li>\n<li>Ad\u00f3optimaliz\u00e1l\u00e1s neked \u00e9s a c\u00e9gednek<\/li>\n<li>Eg\u00e9szs\u00e9g &amp; \u00c9letbiztos\u00edt\u00e1s neked<\/li>\n<li>Fodr\u00e1sz \u00e9s Beauty 3x \/ H\u00e9t<\/li>\n<li>Egyedi R\u00fazs csak neked<\/li>\n<li>Manik\u0171r &amp; Pedik\u0171r heti egyszer<\/li>\n<li>Bej\u00e1r\u00f3n\u0151 minden nap<\/li>\n<li>Megh\u00edv\u00f3 a New York-i divath\u00e9tre<\/li>\n<li>Fesztiv\u00e1l jegy k\u00e9t szem\u00e9ly r\u00e9sz\u00e9re \/ 3x<\/li>\n<li>3 Wellness h\u00e9tv\u00e9ge 2 szem\u00e9ly r\u00e9sz\u00e9re<\/li>\n<li>Speci\u00e1lis Modeltr\u00e9ning<\/li>\n<li>1 \u00c1ltalad Kiv\u00e1lasztott Nyelvtanfolyam<\/li>\n<li>1 D\u00edjmentes Aktfot\u00f3z\u00e1s<\/li>\n<li>Teljes telefonsz\u00e1ml\u00e1dat mi fizetj\u00fck havonta*<\/li>\n<li>Az aut\u00f3biztos\u00edt\u00e1sodat mi fizetj\u00fck<\/li>\n<li>2 C\u00e9ges Aut\u00f3 neked<\/li>\n<li>A leg\u00fajabb mobiltelefon \u00e9vente<\/li>\n<li>2 Haj\u00f3\u00fat 2 szem\u00e9ly r\u00e9sz\u00e9re \/ \u00e9v<\/li>\n<li>2x 2 h\u00e9t nyaral\u00e1s 2 szem\u00e9ly r\u00e9sz\u00e9re \/ \u00e9v<\/li>\n<li>\n\nDiverzifik\u00e1lt J\u00f6vedelemforr\u00e1s ki\u00e9p\u00edt\u00e9se\u00a0 (3 k\u00fcl\u00f6nb\u00f6z\u0151 passz\u00edv j\u00f6vedelemforr\u00e1st \u00e9p\u00edt\u00fcnk ki \u00e9s menedzsel\u00fcnk neked, hogy m\u00e1s forr\u00e1sokb\u00f3l is legyen j\u00f6vedelmed)\n\n<\/li>\n<li>Elite2You Hitelk\u00e1rty\u00e1t adunk ak\u00e1r havi $25.000.- doll\u00e1r k\u00f6lt\u00e9si limittel<\/li>\n\n\n\n\n<\/ul><\/div>[\/vc_column][vc_column width=\"1\/4&#8243;]<div class=\"price-table\"><h4>Elite Szint<\/h4><h3>4<\/h3><ul>Az Elite szinten m\u00e1r nem dolgozol \u2013 itt m\u00e1r \u00e9lsz. \u00dagy, ahogy kevesen \u00e9lhetnek.\u00a0 Ez a jutalom annak, aki v\u00e9gigj\u00e1rta az utat, \u00e9s most m\u00e1r nem csak a sz\u00ednfalak m\u00f6g\u00fcl figyeli a vil\u00e1got \u2013 hanem \u0151 maga lett a sz\u00ednpad k\u00f6z\u00e9ppontja. Saj\u00e1t, 10 f\u0151s menedzseri csapatod kiz\u00e1r\u00f3lag \u00e9rted dolgozik. Egyetlen c\u00e9l vez\u00e9rli \u0151ket: hogy te mindig t\u00f6k\u00e9letes l\u00e9gy \u2013 k\u00edv\u00fcl-bel\u00fcl. Szem\u00e9lyi asszisztens, stylist, sminkes, fodr\u00e1sz, szem\u00e9lyi edz\u0151, jogi \u00e9s \u00fczleti koordin\u00e1tor, PR-szakember, luxusfot\u00f3s, kreat\u00edv igazgat\u00f3, szem\u00e9lyes sof\u0151r \u00e9s k\u00e9t test\u0151r \u2013 mind a te sikered\u00e9rt, f\u0151\u00e1ll\u00e1sban, csak neked. \u00c9s igen, a gar\u00e1zsban ott \u00e1ll a Bentley \u2013 de mellette pihen egy Ferrari SF90 Stradale, egy Lamborghini Urus, egy Maserati GranTurismo, \u00e9s egy gy\u00e9m\u00e1ntf\u00e9ny\u0171 Rolls-Royce Cullinan is. Mi\u00e9rt? Mert megteheted. De, ezekhez csak ritk\u00e1n ny\u00falsz, mert a mag\u00e1ng\u00e9ped gyakrabban emel a felh\u0151k f\u00f6l\u00e9, mint ah\u00e1nyszor r\u00e1l\u00e9psz az utca k\u00f6v\u00e9re. H\u00e1zaid vannak a vil\u00e1g legk\u00edv\u00e1natosabb pontjain: Egy penthouse lak\u00e1s a dubaji Palm-on, egy loft New Yorkban, egy toszk\u00e1n villa borospinc\u00e9vel, \u00e9s egy francia rivi\u00e9ra-i nyaral\u00f3 tengerparti kil\u00e1t\u00e1ssal. Van, ahol pihensz. Van, ahol vend\u00e9geket fogadsz. \u00c9s van, ahol csak r\u00f3lad sz\u00f3l minden. A napjaidat luxusm\u00e1rk\u00e1k t\u00f6ltik ki: Chanel, Dior, Herm\u00e8s, Cartier, Balmain, Fendi. A ruh\u00e1id egyedi tervez\u00e9s\u0171 Haute Couture darabok. A gardr\u00f3bod tele van Birkin- \u00e9s Kelly-t\u00e1sk\u00e1kkal, a cip\u0151id Louboutin, a parf\u00fcm\u00f6d egyedileg kompon\u00e1lt illat, amit csak te viselsz. A nyakl\u00e1ncod val\u00f3di platina, a f\u00fclbeval\u00f3d gy\u00e9m\u00e1nt \u2013 \u00e9s nem k\u00f6lcs\u00f6n. Aj\u00e1nd\u00e9k egy exkluz\u00edv z\u00e1rt partnerg\u00e1l\u00e1r\u00f3l, ahol te volt\u00e1l a d\u00edszvend\u00e9g. Henry Cavill, Timoth\u00e9e Chalamet \u00e9s Chris Hemsworth is felfigyeltek r\u00e1d. Nem v\u00e9letlen\u00fcl. Nem v\u00e1rsz megh\u00edv\u00f3t \u2013 te vagy az esem\u00e9ny. A jelenl\u00e9ted nemcsak sz\u00e9p \u2013 hanem ikonikus. Nem kell besz\u00e9lned \u2013 az energi\u00e1d \u00e9s a kisug\u00e1rz\u00e1sod besz\u00e9l helyetted. A vil\u00e1g eln\u00e9mul, amikor bel\u00e9psz egy terembe. Te m\u00e1r nem \u00e1lmodsz a luxusr\u00f3l \u2013 te vagy a luxus. A branded nem csillog \u2013 ragyog. Nem k\u00e9rsz figyelmet \u2013 a vil\u00e1g versenyez \u00e9rte. Ez a szint nem k\u00e9rd\u00e9s. Ez elismer\u00e9s. A munk\u00e1d\u00e9rt. A kitart\u00e1sod\u00e9rt. A m\u00e9lt\u00f3s\u00e1god\u00e9rt. \u00c9s a sz\u00e9ps\u00e9ged\u00e9rt \u2013 amit soha nem adtak, hanem fel\u00e9p\u00edtett\u00e9l.<\/ul><p><a href=\"https:\/\/elite2you.com\/elite-szint\/\" class=\"btn\" target=\"_blank\">Ez Elite.<\/a><\/p><\/div>[\/vc_column][\/vc_row][vc_row][vc_column][vc_column_text]<\/p>\n<p data-start=\"413\" data-end=\"612\"><strong>A szintl\u00e9p\u00e9s \u00e9vente elv\u00e1rt.<\/strong><br data-start=\"440\" data-end=\"443\" \/>Ez azt jelenti, hogy ha ma elindulsz, <strong data-start=\"481\" data-end=\"527\">n\u00e9gy \u00e9ven bel\u00fcl el\u00e9rheted az Elite szintet<\/strong> \u2013 ha kitart\u00f3 vagy, \u00e9s k\u00f6veted az oktat\u00f3id, mentoraid \u00e9s az \u00fcgyn\u00f6ks\u00e9g ir\u00e1nymutat\u00e1s\u00e1t.<\/p>\n<p data-start=\"614\" data-end=\"866\">Ha f\u00e9lsz, vagy elbizonytalanodsz, <strong data-start=\"648\" data-end=\"682\">szem\u00e9lyis\u00e9gfejleszt\u0151 mentorunk<\/strong> seg\u00edt megtal\u00e1lni a bels\u0151 egyens\u00falyod.<br data-start=\"720\" data-end=\"723\" \/>Ha erk\u00f6lcsi vagy vall\u00e1si k\u00e9rd\u00e9s mer\u00fcl fel, <strong data-start=\"766\" data-end=\"795\">nyitottan \u00e9s tisztelettel<\/strong> keress\u00fck meg azt a megold\u00e1st, ami \u00f6sszhangban van a te \u00e9rt\u00e9krendeddel.<\/p>\n<p data-start=\"868\" data-end=\"944\">De nem csak a mentorod van melletted. <strong data-start=\"906\" data-end=\"944\">Egy eg\u00e9sz k\u00f6z\u00f6ss\u00e9g dolgozik \u00e9rted.<\/strong><\/p>\n<p data-start=\"946\" data-end=\"1137\">Az Elite2You nem csup\u00e1n egy \u00fcgyn\u00f6ks\u00e9g \u2013 ez egy \u00e9l\u0151, gondoskod\u00f3 h\u00e1tt\u00e9rrendszer, ahol <strong data-start=\"1032\" data-end=\"1137\">minden szerepl\u0151 egyetlen c\u00e9lt szolg\u00e1l:<br data-start=\"1072\" data-end=\"1075\" \/>hogy te, mint modell, min\u00e9l hamarabb el\u00e9rd az Elite szintet.<\/strong><\/p>\n<p data-start=\"1139\" data-end=\"1306\">T\u00f6bb mint <strong data-start=\"1149\" data-end=\"1164\">30 igazgat\u00f3<\/strong>, k\u00f6zt\u00fck szakmai, ter\u00fcleti \u00e9s strat\u00e9giai vezet\u0151k dolgoznak nap mint nap azon, hogy minden helyzetre legyen v\u00e1laszod, t\u00e1mogat\u00e1sod \u00e9s ir\u00e1nyod.<\/p>\n<p data-start=\"1308\" data-end=\"1456\">Mellett\u00fck <strong data-start=\"1318\" data-end=\"1353\">oktat\u00f3k, mentorok \u00e9s fejleszt\u0151k<\/strong> k\u00eds\u00e9rnek v\u00e9gig az utadon \u2013 seg\u00edtik a fejl\u0151d\u00e9sed, az \u00f6nbizalmad er\u0151s\u00edt\u00e9s\u00e9t \u00e9s a tudatos m\u00e1rka\u00e9p\u00edt\u00e9st.<\/p>\n<p data-start=\"1458\" data-end=\"1638\">A h\u00e1tt\u00e9rben <strong data-start=\"1470\" data-end=\"1542\">f\u00e9nyk\u00e9p\u00e9szek, vide\u00f3sok, k\u00f6z\u00f6ss\u00e9gi m\u00e9dia menedzserek \u00e9s asszisztensek <\/strong>gondoskodnak arr\u00f3l, hogy a megjelen\u00e9sed k\u00f6vetkezetes, trendform\u00e1l\u00f3 \u00e9s professzion\u00e1lis legyen.<\/p>\n<p data-start=\"1640\" data-end=\"1832\">\u00c9s ott vannak <strong data-start=\"1654\" data-end=\"1676\">a csendes h\u0151s\u00f6k is<\/strong> \u2013 a rendszergazd\u00e1k, szervez\u0151k, koordin\u00e1torok, \u00e9s igen, m\u00e9g a takar\u00edt\u00f3k is \u2013akik mind azon dolgoznak, hogy te minden nap a legjobbat hozhasd ki magadb\u00f3l.<\/p>\n<p data-start=\"1834\" data-end=\"1953\">Amint bel\u00e9psz az Elite2You Akad\u00e9mia kapuj\u00e1n, a c\u00e9lunk k\u00f6z\u00f6s: <strong data-start=\"1897\" data-end=\"1953\">min\u00e9l t\u00f6bb p\u00e9nzt, \u00f6n\u00e1ll\u00f3s\u00e1got \u00e9s elismer\u00e9st szerezz.<\/strong><\/p>\n<p data-start=\"1955\" data-end=\"2013\">Mert ez m\u00e1r nemcsak a te \u00e1lmod. <strong data-start=\"1987\" data-end=\"2013\">Ez m\u00e1r a mi \u00e1lmunk is.<\/strong><\/p>\n<p data-start=\"2015\" data-end=\"2128\">Gyere, \u00e9s \u00e9p\u00edts\u00fck fel egy\u00fctt a j\u00f6v\u0151d.<\/p>\n<p data-start=\"2135\" data-end=\"2198\">\u00dcdv\u00f6zlettel,<br data-start=\"2151\" data-end=\"2154\" \/><strong data-start=\"2154\" data-end=\"2183\">Elite2You Modell\u00fcgyn\u00f6ks\u00e9g<\/strong><br data-start=\"2183\" data-end=\"2186\" \/><strong>Management<\/strong><\/p>\n<p>[\/vc_column_text][\/vc_column][\/vc_row]<\/p>\n<\/div>","protected":false},"excerpt":{"rendered":"<p>[vc_row][vc_column][vc_column_text] Fedezd fel az Elite Sikerl\u00e9pcs\u0151t! \u00d6r\u00f6mmel mutatjuk be az Elite Sikerl\u00e9pcs\u0151t, m\u00e1s n\u00e9ven az Eliteszintek rendszer\u00e9t vagy m\u00e9rf\u00f6ldk\u00f6veket \u2013 &hellip; <a href=\"https:\/\/elite2you.com\/hu\/elite-szintek\/\" class=\"more-link\">Continue reading <span class=\"screen-reader-text\">Elite-szintek<\/span><\/a><\/p>\n","protected":false},"author":5,"featured_media":0,"parent":0,"menu_order":0,"comment_status":"closed","ping_status":"closed","template":"","meta":{"_monsterinsights_skip_tracking":false,"_monsterinsights_sitenote_active":false,"_monsterinsights_sitenote_note":"","_monsterinsights_sitenote_category":0,"footnotes":""},"class_list":["post-18862","page","type-page","status-publish","hentry"],"_links":{"self":[{"href":"https:\/\/elite2you.com\/hu\/wp-json\/wp\/v2\/pages\/18862","targetHints":{"allow":["GET"]}}],"collection":[{"href":"https:\/\/elite2you.com\/hu\/wp-json\/wp\/v2\/pages"}],"about":[{"href":"https:\/\/elite2you.com\/hu\/wp-json\/wp\/v2\/types\/page"}],"author":[{"embeddable":true,"href":"https:\/\/elite2you.com\/hu\/wp-json\/wp\/v2\/users\/5"}],"replies":[{"embeddable":true,"href":"https:\/\/elite2you.com\/hu\/wp-json\/wp\/v2\/comments?post=18862"}],"version-history":[{"count":143,"href":"https:\/\/elite2you.com\/hu\/wp-json\/wp\/v2\/pages\/18862\/revisions"}],"predecessor-version":[{"id":19319,"href":"https:\/\/elite2you.com\/hu\/wp-json\/wp\/v2\/pages\/18862\/revisions\/19319"}],"wp:attachment":[{"href":"https:\/\/elite2you.com\/hu\/wp-json\/wp\/v2\/media?parent=18862"}],"curies":[{"name":"wp","href":"https:\/\/api.w.org\/{rel}","templated":true}]}}