{"id":18949,"date":"2025-06-10T15:17:14","date_gmt":"2025-06-10T15:17:14","guid":{"rendered":"https:\/\/elite2you.com\/?page_id=18949"},"modified":"2025-08-23T20:49:24","modified_gmt":"2025-08-23T20:49:24","slug":"elite-szint","status":"publish","type":"page","link":"https:\/\/elite2you.com\/hu\/elite-szint\/","title":{"rendered":"Elite Szint"},"content":{"rendered":"<div class=\"wpb-content-wrapper\"><p>[vc_row][vc_column][vc_cta h2=\"\ud83c\udf89 Gratul\u00e1lunk! Meg\u00e9rkezt\u00e9l az elitbe.\" txt_align=\"center\"]<\/p>\n<p data-start=\"261\" data-end=\"506\">Amit sokan \u00e1lmodnak, azt <strong data-start=\"286\" data-end=\"304\">te m\u00e1r el\u00e9rted<\/strong>: stabil, \u00f6n\u00e1ll\u00f3, \u00e9s kiemelked\u0151en j\u00f6vedelmez\u0151 digit\u00e1lis modellkarriert \u00e9p\u00edtett\u00e9l fel, <strong data-start=\"390\" data-end=\"419\">m\u00e1r nem csup\u00e1n modellk\u00e9nt<\/strong>, hanem <strong data-start=\"427\" data-end=\"450\">digit\u00e1lis m\u00e1rkak\u00e9nt<\/strong> m\u0171k\u00f6dsz. Nem m\u00e1sokat k\u00f6vetsz \u2013 most <strong data-start=\"487\" data-end=\"505\">t\u00e9ged k\u00f6vetnek<\/strong>.<\/p>\n<p data-start=\"508\" data-end=\"659\">Az Elite szint az Elite2You rendszer legfels\u0151 l\u00e9pcs\u0151je. Itt m\u00e1r nem az alapokat tanulod, hanem a cs\u00facson dolgozol \u2013 <strong data-start=\"624\" data-end=\"658\">\u00f6nmagad legf\u00e9nyesebb verzi\u00f3j\u00e1n<\/strong>.<\/p>\n<hr data-start=\"661\" data-end=\"664\" \/>\n<p>[\/vc_cta][\/vc_column][\/vc_row][vc_row][vc_column width=\"1\/2&#8243;][vc_cta h2=\"\ud83c\udfc1 Bel\u00e9p\u00e9si felt\u00e9tel\"]<\/p>\n<p data-start=\"691\" data-end=\"767\">Ahhoz, hogy az Elite szintre l\u00e9phess, teljes\u00edtened kell az al\u00e1bbi felt\u00e9telt:<\/p>\n<ul data-start=\"769\" data-end=\"845\">\n<li data-start=\"769\" data-end=\"845\">\n<p data-start=\"771\" data-end=\"845\"><strong data-start=\"771\" data-end=\"845\">Legal\u00e1bb egy h\u00f3napban el kell \u00e9rned a 250.000 doll\u00e1ros brutt\u00f3 bev\u00e9telt<\/strong><\/p>\n<\/li>\n<\/ul>\n<p data-start=\"847\" data-end=\"1039\">Ez nem a szerencse, hanem a strat\u00e9gia, a tudatoss\u00e1g, a kitart\u00e1s \u00e9s a kreativit\u00e1s eredm\u00e9nye.<br data-start=\"938\" data-end=\"941\" \/>Ha ez siker\u00fclt, automatikusan <strong data-start=\"971\" data-end=\"999\">bel\u00e9psz az Elite szintre<\/strong>, \u00e9s elindul az \u00faj korszak az \u00e9letedben.<\/p>\n<hr data-start=\"1041\" data-end=\"1044\" \/>\n<p>[\/vc_cta][\/vc_column][vc_column width=\"1\/2&#8243;][vc_single_image image=\"20151&#8243; img_size=\"full\" alignment=\"right\" css_animation=\"bounceInRight\"][\/vc_column][\/vc_row][vc_row][vc_column][vc_cta h2=\"\ud83c\udfaf A c\u00e9l: Megtartani, n\u00f6vekedni, uralni\"]<\/p>\n<p data-start=\"1090\" data-end=\"1254\">Az Elite szinten nem el\u00e9g el\u00e9rni a cs\u00facsot \u2013 <strong data-start=\"1135\" data-end=\"1158\">meg is kell tartani<\/strong>.<br data-start=\"1159\" data-end=\"1162\" \/>A kih\u00edv\u00e1s:<br data-start=\"1172\" data-end=\"1175\" \/>\u2705 <strong data-start=\"1177\" data-end=\"1219\">legal\u00e1bb h\u00e1rom egym\u00e1st k\u00f6vet\u0151 h\u00f3napban<\/strong> el\u00e9rni a 250.000 doll\u00e1ros szintet.<\/p>\n<p data-start=\"1256\" data-end=\"1392\">Ez a szint a hossz\u00fa t\u00e1v\u00fa siker biztos\u00edt\u00e1sa: <strong data-start=\"1300\" data-end=\"1351\">a brand stabiliz\u00e1l\u00e1sa, a bev\u00e9tel maximaliz\u00e1l\u00e1sa<\/strong>, \u00e9s a teljes \u00e9letm\u00f3dv\u00e1lt\u00e1s el\u0151k\u00e9sz\u00edt\u00e9se.<\/p>\n<hr data-start=\"1394\" data-end=\"1397\" \/>\n<p>[\/vc_cta][\/vc_column][\/vc_row][vc_row][vc_column][vc_cta h2=\"\ud83c\udf81 Mit kapsz Elite tagk\u00e9nt?\"]<\/p>\n<p data-start=\"1431\" data-end=\"1553\">Az Elite szint az <strong data-start=\"1449\" data-end=\"1471\">\u00e9letst\u00edlus szintje<\/strong>. Itt m\u00e1r nemcsak tan\u00e1csokat kapsz, hanem <strong data-start=\"1513\" data-end=\"1552\">egy teljes appar\u00e1tus dolgozik \u00e9rted<\/strong>.<\/p>\n<h3 data-start=\"1555\" data-end=\"1587\">\ud83d\udc65 Teljes menedzsment csapat<\/h3>\n<ul data-start=\"1588\" data-end=\"1725\">\n<li data-start=\"1588\" data-end=\"1634\">\n<p data-start=\"1590\" data-end=\"1634\"><strong data-start=\"1590\" data-end=\"1617\">10 f\u0151s szak\u00e9rt\u0151i csapat<\/strong> szem\u00e9lyre szabva<\/p>\n<\/li>\n<li data-start=\"1635\" data-end=\"1725\">\n<p data-start=\"1637\" data-end=\"1725\">Tartalomgy\u00e1rt\u00e1s, kamp\u00e1nykezel\u00e9s, k\u00f6z\u00f6ns\u00e9gmenedzsment, \u00e9rt\u00e9kes\u00edt\u00e9s \u2013 mindent koordin\u00e1lunk<\/p>\n<\/li>\n<\/ul>\n<p>[\/vc_cta][\/vc_column][\/vc_row][vc_row][vc_column][vc_cta h2=\"\ud83d\udcbc Priv\u00e1t Szem\u00e9lyzet\"]<\/p>\n<h3 data-start=\"1727\" data-end=\"1754\"><\/h3>\n<ul data-start=\"1755\" data-end=\"1963\">\n<li data-start=\"1755\" data-end=\"1822\">\n<p data-start=\"1757\" data-end=\"1822\"><strong data-start=\"1757\" data-end=\"1790\">F\u0151\u00e1ll\u00e1s\u00fa szem\u00e9lyi asszisztens<\/strong> \u2013 minden napod g\u00f6rd\u00fcl\u00e9keny lesz<\/p>\n<\/li>\n<li data-start=\"1823\" data-end=\"1889\">\n<p data-start=\"1825\" data-end=\"1889\"><strong data-start=\"1825\" data-end=\"1842\">Szem\u00e9lyi edz\u0151<\/strong> \u2013 aki seg\u00edt a fitt megjelen\u00e9sed fenntart\u00e1s\u00e1ban<\/p>\n<\/li>\n<li data-start=\"1890\" data-end=\"1963\">\n<p data-start=\"1892\" data-end=\"1963\"><strong data-start=\"1892\" data-end=\"1910\">Szem\u00e9lyi sof\u0151r<\/strong> \u2013 hogy mindenhov\u00e1 biztons\u00e1gban \u00e9s st\u00edlusosan juss el<\/p>\n<\/li>\n<\/ul>\n<h3 data-start=\"1965\" data-end=\"1994\">\ud83d\udc84 Luxus \u00e9letm\u00f3dt\u00e1mogat\u00e1s<\/h3>\n<ul data-start=\"1995\" data-end=\"2167\">\n<li data-start=\"1995\" data-end=\"2054\">\n<p data-start=\"1997\" data-end=\"2054\"><strong data-start=\"1997\" data-end=\"2026\">Stylist, fodr\u00e1sz, sminkes<\/strong> \u2013 kiz\u00e1r\u00f3lag veled dolgoznak<\/p>\n<\/li>\n<li data-start=\"2055\" data-end=\"2126\">\n<p data-start=\"2057\" data-end=\"2126\"><strong data-start=\"2057\" data-end=\"2083\">Designer aj\u00e1nd\u00e9kcsomag<\/strong> \u00e9vente (ruha, \u00e9kszer, parf\u00fcm, kieg\u00e9sz\u00edt\u0151k)<\/p>\n<\/li>\n<li data-start=\"2127\" data-end=\"2167\">\n<p data-start=\"2129\" data-end=\"2167\"><strong data-start=\"2129\" data-end=\"2167\">Wellness h\u00e9tv\u00e9ge \u00e9s spa el\u0151fizet\u00e9s<\/strong><\/p>\n<\/li>\n<\/ul>\n<p>[\/vc_cta][\/vc_column][\/vc_row][vc_row][vc_column][vc_cta h2=\"\ud83c\udf0d M\u00e1rkanagyk\u00f6veti lehet\u0151s\u00e9g\"]<\/p>\n<h3 data-start=\"2169\" data-end=\"2201\"><\/h3>\n<ul data-start=\"2202\" data-end=\"2438\">\n<li data-start=\"2202\" data-end=\"2352\">\n<p data-start=\"2204\" data-end=\"2352\"><strong data-start=\"2204\" data-end=\"2230\">Top Management Program<\/strong> \u2013 ha tart\u00f3san megtartod az Elite szintet, lehet\u0151s\u00e9ged ny\u00edlik <strong data-start=\"2292\" data-end=\"2323\">glob\u00e1lis m\u00e1rkanagyk\u00f6vetk\u00e9nt<\/strong> r\u00e9szt venni a m\u00e1rka\u00e9p\u00edt\u00e9sben<\/p>\n<\/li>\n<li data-start=\"2353\" data-end=\"2438\">\n<p data-start=\"2355\" data-end=\"2438\">Nyilv\u00e1nos szerepl\u00e9sek, sajt\u00f3megjelen\u00e9sek, nemzetk\u00f6zi rendezv\u00e9nyeken val\u00f3 k\u00e9pviselet<\/p>\n<\/li>\n<\/ul>\n<hr data-start=\"2440\" data-end=\"2443\" \/>\n<p>[\/vc_cta][\/vc_column][\/vc_row][vc_row][vc_column][vc_cta h2=\"\ud83d\udcda Exkluz\u00edv oktat\u00e1si \u00e9s fejleszt\u00e9si csomag\"]<\/p>\n<h3 data-start=\"2445\" data-end=\"2490\"><\/h3>\n<p data-start=\"2492\" data-end=\"2573\">Az Elite szinten \u00faj t\u00edpus\u00fa tud\u00e1sra van sz\u00fcks\u00e9g: <strong data-start=\"2540\" data-end=\"2572\">\u00fczleti, p\u00e9nz\u00fcgyi, strat\u00e9giai<\/strong>.<\/p>\n<ul data-start=\"2575\" data-end=\"2878\">\n<li data-start=\"2575\" data-end=\"2646\">\n<p data-start=\"2577\" data-end=\"2646\"><strong data-start=\"2577\" data-end=\"2607\">Priv\u00e1t konzult\u00e1ci\u00f3s csomag<\/strong> \u2013 havonta 4 alkalom, egy\u00e9ni tan\u00e1csad\u00e1s<\/p>\n<\/li>\n<li data-start=\"2647\" data-end=\"2716\">\n<p data-start=\"2649\" data-end=\"2716\"><strong data-start=\"2649\" data-end=\"2672\">Befektet\u00e9si tr\u00e9ning<\/strong> \u2013 hogyan fektess be okosan a j\u00f6vedelmedb\u0151l?<\/p>\n<\/li>\n<li data-start=\"2717\" data-end=\"2800\">\n<p data-start=\"2719\" data-end=\"2800\"><strong data-start=\"2719\" data-end=\"2780\">Saj\u00e1t term\u00e9kfejleszt\u00e9s (pl. parf\u00fcm, \u00e9kszerkollekci\u00f3, NFT)<\/strong> \u2013 m\u00e1rkakiterjeszt\u00e9s<\/p>\n<\/li>\n<li data-start=\"2801\" data-end=\"2878\">\n<p data-start=\"2803\" data-end=\"2878\"><strong data-start=\"2803\" data-end=\"2836\">Exkluz\u00edv PR \u00e9s m\u00e9dia coaching<\/strong> \u2013 TV, podcast, TikTok hirdet\u00e9s, PR-cikkek<\/p>\n<\/li>\n<\/ul>\n<hr data-start=\"2880\" data-end=\"2883\" \/>\n<p>[\/vc_cta][\/vc_column][\/vc_row][vc_row][vc_column][vc_cta h2=\"\ud83c\udfc6 Alternat\u00edva: el\u0151re l\u00e9p\u00e9s m\u00e1r az els\u0151 h\u00f3nap ut\u00e1n\"]<\/p>\n<p data-start=\"2940\" data-end=\"3024\">Ha m\u00e1r az els\u0151 h\u00f3napban el\u00e9rted a 250.000 doll\u00e1ros bev\u00e9telt, d\u00f6nthetsz \u00fagy is, hogy:<\/p>\n<p data-start=\"3026\" data-end=\"3118\"><strong data-start=\"3026\" data-end=\"3118\">\ud83d\udd13 El\u0151re k\u00e9rv\u00e9nyezed az Elite st\u00e1tusz meger\u0151s\u00edt\u00e9s\u00e9t, \u00e9s belev\u00e1gsz a Top Management \u00fatra.<\/strong><\/p>\n<p data-start=\"3120\" data-end=\"3137\">Ebben az esetben:<\/p>\n<ul data-start=\"3138\" data-end=\"3313\">\n<li data-start=\"3138\" data-end=\"3186\">\n<p data-start=\"3140\" data-end=\"3186\">Lemondasz az Elite szint <strong data-start=\"3165\" data-end=\"3186\">luxusaj\u00e1nd\u00e9kair\u00f3l<\/strong><\/p>\n<\/li>\n<li data-start=\"3187\" data-end=\"3313\">\n<p data-start=\"3189\" data-end=\"3313\">De azonnal bel\u00e9phetsz a <strong data-start=\"3213\" data-end=\"3252\">glob\u00e1lis m\u00e1rkanagyk\u00f6veti rendszerbe<\/strong>, ahol nemcsak p\u00e9nzt keresel \u2013 hanem <strong data-start=\"3289\" data-end=\"3313\">form\u00e1lod az ipar\u00e1gat<\/strong><\/p>\n<\/li>\n<\/ul>\n<hr data-start=\"3315\" data-end=\"3318\" \/>\n<p>[\/vc_cta][\/vc_column][\/vc_row][vc_row][vc_column][vc_cta h2=\"\ud83d\udd04 Mi a Top Management Program?\"]<\/p>\n<p data-start=\"3356\" data-end=\"3420\">Ez egy exkluz\u00edv, megh\u00edv\u00e1sos alapon m\u0171k\u00f6d\u0151 program azoknak, akik:<\/p>\n<ul data-start=\"3422\" data-end=\"3564\">\n<li data-start=\"3422\" data-end=\"3484\">\n<p data-start=\"3424\" data-end=\"3484\"><strong data-start=\"3424\" data-end=\"3484\">3 egym\u00e1st k\u00f6vet\u0151 h\u00f3napban is megtartj\u00e1k az Elite szintet<\/strong><\/p>\n<\/li>\n<li data-start=\"3485\" data-end=\"3564\">\n<p data-start=\"3487\" data-end=\"3564\">Vagy m\u00e1r az els\u0151 h\u00f3napban <strong data-start=\"3513\" data-end=\"3564\">meggy\u0151z\u0151 portf\u00f3li\u00f3val \u00e9s h\u00e1tt\u00e9rrel rendelkeznek<\/strong><\/p>\n<\/li>\n<\/ul>\n<p data-start=\"3566\" data-end=\"3613\">A program c\u00e9lja, hogy az Elite szint\u0171 modellek:<\/p>\n<ul data-start=\"3615\" data-end=\"3857\">\n<li data-start=\"3615\" data-end=\"3664\">\n<p data-start=\"3617\" data-end=\"3664\"><strong data-start=\"3617\" data-end=\"3634\">Befektet\u0151k\u00e9nt<\/strong> is bel\u00e9phessenek a rendszerbe<\/p>\n<\/li>\n<li data-start=\"3665\" data-end=\"3729\">\n<p data-start=\"3667\" data-end=\"3729\">Saj\u00e1t <strong data-start=\"3673\" data-end=\"3699\">\u00fczleti l\u00e1bat \u00e9p\u00edtsenek<\/strong> (brand, term\u00e9k, szolg\u00e1ltat\u00e1s)<\/p>\n<\/li>\n<li data-start=\"3730\" data-end=\"3800\">\n<p data-start=\"3732\" data-end=\"3800\"><strong data-start=\"3732\" data-end=\"3763\">Nemzetk\u00f6zi arcokk\u00e1 v\u00e1ljanak<\/strong> \u2013 glob\u00e1lis platformokon, esem\u00e9nyeken<\/p>\n<\/li>\n<li data-start=\"3801\" data-end=\"3857\">\n<p data-start=\"3803\" data-end=\"3857\"><strong data-start=\"3803\" data-end=\"3857\">R\u00e9szesed\u00e9st kapjanak az Elite2You \u00faj projektjeib\u0151l<\/strong><\/p>\n<\/li>\n<\/ul>\n<hr data-start=\"3859\" data-end=\"3862\" \/>\n<p>[\/vc_cta][\/vc_column][\/vc_row][vc_row][vc_column][vc_cta h2=\"\ud83d\udcac Mit mondanak azok, akik m\u00e1r itt vannak?\"]<\/p>\n<h3 data-start=\"3864\" data-end=\"3909\"><\/h3>\n<blockquote data-start=\"3911\" data-end=\"4102\">\n<p data-start=\"3913\" data-end=\"4102\">\u201eAz Elite szint egy \u00e9letm\u00f3d. Reggel \u00fagy kelek fel, hogy minden percem m\u00f6g\u00f6tt egy csapat \u00e1ll. Nem \u00e9n alkalmazkodom a vil\u00e1ghoz \u2013 a vil\u00e1g alkalmazkodik hozz\u00e1m.\u201d<br data-start=\"4070\" data-end=\"4073\" \/>\u2013 <strong data-start=\"4077\" data-end=\"4102\">No\u00e9mi, m\u00e1rkanagyk\u00f6vet<\/strong><\/p>\n<\/blockquote>\n<blockquote data-start=\"4104\" data-end=\"4280\">\n<p data-start=\"4106\" data-end=\"4280\">\u201eT\u00f6bb mint p\u00e9nz. Ez \u00f6nbizalom, preszt\u00edzs, \u00e9s v\u00e9gre valami, ami t\u00e9nyleg r\u00f3lam sz\u00f3l. Ez az a pont, amikor m\u00e1r nem k\u00e9rd\u00e9s, hogy meg\u00e9rte elkezdeni.\u201d<br data-start=\"4250\" data-end=\"4253\" \/>\u2013 <strong data-start=\"4257\" data-end=\"4280\">Laura, Elite modell<\/strong><\/p>\n<\/blockquote>\n<hr data-start=\"4282\" data-end=\"4285\" \/>\n<p>[\/vc_cta][\/vc_column][\/vc_row][vc_row][vc_column][vc_cta h2=\"\ud83e\udde0 A szint m\u00f6g\u00f6tti filoz\u00f3fia\"]<\/p>\n<p data-start=\"4320\" data-end=\"4488\">Az Elite szint nem \u201emegkoron\u00e1z\u00e1s\u201d, hanem <strong data-start=\"4361\" data-end=\"4378\">\u00faj felel\u0151ss\u00e9g<\/strong>. P\u00e9ld\u00e1t mutatsz, utat nyitsz, \u00e9s eml\u00e9ket hagysz.<br data-start=\"4427\" data-end=\"4430\" \/>Itt m\u00e1r <strong data-start=\"4438\" data-end=\"4487\">nem el\u00e9g j\u00f3l teljes\u00edteni \u2013 inspir\u00e1lni is kell<\/strong>.<\/p>\n<p data-start=\"4490\" data-end=\"4576\">Ez a szint <strong data-start=\"4501\" data-end=\"4576\">az \u00e9rett gondolkod\u00e1s, a kitart\u00e1s, az ig\u00e9nyess\u00e9g \u00e9s az \u00f6nuralom szintje.<\/strong><\/p>\n<hr data-start=\"4578\" data-end=\"4581\" \/>\n<p>[\/vc_cta][\/vc_column][\/vc_row][vc_row][vc_column width=\"2\/3&#8243;][vc_cta h2=\"\ud83d\udc8e \u00dczenet neked\"]<\/p>\n<h3 data-start=\"4583\" data-end=\"4601\"><\/h3>\n<blockquote data-start=\"4603\" data-end=\"4798\">\n<p data-start=\"4605\" data-end=\"4798\">Ha most itt vagy, m\u00e1r tudod: a siker nem v\u00e9letlen.<br data-start=\"4655\" data-end=\"4658\" \/>Nem volt k\u00f6nny\u0171 el\u00e9rni \u2013 de most m\u00e1r tudod, <strong data-start=\"4704\" data-end=\"4732\">hogyan kell ott maradni.<\/strong><br data-start=\"4732\" data-end=\"4735\" \/>Ne csak m\u00e1sokhoz hasonl\u00edtsd magad.<br data-start=\"4771\" data-end=\"4774\" \/>Legy\u00e9l te az \u00faj m\u00e9rce.<\/p>\n<\/blockquote>\n<hr data-start=\"4800\" data-end=\"4803\" \/>\n<p>[\/vc_cta][\/vc_column][vc_column width=\"1\/3&#8243;][vc_single_image image=\"20154&#8243; img_size=\"medium\" alignment=\"center\" css_animation=\"bounceInRight\"][\/vc_column][\/vc_row][vc_row][vc_column][vc_cta h2=\"\ud83d\ude80 Mi a k\u00f6vetkez\u0151 l\u00e9p\u00e9s?\"]<\/p>\n<p data-start=\"4834\" data-end=\"5034\">A k\u00f6vetkez\u0151 c\u00e9l: <strong data-start=\"4851\" data-end=\"4897\">tartsd meg 3 h\u00f3napon \u00e1t az Elite st\u00e1tuszt.<\/strong><br data-start=\"4897\" data-end=\"4900\" \/>Mi minden nap t\u00e1mogatunk benne.<br data-start=\"4931\" data-end=\"4934\" \/>Ha ez siker\u00fcl, <strong data-start=\"4949\" data-end=\"4991\">megny\u00edlik el\u0151tted a m\u00e1rkanagyk\u00f6veti \u00fat<\/strong>, \u00e9s elkezdheted a teljes \u00e9letm\u00f3dv\u00e1lt\u00e1st.<\/p>\n<p data-start=\"5036\" data-end=\"5154\">\ud83d\udcbc Az Elite szint nemcsak bev\u00e9tel \u2013 <strong data-start=\"5072\" data-end=\"5085\">\u00e9letforma<\/strong>.<br data-start=\"5086\" data-end=\"5089\" \/>\ud83c\udf93 Nemcsak modell \u2013 <strong data-start=\"5109\" data-end=\"5119\">vezet\u0151<\/strong>.<br data-start=\"5120\" data-end=\"5123\" \/>\ud83d\udc8e Nemcsak jelen \u2013 <strong data-start=\"5142\" data-end=\"5153\">\u00f6r\u00f6ks\u00e9g<\/strong>.<\/p>\n<p data-start=\"5156\" data-end=\"5239\"><strong data-start=\"5156\" data-end=\"5239\">\u00dcdv\u00f6zl\u00fcnk az Elite szinten. Innen m\u00e1r nem visszan\u00e9zni kell \u2013 hanem el\u0151re l\u00e9pni.<\/strong><\/p>\n<p>[\/vc_cta][\/vc_column][\/vc_row][vc_row][vc_column][vc_empty_space][\/vc_column][\/vc_row][vc_row][vc_column][vc_column_text css=\"\"]<\/p>\n<div style=\"background-color: #f4f1ee; padding: 40px; border-radius: 16px; font-family: sans-serif;\">\n<h2 style=\"color: #8d6e63; text-align: center; font-size: 28px; margin-bottom: 20px;\">\ud83d\udd31 4. Elite szint<\/h2>\n<p style=\"font-size: 16px; line-height: 1.7; text-align: center; max-width: 1000px; margin: 0 auto;\">Bel\u00e9pt\u00e9l az Elite szintre \u2013 az <strong>Elite2You digit\u00e1lis modellkarrier<\/strong> cs\u00facs\u00e1ra. Ez a szint a kiv\u00e9teles teljes\u00edtm\u00e9nyt, a hossz\u00fa t\u00e1v\u00fa elk\u00f6telezetts\u00e9get \u00e9s az abszol\u00fat luxus \u00e9letst\u00edlust jutalmazza. Ide csak azok jutnak el, akik a Elite szint el\u00e9r\u00e9se ut\u00e1n<br \/>\n<strong>legal\u00e1bb 3 h\u00f3napon kereszt\u00fcl tartj\u00e1k a havi brutt\u00f3 250.000 USD feletti bev\u00e9telt<\/strong>, \u00e9s kiemelked\u0151en k\u00e9pviselik az \u00fcgyn\u00f6ks\u00e9g \u00e9rt\u00e9keit \u00e9s brandj\u00e9t.<\/p>\n<div style=\"margin-top: 40px;\">\n<h3 style=\"color: #444;\">\ud83d\udc51 Mit jelent az Elite szint?<\/h3>\n<ul style=\"line-height: 1.8; padding-left: 20px;\">\n<li>Bel\u00e9p\u00e9s egy z\u00e1rt, megh\u00edv\u00e1sos alapon m\u0171k\u00f6d\u0151 elit modellklubba<\/li>\n<li>Vezet\u0151i st\u00e1tusz a m\u00e1rka arculat\u00e1nak form\u00e1l\u00e1s\u00e1ban<\/li>\n<li>Lehet\u0151s\u00e9g szerepl\u00e9sre nemzetk\u00f6zi kamp\u00e1nyokban, exkluz\u00edv castingokon<\/li>\n<li>K\u00fcl\u00f6n asszisztens \u00e9s szem\u00e9lyes m\u00e1rkamenedzser<\/li>\n<li>R\u00e9szv\u00e9tel \u00e9vente megrendezett Elite2You luxus retreaten<\/li>\n<\/ul>\n<\/div>\n<div style=\"margin-top: 40px;\">\n<h3 style=\"color: #444;\">\ud83c\udf81 Extra juttat\u00e1sok \u00e9s b\u00f3nusz aj\u00e1nd\u00e9kok:<\/h3>\n<ul style=\"line-height: 1.8; padding-left: 20px;\">\n<li>Limit\u00e1lt sz\u00e9ri\u00e1s aj\u00e1nd\u00e9kcsomag minden \u00e9vfordul\u00f3n<\/li>\n<li>VIP utaz\u00e1sok (pl. Dubai, Bali, Monaco \u2013 minden k\u00f6lts\u00e9ggel egy\u00fctt)<\/li>\n<li>Exkluz\u00edv fot\u00f3z\u00e1sok pr\u00e9mium nemzetk\u00f6zi fot\u00f3sokkal<\/li>\n<li>Saj\u00e1t szem\u00e9lyes stylist \u00e9s beauty csapat<\/li>\n<li>\u00c9vi 2 designer ruhakollekci\u00f3 aj\u00e1nd\u00e9kba (v\u00e1laszthat\u00f3 m\u00e1rk\u00e1kb\u00f3l)<\/li>\n<li>Priv\u00e1t wellness h\u00e9tv\u00e9g\u00e9k \u2013 szem\u00e9lyre szabott regener\u00e1ci\u00f3s csomaggal<\/li>\n<\/ul>\n<\/div>\n<div style=\"margin-top: 40px;\">\n<h3 style=\"color: #444;\">\ud83d\udcbc P\u00e9nz\u00fcgyi \u00e9s \u00fczleti el\u0151ny\u00f6k:<\/h3>\n<ul style=\"line-height: 1.8; padding-left: 20px;\">\n<li>Saj\u00e1t v\u00e1llalkoz\u00e1sod tov\u00e1bbi b\u0151v\u00edt\u00e9se: brand licensing lehet\u0151s\u00e9g<\/li>\n<li>Folyamatos p\u00e9nz\u00fcgyi mentor\u00e1l\u00e1s \u00e9s vagyonkezel\u00e9si tan\u00e1csad\u00e1s<\/li>\n<li><strong>Exkluz\u00edv Elite2You fekete hitelk\u00e1rtya \u2013 50.000 USD \/ h\u00f3 kerettel<\/strong> ~ (kb: 16.500.000.- Ft havi k\u00f6lt\u00e9si limittel)<\/li>\n<li>El\u0151rehozott kifizet\u00e9sek \u2013 nem kell v\u00e1rnod az elsz\u00e1mol\u00e1s v\u00e9g\u00e9ig<\/li>\n<\/ul>\n<\/div>\n<div style=\"margin-top: 40px;\">\n<h3 style=\"color: #444;\">\ud83c\udf0d Nemzetk\u00f6zi megjelen\u00e9s \u00e9s PR:<\/h3>\n<ul style=\"line-height: 1.8; padding-left: 20px;\">\n<li>Rendszeres megjelen\u00e9s nemzetk\u00f6zi sajt\u00f3ban (Elle, Forbes, Vogue)<\/li>\n<li>Saj\u00e1t PR-csapat \u00e9s sajt\u00f3kapcsolati menedzser<\/li>\n<li>Megh\u00edv\u00f3k z\u00e1rt szakmai esem\u00e9nyekre, v\u00f6r\u00f6s sz\u0151nyeges rendezv\u00e9nyekre<\/li>\n<li>Interj\u00fak, podcast-szerepl\u00e9sek, public speaking lehet\u0151s\u00e9gek<\/li>\n<\/ul>\n<\/div>\n<div style=\"margin-top: 40px;\">\n<h3 style=\"color: #444;\">\u2696\ufe0f Elv\u00e1r\u00e1sok az Elite szinten:<\/h3>\n<ul style=\"line-height: 1.8; padding-left: 20px;\">\n<li>Legal\u00e1bb 3 h\u00f3napig folyamatosan 250.000 USD feletti havi bev\u00e9tel<\/li>\n<li>Magas min\u0151s\u00e9g\u0171, saj\u00e1t brandbe illeszked\u0151 tartalomgy\u00e1rt\u00e1s<\/li>\n<li>Akt\u00edv r\u00e9szv\u00e9tel az \u00fcgyn\u00f6ks\u00e9g m\u00e1rkastrat\u00e9gi\u00e1j\u00e1ban<\/li>\n<li>Etikus, inspir\u00e1l\u00f3, \u00e9s p\u00e9lda\u00e9rt\u00e9k\u0171 online jelenl\u00e9t<\/li>\n<\/ul>\n<\/div>\n<div style=\"margin-top: 40px;\">\n<h3 style=\"color: #444;\">\ud83d\ude80 K\u00fcldet\u00e9sed az Elite szinten:<\/h3>\n<p style=\"line-height: 1.7;\">Az Elite szinten nemcsak egy modell vagy \u2013 <strong>inspir\u00e1l\u00f3 p\u00e9ldak\u00e9p, m\u00e1rkanagyk\u00f6vet \u00e9s vezet\u0151<\/strong>. A c\u00e9l, hogy nemzetk\u00f6zi szinten is <strong>elismer\u00e9st \u00e9s tekint\u00e9lyt<\/strong> szerezz, \u00e9s olyan \u00e9letst\u00edlust \u00e9p\u00edts fel, amely m\u00e1sok sz\u00e1m\u00e1ra motiv\u00e1ci\u00f3t \u00e9s el\u00e9rhet\u0151 \u00e1lmot jelent. Az utad itt v\u00e1lik legend\u00e1v\u00e1 \u2013 az Elite2You z\u00e1szl\u00f3shaj\u00f3 modelljek\u00e9nt.<\/p>\n<\/div>\n<\/div>\n<p>[\/vc_column_text][\/vc_column][\/vc_row][vc_row][vc_column][vc_column_text]<!-- GOMB --><\/p>\n<div style=\"text-align: center; margin-top: 30px;\"><a style=\"display: inline-block; background-color: #9c27b0; color: white; padding: 14px 32px; font-size: 16px; font-weight: 600; border-radius: 8px; text-decoration: none; box-shadow: 0 4px 12px rgba(0,0,0,0.15); transition: background-color 0.3s ease;\" href=\"https:\/\/forms.gle\/i1cSvQBmoRFt7Scq5\" target=\"_blank\" rel=\"noopener\"><br \/>\nEz az \u00c9n utam! Bel\u00e9pek az Elite szintre Most!<br \/>\n<\/a><\/div>\n<p>[\/vc_column_text][\/vc_column][\/vc_row][vc_row][vc_column][vc_raw_html]JTNDJTIxLS0lMjBLb25mZXR0aSUyMEpTJTIwYmV0JUMzJUI2bHQlQzMlQTlzZSUyMC0tJTNFJTBBJTNDc2NyaXB0JTIwc3JjJTNEJTIyaHR0cHMlM0ElMkYlMkZjZG4uanNkZWxpdnIubmV0JTJGbnBtJTJGY2FudmFzLWNvbmZldHRpJTQwMS42LjAlMkZkaXN0JTJGY29uZmV0dGkuYnJvd3Nlci5taW4uanMlMjIlM0UlM0MlMkZzY3JpcHQlM0UlMEElMEElM0NzY3JpcHQlM0UlMEElMjAlMjBkb2N1bWVudC5hZGRFdmVudExpc3RlbmVyJTI4JTI3RE9NQ29udGVudExvYWRlZCUyNyUyQyUyMGZ1bmN0aW9uJTIwJTI4JTI5JTIwJTdCJTBBJTIwJTIwJTIwJTIwJTJGJTJGJTIwQ3NhayUyMGFra29yJTIwZnV0JTJDJTIwaGElMjBheiUyMFVSTCUyMHRhcnRhbG1henphJTIwYXolMjAlMjdlbGl0ZS1zemludCUyNyUyMHIlQzMlQTlzenQlMEElMjAlMjAlMjAlMjBpZiUyMCUyOHdpbmRvdy5sb2NhdGlvbi5ocmVmLmluY2x1ZGVzJTI4JTI3JTJGZWxpdGUtc3ppbnQlMjclMjklMjklMjAlN0IlMEElMjAlMjAlMjAlMjAlMjAlMjBjb25mZXR0aSUyOCU3QiUwQSUyMCUyMCUyMCUyMCUyMCUyMCUyMCUyMHBhcnRpY2xlQ291bnQlM0ElMjAyMDAlMkMlMEElMjAlMjAlMjAlMjAlMjAlMjAlMjAlMjBzcHJlYWQlM0ElMjAxMDAlMkMlMEElMjAlMjAlMjAlMjAlMjAlMjAlMjAlMjBvcmlnaW4lM0ElMjAlN0IlMjB5JTNBJTIwMC42JTIwJTdEJTBBJTIwJTIwJTIwJTIwJTIwJTIwJTdEJTI5JTNCJTBBJTBBJTIwJTIwJTIwJTIwJTIwJTIwY29uc3QlMjBkdXJhdGlvbiUyMCUzRCUyMDUwMDAlM0IlMEElMjAlMjAlMjAlMjAlMjAlMjBjb25zdCUyMGVuZCUyMCUzRCUyMERhdGUubm93JTI4JTI5JTIwJTJCJTIwZHVyYXRpb24lM0IlMEElMEElMjAlMjAlMjAlMjAlMjAlMjAlMjhmdW5jdGlvbiUyMGZyYW1lJTI4JTI5JTIwJTdCJTBBJTIwJTIwJTIwJTIwJTIwJTIwJTIwJTIwY29uZmV0dGklMjglN0IlMEElMjAlMjAlMjAlMjAlMjAlMjAlMjAlMjAlMjAlMjBwYXJ0aWNsZUNvdW50JTNBJTIwNCUyQyUwQSUyMCUyMCUyMCUyMCUyMCUyMCUyMCUyMCUyMCUyMGFuZ2xlJTNBJTIwNjAlMkMlMEElMjAlMjAlMjAlMjAlMjAlMjAlMjAlMjAlMjAlMjBzcHJlYWQlM0ElMjA1NSUyQyUwQSUyMCUyMCUyMCUyMCUyMCUyMCUyMCUyMCUyMCUyMG9yaWdpbiUzQSUyMCU3QiUyMHglM0ElMjAwJTIwJTdEJTBBJTIwJTIwJTIwJTIwJTIwJTIwJTIwJTIwJTdEJTI5JTNCJTBBJTIwJTIwJTIwJTIwJTIwJTIwJTIwJTIwY29uZmV0dGklMjglN0IlMEElMjAlMjAlMjAlMjAlMjAlMjAlMjAlMjAlMjAlMjBwYXJ0aWNsZUNvdW50JTNBJTIwNCUyQyUwQSUyMCUyMCUyMCUyMCUyMCUyMCUyMCUyMCUyMCUyMGFuZ2xlJTNBJTIwMTIwJTJDJTBBJTIwJTIwJTIwJTIwJTIwJTIwJTIwJTIwJTIwJTIwc3ByZWFkJTNBJTIwNTUlMkMlMEElMjAlMjAlMjAlMjAlMjAlMjAlMjAlMjAlMjAlMjBvcmlnaW4lM0ElMjAlN0IlMjB4JTNBJTIwMSUyMCU3RCUwQSUyMCUyMCUyMCUyMCUyMCUyMCUyMCUyMCU3RCUyOSUzQiUwQSUwQSUyMCUyMCUyMCUyMCUyMCUyMCUyMCUyMGlmJTIwJTI4RGF0ZS5ub3clMjglMjklMjAlM0MlMjBlbmQlMjklMjAlN0IlMEElMjAlMjAlMjAlMjAlMjAlMjAlMjAlMjAlMjAlMjByZXF1ZXN0QW5pbWF0aW9uRnJhbWUlMjhmcmFtZSUyOSUzQiUwQSUyMCUyMCUyMCUyMCUyMCUyMCUyMCUyMCU3RCUwQSUyMCUyMCUyMCUyMCUyMCUyMCU3RCUyOSUyOCUyOSUzQiUwQSUyMCUyMCUyMCUyMCU3RCUwQSUyMCUyMCU3RCUyOSUzQiUwQSUzQyUyRnNjcmlwdCUzRSUwQQ==[\/vc_raw_html][\/vc_column][\/vc_row]<\/p>\n<\/div>","protected":false},"excerpt":{"rendered":"<p>[vc_row][vc_column][vc_cta h2=\"\ud83c\udf89 Gratul\u00e1lunk! Meg\u00e9rkezt\u00e9l az elitbe.\" txt_align=\"center\"] Amit sokan \u00e1lmodnak, azt te m\u00e1r el\u00e9rted: stabil, \u00f6n\u00e1ll\u00f3, \u00e9s kiemelked\u0151en j\u00f6vedelmez\u0151 digit\u00e1lis &hellip; <a href=\"https:\/\/elite2you.com\/hu\/elite-szint\/\" class=\"more-link\">Continue reading <span class=\"screen-reader-text\">Elite Szint<\/span><\/a><\/p>\n","protected":false},"author":5,"featured_media":0,"parent":0,"menu_order":0,"comment_status":"closed","ping_status":"closed","template":"","meta":{"_monsterinsights_skip_tracking":false,"_monsterinsights_sitenote_active":false,"_monsterinsights_sitenote_note":"","_monsterinsights_sitenote_category":0,"footnotes":""},"class_list":["post-18949","page","type-page","status-publish","hentry"],"_links":{"self":[{"href":"https:\/\/elite2you.com\/hu\/wp-json\/wp\/v2\/pages\/18949","targetHints":{"allow":["GET"]}}],"collection":[{"href":"https:\/\/elite2you.com\/hu\/wp-json\/wp\/v2\/pages"}],"about":[{"href":"https:\/\/elite2you.com\/hu\/wp-json\/wp\/v2\/types\/page"}],"author":[{"embeddable":true,"href":"https:\/\/elite2you.com\/hu\/wp-json\/wp\/v2\/users\/5"}],"replies":[{"embeddable":true,"href":"https:\/\/elite2you.com\/hu\/wp-json\/wp\/v2\/comments?post=18949"}],"version-history":[{"count":31,"href":"https:\/\/elite2you.com\/hu\/wp-json\/wp\/v2\/pages\/18949\/revisions"}],"predecessor-version":[{"id":22476,"href":"https:\/\/elite2you.com\/hu\/wp-json\/wp\/v2\/pages\/18949\/revisions\/22476"}],"wp:attachment":[{"href":"https:\/\/elite2you.com\/hu\/wp-json\/wp\/v2\/media?parent=18949"}],"curies":[{"name":"wp","href":"https:\/\/api.w.org\/{rel}","templated":true}]}}