{"id":19179,"date":"2025-06-12T21:02:42","date_gmt":"2025-06-12T21:02:42","guid":{"rendered":"https:\/\/elite2you.com\/?page_id=19179"},"modified":"2025-08-23T21:01:55","modified_gmt":"2025-08-23T21:01:55","slug":"vizsgafeltetelek","status":"publish","type":"page","link":"https:\/\/elite2you.com\/hu\/vizsgafeltetelek\/","title":{"rendered":"Vizsgafelt\u00e9telek"},"content":{"rendered":"<div class=\"wpb-content-wrapper\"><p>[vc_row][vc_column][vc_empty_space height=\"60px\"][vc_column_text css=\"\"]<\/p>\n<p style=\"text-align: center;\">Ahhoz, hogy a <strong>Kezd\u0151<\/strong>, <strong>Halad\u00f3<\/strong>, <strong>Profi<\/strong> vagy <strong>Elite<\/strong> szintre l\u00e9pj, nem el\u00e9g csup\u00e1n a bev\u00e9tel. A vizsga c\u00e9lja, hogy garant\u00e1lja a szakmai sz\u00ednvonalat \u00e9s a hozz\u00e1\u00e1ll\u00e1st. <strong>Ez nem akad\u00e1ly \u2013 ez a min\u0151s\u00e9gi modellkarrier alapja.<br \/>\n<\/strong>[\/vc_column_text][vc_empty_space height=\"60px\"][\/vc_column][\/vc_row][vc_row][vc_column width=\"2\/3&#8243;][vc_column_text]<\/p>\n<style>\n    body {<br \/>      font-family: sans-serif;<br \/>      background-color: #fefefe;<br \/>      padding: 40px;<br \/>      max-width: 960px;<br \/>      margin: auto;<br \/>      line-height: 1.6;<br \/>      color: #333;<br \/>    }<br \/>    .section {<br \/>      border: 1px solid #ddd;<br \/>      border-radius: 12px;<br \/>      padding: 24px;<br \/>      margin-bottom: 24px;<br \/>      box-shadow: 0 2px 8px rgba(0,0,0,0.05);<br \/>    }<br \/>    .section h2 {<br \/>      font-size: 20px;<br \/>      margin-top: 0;<br \/>      color: #7d4ed4;<br \/>    }<br \/>    ul {<br \/>      padding-left: 20px;<br \/>    }<br \/>    .subsection {<br \/>      margin-top: 16px;<br \/>    }<br \/>    .subsection h3 {<br \/>      margin: 12px 0 8px;<br \/>      font-size: 16px;<br \/>      color: #555;<br \/>    }<br \/>    .subsection ul {<br \/>      margin: 0;<br \/>    }<br \/>    .icon {<br \/>      font-weight: bold;<br \/>      font-size: 18px;<br \/>    }<br \/>  <\/style>\n<h2>\ud83d\udcdd Online Teszt<\/h2>\n<ul>\n<li>160 k\u00e9rd\u00e9ses vizsga (GDPR, fot\u00f3technika, marketing, brand\u00e9p\u00edt\u00e9s)<\/li>\n<li>Minimum 80%-os eredm\u00e9ny sz\u00fcks\u00e9ges<\/li>\n<\/ul>\n<div class=\"section\">\n<h2>\ud83d\udcf8 Portf\u00f3li\u00f3 Fot\u00f3k<\/h2>\n<ul>\n<li>Minimum 30 profi fot\u00f3 (divat, portr\u00e9, kreat\u00edv st\u00edlusban)<\/li>\n<li>Megfelel\u0151 vil\u00e1g\u00edt\u00e1s, kompoz\u00edci\u00f3 \u00e9s retus\u00e1l\u00e1s, a tanfolyamban tanultak szerint<\/li>\n<li>Kreativit\u00e1s \u00e9s egyedis\u00e9g megjelen\u00e9se<\/li>\n<\/ul>\n<\/div>\n<div class=\"section\">\n<h2>\ud83c\udfa5 Vide\u00f3s Tartalmak<\/h2>\n<ul>\n<li>1 bemutatkoz\u00f3 vide\u00f3 (minimum 1 perc)<\/li>\n<li>Legal\u00e1bb 10 vide\u00f3 (10\u201320 mp)<\/li>\n<li>Legal\u00e1bb 20 vide\u00f3 (30\u201360 mp)<\/li>\n<li>Kamera el\u0151tti testtart\u00e1s, mimika, \u00fczenet tisztas\u00e1ga<\/li>\n<li>Tartalomstrat\u00e9gia: storyboard \u00e9s tematika<\/li>\n<\/ul>\n<\/div>\n<div class=\"section\"><\/div>\n<div class=\"section\">\n<ul><\/ul>\n<\/div>\n<p>[\/vc_column_text][\/vc_column][vc_column width=\"1\/3&#8243;][vc_empty_space height=\"85px\"][vc_single_image image=\"19257&#8243; img_size=\"full\" alignment=\"right\" css_animation=\"bounceInRight\"][\/vc_column][\/vc_row][vc_row][vc_column width=\"1\/3&#8243;][vc_column_text css=\"\"]<\/p>\n<div class=\"section\">\n<h2>\ud83d\udcc8 Bev\u00e9teli Teljes\u00edtm\u00e9ny<\/h2>\n<ul>\n<li>Havi minimum elv\u00e1r\u00e1s:<\/li>\n<li>Kezd\u0151: a Kezd\u0151 kurzus megv\u00e1s\u00e1rl\u00e1sa<\/li>\n<li>Halad\u00f3: Havi 10.000 USD bev\u00e9tel \u00e9s a Halad\u00f3 kurzus megv\u00e1s\u00e1rl\u00e1sa<\/li>\n<li>Profi: Havi\u00a0 50.000 USD bev\u00e9tel \u00e9s a Profi kurzus megv\u00e1s\u00e1rl\u00e1sa<\/li>\n<li>Elite: Havi\u00a0 250.000 USD bev\u00e9tel felett<\/li>\n<\/ul>\n<\/div>\n<div class=\"section\"><\/div>\n<div class=\"section\">\n<ul><\/ul>\n<\/div>\n<p>[\/vc_column_text][\/vc_column][vc_column width=\"1\/3&#8243;][vc_column_text css=\"\"]<\/p>\n<div class=\"section\">\n<h2>\ud83e\udde9 Mentorinterj\u00fa<\/h2>\n<\/div>\n<div class=\"section\">\n<ul>\n<li>2&#215;1 \u00f3r\u00e1s online besz\u00e9lget\u00e9s az oktat\u00f3kkal a tanfolyam ideje alatt<\/li>\n<\/ul>\n<\/div>\n<div class=\"section\">\n<ul><\/ul>\n<\/div>\n<p>[\/vc_column_text][\/vc_column][vc_column width=\"1\/3&#8243;][vc_column_text css=\"\"]<\/p>\n<div class=\"section\"><\/div>\n<h2 class=\"section\">\ud83d\udccb Vizsga Menete<\/h2>\n<div class=\"section\">\n<ul>\n<li>Online tesztre jelentkez\u00e9s<\/li>\n<li>Portf\u00f3li\u00f3 \u00e9s vide\u00f3k felt\u00f6lt\u00e9se<\/li>\n<li>\u00c9rt\u00e9kel\u00e9s \u2192 szintl\u00e9p\u00e9si lehet\u0151s\u00e9g<\/li>\n<li>A vizsgaszab\u00e1lyzatot az al\u00e1bbi linken ismerheted meg: <a href=\"https:\/\/elite2you.com\/vizsgaszabalyzat\/\" target=\"_blank\" rel=\"noopener\">https:\/\/elite2you.com\/vizsgaszabalyzat\/<\/a><\/li>\n<\/ul>\n<\/div>\n<p>[\/vc_column_text][\/vc_column][\/vc_row][vc_row][vc_column][vc_column_text]<\/p>\n<div class=\"section\">\n<h2>\ud83d\udca1 GYIK \u2013 Gyakori K\u00e9rd\u00e9sek<\/h2>\n<ul>\n<li><strong>Meddig kell elv\u00e9gezni a feladatokat?<\/strong>\u00a0 30 nap \u00e1ll rendelkez\u00e9sre \u00e9s a 31. napon vizsg\u00e1zni kell.<\/li>\n<li><strong>H\u00e1ny napos a vizsga?<\/strong>\u00a0 a kurzusok megv\u00e1s\u00e1rl\u00e1s\u00e1t\u00f3l sz\u00e1m\u00edtott 30 napod van arra, hogy megtanuld a kurzusban tal\u00e1lhat\u00f3 oktat\u00e1si anyagokat. a 30. napon jelentkezned kell a vizsg\u00e1ra. (kiv\u00e9v, ha az h\u00e9tv\u00e9g\u00e9re, vagy \u00fcnnepnapra esik.) A 31. napon ki kell t\u00f6ltened az online vizsgak\u00e9rd\u00e9sek \u0171rlapj\u00e1t, majd m\u00e9g aznap el kell k\u00fcldened. A tetszsor kit\u00f6lt\u00e9se ut\u00e1n 7 napod van arra, hogy elk\u00e9sz\u00edtsd a gyakorlati vizsga anyagot, \u00e9s felt\u00f6ltsd a szerver\u00fcnkre. Ezt k\u00f6vet\u0151en 7 nap alatt \u00e9rt\u00e9kelj\u00fck ki az \u00e1ltalad k\u00fcld\u00f6tt anyagot, \u00e9s a 8.napon kapod meg az oktat\u00f3k \u00e1ltal ki\u00e9rt\u00e9kelt eredm\u00e9nyek \u00f6sszes\u00edtett pontsz\u00e1ma alapj\u00e1n j\u00e1r\u00f3 oszt\u00e1lyzatot.<\/li>\n<li><strong>H\u00e1nyszor lehet \u00fajrapr\u00f3b\u00e1lkozni?<\/strong> 2 \u00d7 30 napos id\u0151keret jav\u00edt\u00e1sra. Az oktat\u00f3kkal val\u00f3 \u00fajabb konzult\u00e1ci\u00f3 m\u00e1r d\u00edjk\u00f6teles, illetve az \u00fajboli vizsg\u00e1z\u00e1s is d\u00edjk\u00f6teles.<\/li>\n<li><strong>Mi sz\u00e1m\u00edt bev\u00e9telnek?<\/strong> Csak platformi bev\u00e9tel (Az OnlyFans \u00e9s az Elite2Fans platformok bev\u00e9telei)<\/li>\n<li><strong>Mi t\u00f6rt\u00e9nik sikeres vizsga ut\u00e1n?<\/strong> Sikeres vizsg\u00e1z\u00e1st k\u00f6vet\u0151en megkapod az Elite2You Akad\u00e9mia oklevel\u00e9t. Ha &#8222;Megfelelt\", vagy &#8222;Kiv\u00e1l\u00f3\" eredm\u00e9nnyel v\u00e9gezt\u00e9l az akad\u00e9mi\u00e1n, egy \u00e9ves szerz\u0151d\u00e9st aj\u00e1nlunk fel neked. Ha \u00f6ssz \u00e9rt\u00e9kel\u00e9sben nem \u00e9rted el a Megfelelt vagy kiv\u00e1l\u00f3 eredm\u00e9nyeket, akkor az al\u00e1bbi lehet\u0151s\u00e9geid vannak:<\/li>\n<\/ul>\n<\/div>\n<div class=\"section\">\n<ul><\/ul>\n<\/div>\n<p>[\/vc_column_text][\/vc_column][\/vc_row][vc_row][vc_column][vc_column_text]<\/p>\n<h2>\ud83c\udfaf Ha nem siker\u00fcl els\u0151re\u2026<\/h2>\n<p>Ha az eredm\u00e9nyed nem el\u00e9g a megfelelt szinthez, 3 l\u00e9pcs\u0151s coaching programot k\u00edn\u00e1lunk:[\/vc_column_text][\/vc_column][\/vc_row][vc_row][vc_column][vc_column_text css=\"\"]<\/p>\n<div style=\"background-color: #f5f5f5; padding: 20px; border-radius: 8px;\">\n<ol>\n<li><strong>Interest:<\/strong> <span>Tudjuk, hogy az els\u0151 l\u00e9p\u00e9sek ijeszt\u0151ek lehetnek, ez\u00e9rt profi mentori t\u00e1mogat\u00e1st k\u00edn\u00e1lunk sz\u00e1modra. \u00d3rad\u00edjas coaching szolg\u00e1ltat\u00e1sunk keret\u00e9ben mind\u00f6ssze 25 USD \/ \u00f3ra d\u00edj\u00e9rt egy tapasztalt igazgat\u00f3 seg\u00edti fejl\u0151d\u00e9sedet szem\u00e9lyre szabott tan\u00e1csokkal \u00e9s gyakorlati \u00fatmutat\u00e1ssal.<strong> <a href=\"https:\/\/elite2you.com\/store\/1-hour-coaching-service\" target=\"_blank\" rel=\"noopener\">Fizesd ki az \u00f3rad\u00edjat,<\/a><\/strong> v\u00e1laszd ki, melyik oktat\u00f3t\u00f3l akarsz seg\u00edts\u00e9get k\u00e9rni, \u00e9s m\u00e1ris biztos\u00edthatsz magadnak id\u0151pontot. \u2013 Ha m\u00e9g intenz\u00edvebb t\u00e1mogat\u00e1st szeretn\u00e9l, v\u00e1laszd havi coaching csomagunkat 250 USD-\u00e9rt, amelyhez egy exkluz\u00edv Telegram-csoporton kereszt\u00fcl folyamatos \u00e9s azonnali seg\u00edts\u00e9get biztos\u00edtunk neked. Itt is ugyanaz a met\u00f3dus: <strong><a href=\"https:\/\/elite2you.com\/store\/1-monthly-coaching-service\" target=\"_blank\" rel=\"noopener\">Fizesd ki a havi mentor\u00e1l\u00e1si d\u00edjat,<\/a><\/strong> v\u00e1laszd ki, melyik oktat\u00f3t\u00f3l akarsz seg\u00edts\u00e9get k\u00e9rni,&nbsp; \u00e9s m\u00e1ris biztos\u00edthatsz magadnak egy oktat\u00f3t, aki eg\u00e9sz h\u00f3napban a te seg\u00edts\u00e9gedre lesz. \u00c1ltal\u00e1nos sorrend a k\u00f6vetkez\u0151: F\u00e9nyk\u00e9p\u00e9szet, Tartalomgy\u00e1rt\u00e1s, Mentor\u00e1l\u00e1s. A Coaching szolg\u00e1ltat\u00e1s b\u00e1rmennyi h\u00f3napra ig\u00e9nybe vehet\u0151. Havi coaching szolg\u00e1ltat\u00e1sunk ig\u00e9nybev\u00e9tele eset\u00e9n, a modellnek k\u00fcl\u00f6n telegram csoportot hozunk l\u00e9tre, a coaching szolg\u00e1ltat\u00e1s azonnali \u00e9s gyors el\u00e9r\u00e9s\u00e9re.<\/span><\/li>\n<li><strong>Desire:<\/strong> Ezzel a mentor\u00e1l\u00e1ssal nemcsak gyorsabban \u00e9s eredm\u00e9nyesebben \u00e9p\u00edtheted fel k\u00f6z\u00f6ss\u00e9gedet, hanem megismerheted saj\u00e1t er\u0151ss\u00e9geidet \u00e9s felfedezheted, miben rejlik a legnagyobb potenci\u00e1lod. Kezdd el most, \u00e9s l\u00e1ssuk meg egy\u00fctt, milyen csod\u00e1latos eredm\u00e9nyeket tudsz el\u00e9rni!<\/li>\n<li><strong>Action: <\/strong>Amikor \u00fagy \u00e9rzed, hogy k\u00e9szen \u00e1llsz \u00e9s a mentorod is meger\u0151s\u00edt abban, hogy minden elv\u00e1r\u00e1snak megfelelsz \u00e9s kiv\u00e1l\u00f3an v\u00e9gzed a munk\u00e1d \u2013, k\u00e9rheted \u0151t, hogy javasoljon t\u00e9ged vizsg\u00e1ra. *Ha ezen az \u00fajabb vizsg\u00e1n &#8222;Megfelelt\" vagy &#8222;Kiv\u00e1l\u00f3\" min\u0151s\u00edt\u00e9st \u00e9rsz el, akkor jogosultt\u00e1 v\u00e1lsz egy h\u00e1rom h\u00f3napra sz\u00f3l\u00f3 pr\u00f3baszerz\u0151d\u00e9sre. Ez a h\u00e1rom h\u00f3napos id\u0151szak lehet\u0151s\u00e9get ad neked arra, hogy egy kicsit fell\u00e9legezz: az \u00fcgyn\u00f6ks\u00e9g teljes m\u00e9rt\u00e9kben \u00e1tv\u00e1llalja t\u0151led a menedzsmentfeladatokat, \u00e9s k\u00f6zben igyekszik kihozni a maximumot abb\u00f3l a k\u00f6vet\u0151b\u00e1zisb\u00f3l, amit eddig te magad \u00e9p\u00edtett\u00e9l fel. A pr\u00f3baid\u0151 v\u00e9g\u00e9n \u00f6sszehasonl\u00edtjuk az \u00e1ltalad kor\u00e1bban el\u00e9rt eredm\u00e9nyeket az \u00fcgyn\u00f6ks\u00e9g \u00e1ltal produk\u00e1lt sz\u00e1maival. Ha az \u00fcgyn\u00f6ks\u00e9g sem tudott jobb eredm\u00e9nyt el\u00e9rni n\u00e1lad, akkor \u00e9rdemes lehet \u00f6n\u00e1ll\u00f3an folytatnod a branded \u00e9p\u00edt\u00e9s\u00e9t. Amennyiben viszont a h\u00e1rom h\u00f3nap alatt jelent\u0151s javul\u00e1st mutatnak az \u00fcgyn\u00f6ks\u00e9g \u00e1ltal el\u00e9rt sz\u00e1mok \u00e9s statisztik\u00e1k, lehet\u0151s\u00e9ged ny\u00edlik egy hosszabb t\u00e1v\u00fa, egy\u00e9ves szerz\u0151d\u00e9s megk\u00f6t\u00e9s\u00e9re. Ebben az esetben a szerz\u0151d\u00e9sk\u00f6t\u00e9s napj\u00e1tol \u00e1tvessz\u00fck a teljes menedzsmentet, \u00e9s a szerz\u0151d\u00e9s id\u0151tartama alatt, sz\u00e1modra m\u00e1r csak a heti tartalomgy\u00e1rt\u00e1si feladatok h\u00e1rulnak.<\/li>\n<\/ol>\n<p>*Abban az esetben, ha a vizsgat\u00e9teleket ism\u00e9t hib\u00e1san teljes\u00edtetted, vagy a vizsgafeladatod \u00e9rt\u00e9kel\u00e9se ism\u00e9t elmaradt a \u201eJ\u00f3l megfelelt\u201d szintt\u0151l, akkor \u00fajra v\u00e9gig kell menned az <strong>Interest \u2013 Desire \u2013 Action<\/strong> l\u00e9p\u00e9seken a siker el\u00e9r\u00e9s\u00e9hez. Ezt a folyamatot addig kell \u00fajra \u00e9s \u00fajra v\u00e9gigcsin\u00e1lnod, am\u00edg sikeresen el nem \u00e9red a \u201eMegfelelt\u201d szintet. <strong data-start=\"645\" data-end=\"723\">Amint ez megt\u00f6rt\u00e9nik, lehet\u0151s\u00e9get kapsz az els\u0151 egy\u00e9ves szerz\u0151d\u00e9sed megk\u00f6t\u00e9s\u00e9re.<\/strong><\/p>\n<ul><\/ul>\n<\/div>\n<p>[\/vc_column_text][vc_column_text]<\/p>\n<div class=\"section\">\n<h2>\ud83d\ude80 K\u00e9szen \u00e1llsz?<\/h2>\n<\/div>\n<div class=\"section\"><!-- GOMB --><\/p>\n<div style=\"text-align: center; margin-top: 30px;\"><a style=\"display: inline-block; background-color: #9c27b0; color: white; padding: 14px 32px; font-size: 16px; font-weight: 600; border-radius: 8px; text-decoration: none; box-shadow: 0 4px 12px rgba(0,0,0,0.15); transition: background-color 0.3s ease;\" href=\"https:\/\/forms.gle\/g1gkoTR8Bo9v4xAe7\" target=\"_blank\" rel=\"noopener\"><br \/>\nJelentkezem a vizsg\u00e1ra!<br \/>\n<\/a><\/div>\n<\/div>\n<p>[\/vc_column_text][\/vc_column][\/vc_row]<\/p>\n<\/div>","protected":false},"excerpt":{"rendered":"<p>[vc_row][vc_column][vc_empty_space height=\"60px\"][vc_column_text css=\"\"] Ahhoz, hogy a Kezd\u0151, Halad\u00f3, Profi vagy Elite szintre l\u00e9pj, nem el\u00e9g csup\u00e1n a bev\u00e9tel. A vizsga &hellip; <a href=\"https:\/\/elite2you.com\/hu\/vizsgafeltetelek\/\" class=\"more-link\">Continue reading <span class=\"screen-reader-text\">Vizsgafelt\u00e9telek<\/span><\/a><\/p>\n","protected":false},"author":5,"featured_media":0,"parent":0,"menu_order":0,"comment_status":"closed","ping_status":"closed","template":"","meta":{"_monsterinsights_skip_tracking":false,"_monsterinsights_sitenote_active":false,"_monsterinsights_sitenote_note":"","_monsterinsights_sitenote_category":0,"footnotes":""},"class_list":["post-19179","page","type-page","status-publish","hentry"],"_links":{"self":[{"href":"https:\/\/elite2you.com\/hu\/wp-json\/wp\/v2\/pages\/19179","targetHints":{"allow":["GET"]}}],"collection":[{"href":"https:\/\/elite2you.com\/hu\/wp-json\/wp\/v2\/pages"}],"about":[{"href":"https:\/\/elite2you.com\/hu\/wp-json\/wp\/v2\/types\/page"}],"author":[{"embeddable":true,"href":"https:\/\/elite2you.com\/hu\/wp-json\/wp\/v2\/users\/5"}],"replies":[{"embeddable":true,"href":"https:\/\/elite2you.com\/hu\/wp-json\/wp\/v2\/comments?post=19179"}],"version-history":[{"count":44,"href":"https:\/\/elite2you.com\/hu\/wp-json\/wp\/v2\/pages\/19179\/revisions"}],"predecessor-version":[{"id":22480,"href":"https:\/\/elite2you.com\/hu\/wp-json\/wp\/v2\/pages\/19179\/revisions\/22480"}],"wp:attachment":[{"href":"https:\/\/elite2you.com\/hu\/wp-json\/wp\/v2\/media?parent=19179"}],"curies":[{"name":"wp","href":"https:\/\/api.w.org\/{rel}","templated":true}]}}