{"id":20088,"date":"2025-06-26T19:09:44","date_gmt":"2025-06-26T19:09:44","guid":{"rendered":"https:\/\/elite2you.com\/?page_id=20088"},"modified":"2025-08-23T19:47:29","modified_gmt":"2025-08-23T19:47:29","slug":"coaching-szolgaltatas","status":"publish","type":"page","link":"https:\/\/elite2you.com\/hu\/coaching-szolgaltatas\/","title":{"rendered":"Coaching Szolg\u00e1ltat\u00e1s"},"content":{"rendered":"<div class=\"wpb-content-wrapper\"><p>[vc_row][vc_column][vc_column_text css=\"\"]<\/p>\n<h2 style=\"text-align: center;\" data-start=\"257\" data-end=\"330\">T\u00e1mogat\u00e1s a szerz\u0151d\u00e9sk\u00f6t\u00e9s el\u0151tti d\u00f6nt\u00e9shez<\/h2>\n<p>&nbsp;<\/p>\n<h3 data-start=\"332\" data-end=\"378\">L\u00e9pj tov\u00e1bb, ha val\u00f3ban komolyan gondolod!<\/h3>\n<p data-start=\"380\" data-end=\"608\">Ha m\u00e1r elv\u00e9gezted az Elite2You Akad\u00e9mia kezd\u0151 kurzus\u00e1t, \u00e9s nem \u00e9rted el a \u201eMegfelelt\u201d vagy \u201eKiv\u00e1l\u00f3an megfelelt\u201d \u00e9rt\u00e9kel\u00e9st, vagy m\u00e9g nem k\u00f6t\u00f6tt\u00e9l szerz\u0151d\u00e9st, \u00e9s lehet\u0151s\u00e9ged van egy szem\u00e9lyre szabott Coaching Szolg\u00e1ltat\u00e1s ig\u00e9nybev\u00e9tel\u00e9re.<\/p>\n<p data-start=\"610\" data-end=\"703\">Ez a program az\u00e9rt j\u00f6tt l\u00e9tre, hogy azok is c\u00e9lir\u00e1nyos, gyakorlati t\u00e1mogat\u00e1st kapjanak, akik:<\/p>\n<ul data-start=\"705\" data-end=\"854\">\n<li data-start=\"705\" data-end=\"754\">\n<p data-start=\"707\" data-end=\"754\">m\u00e9g nem teljesen magabiztosak a tov\u00e1bbl\u00e9p\u00e9sben,<\/p>\n<\/li>\n<li data-start=\"755\" data-end=\"854\">\n<p data-start=\"757\" data-end=\"854\">vagy \u00e9ppen kiemelked\u0151en teljes\u00edtettek, \u00e9s felk\u00e9sz\u00fclten akarnak belev\u00e1gni a profi modellkarrierbe.<\/p>\n<\/li>\n<\/ul>\n<hr data-start=\"856\" data-end=\"859\">\n<h3 data-start=\"861\" data-end=\"890\">Mit jelent ez a coaching?<\/h3>\n<p data-start=\"892\" data-end=\"1127\">\ud83d\udca1 <strong data-start=\"895\" data-end=\"923\">1. Interest \u2013 \u00c9rdekl\u0151d\u00e9s<\/strong><br data-start=\"923\" data-end=\"926\">Az els\u0151 l\u00e9p\u00e9sek mindig a legnehezebbek. Ez\u00e9rt az Elite2You igazgat\u00f3i csapata most lehet\u0151s\u00e9get ad arra, hogy \u00f3rad\u00edjas coaching form\u00e1j\u00e1ban, vagy havonta fix t\u00e1mogat\u00e1s mellett fejl\u0151dj tov\u00e1bb.<\/p>\n<p data-start=\"1129\" data-end=\"1140\"><strong data-start=\"1129\" data-end=\"1140\">Opci\u00f3k:<\/strong><\/p>\n<ul data-start=\"1141\" data-end=\"1414\">\n<li data-start=\"1141\" data-end=\"1256\">\n<p data-start=\"1143\" data-end=\"1256\"><strong data-start=\"1143\" data-end=\"1164\">\u00d3rad\u00edjas coaching<\/strong> \u2013 25 USD \/ \u00f3ra<br data-start=\"1182\" data-end=\"1185\">Egy v\u00e1lasztott igazgat\u00f3 mentor\u00e1l t\u00e9ged szem\u00e9lyre szabott tan\u00e1csokkal.<\/p>\n<\/li>\n<li data-start=\"1257\" data-end=\"1414\">\n<p data-start=\"1259\" data-end=\"1414\"><strong data-start=\"1259\" data-end=\"1283\">Havi coaching csomag<\/strong> \u2013 250 USD \/ h\u00f3<br data-start=\"1301\" data-end=\"1304\">Intenz\u00edv t\u00e1mogat\u00e1s egy exkluz\u00edv Telegram-csoporton kereszt\u00fcl, gyors v\u00e1laszid\u0151kkel \u00e9s folyamatos jelenl\u00e9ttel.<\/p>\n<\/li>\n<\/ul>\n<p data-start=\"1416\" data-end=\"1499\"><strong data-start=\"1416\" data-end=\"1426\">Sorrend:<\/strong> F\u00e9nyk\u00e9p\u00e9szet, Tartalomgy\u00e1rt\u00e1s, Szem\u00e9lyes m\u00e1rka\u00e9p\u00edt\u00e9s, Vizsgafelk\u00e9sz\u00edt\u00e9s.<\/p>\n<hr data-start=\"1501\" data-end=\"1504\">\n<p data-start=\"1506\" data-end=\"1562\">\ud83d\udc8e <strong data-start=\"1509\" data-end=\"1542\">2. Desire \u2013 V\u00e1gy a fejl\u0151d\u00e9sre<\/strong><br data-start=\"1542\" data-end=\"1545\">A coaching sor\u00e1n:<\/p>\n<ul data-start=\"1564\" data-end=\"1720\">\n<li data-start=\"1564\" data-end=\"1596\">\n<p data-start=\"1566\" data-end=\"1596\">felfedezed saj\u00e1t er\u0151ss\u00e9geidet,<\/p>\n<\/li>\n<li data-start=\"1597\" data-end=\"1651\">\n<p data-start=\"1599\" data-end=\"1651\">meg\u00e9rted, hogyan \u00e9p\u00fcl fel a k\u00f6vet\u0151b\u00e1zisod tudatosan,<\/p>\n<\/li>\n<li data-start=\"1652\" data-end=\"1720\">\n<p data-start=\"1654\" data-end=\"1720\">felk\u00e9sz\u00fclsz a vizsg\u00e1ra, ahol a k\u00f6vetkez\u0151 szint kapuj\u00e1ban \u00e1llhatsz.<\/p>\n<\/li>\n<\/ul>\n<p data-start=\"1722\" data-end=\"1870\">Ez nemcsak gyakorlati \u00fatmutat\u00e1s \u2013 ez gondolkod\u00e1sm\u00f3d-form\u00e1l\u00e1s is. A c\u00e9lunk az, hogy ne csak j\u00f3 legy\u00e9l, hanem tudatos \u00e9s er\u0151s is.<\/p>\n<hr data-start=\"1872\" data-end=\"1875\">\n<p data-start=\"1877\" data-end=\"2010\">\ud83d\ude80 <strong data-start=\"1880\" data-end=\"1909\">3. Action \u2013 L\u00e9pj szintet!<\/strong><br data-start=\"1909\" data-end=\"1912\">Ha a mentorod is \u00fagy \u00edt\u00e9li meg, hogy k\u00e9szen \u00e1llsz, aj\u00e1nl\u00e1st adhat a szerz\u0151d\u00e9s el\u0151tti vizsg\u00e1ra.<\/p>\n<p data-start=\"2012\" data-end=\"2032\">Ha a vizsga sikeres:<\/p>\n<ul data-start=\"2034\" data-end=\"2252\">\n<li data-start=\"2034\" data-end=\"2124\">\n<p data-start=\"2036\" data-end=\"2124\">h\u00e1rom h\u00f3napos pr\u00f3baszerz\u0151d\u00e9s indul: az \u00fcgyn\u00f6ks\u00e9g menedzsel, te pedig csak alkotsz.<\/p>\n<\/li>\n<li data-start=\"2125\" data-end=\"2173\">\n<p data-start=\"2127\" data-end=\"2173\">a pr\u00f3baid\u0151 v\u00e9g\u00e9n megn\u00e9zz\u00fck az eredm\u00e9nyeidet.<\/p>\n<\/li>\n<li data-start=\"2174\" data-end=\"2252\">\n<p data-start=\"2176\" data-end=\"2252\">ha j\u00f3l teljes\u00edtesz, lehet\u0151s\u00e9ged van egy egy\u00e9ves menedzsment-szerz\u0151d\u00e9sre.<\/p>\n<\/li>\n<\/ul>\n<p data-start=\"2254\" data-end=\"2379\">Ha a vizsga ism\u00e9t sikertelen, visszat\u00e9rsz a Coaching ciklusba \u2013 eg\u00e9szen addig, am\u00edg k\u00e9szen nem \u00e1llsz a k\u00f6vetkez\u0151 l\u00e9pcs\u0151fokra.<\/p>\n<hr data-start=\"2381\" data-end=\"2384\">\n<h3 data-start=\"2386\" data-end=\"2408\">\ud83c\udfaf Kinek aj\u00e1nljuk?<\/h3>\n<ul data-start=\"2410\" data-end=\"2710\">\n<li data-start=\"2410\" data-end=\"2478\">\n<p data-start=\"2412\" data-end=\"2478\">Akik az Akad\u00e9mia elv\u00e9gz\u00e9se ut\u00e1n m\u00e9g nem d\u00f6nt\u00f6tt\u00e9k el a j\u00f6v\u0151j\u00fcket<\/p>\n<\/li>\n<li data-start=\"2479\" data-end=\"2547\">\n<p data-start=\"2481\" data-end=\"2547\">Akik kiemelked\u0151en teljes\u00edtettek, \u00e9s gyors karrierstartot akarnak<\/p>\n<\/li>\n<li data-start=\"2548\" data-end=\"2642\">\n<p data-start=\"2550\" data-end=\"2642\">Akik a k\u00f6vetkez\u0151 vizsg\u00e1n m\u00e1r szeretn\u00e9nek Megfelelt vagy Kiv\u00e1l\u00f3 \u00e9rt\u00e9kel\u00e9st szerezni<\/p>\n<\/li>\n<li data-start=\"2643\" data-end=\"2710\">\n<p data-start=\"2645\" data-end=\"2710\">Akik \u00f6n\u00e1ll\u00f3an akarnak fejl\u0151dni, de biztons\u00e1gos mentor\u00e1l\u00e1s mellett<\/p>\n<\/li>\n<\/ul>\n<hr data-start=\"2712\" data-end=\"2715\">\n<h2 data-start=\"2717\" data-end=\"2757\">\ud83d\udcf2 Coaching Szolg\u00e1ltat\u00e1s Megrendel\u00e9se<\/h2>\n<ol data-start=\"2759\" data-end=\"2949\">\n<li data-start=\"2759\" data-end=\"2805\">\n<p data-start=\"2762\" data-end=\"2805\">V\u00e1laszd ki az \u00f3rad\u00edjas vagy havi csomagot<\/p>\n<\/li>\n<li data-start=\"2806\" data-end=\"2834\">\n<p data-start=\"2809\" data-end=\"2834\">V\u00e1laszd ki a mentorodat<\/p>\n<\/li>\n<li data-start=\"2835\" data-end=\"2892\">\n<p data-start=\"2838\" data-end=\"2892\">Foglalj id\u0151pontot, vagy csatlakozz a z\u00e1rt csoporthoz<\/p>\n<\/li>\n<li data-start=\"2893\" data-end=\"2949\">\n<p data-start=\"2896\" data-end=\"2949\">L\u00e9pj szintet \u2013 tud\u00e1ssal, t\u00e1mogat\u00e1ssal \u00e9s \u00f6nbizalommal<\/p>\n<\/li>\n<\/ol>\n<p>&nbsp;[\/vc_column_text][\/vc_column][\/vc_row][vc_row][vc_column][vc_cta h2=\"Szeretn\u00e9l jelentkezni?\" h4=\"Ha igen, fizesd ki a coaching d\u00edj\u00e1t itt\" txt_align=\"center\"]<\/p>\n<div style=\"text-align: center; margin-top: 40px;\"><a style=\"display: inline-block; background-color: #e0b645; color: white; padding: 16px 36px; font-size: 18px; font-weight: bold; border-radius: 40px; text-decoration: none; box-shadow: 0 4px 12px rgba(0, 0, 0, 0.2); transition: background-color 0.3s ease;\" href=\"https:\/\/elite2you.com\/store\/\" target=\"_blank\" rel=\"noopener\"><br \/>\n\ud83d\udce9 Jelentkezem Coachingra<br \/>\n<\/a><\/div>\n<p>[\/vc_cta][\/vc_column][\/vc_row][vc_row][vc_column][vc_cta h2=\"Kifizetted a Coaching d\u00edj\u00e1t?\" h4=\"Ha igen, foglalj id\u0151pontot itt\" txt_align=\"center\"]<!-- Calendly inline widget begin --><\/p>\n<div class=\"calendly-inline-widget\" style=\"min-width: 320px; height: 700px;\" data-url=\"https:\/\/calendly.com\/elite2you-hungary\/30min\"><\/div>\n<p><script type=\"text\/javascript\" src=\"https:\/\/assets.calendly.com\/assets\/external\/widget.js\" async><\/script><br \/>\n<!-- Calendly inline widget end -->[\/vc_cta][\/vc_column][\/vc_row]<\/p>\n<\/div>","protected":false},"excerpt":{"rendered":"<p>[vc_row][vc_column][vc_column_text css=\"\"] T\u00e1mogat\u00e1s a szerz\u0151d\u00e9sk\u00f6t\u00e9s el\u0151tti d\u00f6nt\u00e9shez &nbsp; L\u00e9pj tov\u00e1bb, ha val\u00f3ban komolyan gondolod! Ha m\u00e1r elv\u00e9gezted az Elite2You Akad\u00e9mia &hellip; <a href=\"https:\/\/elite2you.com\/hu\/coaching-szolgaltatas\/\" class=\"more-link\">Continue reading <span class=\"screen-reader-text\">Coaching Szolg\u00e1ltat\u00e1s<\/span><\/a><\/p>\n","protected":false},"author":5,"featured_media":0,"parent":0,"menu_order":0,"comment_status":"closed","ping_status":"closed","template":"","meta":{"_monsterinsights_skip_tracking":false,"_monsterinsights_sitenote_active":false,"_monsterinsights_sitenote_note":"","_monsterinsights_sitenote_category":0,"footnotes":""},"class_list":["post-20088","page","type-page","status-publish","hentry"],"_links":{"self":[{"href":"https:\/\/elite2you.com\/hu\/wp-json\/wp\/v2\/pages\/20088","targetHints":{"allow":["GET"]}}],"collection":[{"href":"https:\/\/elite2you.com\/hu\/wp-json\/wp\/v2\/pages"}],"about":[{"href":"https:\/\/elite2you.com\/hu\/wp-json\/wp\/v2\/types\/page"}],"author":[{"embeddable":true,"href":"https:\/\/elite2you.com\/hu\/wp-json\/wp\/v2\/users\/5"}],"replies":[{"embeddable":true,"href":"https:\/\/elite2you.com\/hu\/wp-json\/wp\/v2\/comments?post=20088"}],"version-history":[{"count":11,"href":"https:\/\/elite2you.com\/hu\/wp-json\/wp\/v2\/pages\/20088\/revisions"}],"predecessor-version":[{"id":22455,"href":"https:\/\/elite2you.com\/hu\/wp-json\/wp\/v2\/pages\/20088\/revisions\/22455"}],"wp:attachment":[{"href":"https:\/\/elite2you.com\/hu\/wp-json\/wp\/v2\/media?parent=20088"}],"curies":[{"name":"wp","href":"https:\/\/api.w.org\/{rel}","templated":true}]}}