{"id":20232,"date":"2025-07-02T23:24:38","date_gmt":"2025-07-02T23:24:38","guid":{"rendered":"https:\/\/elite2you.com\/?page_id=20232"},"modified":"2025-07-02T23:24:38","modified_gmt":"2025-07-02T23:24:38","slug":"elallasi-nyilatkozat","status":"publish","type":"page","link":"https:\/\/elite2you.com\/hu\/elallasi-nyilatkozat\/","title":{"rendered":"El\u00e1ll\u00e1si nyilatkozat"},"content":{"rendered":"<h2 data-start=\"287\" data-end=\"345\">El\u00e1ll\u00e1si jog gyakorl\u00e1sa \u2013 T\u00e1j\u00e9koztat\u00f3 \u00e9s Nyilatkozat<\/h2>\n<h3 data-start=\"347\" data-end=\"398\">1. <strong data-start=\"354\" data-end=\"398\">El\u00e1ll\u00e1si jog a digit\u00e1lis term\u00e9kek eset\u00e9n<\/strong><\/h3>\n<p data-start=\"400\" data-end=\"534\"><strong>A v\u00e1s\u00e1rl\u00f3t a 45\/2014. (II. 26.) Korm. rendelet alapj\u00e1n \u00e1ltal\u00e1noss\u00e1gban megilleti a 14 napos el\u00e1ll\u00e1si jog \u2013 az al\u00e1bbi kiv\u00e9telekkel:<\/strong><\/p>\n<blockquote data-start=\"536\" data-end=\"811\">\n<p data-start=\"538\" data-end=\"811\"><strong data-start=\"538\" data-end=\"549\">Fontos:<\/strong> A v\u00e1s\u00e1rl\u00f3 elvesz\u00edti az el\u00e1ll\u00e1si jog\u00e1t, ha az \u00e9rt\u00e9kes\u00edt\u00e9s digit\u00e1lis tartalomra vonatkozik, \u00e9s a let\u00f6lt\u00e9s vagy hozz\u00e1f\u00e9r\u00e9s megkezd\u0151d\u00f6tt, el\u0151zetes kifejezett beleegyez\u00e9s\u00e9vel \u00e9s azzal az egyidej\u0171 nyilatkozattal, hogy ezzel elveszti az el\u00e1ll\u00e1si jog\u00e1t.<\/p>\n<\/blockquote>\n<p data-start=\"813\" data-end=\"1010\">Az Elite2You Akad\u00e9mia \u00e1ltal k\u00edn\u00e1lt kurzusok, oktat\u00f3anyagok \u00e9s el\u0151fizet\u00e9sek digit\u00e1lis tartalomnak min\u0151s\u00fclnek, \u00edgy a v\u00e1s\u00e1rl\u00e1s ut\u00e1n azonnali hozz\u00e1f\u00e9r\u00e9s eset\u00e9n az el\u00e1ll\u00e1si jog nem gyakorolhat\u00f3.<\/p>\n<hr data-start=\"1012\" data-end=\"1015\" \/>\n<h3 data-start=\"1017\" data-end=\"1067\">2. <strong data-start=\"1024\" data-end=\"1067\">Kiv\u00e9teles esetekben biztos\u00edtott el\u00e1ll\u00e1s<\/strong><\/h3>\n<p data-start=\"1069\" data-end=\"1273\">Az \u00dczemeltet\u0151 kiv\u00e9teles m\u00e9lt\u00e1nyl\u00e1s eset\u00e9n (pl. technikai hiba, v\u00e9letlen dupla fizet\u00e9s) m\u00e9lt\u00e1nyoss\u00e1gi alapon biztos\u00edthatja a d\u00edj visszat\u00e9r\u00edt\u00e9s\u00e9t \u2013 a v\u00e1s\u00e1rl\u00e1s ut\u00e1n legfeljebb 3 munkanapon bel\u00fcl.<\/p>\n<hr data-start=\"1275\" data-end=\"1278\" \/>\n<h3 data-start=\"1280\" data-end=\"1347\">3. <strong data-start=\"1287\" data-end=\"1347\">El\u00e1ll\u00e1si nyilatkozat minta (pap\u00edralap\u00fa v\u00e1s\u00e1rl\u00e1s eset\u00e9re)<\/strong><\/h3>\n<blockquote data-start=\"1349\" data-end=\"1832\">\n<p data-start=\"1351\" data-end=\"1450\"><strong data-start=\"1351\" data-end=\"1363\">C\u00edmzett:<\/strong><br data-start=\"1363\" data-end=\"1366\" \/>Elite2You Digital Model Agency<br data-start=\"1382\" data-end=\"1385\" \/>K\u00f6zponti postac\u00edm: 293 Sugar Mill Business Park, Oakhurst Avenue, Leeds, LS117HL, United Kingdom<br data-start=\"1418\" data-end=\"1421\" \/>Email: <a class=\"cursor-pointer\" rel=\"noopener\" data-start=\"1430\" data-end=\"1448\">info@elite2you.com<\/a><\/p>\n<p data-start=\"1457\" data-end=\"1512\"><strong data-start=\"1457\" data-end=\"1472\">Nyilatkozom<\/strong>, hogy el\u00e1llok az al\u00e1bbi szerz\u0151d\u00e9st\u0151l:<\/p>\n<p data-start=\"1519\" data-end=\"1746\">Term\u00e9k megnevez\u00e9se: ________________________<br data-start=\"1563\" data-end=\"1566\" \/>Rendel\u00e9s d\u00e1tuma: ________________________<br data-start=\"1609\" data-end=\"1612\" \/>V\u00e1s\u00e1rl\u00f3 neve: ________________________<br data-start=\"1652\" data-end=\"1655\" \/>V\u00e1s\u00e1rl\u00f3 c\u00edme: ________________________<br data-start=\"1695\" data-end=\"1698\" \/>V\u00e1s\u00e1rl\u00f3 email c\u00edme: ________________________<\/p>\n<p data-start=\"1753\" data-end=\"1832\">D\u00e1tum: ________________________<br data-start=\"1784\" data-end=\"1787\" \/>Al\u00e1\u00edr\u00e1s (pap\u00edron): ________________________<\/p>\n<\/blockquote>\n<hr data-start=\"1834\" data-end=\"1837\" \/>\n<h3 data-start=\"1839\" data-end=\"1875\">4. <strong data-start=\"1846\" data-end=\"1875\">A dokumentum el\u00e9rhet\u0151s\u00e9ge<\/strong><\/h3>\n<p data-start=\"1877\" data-end=\"2006\">A teljes <strong data-start=\"1886\" data-end=\"1925\">El\u00e1ll\u00e1si Nyilatkozat \u00e9s T\u00e1j\u00e9koztat\u00f3<\/strong> let\u00f6lthet\u0151 PDF form\u00e1tumban is, vagy m\u00e1solhat\u00f3 a v\u00e1s\u00e1rl\u00f3i e-mailbe automatikusan.<\/p>\n","protected":false},"excerpt":{"rendered":"<p>El\u00e1ll\u00e1si jog gyakorl\u00e1sa \u2013 T\u00e1j\u00e9koztat\u00f3 \u00e9s Nyilatkozat 1. El\u00e1ll\u00e1si jog a digit\u00e1lis term\u00e9kek eset\u00e9n A v\u00e1s\u00e1rl\u00f3t a 45\/2014. (II. 26.) &hellip; <a href=\"https:\/\/elite2you.com\/hu\/elallasi-nyilatkozat\/\" class=\"more-link\">Continue reading <span class=\"screen-reader-text\">El\u00e1ll\u00e1si nyilatkozat<\/span><\/a><\/p>\n","protected":false},"author":5,"featured_media":0,"parent":0,"menu_order":0,"comment_status":"closed","ping_status":"closed","template":"","meta":{"_monsterinsights_skip_tracking":false,"_monsterinsights_sitenote_active":false,"_monsterinsights_sitenote_note":"","_monsterinsights_sitenote_category":0,"footnotes":""},"class_list":["post-20232","page","type-page","status-publish","hentry"],"_links":{"self":[{"href":"https:\/\/elite2you.com\/hu\/wp-json\/wp\/v2\/pages\/20232","targetHints":{"allow":["GET"]}}],"collection":[{"href":"https:\/\/elite2you.com\/hu\/wp-json\/wp\/v2\/pages"}],"about":[{"href":"https:\/\/elite2you.com\/hu\/wp-json\/wp\/v2\/types\/page"}],"author":[{"embeddable":true,"href":"https:\/\/elite2you.com\/hu\/wp-json\/wp\/v2\/users\/5"}],"replies":[{"embeddable":true,"href":"https:\/\/elite2you.com\/hu\/wp-json\/wp\/v2\/comments?post=20232"}],"version-history":[{"count":1,"href":"https:\/\/elite2you.com\/hu\/wp-json\/wp\/v2\/pages\/20232\/revisions"}],"predecessor-version":[{"id":20236,"href":"https:\/\/elite2you.com\/hu\/wp-json\/wp\/v2\/pages\/20232\/revisions\/20236"}],"wp:attachment":[{"href":"https:\/\/elite2you.com\/hu\/wp-json\/wp\/v2\/media?parent=20232"}],"curies":[{"name":"wp","href":"https:\/\/api.w.org\/{rel}","templated":true}]}}