{"id":20261,"date":"2025-07-03T07:09:59","date_gmt":"2025-07-03T07:09:59","guid":{"rendered":"https:\/\/elite2you.com\/?page_id=20261"},"modified":"2025-07-03T07:09:59","modified_gmt":"2025-07-03T07:09:59","slug":"kozossegi-magatartasi-szabalyzat","status":"publish","type":"page","link":"https:\/\/elite2you.com\/hu\/kozossegi-magatartasi-szabalyzat\/","title":{"rendered":"K\u00f6z\u00f6ss\u00e9gi Magatart\u00e1si Szab\u00e1lyzat"},"content":{"rendered":"<h2 data-start=\"187\" data-end=\"240\">\ud83e\udded Tartalom- \u00e9s K\u00f6z\u00f6ss\u00e9gi Magatart\u00e1si Szab\u00e1lyzat<\/h2>\n<p data-start=\"241\" data-end=\"271\"><strong data-start=\"241\" data-end=\"271\">Hat\u00e1lyos: 2024.04.14.<\/strong><\/p>\n<p data-start=\"273\" data-end=\"654\">Az Elite2You Csoport \u2013 bele\u00e9rtve az <a href=\"https:\/\/elite2you.com\/akademia\/\" target=\"_blank\" rel=\"noopener\"><strong data-start=\"309\" data-end=\"332\">Elite2You Akad\u00e9mi\u00e1t<\/strong><\/a>, az <a href=\"https:\/\/elite2fans.com\/\" target=\"_blank\" rel=\"noopener\"><strong data-start=\"337\" data-end=\"362\">Elite2Fans platformot<\/strong><\/a> \u00e9s a <a href=\"https:\/\/models2you.com\/\" target=\"_blank\" rel=\"noopener\"><strong data-start=\"368\" data-end=\"392\">Models2You rendszert<\/strong><\/a> \u2013 c\u00e9lja egy inspir\u00e1l\u00f3, biztons\u00e1gos \u00e9s professzion\u00e1lis k\u00f6rnyezet fenntart\u00e1sa, amely \u00f6szt\u00f6nzi a fejl\u0151d\u00e9st, a kreat\u00edv \u00f6nkifejez\u00e9st \u00e9s a k\u00f6z\u00f6ss\u00e9gi tiszteletet.<br data-start=\"548\" data-end=\"551\" \/>Ez a szab\u00e1lyzat minden regisztr\u00e1lt felhaszn\u00e1l\u00f3ra, tanul\u00f3ra, oktat\u00f3ra, modellre \u00e9s partnerre vonatkozik.<\/p>\n<hr data-start=\"656\" data-end=\"659\" \/>\n<h3 data-start=\"661\" data-end=\"707\">\ud83d\udccc 1. K\u00f6z\u00f6ss\u00e9gi tartalmak \u00e9s hozz\u00e1sz\u00f3l\u00e1sok<\/h3>\n<p data-start=\"709\" data-end=\"815\">A felhaszn\u00e1l\u00f3k az al\u00e1bbi oldalakon t\u00f6lthetnek fel tartalmat, \u00edrhatnak hozz\u00e1sz\u00f3l\u00e1sokat, vagy \u00e9rt\u00e9kel\u00e9seket:<\/p>\n<ul data-start=\"817\" data-end=\"1053\">\n<li data-start=\"817\" data-end=\"887\">\n<p data-start=\"819\" data-end=\"887\"><strong data-start=\"819\" data-end=\"841\">Elite2You Akad\u00e9mia<\/strong>: oktat\u00e1si kommentek, visszajelz\u00e9sek, k\u00e9rd\u00e9sek<\/p>\n<\/li>\n<li data-start=\"888\" data-end=\"965\">\n<p data-start=\"890\" data-end=\"965\"><strong data-start=\"890\" data-end=\"904\">Elite2Fans<\/strong>: alkot\u00f3i tartalmak, bejegyz\u00e9sek, \u00fczenetek, profilinform\u00e1ci\u00f3k<\/p>\n<\/li>\n<li data-start=\"966\" data-end=\"1053\">\n<p data-start=\"968\" data-end=\"1053\"><strong data-start=\"968\" data-end=\"982\">Models2You<\/strong>: nyilv\u00e1nos modellprofilok, bemutatkoz\u00e1sok, portf\u00f3li\u00f3k\u00e9pek, \u00e9rt\u00e9kel\u00e9sek<\/p>\n<\/li>\n<\/ul>\n<p>&nbsp;<\/p>\n<p data-start=\"1055\" data-end=\"1098\"><strong>A felt\u00f6lt\u00f6tt tartalom nem tartalmazhat:<\/strong><\/p>\n<ul data-start=\"1100\" data-end=\"1564\">\n<li data-start=\"1100\" data-end=\"1185\">\n<p data-start=\"1102\" data-end=\"1185\">vulg\u00e1ris, zaklat\u00f3, megf\u00e9leml\u00edt\u0151, gy\u0171l\u00f6letkelt\u0151 vagy szexu\u00e1lisan er\u0151szakos elemeket,<\/p>\n<\/li>\n<li data-start=\"1186\" data-end=\"1245\">\n<p data-start=\"1188\" data-end=\"1245\">m\u00e1sokat megal\u00e1z\u00f3, lej\u00e1rat\u00f3, szem\u00e9lyesked\u0151 megjegyz\u00e9seket,<\/p>\n<\/li>\n<li data-start=\"1246\" data-end=\"1312\">\n<p data-start=\"1248\" data-end=\"1312\">m\u00e1s szem\u00e9lyek hozz\u00e1j\u00e1rul\u00e1sa n\u00e9lk\u00fcli k\u00e9peket, szem\u00e9lyes adatokat,<\/p>\n<\/li>\n<li data-start=\"1313\" data-end=\"1352\">\n<p data-start=\"1315\" data-end=\"1352\">k\u00e9retlen prom\u00f3ci\u00f3t, rekl\u00e1mot, spamet,<\/p>\n<\/li>\n<li data-start=\"1353\" data-end=\"1404\">\n<p data-start=\"1355\" data-end=\"1404\">f\u00e9lrevezet\u0151, hamis vagy manipul\u00e1lt inform\u00e1ci\u00f3kat,<\/p>\n<\/li>\n<li data-start=\"1405\" data-end=\"1564\">\n<p data-start=\"1407\" data-end=\"1564\">a platform c\u00e9lj\u00e1val \u00f6ssze nem egyeztethet\u0151 tartalmakat (pl. er\u0151szakos, kiskor\u00faakat \u00e1br\u00e1zol\u00f3, \u00e1llatk\u00ednz\u00f3 stb. anyagokat \u2013 ezek z\u00e9r\u00f3 tolerancia al\u00e1 esnek).<\/p>\n<\/li>\n<\/ul>\n<hr data-start=\"1566\" data-end=\"1569\" \/>\n<h3 data-start=\"1571\" data-end=\"1613\">\ud83d\udeab 2. Tilos \u00e9s szankcion\u00e1lt magatart\u00e1s<\/h3>\n<p data-start=\"1615\" data-end=\"1746\"><strong>Az al\u00e1bbi viselked\u00e9sek szigor\u00faan tilosak, \u00e9s a felhaszn\u00e1l\u00f3i fi\u00f3k ideiglenes vagy v\u00e9gleges felf\u00fcggeszt\u00e9s\u00e9t vonhatj\u00e1k maguk ut\u00e1n:<\/strong><\/p>\n<ul data-start=\"1748\" data-end=\"2205\">\n<li data-start=\"1748\" data-end=\"1805\">\n<p data-start=\"1750\" data-end=\"1805\">Zaklat\u00e1s, fenyeget\u00e9s, zsarol\u00e1s, b\u00e1rmilyen form\u00e1ban.<\/p>\n<\/li>\n<li data-start=\"1806\" data-end=\"1925\">\n<p data-start=\"1808\" data-end=\"1925\">Erotikus tartalom k\u00f6zz\u00e9t\u00e9tele az akad\u00e9miai fel\u00fcleteken (az Elite2Fans erre szolg\u00e1l\u00f3 keretrendszert biztos\u00edt).<\/p>\n<\/li>\n<li data-start=\"1926\" data-end=\"2035\">\n<p data-start=\"1928\" data-end=\"2035\">Tartalmi m\u00e1sol\u00e1s, szerz\u0151i jogok megs\u00e9rt\u00e9se (pl. m\u00e1s felhaszn\u00e1l\u00f3 k\u00e9peinek, sz\u00f6vegeinek eltulajdon\u00edt\u00e1sa).<\/p>\n<\/li>\n<li data-start=\"2036\" data-end=\"2094\">\n<p data-start=\"2038\" data-end=\"2094\">Trollkod\u00e1s, hamis \u00e9rt\u00e9kel\u00e9sek, kommentvihar okoz\u00e1sa.<\/p>\n<\/li>\n<li data-start=\"2095\" data-end=\"2205\">\n<p data-start=\"2097\" data-end=\"2205\">Illeg\u00e1lis tev\u00e9kenys\u00e9gre val\u00f3 buzd\u00edt\u00e1s vagy utal\u00e1s (pl. drog, fegyver, kiskor\u00faak bevon\u00e1sa, adathal\u00e1szat).<\/p>\n<\/li>\n<\/ul>\n<hr data-start=\"2207\" data-end=\"2210\" \/>\n<h3 data-start=\"2212\" data-end=\"2239\">\ud83d\udee1\ufe0f 3. Moder\u00e1l\u00e1si jogok<\/h3>\n<p data-start=\"2241\" data-end=\"2290\">A <strong data-start=\"2243\" data-end=\"2278\">moder\u00e1torok \u00e9s adminisztr\u00e1torok<\/strong> <strong>jogosultak:<\/strong><\/p>\n<ul data-start=\"2292\" data-end=\"2481\">\n<li data-start=\"2292\" data-end=\"2349\">\n<p data-start=\"2294\" data-end=\"2349\">tartalmakat el\u0151zetes figyelmeztet\u00e9s n\u00e9lk\u00fcl t\u00f6r\u00f6lni,<\/p>\n<\/li>\n<li data-start=\"2350\" data-end=\"2394\">\n<p data-start=\"2352\" data-end=\"2394\">hozz\u00e1sz\u00f3l\u00e1sokat sz\u0171rni vagy elrejteni,<\/p>\n<\/li>\n<li data-start=\"2395\" data-end=\"2481\">\n<p data-start=\"2397\" data-end=\"2481\">a szab\u00e1lys\u00e9rt\u0151 felhaszn\u00e1l\u00f3t ideiglenesen felf\u00fcggeszteni vagy v\u00e9glegesen kiz\u00e1rni.<\/p>\n<\/li>\n<\/ul>\n<p data-start=\"2483\" data-end=\"2623\">A szab\u00e1lyzat megs\u00e9rt\u00e9se eset\u00e9n a hozz\u00e1f\u00e9r\u00e9s b\u00e1rmelyik platformhoz letilthat\u00f3, f\u00fcggetlen\u00fcl att\u00f3l, melyik oldalon t\u00f6rt\u00e9nt a szab\u00e1lys\u00e9rt\u00e9s.<\/p>\n<hr data-start=\"2625\" data-end=\"2628\" \/>\n<h3 data-start=\"2630\" data-end=\"2668\">\ud83d\udce3 4. Jelent\u00e9s \u00e9s bizalmas elj\u00e1r\u00e1s<\/h3>\n<p data-start=\"2670\" data-end=\"2872\">Minden felhaszn\u00e1l\u00f3 jogosult m\u00e1s felhaszn\u00e1l\u00f3 szab\u00e1lys\u00e9rt\u0151 viselked\u00e9s\u00e9t jelenteni az \u00fcgyf\u00e9lszolg\u00e1latnak. A bejelent\u00e9seket minden esetben diszkr\u00e9ten, bizalmasan kezelj\u00fck, \u00e9s 72 \u00f3r\u00e1n bel\u00fcl kivizsg\u00e1ljuk.<\/p>\n<hr data-start=\"2874\" data-end=\"2877\" \/>\n<h3 data-start=\"2879\" data-end=\"2921\">\ud83e\udd1d 5. Platform-specifikus megjegyz\u00e9sek<\/h3>\n<ul data-start=\"2923\" data-end=\"3454\">\n<li data-start=\"2923\" data-end=\"3049\">\n<p data-start=\"2925\" data-end=\"3049\"><strong data-start=\"2925\" data-end=\"2947\">Elite2You Akad\u00e9mia<\/strong>: kiz\u00e1r\u00f3lag oktat\u00e1si c\u00e9llal haszn\u00e1lhat\u00f3. Erotikus, rekl\u00e1moz\u00f3 vagy politikai tartalom felt\u00f6lt\u00e9se tilos.<\/p>\n<\/li>\n<li data-start=\"3050\" data-end=\"3282\">\n<p data-start=\"3052\" data-end=\"3282\"><strong data-start=\"3052\" data-end=\"3066\">Elite2Fans<\/strong>: csak nagykor\u00fa felhaszn\u00e1l\u00f3k sz\u00e1m\u00e1ra el\u00e9rhet\u0151. A tartalomnak meg kell felelnie a vonatkoz\u00f3 t\u00f6rv\u00e9nyeknek \u00e9s az oldal saj\u00e1t ir\u00e1nyelveinek.<br data-start=\"3202\" data-end=\"3205\" \/>\u27a4 A gyermekek kiz\u00e1r\u00e1sa, jogszer\u0171 m\u0171k\u00f6d\u00e9s \u00e9s p\u00e9nz\u00fcgyi elsz\u00e1mol\u00e1s els\u0151dleges.<\/p>\n<\/li>\n<li data-start=\"3283\" data-end=\"3454\">\n<p data-start=\"3285\" data-end=\"3454\"><strong data-start=\"3285\" data-end=\"3299\">Models2You<\/strong>: kiz\u00e1r\u00f3lag professzion\u00e1lis c\u00e9l\u00fa modellportf\u00f3li\u00f3k elhelyez\u00e9s\u00e9re szolg\u00e1l. Pornogr\u00e1f, nem saj\u00e1t vagy hamis adatok felt\u00f6lt\u00e9se azonnali kiz\u00e1r\u00e1st von maga ut\u00e1n.<\/p>\n<\/li>\n<\/ul>\n<hr data-start=\"3456\" data-end=\"3459\" \/>\n<h3 data-start=\"3461\" data-end=\"3488\">\ud83e\udde9 6. K\u00f6z\u00f6ss\u00e9gi \u00e9rt\u00e9kek<\/h3>\n<p data-start=\"3490\" data-end=\"3530\"><strong>Az Elite2You rendszer h\u00e1rom alappill\u00e9re:<\/strong><\/p>\n<ul data-start=\"3532\" data-end=\"3753\">\n<li data-start=\"3532\" data-end=\"3610\">\n<p data-start=\"3534\" data-end=\"3610\"><strong data-start=\"3534\" data-end=\"3547\">Tisztelet<\/strong> \u2013 egym\u00e1s v\u00e9lem\u00e9ny\u00e9nek, munk\u00e1j\u00e1nak, identit\u00e1s\u00e1nak megbecs\u00fcl\u00e9se.<\/p>\n<\/li>\n<li data-start=\"3611\" data-end=\"3687\">\n<p data-start=\"3613\" data-end=\"3687\"><strong data-start=\"3613\" data-end=\"3627\">Szakmais\u00e1g<\/strong> \u2013 minden platform c\u00e9lir\u00e1nyos \u00e9s professzion\u00e1lis haszn\u00e1lata.<\/p>\n<\/li>\n<li data-start=\"3688\" data-end=\"3753\">\n<p data-start=\"3690\" data-end=\"3753\"><strong data-start=\"3690\" data-end=\"3703\">Biztons\u00e1g<\/strong> \u2013 k\u00f6z\u00f6s felel\u0151ss\u00e9g a digit\u00e1lis t\u00e9r biztons\u00e1g\u00e1\u00e9rt.<\/p>\n<\/li>\n<\/ul>\n","protected":false},"excerpt":{"rendered":"<p>\ud83e\udded Tartalom- \u00e9s K\u00f6z\u00f6ss\u00e9gi Magatart\u00e1si Szab\u00e1lyzat Hat\u00e1lyos: 2024.04.14. Az Elite2You Csoport \u2013 bele\u00e9rtve az Elite2You Akad\u00e9mi\u00e1t, az Elite2Fans platformot \u00e9s &hellip; <a href=\"https:\/\/elite2you.com\/hu\/kozossegi-magatartasi-szabalyzat\/\" class=\"more-link\">Continue reading <span class=\"screen-reader-text\">K\u00f6z\u00f6ss\u00e9gi Magatart\u00e1si Szab\u00e1lyzat<\/span><\/a><\/p>\n","protected":false},"author":5,"featured_media":0,"parent":0,"menu_order":0,"comment_status":"closed","ping_status":"closed","template":"","meta":{"_monsterinsights_skip_tracking":false,"_monsterinsights_sitenote_active":false,"_monsterinsights_sitenote_note":"","_monsterinsights_sitenote_category":0,"footnotes":""},"class_list":["post-20261","page","type-page","status-publish","hentry"],"_links":{"self":[{"href":"https:\/\/elite2you.com\/hu\/wp-json\/wp\/v2\/pages\/20261","targetHints":{"allow":["GET"]}}],"collection":[{"href":"https:\/\/elite2you.com\/hu\/wp-json\/wp\/v2\/pages"}],"about":[{"href":"https:\/\/elite2you.com\/hu\/wp-json\/wp\/v2\/types\/page"}],"author":[{"embeddable":true,"href":"https:\/\/elite2you.com\/hu\/wp-json\/wp\/v2\/users\/5"}],"replies":[{"embeddable":true,"href":"https:\/\/elite2you.com\/hu\/wp-json\/wp\/v2\/comments?post=20261"}],"version-history":[{"count":1,"href":"https:\/\/elite2you.com\/hu\/wp-json\/wp\/v2\/pages\/20261\/revisions"}],"predecessor-version":[{"id":20263,"href":"https:\/\/elite2you.com\/hu\/wp-json\/wp\/v2\/pages\/20261\/revisions\/20263"}],"wp:attachment":[{"href":"https:\/\/elite2you.com\/hu\/wp-json\/wp\/v2\/media?parent=20261"}],"curies":[{"name":"wp","href":"https:\/\/api.w.org\/{rel}","templated":true}]}}