{"id":20265,"date":"2025-07-03T07:15:29","date_gmt":"2025-07-03T07:15:29","guid":{"rendered":"https:\/\/elite2you.com\/?page_id=20265"},"modified":"2025-07-03T07:21:16","modified_gmt":"2025-07-03T07:21:16","slug":"promocios-szabalyzat","status":"publish","type":"page","link":"https:\/\/elite2you.com\/hu\/promocios-szabalyzat\/","title":{"rendered":"Prom\u00f3ci\u00f3s Szab\u00e1lyzat"},"content":{"rendered":"<h2 data-start=\"172\" data-end=\"212\">\ud83c\udf81 Aj\u00e1nd\u00e9k- \u00e9s Prom\u00f3ci\u00f3s Szab\u00e1lyzat<\/h2>\n<p data-start=\"213\" data-end=\"243\"><strong data-start=\"213\" data-end=\"243\">Hat\u00e1lyos: 2024.04.14.<\/strong><\/p>\n<p data-start=\"245\" data-end=\"449\">Ez a szab\u00e1lyzat r\u00f6gz\u00edti az Elite2You csoporthoz tartoz\u00f3 platformokon (Elite2You Akad\u00e9mia, Elite2Fans, Models2You, Eroticwardrobe) el\u00e9rhet\u0151 aj\u00e1nd\u00e9kok, kedvezm\u00e9nyek, akci\u00f3k \u00e9s prom\u00f3ci\u00f3s aj\u00e1nlatok felt\u00e9teleit \u00e9s szab\u00e1lyait.<\/p>\n<hr data-start=\"451\" data-end=\"454\" \/>\n<h3 data-start=\"456\" data-end=\"486\">\ud83c\udf93 1. Aj\u00e1nd\u00e9kok felt\u00e9telei<\/h3>\n<p data-start=\"488\" data-end=\"606\"><strong data-start=\"488\" data-end=\"606\">Aj\u00e1nd\u00e9k szolg\u00e1ltat\u00e1sok, term\u00e9kek \u00e9s \u00e9lm\u00e9nyek kiz\u00e1r\u00f3lag akkor vehet\u0151k ig\u00e9nybe, ha az al\u00e1bbi felt\u00e9telek teljes\u00fclnek:<\/strong><\/p>\n<ul data-start=\"608\" data-end=\"967\">\n<li data-start=\"608\" data-end=\"668\">\n<p data-start=\"610\" data-end=\"668\">Az aj\u00e1nd\u00e9k csak fizetett kurzushoz vagy csomaghoz j\u00e1r.<\/p>\n<\/li>\n<li data-start=\"669\" data-end=\"822\">\n<p data-start=\"671\" data-end=\"822\">Az aj\u00e1nd\u00e9k ig\u00e9nybev\u00e9tel\u00e9hez sikeres v\u00e1s\u00e1rl\u00e1s \u00e9s fizet\u00e9s sz\u00fcks\u00e9ges, valamint a v\u00e1s\u00e1rl\u00e1st k\u00f6vet\u0151en 14 napon bel\u00fcli regisztr\u00e1ci\u00f3 \u00e9s kapcsolatfelv\u00e9tel.<\/p>\n<\/li>\n<li data-start=\"823\" data-end=\"967\">\n<p data-start=\"825\" data-end=\"967\">A tanul\u00f3, modell vagy \u00fcgyf\u00e9l nem lehet eltiltva a rendszer haszn\u00e1lat\u00e1t\u00f3l, \u00e9s nem lehet folyamatban l\u00e9v\u0151 panaszkezel\u00e9si vagy jogvit\u00e1s \u00fcgye.<\/p>\n<\/li>\n<\/ul>\n<hr data-start=\"969\" data-end=\"972\" \/>\n<h3 data-start=\"974\" data-end=\"1018\">\ud83d\udcf8 2. P\u00e9lda \u2013 Portf\u00f3li\u00f3fot\u00f3z\u00e1s aj\u00e1nd\u00e9kba<\/h3>\n<p data-start=\"1020\" data-end=\"1078\">A \u201eKezd\u0151 Kurzus\u201d csomaghoz jelenleg az al\u00e1bbi aj\u00e1nd\u00e9k j\u00e1r:<\/p>\n<ul data-start=\"1080\" data-end=\"1359\">\n<li data-start=\"1080\" data-end=\"1113\">\n<p data-start=\"1082\" data-end=\"1113\"><strong data-start=\"1082\" data-end=\"1113\">1 alkalmas portf\u00f3li\u00f3fot\u00f3z\u00e1s<\/strong><\/p>\n<\/li>\n<li data-start=\"1114\" data-end=\"1178\">\n<p data-start=\"1116\" data-end=\"1178\">Meghat\u00e1rozott helysz\u00ednen \u00e9s id\u0151pontban, el\u0151zetes egyeztet\u00e9ssel<\/p>\n<\/li>\n<li data-start=\"1179\" data-end=\"1359\">\n<p data-start=\"1181\" data-end=\"1221\">A fot\u00f3z\u00e1son val\u00f3 r\u00e9szv\u00e9telhez sz\u00fcks\u00e9ges:<\/p>\n<ul data-start=\"1224\" data-end=\"1359\">\n<li data-start=\"1224\" data-end=\"1280\">\n<p data-start=\"1226\" data-end=\"1280\">A tanfolyam elv\u00e9gz\u00e9se vagy legal\u00e1bb 50%-os teljes\u00edt\u00e9se<\/p>\n<\/li>\n<li data-start=\"1283\" data-end=\"1328\">\n<p data-start=\"1285\" data-end=\"1328\">A fot\u00f3z\u00e1si hozz\u00e1j\u00e1rul\u00f3 nyilatkozat al\u00e1\u00edr\u00e1sa<\/p>\n<\/li>\n<li data-start=\"1331\" data-end=\"1359\">\n<p data-start=\"1333\" data-end=\"1359\">Szem\u00e9lyazonoss\u00e1g igazol\u00e1sa<\/p>\n<\/li>\n<\/ul>\n<\/li>\n<\/ul>\n<p data-start=\"1361\" data-end=\"1463\">Ez az aj\u00e1nd\u00e9k egyszeri alkalomra \u00e9rv\u00e9nyes, nem \u00e1truh\u00e1zhat\u00f3, \u00e9s m\u00e1s szolg\u00e1ltat\u00e1sra nem v\u00e1lthat\u00f3 be.<\/p>\n<hr data-start=\"1465\" data-end=\"1468\" \/>\n<h3 data-start=\"1470\" data-end=\"1517\">\ud83d\udcc6 3. Prom\u00f3ci\u00f3k id\u0151tartama \u00e9s \u00e9rv\u00e9nyes\u00edt\u00e9se<\/h3>\n<ul data-start=\"1519\" data-end=\"1839\">\n<li data-start=\"1519\" data-end=\"1577\">\n<p data-start=\"1521\" data-end=\"1577\">Minden prom\u00f3ci\u00f3, kuponk\u00f3d vagy kedvezm\u00e9ny id\u0151szakos.<\/p>\n<\/li>\n<li data-start=\"1578\" data-end=\"1661\">\n<p data-start=\"1580\" data-end=\"1661\">Az akci\u00f3k kiz\u00e1r\u00f3lag a prom\u00f3ci\u00f3s id\u0151szak alatt leadott megrendel\u00e9sekre \u00e9rv\u00e9nyesek.<\/p>\n<\/li>\n<li data-start=\"1662\" data-end=\"1742\">\n<p data-start=\"1664\" data-end=\"1742\">A kedvezm\u00e9nyek ut\u00f3lag nem \u00e9rv\u00e9nyes\u00edthet\u0151k, visszamen\u0151leg nem ig\u00e9nyelhet\u0151k.<\/p>\n<\/li>\n<li data-start=\"1743\" data-end=\"1839\">\n<p data-start=\"1745\" data-end=\"1839\">Az \u00e9rv\u00e9nyes\u00edt\u00e9shez a v\u00e1s\u00e1rl\u00f3nak a prom\u00f3ci\u00f3s k\u00f3dot meg kell adnia a megrendel\u00e9s lead\u00e1sakor.<\/p>\n<\/li>\n<\/ul>\n<hr data-start=\"1841\" data-end=\"1844\" \/>\n<h3 data-start=\"1846\" data-end=\"1871\">\ud83d\udeab 4. Kiz\u00e1r\u00f3 t\u00e9nyez\u0151k<\/h3>\n<p data-start=\"1873\" data-end=\"1905\"><strong>Aj\u00e1nd\u00e9k vagy kedvezm\u00e9ny nem j\u00e1r:<\/strong><\/p>\n<ul data-start=\"1907\" data-end=\"2286\">\n<li data-start=\"1907\" data-end=\"2002\">\n<p data-start=\"1909\" data-end=\"2002\">Ha a felhaszn\u00e1l\u00f3 csal\u00e1rd m\u00f3don haszn\u00e1lta a platformot, vagy megs\u00e9rtette a szab\u00e1lyzatokat.<\/p>\n<\/li>\n<li data-start=\"2003\" data-end=\"2081\">\n<p data-start=\"2005\" data-end=\"2081\">Ha a megrendel\u00e9st a v\u00e1s\u00e1rl\u00f3 visszavonja, visszautas\u00edtja vagy el\u00e1ll t\u0151le.<\/p>\n<\/li>\n<li data-start=\"2082\" data-end=\"2163\">\n<p data-start=\"2084\" data-end=\"2163\">Ha az \u00fcgyf\u00e9l hamis adatokat adott meg, vagy nem \u00e9rhet\u0151 el az egyeztet\u00e9shez.<\/p>\n<\/li>\n<li data-start=\"2164\" data-end=\"2286\">\n<p data-start=\"2166\" data-end=\"2286\">Ha az aj\u00e1nlatban vagy prom\u00f3ci\u00f3ban m\u00e1s kiz\u00e1r\u00f3 felt\u00e9tel is meg van jel\u00f6lve (pl. els\u0151 v\u00e1s\u00e1rl\u00e1s, orsz\u00e1gkorl\u00e1toz\u00e1s stb.).<\/p>\n<\/li>\n<\/ul>\n<hr data-start=\"2288\" data-end=\"2291\" \/>\n<h3 data-start=\"2293\" data-end=\"2326\">\ud83d\udcdc 5. \u00c1ltal\u00e1nos rendelkez\u00e9sek<\/h3>\n<ul data-start=\"2328\" data-end=\"2642\">\n<li data-start=\"2328\" data-end=\"2458\">\n<p data-start=\"2330\" data-end=\"2458\">A prom\u00f3ci\u00f3k tartalm\u00e1t, id\u0151tartam\u00e1t, \u00e9rt\u00e9k\u00e9t \u00e9s form\u00e1j\u00e1t az Elite2You fenntartja a jogot egyoldal\u00faan m\u00f3dos\u00edtani vagy visszavonni.<\/p>\n<\/li>\n<li data-start=\"2459\" data-end=\"2575\">\n<p data-start=\"2461\" data-end=\"2575\">Az aj\u00e1nd\u00e9kok \u00e9rt\u00e9ke nem v\u00e1lthat\u00f3 k\u00e9szp\u00e9nzre, \u00e9s nem halmozhat\u00f3k m\u00e1s kedvezm\u00e9nyekkel, kiv\u00e9ve ha ezt k\u00fcl\u00f6n jel\u00f6lj\u00fck.<\/p>\n<\/li>\n<li data-start=\"2576\" data-end=\"2642\">\n<p data-start=\"2578\" data-end=\"2642\">Egy felhaszn\u00e1l\u00f3 azonos prom\u00f3ci\u00f3ban csak egyszer vehet r\u00e9szt.<\/p>\n<\/li>\n<\/ul>\n","protected":false},"excerpt":{"rendered":"<p>\ud83c\udf81 Aj\u00e1nd\u00e9k- \u00e9s Prom\u00f3ci\u00f3s Szab\u00e1lyzat Hat\u00e1lyos: 2024.04.14. Ez a szab\u00e1lyzat r\u00f6gz\u00edti az Elite2You csoporthoz tartoz\u00f3 platformokon (Elite2You Akad\u00e9mia, Elite2Fans, Models2You, &hellip; <a href=\"https:\/\/elite2you.com\/hu\/promocios-szabalyzat\/\" class=\"more-link\">Continue reading <span class=\"screen-reader-text\">Prom\u00f3ci\u00f3s Szab\u00e1lyzat<\/span><\/a><\/p>\n","protected":false},"author":5,"featured_media":0,"parent":0,"menu_order":0,"comment_status":"closed","ping_status":"closed","template":"","meta":{"_monsterinsights_skip_tracking":false,"_monsterinsights_sitenote_active":false,"_monsterinsights_sitenote_note":"","_monsterinsights_sitenote_category":0,"footnotes":""},"class_list":["post-20265","page","type-page","status-publish","hentry"],"_links":{"self":[{"href":"https:\/\/elite2you.com\/hu\/wp-json\/wp\/v2\/pages\/20265","targetHints":{"allow":["GET"]}}],"collection":[{"href":"https:\/\/elite2you.com\/hu\/wp-json\/wp\/v2\/pages"}],"about":[{"href":"https:\/\/elite2you.com\/hu\/wp-json\/wp\/v2\/types\/page"}],"author":[{"embeddable":true,"href":"https:\/\/elite2you.com\/hu\/wp-json\/wp\/v2\/users\/5"}],"replies":[{"embeddable":true,"href":"https:\/\/elite2you.com\/hu\/wp-json\/wp\/v2\/comments?post=20265"}],"version-history":[{"count":3,"href":"https:\/\/elite2you.com\/hu\/wp-json\/wp\/v2\/pages\/20265\/revisions"}],"predecessor-version":[{"id":20270,"href":"https:\/\/elite2you.com\/hu\/wp-json\/wp\/v2\/pages\/20265\/revisions\/20270"}],"wp:attachment":[{"href":"https:\/\/elite2you.com\/hu\/wp-json\/wp\/v2\/media?parent=20265"}],"curies":[{"name":"wp","href":"https:\/\/api.w.org\/{rel}","templated":true}]}}