{"id":20278,"date":"2025-07-03T13:25:14","date_gmt":"2025-07-03T13:25:14","guid":{"rendered":"https:\/\/elite2you.com\/?page_id=20278"},"modified":"2025-07-03T13:25:14","modified_gmt":"2025-07-03T13:25:14","slug":"markanev-hasznalati-szabalyzat","status":"publish","type":"page","link":"https:\/\/elite2you.com\/hu\/markanev-hasznalati-szabalyzat\/","title":{"rendered":"M\u00e1rkan\u00e9v- \u00e9s Log\u00f3haszn\u00e1lati Szab\u00e1lyzat"},"content":{"rendered":"<h3 data-start=\"404\" data-end=\"433\"><strong data-start=\"408\" data-end=\"433\">1. A szab\u00e1lyzat c\u00e9lja<\/strong><\/h3>\n<p data-start=\"435\" data-end=\"680\">Jelen szab\u00e1lyzat c\u00e9lja, hogy egys\u00e9ges keretet biztos\u00edtson az Elite2You m\u00e1rkan\u00e9v, log\u00f3, vizu\u00e1lis arculat \u00e9s egy\u00e9b v\u00e9dett elemek haszn\u00e1lat\u00e1ra, k\u00fcl\u00f6n\u00f6s tekintettel a franchise partnerekre, allicenc birtokosokra, valamint egy\u00fcttm\u0171k\u00f6d\u0151 k\u00fcls\u0151 felekre.<\/p>\n<hr data-start=\"682\" data-end=\"685\" \/>\n<h3 data-start=\"687\" data-end=\"709\"><strong data-start=\"691\" data-end=\"709\">2. Tulajdonjog<\/strong><\/h3>\n<p data-start=\"711\" data-end=\"913\">Az \u201eElite2You\u201d n\u00e9v, log\u00f3, arculati elemek, szlogenek, diz\u00e1jnelemek \u00e9s ezek kombin\u00e1ci\u00f3i az <strong data-start=\"801\" data-end=\"840\">Elite2You Ltd. (Egyes\u00fclt Kir\u00e1lys\u00e1g)<\/strong> kiz\u00e1r\u00f3lagos szellemi tulajdon\u00e1t k\u00e9pezik, \u00e9s v\u00e9djegyoltalom alatt \u00e1llnak.<\/p>\n<hr data-start=\"915\" data-end=\"918\" \/>\n<h3 data-start=\"920\" data-end=\"953\"><strong data-start=\"924\" data-end=\"953\">3. Haszn\u00e1latra jogosultak<\/strong><\/h3>\n<p data-start=\"955\" data-end=\"1026\"><strong>A m\u00e1rkan\u00e9v \u00e9s a log\u00f3 haszn\u00e1lat\u00e1ra kiz\u00e1r\u00f3lag az al\u00e1bbi felek jogosultak:<\/strong><\/p>\n<ul data-start=\"1028\" data-end=\"1359\">\n<li data-start=\"1028\" data-end=\"1076\">\n<p data-start=\"1030\" data-end=\"1076\">Hivatalosan kinevezett franchise partnerek<\/p>\n<\/li>\n<li data-start=\"1077\" data-end=\"1133\">\n<p data-start=\"1079\" data-end=\"1133\">\u00cdr\u00e1sos szerz\u0151d\u00e9ssel rendelkez\u0151 allicenc birtokosok<\/p>\n<\/li>\n<li data-start=\"1134\" data-end=\"1196\">\n<p data-start=\"1136\" data-end=\"1196\">Ter\u00fcleti igazgat\u00f3k, akik a m\u0171k\u00f6d\u00e9s\u00fckh\u00f6z kapnak enged\u00e9lyt<\/p>\n<\/li>\n<li data-start=\"1197\" data-end=\"1266\">\n<p data-start=\"1199\" data-end=\"1266\">Az Elite2You hivatalos munkat\u00e1rsai \u00e9s szerz\u0151d\u00e9ses partnerei<\/p>\n<\/li>\n<li data-start=\"1267\" data-end=\"1359\">\n<p data-start=\"1269\" data-end=\"1359\">Az Elite2You \u00e1ltal \u00edr\u00e1sban felhatalmazott egy\u00fcttm\u0171k\u00f6d\u0151 v\u00e1llalatok, oktat\u00f3k, tan\u00e1csad\u00f3k<\/p>\n<\/li>\n<\/ul>\n<p data-start=\"1361\" data-end=\"1467\">A haszn\u00e1lat kiz\u00e1r\u00f3lag a megk\u00f6t\u00f6tt szerz\u0151d\u00e9sben meghat\u00e1rozott ter\u00fcleten, form\u00e1ban \u00e9s id\u0151tartamban \u00e9rv\u00e9nyes.<\/p>\n<hr data-start=\"1469\" data-end=\"1472\" \/>\n<h3 data-start=\"1474\" data-end=\"1505\"><strong data-start=\"1478\" data-end=\"1505\">4. Haszn\u00e1lat felt\u00e9telei<\/strong><\/h3>\n<p data-start=\"1507\" data-end=\"1591\">A m\u00e1rkan\u00e9v \u00e9s log\u00f3 haszn\u00e1lata az al\u00e1bbi felt\u00e9telek teljes\u00fcl\u00e9se eset\u00e9n enged\u00e9lyezett:<\/p>\n<ul data-start=\"1593\" data-end=\"2003\">\n<li data-start=\"1593\" data-end=\"1663\">\n<p data-start=\"1595\" data-end=\"1663\">Csak az Elite2You hivatalos vizu\u00e1lis arculati k\u00e9zik\u00f6nyve szerint<\/p>\n<\/li>\n<li data-start=\"1664\" data-end=\"1736\">\n<p data-start=\"1666\" data-end=\"1736\">M\u00f3dos\u00edt\u00e1s n\u00e9lk\u00fcl, kiz\u00e1r\u00f3lag az eredeti ar\u00e1nyok \u00e9s sz\u00ednek megtart\u00e1s\u00e1val<\/p>\n<\/li>\n<li data-start=\"1737\" data-end=\"1803\">\n<p data-start=\"1739\" data-end=\"1803\">A j\u00f3 h\u00edrn\u00e9v, m\u00e1rkamin\u0151s\u00e9g \u00e9s vizu\u00e1lis egys\u00e9g figyelembev\u00e9tel\u00e9vel<\/p>\n<\/li>\n<li data-start=\"1804\" data-end=\"1906\">\n<p data-start=\"1806\" data-end=\"1906\">Kiz\u00e1r\u00f3lag az enged\u00e9lyezett m\u00e9diumokban \u00e9s tev\u00e9kenys\u00e9gekhez (pl. honlap, n\u00e9vjegyk\u00e1rtya, social media)<\/p>\n<\/li>\n<li data-start=\"1907\" data-end=\"2003\">\n<p data-start=\"1909\" data-end=\"2003\">Minden esetben meg kell jel\u00f6lni: \u201eAz Elite2You m\u00e1rkan\u00e9v haszn\u00e1lata enged\u00e9ly alapj\u00e1n t\u00f6rt\u00e9nik.\u201d<\/p>\n<\/li>\n<\/ul>\n<hr data-start=\"2005\" data-end=\"2008\" \/>\n<h3 data-start=\"2010\" data-end=\"2058\"><strong data-start=\"2014\" data-end=\"2058\">5. Tilos a haszn\u00e1lat az al\u00e1bbi esetekben<\/strong><\/h3>\n<p data-start=\"2060\" data-end=\"2140\"><strong>A m\u00e1rkan\u00e9v, log\u00f3, arculat haszn\u00e1lata kifejezetten tilos az al\u00e1bbi esetekben:<\/strong><\/p>\n<ul data-start=\"2142\" data-end=\"2707\">\n<li data-start=\"2142\" data-end=\"2215\">\n<p data-start=\"2144\" data-end=\"2215\">Amennyiben nincs \u00e9rv\u00e9nyes, \u00edr\u00e1sos felhatalmaz\u00e1s vagy allicenc-szerz\u0151d\u00e9s<\/p>\n<\/li>\n<li data-start=\"2216\" data-end=\"2287\">\n<p data-start=\"2218\" data-end=\"2287\">Ha a felhaszn\u00e1l\u00f3 kil\u00e9pett, kiz\u00e1r\u00e1sra ker\u00fclt vagy a szerz\u0151d\u00e9s megsz\u0171nt<\/p>\n<\/li>\n<li data-start=\"2288\" data-end=\"2372\">\n<p data-start=\"2290\" data-end=\"2372\">A m\u00e1rkan\u00e9v torz\u00edt\u00e1sa, m\u00f3dos\u00edt\u00e1sa, \u201epar\u00f3dia\u201d vagy megt\u00e9veszt\u0151 felhaszn\u00e1l\u00e1s c\u00e9lj\u00e1b\u00f3l<\/p>\n<\/li>\n<li data-start=\"2373\" data-end=\"2493\">\n<p data-start=\"2375\" data-end=\"2493\">Erotikus, politikai, sz\u00e9ls\u0151s\u00e9ges, obszc\u00e9n, vagy b\u00e1rmilyen Elite2You \u00e9rt\u00e9krenddel \u00f6sszeegyeztethetetlen tartalomhoz<\/p>\n<\/li>\n<li data-start=\"2494\" data-end=\"2603\">\n<p data-start=\"2496\" data-end=\"2603\">Olyan weboldalon, social media profilon vagy platformon, amely nem az Elite2You hivatalos c\u00e9ljait szolg\u00e1lja<\/p>\n<\/li>\n<li data-start=\"2604\" data-end=\"2707\">\n<p data-start=\"2606\" data-end=\"2707\">B\u00e1rmely olyan tev\u00e9kenys\u00e9ghez, amely a m\u00e1rka j\u00f3 h\u00edrnev\u00e9t vesz\u00e9lyezteti, vagy annak hiteless\u00e9g\u00e9t rontja<\/p>\n<\/li>\n<\/ul>\n<hr data-start=\"2709\" data-end=\"2712\" \/>\n<h3 data-start=\"2714\" data-end=\"2742\"><strong data-start=\"2718\" data-end=\"2742\">6. Jogk\u00f6vetkezm\u00e9nyek<\/strong><\/h3>\n<p data-start=\"2744\" data-end=\"2848\"><strong>A m\u00e1rkan\u00e9v vagy log\u00f3 jogosulatlan haszn\u00e1lata eset\u00e9n az Elite2You Ltd. fenntartja a jogot a k\u00f6vetkez\u0151kre:<\/strong><\/p>\n<ul data-start=\"2850\" data-end=\"3112\">\n<li data-start=\"2850\" data-end=\"2928\">\n<p data-start=\"2852\" data-end=\"2928\">A felhaszn\u00e1l\u00e1s azonnali letilt\u00e1sa, felsz\u00f3l\u00edt\u00e1s a tartalom elt\u00e1vol\u00edt\u00e1s\u00e1ra<\/p>\n<\/li>\n<li data-start=\"2929\" data-end=\"3006\">\n<p data-start=\"2931\" data-end=\"3006\">K\u00e1rt\u00e9r\u00edt\u00e9si ig\u00e9ny beny\u00fajt\u00e1sa a j\u00f3 h\u00edrn\u00e9v s\u00e9relme vagy anyagi k\u00e1r eset\u00e9n<\/p>\n<\/li>\n<li data-start=\"3007\" data-end=\"3062\">\n<p data-start=\"3009\" data-end=\"3062\">Jogorvoslati elj\u00e1r\u00e1s kezdem\u00e9nyez\u00e9se b\u00edr\u00f3s\u00e1gi \u00faton<\/p>\n<\/li>\n<li data-start=\"3063\" data-end=\"3112\">\n<p data-start=\"3065\" data-end=\"3112\">A szerz\u0151d\u00e9ses jogviszony azonnali megsz\u00fcntet\u00e9se<\/p>\n<\/li>\n<\/ul>\n<hr data-start=\"3114\" data-end=\"3117\" \/>\n<h3 data-start=\"3119\" data-end=\"3156\"><strong data-start=\"3123\" data-end=\"3156\">7. Kapcsolat \u00e9s enged\u00e9lyk\u00e9r\u00e9s<\/strong><\/h3>\n<p data-start=\"3158\" data-end=\"3313\">Amennyiben k\u00e9rd\u00e9s mer\u00fcl fel a log\u00f3haszn\u00e1lattal vagy m\u00e1rkanev\u00fcnkkel kapcsolatban, illetve egyedi enged\u00e9lyre van sz\u00fcks\u00e9g, k\u00e9rj\u00fck, fordulj hozz\u00e1nk bizalommal:<\/p>\n<p data-start=\"3315\" data-end=\"3416\">\ud83d\udce9 <strong data-start=\"3318\" data-end=\"3328\">Email:<\/strong> info<a class=\"cursor-pointer\" rel=\"noopener\" data-start=\"3329\" data-end=\"3350\">@elite2you.com<\/a><br data-start=\"3350\" data-end=\"3353\" \/>\ud83c\udf10 <strong data-start=\"3356\" data-end=\"3369\">Weboldal:<\/strong> <a class=\"\" href=\"https:\/\/elite2you.com\" target=\"_new\" rel=\"noopener\" data-start=\"3370\" data-end=\"3416\">https:\/\/elite2you.com<\/a><\/p>\n","protected":false},"excerpt":{"rendered":"<p>1. A szab\u00e1lyzat c\u00e9lja Jelen szab\u00e1lyzat c\u00e9lja, hogy egys\u00e9ges keretet biztos\u00edtson az Elite2You m\u00e1rkan\u00e9v, log\u00f3, vizu\u00e1lis arculat \u00e9s egy\u00e9b v\u00e9dett &hellip; <a href=\"https:\/\/elite2you.com\/hu\/markanev-hasznalati-szabalyzat\/\" class=\"more-link\">Continue reading <span class=\"screen-reader-text\">M\u00e1rkan\u00e9v- \u00e9s Log\u00f3haszn\u00e1lati Szab\u00e1lyzat<\/span><\/a><\/p>\n","protected":false},"author":5,"featured_media":0,"parent":0,"menu_order":0,"comment_status":"closed","ping_status":"closed","template":"","meta":{"_monsterinsights_skip_tracking":false,"_monsterinsights_sitenote_active":false,"_monsterinsights_sitenote_note":"","_monsterinsights_sitenote_category":0,"footnotes":""},"class_list":["post-20278","page","type-page","status-publish","hentry"],"_links":{"self":[{"href":"https:\/\/elite2you.com\/hu\/wp-json\/wp\/v2\/pages\/20278","targetHints":{"allow":["GET"]}}],"collection":[{"href":"https:\/\/elite2you.com\/hu\/wp-json\/wp\/v2\/pages"}],"about":[{"href":"https:\/\/elite2you.com\/hu\/wp-json\/wp\/v2\/types\/page"}],"author":[{"embeddable":true,"href":"https:\/\/elite2you.com\/hu\/wp-json\/wp\/v2\/users\/5"}],"replies":[{"embeddable":true,"href":"https:\/\/elite2you.com\/hu\/wp-json\/wp\/v2\/comments?post=20278"}],"version-history":[{"count":1,"href":"https:\/\/elite2you.com\/hu\/wp-json\/wp\/v2\/pages\/20278\/revisions"}],"predecessor-version":[{"id":20280,"href":"https:\/\/elite2you.com\/hu\/wp-json\/wp\/v2\/pages\/20278\/revisions\/20280"}],"wp:attachment":[{"href":"https:\/\/elite2you.com\/hu\/wp-json\/wp\/v2\/media?parent=20278"}],"curies":[{"name":"wp","href":"https:\/\/api.w.org\/{rel}","templated":true}]}}