{"id":20281,"date":"2025-07-03T13:31:26","date_gmt":"2025-07-03T13:31:26","guid":{"rendered":"https:\/\/elite2you.com\/?page_id=20281"},"modified":"2025-07-03T13:38:52","modified_gmt":"2025-07-03T13:38:52","slug":"frissitesi-nyilatkozat","status":"publish","type":"page","link":"https:\/\/elite2you.com\/hu\/frissitesi-nyilatkozat\/","title":{"rendered":"Friss\u00edt\u00e9si \u00e9s Verzi\u00f3kezel\u00e9si Nyilatkozat"},"content":{"rendered":"<h3 data-start=\"346\" data-end=\"375\"><strong data-start=\"350\" data-end=\"375\">1. A szab\u00e1lyzat c\u00e9lja<\/strong><\/h3>\n<p data-start=\"377\" data-end=\"715\">Jelen nyilatkozat c\u00e9lja, hogy az Elite2You partnerei, \u00fcgyfelei, tanul\u00f3i \u00e9s felhaszn\u00e1l\u00f3i sz\u00e1m\u00e1ra \u00e1tl\u00e1that\u00f3v\u00e1 tegye az egyes szab\u00e1lyzatok (\u00c1SZF, Adatkezel\u00e9si T\u00e1j\u00e9koztat\u00f3, Cookie-szab\u00e1lyzat, Szerz\u0151d\u00e9smint\u00e1k, M\u00e1rkahaszn\u00e1lati ir\u00e1nyelvek stb.) friss\u00edt\u00e9si rendj\u00e9t, verzi\u00f3kezel\u00e9si gyakorlat\u00e1t, valamint az ezekr\u0151l val\u00f3 \u00e9rtes\u00edt\u00e9si m\u00f3dokat.<\/p>\n<hr data-start=\"717\" data-end=\"720\" \/>\n<h3 data-start=\"722\" data-end=\"756\"><strong data-start=\"726\" data-end=\"756\">2. Friss\u00edt\u00e9sek gyakoris\u00e1ga<\/strong><\/h3>\n<p data-start=\"758\" data-end=\"862\">Az Elite2You fenntartja a jogot, hogy az al\u00e1bbi dokumentumokat \u00e9s szab\u00e1lyzatokat id\u0151r\u0151l id\u0151re friss\u00edtse:<\/p>\n<ul data-start=\"864\" data-end=\"1062\">\n<li data-start=\"864\" data-end=\"904\">\n<p data-start=\"866\" data-end=\"904\">\u00c1ltal\u00e1nos Szerz\u0151d\u00e9si Felt\u00e9telek (\u00c1SZF)<\/p>\n<\/li>\n<li data-start=\"905\" data-end=\"931\">\n<p data-start=\"907\" data-end=\"931\">Adatkezel\u00e9si T\u00e1j\u00e9koztat\u00f3<\/p>\n<\/li>\n<li data-start=\"932\" data-end=\"951\">\n<p data-start=\"934\" data-end=\"951\">Cookie-szab\u00e1lyzat<\/p>\n<\/li>\n<li data-start=\"952\" data-end=\"992\">\n<p data-start=\"954\" data-end=\"992\">M\u00e1rkan\u00e9v- \u00e9s log\u00f3haszn\u00e1lati szab\u00e1lyzat<\/p>\n<\/li>\n<li data-start=\"993\" data-end=\"1029\">\n<p data-start=\"995\" data-end=\"1029\">Franchise- \u00e9s allicenc-szerz\u0151d\u00e9sek<\/p>\n<\/li>\n<li data-start=\"1030\" data-end=\"1062\">\n<p data-start=\"1032\" data-end=\"1062\">Oktat\u00e1si \u00e9s vizsgaszab\u00e1lyzatok<\/p>\n<\/li>\n<\/ul>\n<p data-start=\"1064\" data-end=\"1236\">A friss\u00edt\u00e9sek\u00a0jogszab\u00e1lyi v\u00e1ltoz\u00e1s, m\u0171k\u00f6d\u00e9sbeli fejleszt\u00e9s vagy \u00fczleti ir\u00e1nyv\u00e1lt\u00e1s eset\u00e9n rendk\u00edv\u00fcli jelleggel t\u00f6rt\u00e9nhetnek.<\/p>\n<hr data-start=\"1238\" data-end=\"1241\" \/>\n<h3 data-start=\"1243\" data-end=\"1290\"><strong data-start=\"1247\" data-end=\"1290\">3. Friss\u00edt\u00e9sek m\u00f3dja \u00e9s hat\u00e1lyba l\u00e9p\u00e9se<\/strong><\/h3>\n<p data-start=\"1292\" data-end=\"1420\"><strong>A dokumentumok friss\u00edt\u00e9se elektronikus \u00faton t\u00f6rt\u00e9nik. A m\u00f3dos\u00edtott szab\u00e1lyzatok \u00e9s dokumentumok az al\u00e1bbi m\u00f3don l\u00e9pnek hat\u00e1lyba:<\/strong><\/p>\n<ul data-start=\"1422\" data-end=\"1636\">\n<li data-start=\"1422\" data-end=\"1501\">\n<p data-start=\"1424\" data-end=\"1501\">A weboldalon val\u00f3 k\u00f6zz\u00e9t\u00e9tel napj\u00e1n automatikusan hat\u00e1lyosnak min\u0151s\u00fclnek.<\/p>\n<\/li>\n<li data-start=\"1502\" data-end=\"1636\">\n<p data-start=\"1504\" data-end=\"1636\">A friss\u00edt\u00e9sr\u0151l t\u00f6rt\u00e9n\u0151 \u00e9rtes\u00edt\u00e9si k\u00f6telezetts\u00e9g kiz\u00e1r\u00f3lag a szerz\u0151d\u00e9ses partnerek \u00e9s regisztr\u00e1lt felhaszn\u00e1l\u00f3k ir\u00e1ny\u00e1ba \u00e1ll fenn.<\/p>\n<\/li>\n<\/ul>\n<hr data-start=\"1638\" data-end=\"1641\" \/>\n<h3 data-start=\"1643\" data-end=\"1671\"><strong data-start=\"1647\" data-end=\"1671\">4. \u00c9rtes\u00edt\u00e9si form\u00e1k<\/strong><\/h3>\n<p data-start=\"1673\" data-end=\"1763\"><strong>Az Elite2You a friss\u00edt\u00e9sekr\u0151l az al\u00e1bbi csatorn\u00e1kon kereszt\u00fcl \u00e9rtes\u00edtheti az \u00e9rintetteket:<\/strong><\/p>\n<ul data-start=\"1765\" data-end=\"2166\">\n<li data-start=\"1765\" data-end=\"1826\">\n<p data-start=\"1767\" data-end=\"1826\"><strong data-start=\"1767\" data-end=\"1779\">Emailben<\/strong> (regisztr\u00e1lt felhaszn\u00e1l\u00f3k \u00e9s partnerek eset\u00e9n)<\/p>\n<\/li>\n<li data-start=\"1827\" data-end=\"1953\">\n<p data-start=\"1829\" data-end=\"1953\"><strong data-start=\"1829\" data-end=\"1865\">Weboldalon t\u00f6rt\u00e9n\u0151 k\u00f6zz\u00e9t\u00e9tellel<\/strong> \u2013 hivatalos men\u00fcpontban<\/p>\n<\/li>\n<li data-start=\"1954\" data-end=\"2039\">\n<p data-start=\"1956\" data-end=\"2039\"><strong data-start=\"1956\" data-end=\"1989\">Platformokon bel\u00fcli \u00fczenetben<\/strong> (pl. Elite2Fans vagy Felhaszn\u00e1l\u00f3i fi\u00f3kon kereszt\u00fcl)<\/p>\n<\/li>\n<li data-start=\"2040\" data-end=\"2089\">\n<p data-start=\"2042\" data-end=\"2089\"><strong data-start=\"2042\" data-end=\"2057\">H\u00edrlev\u00e9lben<\/strong>, ha a felhaszn\u00e1l\u00f3 feliratkozott<\/p>\n<\/li>\n<li data-start=\"2090\" data-end=\"2166\">\n<p data-start=\"2092\" data-end=\"2166\"><strong data-start=\"2092\" data-end=\"2137\">Telegram vagy Discord csoporton kereszt\u00fcl<\/strong>, ha a k\u00f6z\u00f6ss\u00e9g ezt haszn\u00e1lja<\/p>\n<\/li>\n<\/ul>\n<p data-start=\"2168\" data-end=\"2316\">A friss\u00edt\u00e9sekr\u0151l sz\u00f3l\u00f3 t\u00e1j\u00e9koztat\u00e1s megt\u00f6rt\u00e9nt\u00e9nek min\u0151s\u00fcl m\u00e1r az is, ha az adott dokumentum az \u00faj d\u00e1tummal el\u00e9rhet\u0151v\u00e9 v\u00e1lik a hivatalos weboldalon.<\/p>\n<hr data-start=\"2318\" data-end=\"2321\" \/>\n<h3 data-start=\"2323\" data-end=\"2356\"><strong data-start=\"2327\" data-end=\"2356\">5. Verzi\u00f3k nyilv\u00e1ntart\u00e1sa<\/strong><\/h3>\n<p data-start=\"2358\" data-end=\"2519\">Minden m\u00f3dos\u00edtott szab\u00e1lyzat \u00e9s dokumentum egyedi verzi\u00f3sz\u00e1mmal \u00e9s friss\u00edt\u00e9si d\u00e1tummal van ell\u00e1tva. A dokumentum alj\u00e1n a k\u00f6vetkez\u0151 form\u00e1tumban tal\u00e1lhat\u00f3:<\/p>\n<blockquote data-start=\"2521\" data-end=\"2585\">\n<p data-start=\"2523\" data-end=\"2585\">Verzi\u00f3: v2025.04.14<br data-start=\"2542\" data-end=\"2545\" \/>Hat\u00e1lyba l\u00e9p\u00e9s d\u00e1tuma: 2025. \u00c1prilis 14.<\/p>\n<\/blockquote>\n<p data-start=\"2587\" data-end=\"2691\">Az el\u0151z\u0151 verzi\u00f3k archiv\u00e1lva maradnak, \u00e9s k\u00e9r\u00e9sre hozz\u00e1f\u00e9rhet\u0151k az illet\u00e9kes szerz\u0151d\u00e9ses partner sz\u00e1m\u00e1ra.<\/p>\n<hr data-start=\"2693\" data-end=\"2696\" \/>\n<h3 data-start=\"2698\" data-end=\"2743\"><strong data-start=\"2702\" data-end=\"2743\">6. K\u00e9rd\u00e9s, \u00e9szrev\u00e9tel vagy reklam\u00e1ci\u00f3<\/strong><\/h3>\n<p data-start=\"2745\" data-end=\"2876\">Amennyiben a friss\u00edt\u00e9ssel kapcsolatban k\u00e9rd\u00e9s, \u00e9szrev\u00e9tel vagy jogorvoslati ig\u00e9ny mer\u00fclne fel, az al\u00e1bbi csatorn\u00e1kon lehet jelezni:<\/p>\n<p data-start=\"2878\" data-end=\"3028\">\ud83d\udce9 <strong data-start=\"2881\" data-end=\"2891\">Email:<\/strong> <a class=\"cursor-pointer\" rel=\"noopener\" data-start=\"2892\" data-end=\"2911\">legal@elite2you.com<\/a><br data-start=\"2911\" data-end=\"2914\" \/>\ud83d\udcde <strong data-start=\"2917\" data-end=\"2929\">Telefon:<\/strong> +44 1234 567 890<br data-start=\"2946\" data-end=\"2949\" \/>\ud83c\udf10 <strong data-start=\"2952\" data-end=\"2965\">Weboldal:<\/strong> <a class=\"cursor-pointer\" target=\"_new\" rel=\"noopener\" data-start=\"2966\" data-end=\"3028\">https:\/\/elite2you.com\/contact<\/a><\/p>\n","protected":false},"excerpt":{"rendered":"<p>1. A szab\u00e1lyzat c\u00e9lja Jelen nyilatkozat c\u00e9lja, hogy az Elite2You partnerei, \u00fcgyfelei, tanul\u00f3i \u00e9s felhaszn\u00e1l\u00f3i sz\u00e1m\u00e1ra \u00e1tl\u00e1that\u00f3v\u00e1 tegye az egyes &hellip; <a href=\"https:\/\/elite2you.com\/hu\/frissitesi-nyilatkozat\/\" class=\"more-link\">Continue reading <span class=\"screen-reader-text\">Friss\u00edt\u00e9si \u00e9s Verzi\u00f3kezel\u00e9si Nyilatkozat<\/span><\/a><\/p>\n","protected":false},"author":5,"featured_media":0,"parent":0,"menu_order":0,"comment_status":"closed","ping_status":"closed","template":"","meta":{"_monsterinsights_skip_tracking":false,"_monsterinsights_sitenote_active":false,"_monsterinsights_sitenote_note":"","_monsterinsights_sitenote_category":0,"footnotes":""},"class_list":["post-20281","page","type-page","status-publish","hentry"],"_links":{"self":[{"href":"https:\/\/elite2you.com\/hu\/wp-json\/wp\/v2\/pages\/20281","targetHints":{"allow":["GET"]}}],"collection":[{"href":"https:\/\/elite2you.com\/hu\/wp-json\/wp\/v2\/pages"}],"about":[{"href":"https:\/\/elite2you.com\/hu\/wp-json\/wp\/v2\/types\/page"}],"author":[{"embeddable":true,"href":"https:\/\/elite2you.com\/hu\/wp-json\/wp\/v2\/users\/5"}],"replies":[{"embeddable":true,"href":"https:\/\/elite2you.com\/hu\/wp-json\/wp\/v2\/comments?post=20281"}],"version-history":[{"count":3,"href":"https:\/\/elite2you.com\/hu\/wp-json\/wp\/v2\/pages\/20281\/revisions"}],"predecessor-version":[{"id":20286,"href":"https:\/\/elite2you.com\/hu\/wp-json\/wp\/v2\/pages\/20281\/revisions\/20286"}],"wp:attachment":[{"href":"https:\/\/elite2you.com\/hu\/wp-json\/wp\/v2\/media?parent=20281"}],"curies":[{"name":"wp","href":"https:\/\/api.w.org\/{rel}","templated":true}]}}