{"id":20287,"date":"2025-07-03T13:46:59","date_gmt":"2025-07-03T13:46:59","guid":{"rendered":"https:\/\/elite2you.com\/?page_id=20287"},"modified":"2025-07-03T13:46:59","modified_gmt":"2025-07-03T13:46:59","slug":"markanagykoveti-szabalyzat","status":"publish","type":"page","link":"https:\/\/elite2you.com\/hu\/markanagykoveti-szabalyzat\/","title":{"rendered":"M\u00e1rkanagyk\u00f6veti Szab\u00e1lyzat"},"content":{"rendered":"<h2 data-start=\"210\" data-end=\"268\"><strong data-start=\"213\" data-end=\"266\">Elite2You Influencer \/ M\u00e1rkanagyk\u00f6veti Szab\u00e1lyzat<\/strong><\/h2>\n<p data-start=\"269\" data-end=\"301\"><em data-start=\"269\" data-end=\"301\">(Hat\u00e1lyos: 2024.04.14-t\u0151l)<\/em><\/p>\n<h3 data-start=\"303\" data-end=\"332\"><strong data-start=\"307\" data-end=\"332\">1. A szab\u00e1lyzat c\u00e9lja<\/strong><\/h3>\n<p data-start=\"334\" data-end=\"632\">Ez a szab\u00e1lyzat meghat\u00e1rozza azokat az ir\u00e1nyelveket, elv\u00e1r\u00e1sokat \u00e9s k\u00f6telezetts\u00e9geket, amelyek azokra a szem\u00e9lyekre vonatkoznak, akik nyilv\u00e1nosan k\u00e9pviselik az Elite2You m\u00e1rk\u00e1t mint influencerek, m\u00e1rkanagyk\u00f6vetek, tartalomk\u00e9sz\u00edt\u0151k vagy modellk\u00e9nt hivatalosan egy\u00fcttm\u0171k\u00f6d\u0151 szem\u00e9lyek.<\/p>\n<hr data-start=\"634\" data-end=\"637\" \/>\n<h3 data-start=\"639\" data-end=\"698\"><strong data-start=\"643\" data-end=\"698\">2. Ki min\u0151s\u00fcl m\u00e1rkanagyk\u00f6vetnek vagy influencernek?<\/strong><\/h3>\n<p data-start=\"700\" data-end=\"733\"><strong>M\u00e1rkanagyk\u00f6vet az a szem\u00e9ly, aki:<\/strong><\/p>\n<ul data-start=\"735\" data-end=\"1073\">\n<li data-start=\"735\" data-end=\"831\">\n<p data-start=\"737\" data-end=\"831\">R\u00e9szt vesz az Elite2You hivatalos kommunik\u00e1ci\u00f3j\u00e1ban, rendezv\u00e9nyein, vagy szerepel a kamp\u00e1nyokban<\/p>\n<\/li>\n<li data-start=\"832\" data-end=\"914\">\n<p data-start=\"834\" data-end=\"914\">Az Elite2You enged\u00e9ly\u00e9vel posztol m\u00e1rk\u00e1hoz k\u00f6thet\u0151 tartalmat social platformokon<\/p>\n<\/li>\n<li data-start=\"915\" data-end=\"987\">\n<p data-start=\"917\" data-end=\"987\">Tart\u00f3s egy\u00fcttm\u0171k\u00f6d\u00e9sben \u00e1ll a c\u00e9ggel, \u00e9s kiemelt arculati szerepet kap<\/p>\n<\/li>\n<li data-start=\"988\" data-end=\"1073\">\n<p data-start=\"990\" data-end=\"1073\">Haszn\u00e1lja a m\u00e1rkanevet, log\u00f3t, oktat\u00e1si vagy marketing tartalmakat saj\u00e1t csatorn\u00e1in<\/p>\n<\/li>\n<\/ul>\n<hr data-start=\"1075\" data-end=\"1078\" \/>\n<h3 data-start=\"1080\" data-end=\"1129\"><strong data-start=\"1084\" data-end=\"1129\">3. Kommunik\u00e1ci\u00f3s \u00e9s viselked\u00e9si elv\u00e1r\u00e1sok<\/strong><\/h3>\n<p data-start=\"1131\" data-end=\"1208\"><strong>Az Elite2You m\u00e1rkanagyk\u00f6veteknek az al\u00e1bbi elvek szerint kell kommunik\u00e1lniuk:<\/strong><\/p>\n<ul data-start=\"1210\" data-end=\"1515\">\n<li data-start=\"1210\" data-end=\"1256\">\n<p data-start=\"1212\" data-end=\"1256\">Pozit\u00edv, t\u00e1mogat\u00f3 \u00e9s inspir\u00e1l\u00f3 st\u00edlusban<\/p>\n<\/li>\n<li data-start=\"1257\" data-end=\"1333\">\n<p data-start=\"1259\" data-end=\"1333\">A m\u00e1rk\u00e1r\u00f3l csak val\u00f3s, pontos \u00e9s j\u00f3v\u00e1hagyott inform\u00e1ci\u00f3kat k\u00f6z\u00f6lhetnek<\/p>\n<\/li>\n<li data-start=\"1334\" data-end=\"1406\">\n<p data-start=\"1336\" data-end=\"1406\">K\u00f6telesek ker\u00fclni a lej\u00e1rat\u00f3, s\u00e9rt\u0151 vagy tr\u00e1g\u00e1r megnyilv\u00e1nul\u00e1sokat<\/p>\n<\/li>\n<li data-start=\"1407\" data-end=\"1515\">\n<p data-start=\"1409\" data-end=\"1515\">Tilos b\u00e1rmilyen politikai, vall\u00e1si, sz\u00e9ls\u0151s\u00e9ges vagy megoszt\u00f3 tartalom k\u00f6zz\u00e9t\u00e9tele Elite2You n\u00e9v alatt<\/p>\n<\/li>\n<\/ul>\n<hr data-start=\"1517\" data-end=\"1520\" \/>\n<h3 data-start=\"1522\" data-end=\"1560\"><strong data-start=\"1526\" data-end=\"1560\">4. M\u00e1rkan\u00e9v \u00e9s log\u00f3 haszn\u00e1lata<\/strong><\/h3>\n<ul data-start=\"1562\" data-end=\"1928\">\n<li data-start=\"1562\" data-end=\"1668\">\n<p data-start=\"1564\" data-end=\"1668\">A m\u00e1rkanevet \u00e9s log\u00f3t kiz\u00e1r\u00f3lag az Elite2You enged\u00e9ly\u00e9vel haszn\u00e1lhatja az influencer vagy m\u00e1rkanagyk\u00f6vet<\/p>\n<\/li>\n<li data-start=\"1669\" data-end=\"1750\">\n<p data-start=\"1671\" data-end=\"1750\">A log\u00f3t csak az eredeti form\u00e1j\u00e1ban, ar\u00e1ny- \u00e9s sz\u00ednhelyesen szabad megjelen\u00edteni<\/p>\n<\/li>\n<li data-start=\"1751\" data-end=\"1832\">\n<p data-start=\"1753\" data-end=\"1832\">Tilos a m\u00e1rkan\u00e9v vagy log\u00f3 m\u00f3dos\u00edt\u00e1sa, \u00e1t\u00e9rtelmez\u00e9se, elferd\u00edt\u00e9se, parodiz\u00e1l\u00e1sa<\/p>\n<\/li>\n<li data-start=\"1833\" data-end=\"1928\">\n<p data-start=\"1835\" data-end=\"1928\">A haszn\u00e1lat sor\u00e1n egy\u00e9rtelm\u0171v\u00e9 kell tenni, hogy az illet\u0151 a m\u00e1rk\u00e1val egy\u00fcttm\u0171k\u00f6d\u00e9sben \u00e1ll<\/p>\n<\/li>\n<\/ul>\n<hr data-start=\"1930\" data-end=\"1933\" \/>\n<h3 data-start=\"1935\" data-end=\"1968\"><strong data-start=\"1939\" data-end=\"1968\">5. Tartalmi k\u00f6vetelm\u00e9nyek<\/strong><\/h3>\n<p data-start=\"1970\" data-end=\"2046\"><strong>A m\u00e1rk\u00e1t n\u00e9pszer\u0171s\u00edt\u0151 tartalomnak meg kell felelnie az al\u00e1bbi felt\u00e9teleknek:<\/strong><\/p>\n<ul data-start=\"2048\" data-end=\"2468\">\n<li data-start=\"2048\" data-end=\"2148\">\n<p data-start=\"2050\" data-end=\"2148\">Kiz\u00e1r\u00f3lag saj\u00e1t k\u00e9sz\u00edt\u00e9s\u0171 vagy jogtiszt\u00e1n felhaszn\u00e1lt k\u00e9pet, vide\u00f3t vagy sz\u00f6veget tartalmazhat<\/p>\n<\/li>\n<li data-start=\"2149\" data-end=\"2305\">\n<p data-start=\"2151\" data-end=\"2305\">A posztol\u00f3 k\u00f6teles felt\u00fcntetni az Elite2You-t partnerk\u00e9nt, pl.:<br data-start=\"2218\" data-end=\"2221\" \/><code data-start=\"2223\" data-end=\"2240\">#Elite2YouModel<\/code>, <code data-start=\"2242\" data-end=\"2262\">@elite2youofficial<\/code>, vagy <code data-start=\"2269\" data-end=\"2305\">K\u00e9sz\u00fclt az Elite2You t\u00e1mogat\u00e1s\u00e1val<\/code><\/p>\n<\/li>\n<li data-start=\"2306\" data-end=\"2468\">\n<p data-start=\"2308\" data-end=\"2468\">Minden fizetett vagy prom\u00f3ci\u00f3s egy\u00fcttm\u0171k\u00f6d\u00e9s eset\u00e9n k\u00f6telez\u0151 az \u201eAd\u201d, \u201eSzponzor\u00e1lt\u201d, vagy \u201eT\u00e1mogatott tartalom\u201d megjel\u00f6l\u00e9s a helyi szab\u00e1lyok szerint<\/p>\n<\/li>\n<\/ul>\n<hr data-start=\"2470\" data-end=\"2473\" \/>\n<h3 data-start=\"2475\" data-end=\"2523\"><strong data-start=\"2479\" data-end=\"2523\">6. Tiltott tartalmak \u00e9s magatart\u00e1sform\u00e1k<\/strong><\/h3>\n<p data-start=\"2525\" data-end=\"2587\"><strong>Tilos az al\u00e1bbi t\u00edpus\u00fa tartalmak k\u00f6zz\u00e9t\u00e9tele a m\u00e1rkan\u00e9v alatt:<\/strong><\/p>\n<ul data-start=\"2589\" data-end=\"2907\">\n<li data-start=\"2589\" data-end=\"2669\">\n<p data-start=\"2591\" data-end=\"2669\">Alkohol, drog, doh\u00e1nyterm\u00e9k, fegyver vagy illeg\u00e1lis tev\u00e9kenys\u00e9g n\u00e9pszer\u0171s\u00edt\u00e9se<\/p>\n<\/li>\n<li data-start=\"2670\" data-end=\"2712\">\n<p data-start=\"2672\" data-end=\"2712\">Gy\u0171l\u00f6letbesz\u00e9d, diszkrimin\u00e1ci\u00f3, zaklat\u00e1s<\/p>\n<\/li>\n<li data-start=\"2713\" data-end=\"2779\">\n<p data-start=\"2715\" data-end=\"2779\">Obszc\u00e9n, pornogr\u00e1f vagy kiskor\u00faak sz\u00e1m\u00e1ra nem megfelel\u0151 tartalom<\/p>\n<\/li>\n<li data-start=\"2780\" data-end=\"2832\">\n<p data-start=\"2782\" data-end=\"2832\">M\u00e1s m\u00e1rk\u00e1val val\u00f3 \u00f6sszehasonl\u00edt\u00f3, lej\u00e1rat\u00f3 posztok<\/p>\n<\/li>\n<li data-start=\"2833\" data-end=\"2907\">\n<p data-start=\"2835\" data-end=\"2907\">Az Elite2You enged\u00e9lye n\u00e9lk\u00fcli k\u00e9pz\u00e9s, term\u00e9k vagy szolg\u00e1ltat\u00e1s aj\u00e1nl\u00e1sa<\/p>\n<\/li>\n<\/ul>\n<hr data-start=\"2909\" data-end=\"2912\" \/>\n<h3 data-start=\"2914\" data-end=\"2960\"><strong data-start=\"2918\" data-end=\"2960\">7. Ellen\u0151rz\u00e9s, j\u00f3v\u00e1hagy\u00e1s, szerz\u0151i jog<\/strong><\/h3>\n<ul data-start=\"2962\" data-end=\"3375\">\n<li data-start=\"2962\" data-end=\"3112\">\n<p data-start=\"2964\" data-end=\"3112\">Az Elite2You fenntartja a jogot, hogy el\u0151zetesen j\u00f3v\u00e1hagyja vagy ut\u00f3lag elt\u00e1vol\u00edt\u00e1st k\u00e9rjen b\u00e1rmely tartalomr\u00f3l, ha az nem felel meg a szab\u00e1lyzatnak<\/p>\n<\/li>\n<li data-start=\"3113\" data-end=\"3253\">\n<p data-start=\"3115\" data-end=\"3253\">Az egy\u00fcttm\u0171k\u00f6d\u00e9s sor\u00e1n k\u00e9sz\u00fclt vizu\u00e1lis \u00e9s sz\u00f6veges tartalmak felhaszn\u00e1l\u00e1si joga az Elite2You-ra is \u00e1tsz\u00e1llhat, k\u00fcl\u00f6n meg\u00e1llapod\u00e1s alapj\u00e1n<\/p>\n<\/li>\n<li data-start=\"3254\" data-end=\"3375\">\n<p data-start=\"3256\" data-end=\"3375\">A m\u00e1rkanagyk\u00f6vetek k\u00f6telesek egy\u00fcttm\u0171k\u00f6dni a kamp\u00e1nytervez\u00e9sben, visszajelz\u00e9st adni \u00e9s betartani a kiadott ir\u00e1nyelveket<\/p>\n<\/li>\n<\/ul>\n<hr data-start=\"3377\" data-end=\"3380\" \/>\n<h3 data-start=\"3382\" data-end=\"3410\"><strong data-start=\"3386\" data-end=\"3410\">8. Jogk\u00f6vetkezm\u00e9nyek<\/strong><\/h3>\n<p data-start=\"3412\" data-end=\"3471\"><strong>A szab\u00e1lyzat megs\u00e9rt\u00e9se az al\u00e1bbi k\u00f6vetkezm\u00e9nyekkel j\u00e1rhat:<\/strong><\/p>\n<ul data-start=\"3473\" data-end=\"3725\">\n<li data-start=\"3473\" data-end=\"3530\">\n<p data-start=\"3475\" data-end=\"3530\">Figyelmeztet\u00e9s vagy felsz\u00f3l\u00edt\u00e1s tartalom elt\u00e1vol\u00edt\u00e1s\u00e1ra<\/p>\n<\/li>\n<li data-start=\"3531\" data-end=\"3572\">\n<p data-start=\"3533\" data-end=\"3572\">A m\u00e1rkanagyk\u00f6veti st\u00e1tusz megsz\u00fcntet\u00e9se<\/p>\n<\/li>\n<li data-start=\"3573\" data-end=\"3634\">\n<p data-start=\"3575\" data-end=\"3634\">Egy\u00fcttm\u0171k\u00f6d\u00e9s felmond\u00e1sa \u00e9s kiz\u00e1r\u00e1s a j\u00f6v\u0151beli programokb\u00f3l<\/p>\n<\/li>\n<li data-start=\"3635\" data-end=\"3725\">\n<p data-start=\"3637\" data-end=\"3725\">Sz\u00fcks\u00e9g eset\u00e9n jogi l\u00e9p\u00e9sek kezdem\u00e9nyez\u00e9se (pl. v\u00e9djegybitorl\u00e1s, szerz\u0151d\u00e9sszeg\u00e9s eset\u00e9n)<\/p>\n<\/li>\n<\/ul>\n<hr data-start=\"3727\" data-end=\"3730\" \/>\n<h3 data-start=\"3732\" data-end=\"3765\"><strong data-start=\"3736\" data-end=\"3765\">9. Kapcsolat \u00e9s t\u00e1mogat\u00e1s<\/strong><\/h3>\n<p data-start=\"3767\" data-end=\"3860\">K\u00e9rd\u00e9sek vagy egyedi kamp\u00e1ny-egyeztet\u00e9s eset\u00e9n az al\u00e1bbi el\u00e9rhet\u0151s\u00e9geken ny\u00fajtunk t\u00e1mogat\u00e1st:<\/p>\n<p data-start=\"3862\" data-end=\"4100\">\ud83d\udce9 <strong data-start=\"3865\" data-end=\"3875\">Email:<\/strong> info<a class=\"cursor-pointer\" rel=\"noopener\" data-start=\"3876\" data-end=\"3899\">@elite2you.com<\/a><br data-start=\"3899\" data-end=\"3902\" \/>\ud83c\udf10 <strong data-start=\"3905\" data-end=\"3918\">Weboldal:<\/strong> <a class=\"\" href=\"https:\/\/elite2you.com\" target=\"_new\" rel=\"noopener\" data-start=\"3919\" data-end=\"3965\">https:\/\/elite2you.com<\/a><br data-start=\"4047\" data-end=\"4050\" \/>\ud83e\udd1d <strong data-start=\"4053\" data-end=\"4074\">TikTok kamp\u00e1nyok:<\/strong> csak \u00edr\u00e1sos j\u00f3v\u00e1hagy\u00e1ssal<\/p>\n","protected":false},"excerpt":{"rendered":"<p>Elite2You Influencer \/ M\u00e1rkanagyk\u00f6veti Szab\u00e1lyzat (Hat\u00e1lyos: 2024.04.14-t\u0151l) 1. A szab\u00e1lyzat c\u00e9lja Ez a szab\u00e1lyzat meghat\u00e1rozza azokat az ir\u00e1nyelveket, elv\u00e1r\u00e1sokat \u00e9s &hellip; <a href=\"https:\/\/elite2you.com\/hu\/markanagykoveti-szabalyzat\/\" class=\"more-link\">Continue reading <span class=\"screen-reader-text\">M\u00e1rkanagyk\u00f6veti Szab\u00e1lyzat<\/span><\/a><\/p>\n","protected":false},"author":5,"featured_media":0,"parent":0,"menu_order":0,"comment_status":"closed","ping_status":"closed","template":"","meta":{"_monsterinsights_skip_tracking":false,"_monsterinsights_sitenote_active":false,"_monsterinsights_sitenote_note":"","_monsterinsights_sitenote_category":0,"footnotes":""},"class_list":["post-20287","page","type-page","status-publish","hentry"],"_links":{"self":[{"href":"https:\/\/elite2you.com\/hu\/wp-json\/wp\/v2\/pages\/20287","targetHints":{"allow":["GET"]}}],"collection":[{"href":"https:\/\/elite2you.com\/hu\/wp-json\/wp\/v2\/pages"}],"about":[{"href":"https:\/\/elite2you.com\/hu\/wp-json\/wp\/v2\/types\/page"}],"author":[{"embeddable":true,"href":"https:\/\/elite2you.com\/hu\/wp-json\/wp\/v2\/users\/5"}],"replies":[{"embeddable":true,"href":"https:\/\/elite2you.com\/hu\/wp-json\/wp\/v2\/comments?post=20287"}],"version-history":[{"count":1,"href":"https:\/\/elite2you.com\/hu\/wp-json\/wp\/v2\/pages\/20287\/revisions"}],"predecessor-version":[{"id":20289,"href":"https:\/\/elite2you.com\/hu\/wp-json\/wp\/v2\/pages\/20287\/revisions\/20289"}],"wp:attachment":[{"href":"https:\/\/elite2you.com\/hu\/wp-json\/wp\/v2\/media?parent=20287"}],"curies":[{"name":"wp","href":"https:\/\/api.w.org\/{rel}","templated":true}]}}