{"id":20295,"date":"2025-07-03T14:07:38","date_gmt":"2025-07-03T14:07:38","guid":{"rendered":"https:\/\/elite2you.com\/?page_id=20295"},"modified":"2025-07-03T14:07:38","modified_gmt":"2025-07-03T14:07:38","slug":"belso-munkavallaloi-iranyelvek","status":"publish","type":"page","link":"https:\/\/elite2you.com\/hu\/belso-munkavallaloi-iranyelvek\/","title":{"rendered":"Bels\u0151 Munkav\u00e1llal\u00f3i Ir\u00e1nyelvek"},"content":{"rendered":"<p data-start=\"374\" data-end=\"404\"><em data-start=\"374\" data-end=\"404\">Hat\u00e1lyos: 2025. \u00c1prilis 14-t\u0151l<\/em><\/p>\n<hr data-start=\"406\" data-end=\"409\" \/>\n<h3 data-start=\"411\" data-end=\"440\"><strong data-start=\"415\" data-end=\"440\">1. A dokumentum c\u00e9lja<\/strong><\/h3>\n<p data-start=\"442\" data-end=\"736\">Jelen ir\u00e1nyelv c\u00e9lja, hogy egy\u00e9rtelm\u0171 \u00e9s egys\u00e9ges m\u0171k\u00f6d\u00e9si keretet biztos\u00edtson az Elite2You bels\u0151 munkat\u00e1rsai \u2013 k\u00fcl\u00f6n\u00f6sen az adminisztrat\u00edv, operat\u00edv, szervez\u0151i \u00e9s coaching feladatk\u00f6rt ell\u00e1t\u00f3 szem\u00e9lyek \u2013 sz\u00e1m\u00e1ra. A c\u00e9l a megb\u00edzhat\u00f3, etikus, hat\u00e9kony \u00e9s m\u00e1rk\u00e1hoz m\u00e9lt\u00f3 bels\u0151 m\u0171k\u00f6d\u00e9s biztos\u00edt\u00e1sa.<\/p>\n<hr data-start=\"738\" data-end=\"741\" \/>\n<h3 data-start=\"743\" data-end=\"775\"><strong data-start=\"747\" data-end=\"775\">2. Az ir\u00e1nyelvek hat\u00e1lya<\/strong><\/h3>\n<p data-start=\"777\" data-end=\"833\">Az al\u00e1bbi szerepk\u00f6r\u00f6k tartoznak az ir\u00e1nyelv hat\u00e1lya al\u00e1:<\/p>\n<ul data-start=\"835\" data-end=\"1037\">\n<li data-start=\"835\" data-end=\"868\">\n<p data-start=\"837\" data-end=\"868\">Adminisztr\u00e1torok, asszisztensek<\/p>\n<\/li>\n<li data-start=\"869\" data-end=\"915\">\n<p data-start=\"871\" data-end=\"915\">\u00dcgyf\u00e9lszolg\u00e1lati \u00e9s koordin\u00e1ci\u00f3s munkat\u00e1rsak<\/p>\n<\/li>\n<li data-start=\"916\" data-end=\"962\">\n<p data-start=\"918\" data-end=\"962\">Coach-ok, mentori feladatot ell\u00e1t\u00f3 szem\u00e9lyek<\/p>\n<\/li>\n<li data-start=\"963\" data-end=\"1001\">\n<p data-start=\"965\" data-end=\"1001\">Projektvezet\u0151k, technikai oper\u00e1torok<\/p>\n<\/li>\n<li data-start=\"1002\" data-end=\"1037\">\n<p data-start=\"1004\" data-end=\"1037\">Bels\u0151 HR- \u00e9s p\u00e9nz\u00fcgyi munkat\u00e1rsak<\/p>\n<\/li>\n<\/ul>\n<p data-start=\"1039\" data-end=\"1167\">Az ir\u00e1nyelv vonatkozik minden munkaviszonyban, megb\u00edz\u00e1sos jogviszonyban vagy alv\u00e1llalkoz\u00f3i szerz\u0151d\u00e9s alapj\u00e1n m\u0171k\u00f6d\u0151 munkat\u00e1rsra.<\/p>\n<hr data-start=\"1169\" data-end=\"1172\" \/>\n<h3 data-start=\"1174\" data-end=\"1203\"><strong data-start=\"1178\" data-end=\"1203\">3. Alapvet\u0151 elv\u00e1r\u00e1sok<\/strong><\/h3>\n<p data-start=\"1205\" data-end=\"1233\">Minden munkav\u00e1llal\u00f3 k\u00f6teles:<\/p>\n<ul data-start=\"1235\" data-end=\"1696\">\n<li data-start=\"1235\" data-end=\"1320\">\n<p data-start=\"1237\" data-end=\"1320\">A m\u00e1rka \u00e9rt\u00e9keit, hiteless\u00e9g\u00e9t \u00e9s professzionalizmus\u00e1t k\u00e9pviselni minden helyzetben<\/p>\n<\/li>\n<li data-start=\"1321\" data-end=\"1401\">\n<p data-start=\"1323\" data-end=\"1401\">Felel\u0151ss\u00e9gteljesen, megb\u00edzhat\u00f3an \u00e9s hat\u00e9konyan ell\u00e1tni a r\u00e1 b\u00edzott feladatokat<\/p>\n<\/li>\n<li data-start=\"1402\" data-end=\"1497\">\n<p data-start=\"1404\" data-end=\"1497\">Titoktart\u00e1st tan\u00fas\u00edtani az \u00fczleti, p\u00e9nz\u00fcgyi, szem\u00e9lyes vagy strat\u00e9giai adatokkal kapcsolatban<\/p>\n<\/li>\n<li data-start=\"1498\" data-end=\"1607\">\n<p data-start=\"1500\" data-end=\"1607\">Ker\u00fclni a bels\u0151 konfliktusokat, kibesz\u00e9l\u00e9st, negat\u00edv hangulatkelt\u00e9st vagy bizalomveszt\u00e9st okoz\u00f3 viselked\u00e9st<\/p>\n<\/li>\n<li data-start=\"1608\" data-end=\"1696\">\n<p data-start=\"1610\" data-end=\"1696\">B\u00e1rmilyen jogellenes, etik\u00e1tlan vagy m\u00e1rk\u00e1t s\u00e9rt\u0151 tev\u00e9kenys\u00e9get halad\u00e9ktalanul jelezni<\/p>\n<\/li>\n<\/ul>\n<hr data-start=\"1698\" data-end=\"1701\" \/>\n<h3 data-start=\"1703\" data-end=\"1745\"><strong data-start=\"1707\" data-end=\"1745\">4. Munkaid\u0151 \u00e9s rendelkez\u00e9sre \u00e1ll\u00e1s<\/strong><\/h3>\n<ul data-start=\"1747\" data-end=\"2067\">\n<li data-start=\"1747\" data-end=\"1868\">\n<p data-start=\"1749\" data-end=\"1868\">A munkav\u00e1llal\u00f3nak a megb\u00edz\u00e1si szerz\u0151d\u00e9s\u00e9ben vagy munkaszerz\u0151d\u00e9s\u00e9ben foglalt id\u0151pontok szerint kell rendelkez\u00e9sre \u00e1llnia<\/p>\n<\/li>\n<li data-start=\"1869\" data-end=\"1976\">\n<p data-start=\"1871\" data-end=\"1976\">Online munkav\u00e9gz\u00e9s eset\u00e9n elv\u00e1r\u00e1s az id\u0151ben t\u00f6rt\u00e9n\u0151 reakci\u00f3, a hat\u00e1rid\u0151k betart\u00e1sa \u00e9s a megb\u00edzhat\u00f3s\u00e1g<\/p>\n<\/li>\n<li data-start=\"1977\" data-end=\"2067\">\n<p data-start=\"1979\" data-end=\"2067\">A munkav\u00e1llal\u00f3 k\u00f6teles az e-mailjeit \u00e9s bels\u0151 \u00fczenetk\u00fcld\u0151 csatorn\u00e1it naponta ellen\u0151rizni<\/p>\n<\/li>\n<\/ul>\n<hr data-start=\"2069\" data-end=\"2072\" \/>\n<h3 data-start=\"2074\" data-end=\"2115\"><strong data-start=\"2078\" data-end=\"2115\">5. Bels\u0151 kommunik\u00e1ci\u00f3s ir\u00e1nyelvek<\/strong><\/h3>\n<ul data-start=\"2117\" data-end=\"2422\">\n<li data-start=\"2117\" data-end=\"2210\">\n<p data-start=\"2119\" data-end=\"2210\">A bels\u0151 kommunik\u00e1ci\u00f3 sor\u00e1n kultur\u00e1lt, tiszteletteljes \u00e9s c\u00e9lorient\u00e1lt st\u00edlus az elv\u00e1r\u00e1s<\/p>\n<\/li>\n<li data-start=\"2211\" data-end=\"2298\">\n<p data-start=\"2213\" data-end=\"2298\">Vit\u00e1s helyzeteket a lehet\u0151 legr\u00f6videbb id\u0151n bel\u00fcl, b\u00e9k\u00e9sen \u00e9s hat\u00e9konyan kell kezelni<\/p>\n<\/li>\n<li data-start=\"2299\" data-end=\"2422\">\n<p data-start=\"2301\" data-end=\"2422\">Minden hivatalos kommunik\u00e1ci\u00f3t (e-mail, jegyz\u0151k\u00f6nyv, eml\u00e9keztet\u0151) dokument\u00e1lni kell, ha azt a feladat jellege megk\u00f6veteli<\/p>\n<\/li>\n<\/ul>\n<hr data-start=\"2424\" data-end=\"2427\" \/>\n<h3 data-start=\"2429\" data-end=\"2474\"><strong data-start=\"2433\" data-end=\"2474\">6. Feladatok \u00e1tad\u00e1sa \u00e9s dokument\u00e1l\u00e1sa<\/strong><\/h3>\n<ul data-start=\"2476\" data-end=\"2776\">\n<li data-start=\"2476\" data-end=\"2591\">\n<p data-start=\"2478\" data-end=\"2591\">A munkat\u00e1rs k\u00f6teles az \u00e1ltala v\u00e9gzett feladatokat sz\u00fcks\u00e9g szerint dokument\u00e1lni (pl. heti riport, st\u00e1tuszjelent\u00e9s)<\/p>\n<\/li>\n<li data-start=\"2592\" data-end=\"2697\">\n<p data-start=\"2594\" data-end=\"2697\">Felmond\u00e1s vagy feladatv\u00e1lt\u00e1s eset\u00e9n k\u00f6teles \u00edr\u00e1sban \u00e1tadni a feladatokat, hozz\u00e1f\u00e9r\u00e9seket, anyagokat<\/p>\n<\/li>\n<li data-start=\"2698\" data-end=\"2776\">\n<p data-start=\"2700\" data-end=\"2776\">A munkak\u00f6r \u00e1tad\u00e1s\u00e1hoz a k\u00f6zponti irodavezet\u0151 \/ HR munkat\u00e1rs ad ir\u00e1nymutat\u00e1st<\/p>\n<\/li>\n<\/ul>\n<hr data-start=\"2778\" data-end=\"2781\" \/>\n<h3 data-start=\"2783\" data-end=\"2832\"><strong data-start=\"2787\" data-end=\"2832\">7. Munkaeszk\u00f6z\u00f6k \u00e9s rendszerek haszn\u00e1lata<\/strong><\/h3>\n<ul data-start=\"2834\" data-end=\"3090\">\n<li data-start=\"2834\" data-end=\"2950\">\n<p data-start=\"2836\" data-end=\"2950\">A c\u00e9g \u00e1ltal biztos\u00edtott munkaeszk\u00f6z\u00f6ket (pl. laptop, fi\u00f3kok, rendszerek) csak munkav\u00e9gz\u00e9s c\u00e9lj\u00e1ra szabad haszn\u00e1lni<\/p>\n<\/li>\n<li data-start=\"2951\" data-end=\"3024\">\n<p data-start=\"2953\" data-end=\"3024\">Az eszk\u00f6z\u00f6k, fi\u00f3kok, hozz\u00e1f\u00e9r\u00e9sek jelszavait biztons\u00e1gosan kell kezelni<\/p>\n<\/li>\n<li data-start=\"3025\" data-end=\"3090\">\n<p data-start=\"3027\" data-end=\"3090\">Tilos jogosulatlanul hozz\u00e1f\u00e9rni m\u00e1sok adataihoz vagy fi\u00f3kjaihoz<\/p>\n<\/li>\n<\/ul>\n<hr data-start=\"3092\" data-end=\"3095\" \/>\n<h3 data-start=\"3097\" data-end=\"3154\"><strong data-start=\"3101\" data-end=\"3154\">8. Jutalmaz\u00e1s, motiv\u00e1ci\u00f3 \u00e9s teljes\u00edtm\u00e9ny\u00e9rt\u00e9kel\u00e9s<\/strong><\/h3>\n<ul data-start=\"3156\" data-end=\"3420\">\n<li data-start=\"3156\" data-end=\"3248\">\n<p data-start=\"3158\" data-end=\"3248\">A munkat\u00e1rsak teljes\u00edtm\u00e9ny\u00e9t havi, negyed\u00e9ves \u00e9s \u00e9ves szinten visszajelz\u00e9ssel \u00e9rt\u00e9kelj\u00fck<\/p>\n<\/li>\n<li data-start=\"3249\" data-end=\"3420\">\n<p data-start=\"3251\" data-end=\"3295\"><strong>Kiemelked\u0151 munkav\u00e9gz\u00e9s eset\u00e9n lehet\u0151s\u00e9g van:<\/strong><\/p>\n<ul data-start=\"3298\" data-end=\"3420\">\n<li data-start=\"3298\" data-end=\"3332\">\n<p data-start=\"3300\" data-end=\"3332\">b\u00f3nusz vagy pr\u00e9mium kifizet\u00e9s\u00e9re<\/p>\n<\/li>\n<li data-start=\"3335\" data-end=\"3372\">\n<p data-start=\"3337\" data-end=\"3372\">el\u0151rel\u00e9p\u00e9si lehet\u0151s\u00e9g biztos\u00edt\u00e1s\u00e1ra<\/p>\n<\/li>\n<li data-start=\"3375\" data-end=\"3420\">\n<p data-start=\"3377\" data-end=\"3420\">bels\u0151 aj\u00e1nl\u00e1si rendszerben val\u00f3 r\u00e9szv\u00e9telre<\/p>\n<\/li>\n<\/ul>\n<\/li>\n<\/ul>\n<hr data-start=\"3422\" data-end=\"3425\" \/>\n<h3 data-start=\"3427\" data-end=\"3473\"><strong data-start=\"3431\" data-end=\"3473\">9. Elv\u00e1rhat\u00f3 lojalit\u00e1s \u00e9s m\u00e1rkav\u00e9delem<\/strong><\/h3>\n<ul data-start=\"3475\" data-end=\"3754\">\n<li data-start=\"3475\" data-end=\"3602\">\n<p data-start=\"3477\" data-end=\"3602\">A munkat\u00e1rs k\u00f6teles tart\u00f3zkodni minden olyan nyilv\u00e1nos megnyilv\u00e1nul\u00e1st\u00f3l, amely a m\u00e1rka h\u00edrnev\u00e9t vagy m\u0171k\u00f6d\u00e9s\u00e9t vesz\u00e9lyezteti<\/p>\n<\/li>\n<li data-start=\"3603\" data-end=\"3754\">\n<p data-start=\"3605\" data-end=\"3754\">Tilos a munkaviszony alatt \u00e9s azt k\u00f6vet\u0151en is az Elite2You m\u0171k\u00f6d\u00e9s\u00e9t vagy bels\u0151 rendszer\u00e9t m\u00e1solni, kisziv\u00e1rogtatni vagy versenyt\u00e1rs fel\u00e9 tov\u00e1bb\u00edtani<\/p>\n<\/li>\n<\/ul>\n<hr data-start=\"3756\" data-end=\"3759\" \/>\n<h3 data-start=\"3761\" data-end=\"3811\"><strong data-start=\"3765\" data-end=\"3811\">10. Jogk\u00f6vetkezm\u00e9nyek szab\u00e1lyszeg\u00e9s eset\u00e9n<\/strong><\/h3>\n<p data-start=\"3813\" data-end=\"3876\"><strong>Szab\u00e1lyszeg\u00e9s eset\u00e9n a c\u00e9g a k\u00f6vetkez\u0151 l\u00e9p\u00e9seket alkalmazhatja:<\/strong><\/p>\n<ul data-start=\"3878\" data-end=\"4060\">\n<li data-start=\"3878\" data-end=\"3916\">\n<p data-start=\"3880\" data-end=\"3916\">Sz\u00f3beli vagy \u00edr\u00e1sbeli figyelmeztet\u00e9s<\/p>\n<\/li>\n<li data-start=\"3917\" data-end=\"3964\">\n<p data-start=\"3919\" data-end=\"3964\">Megb\u00edz\u00e1s felf\u00fcggeszt\u00e9se, szerz\u0151d\u00e9s felmond\u00e1sa<\/p>\n<\/li>\n<li data-start=\"3965\" data-end=\"4001\">\n<p data-start=\"3967\" data-end=\"4001\">Bel\u00e9p\u00e9si jogosults\u00e1gok korl\u00e1toz\u00e1sa<\/p>\n<\/li>\n<li data-start=\"4002\" data-end=\"4060\">\n<p data-start=\"4004\" data-end=\"4060\">Jogvita eset\u00e9n: jogi \u00fat, k\u00e1rt\u00e9r\u00edt\u00e9si ig\u00e9ny \u00e9rv\u00e9nyes\u00edt\u00e9se<\/p>\n<\/li>\n<\/ul>\n<hr data-start=\"4062\" data-end=\"4065\" \/>\n<h3 data-start=\"4067\" data-end=\"4097\"><strong data-start=\"4071\" data-end=\"4097\">11. Z\u00e1r\u00f3 rendelkez\u00e9sek<\/strong><\/h3>\n<ul data-start=\"4099\" data-end=\"4341\">\n<li data-start=\"4099\" data-end=\"4165\">\n<p data-start=\"4101\" data-end=\"4165\">Jelen ir\u00e1nyelv az Elite2You minden bels\u0151 munkat\u00e1rs\u00e1ra vonatkozik<\/p>\n<\/li>\n<li data-start=\"4166\" data-end=\"4246\">\n<p data-start=\"4168\" data-end=\"4246\">Az elfogad\u00e1sa felt\u00e9tele a szerz\u0151d\u00e9s al\u00e1\u00edr\u00e1s\u00e1nak \u00e9s a munkav\u00e9gz\u00e9s megkezd\u00e9s\u00e9nek<\/p>\n<\/li>\n<li data-start=\"4247\" data-end=\"4341\">\n<p data-start=\"4249\" data-end=\"4341\">A dokumentum friss\u00edt\u00e9s\u00e9re \u00e9vente sor ker\u00fcl, az aktu\u00e1lis verzi\u00f3 mindig ezen az oldalon \u00e9rhet\u0151 el.<\/p>\n<\/li>\n<\/ul>\n<p>R\u00e9szletesebb inform\u00e1ci\u00f3 a bels\u0151 iratokban.<\/p>\n","protected":false},"excerpt":{"rendered":"<p>Hat\u00e1lyos: 2025. \u00c1prilis 14-t\u0151l 1. A dokumentum c\u00e9lja Jelen ir\u00e1nyelv c\u00e9lja, hogy egy\u00e9rtelm\u0171 \u00e9s egys\u00e9ges m\u0171k\u00f6d\u00e9si keretet biztos\u00edtson az Elite2You &hellip; <a href=\"https:\/\/elite2you.com\/hu\/belso-munkavallaloi-iranyelvek\/\" class=\"more-link\">Continue reading <span class=\"screen-reader-text\">Bels\u0151 Munkav\u00e1llal\u00f3i Ir\u00e1nyelvek<\/span><\/a><\/p>\n","protected":false},"author":5,"featured_media":0,"parent":0,"menu_order":0,"comment_status":"closed","ping_status":"closed","template":"","meta":{"_monsterinsights_skip_tracking":false,"_monsterinsights_sitenote_active":false,"_monsterinsights_sitenote_note":"","_monsterinsights_sitenote_category":0,"footnotes":""},"class_list":["post-20295","page","type-page","status-publish","hentry"],"_links":{"self":[{"href":"https:\/\/elite2you.com\/hu\/wp-json\/wp\/v2\/pages\/20295","targetHints":{"allow":["GET"]}}],"collection":[{"href":"https:\/\/elite2you.com\/hu\/wp-json\/wp\/v2\/pages"}],"about":[{"href":"https:\/\/elite2you.com\/hu\/wp-json\/wp\/v2\/types\/page"}],"author":[{"embeddable":true,"href":"https:\/\/elite2you.com\/hu\/wp-json\/wp\/v2\/users\/5"}],"replies":[{"embeddable":true,"href":"https:\/\/elite2you.com\/hu\/wp-json\/wp\/v2\/comments?post=20295"}],"version-history":[{"count":1,"href":"https:\/\/elite2you.com\/hu\/wp-json\/wp\/v2\/pages\/20295\/revisions"}],"predecessor-version":[{"id":20297,"href":"https:\/\/elite2you.com\/hu\/wp-json\/wp\/v2\/pages\/20295\/revisions\/20297"}],"wp:attachment":[{"href":"https:\/\/elite2you.com\/hu\/wp-json\/wp\/v2\/media?parent=20295"}],"curies":[{"name":"wp","href":"https:\/\/api.w.org\/{rel}","templated":true}]}}