{"id":20302,"date":"2025-07-03T14:34:00","date_gmt":"2025-07-03T14:34:00","guid":{"rendered":"https:\/\/elite2you.com\/?page_id=20302"},"modified":"2025-07-03T14:35:02","modified_gmt":"2025-07-03T14:35:02","slug":"ai-szabalyozasa","status":"publish","type":"page","link":"https:\/\/elite2you.com\/hu\/ai-szabalyozasa\/","title":{"rendered":"AI szab\u00e1lyoz\u00e1sa"},"content":{"rendered":"<h2 data-start=\"323\" data-end=\"385\"><strong data-start=\"326\" data-end=\"383\">AI \u00e9s Automatiz\u00e1l\u00e1s Haszn\u00e1lati Szab\u00e1lyzat<\/strong><\/h2>\n<p data-start=\"386\" data-end=\"416\"><em data-start=\"386\" data-end=\"416\">Hat\u00e1lyos: 2024. \u00c1prilis 14-t\u0151l<\/em><\/p>\n<hr data-start=\"418\" data-end=\"421\" \/>\n<h3 data-start=\"423\" data-end=\"452\"><strong data-start=\"427\" data-end=\"452\">1. A szab\u00e1lyzat c\u00e9lja<\/strong><\/h3>\n<p data-start=\"454\" data-end=\"668\">A jelen dokumentum c\u00e9lja, hogy \u00e1tl\u00e1that\u00f3 keretet biztos\u00edtson az Elite2You \u00e1ltal alkalmazott mesters\u00e9ges intelligencia (AI) \u00e9s automatiz\u00e1lt rendszerek haszn\u00e1lat\u00e1ra vonatkoz\u00f3an. A c\u00e9l, hogy a technol\u00f3giai megold\u00e1sok:<\/p>\n<ul data-start=\"669\" data-end=\"860\">\n<li data-start=\"669\" data-end=\"704\">\n<p data-start=\"671\" data-end=\"704\">hat\u00e9konyan t\u00e1mogass\u00e1k a m\u0171k\u00f6d\u00e9st,<\/p>\n<\/li>\n<li data-start=\"705\" data-end=\"764\">\n<p data-start=\"707\" data-end=\"764\">ne s\u00e9rts\u00e9k az emberi m\u00e9lt\u00f3s\u00e1got, jogokat \u00e9s adatv\u00e9delmet,<\/p>\n<\/li>\n<li data-start=\"765\" data-end=\"860\">\n<p data-start=\"767\" data-end=\"860\">\u00f6sszhangban legyenek a m\u00e1rka \u00e9rt\u00e9keivel \u00e9s a vonatkoz\u00f3 jogszab\u00e1lyokkal (pl. GDPR, EU AI Act).<\/p>\n<\/li>\n<\/ul>\n<hr data-start=\"862\" data-end=\"865\" \/>\n<h3 data-start=\"867\" data-end=\"922\"><strong data-start=\"871\" data-end=\"922\">2. \u00c9rintett rendszerek \u00e9s alkalmaz\u00e1si ter\u00fcletek<\/strong><\/h3>\n<p data-start=\"924\" data-end=\"1005\">Az Elite2You az al\u00e1bbi c\u00e9lokra \u00e9s platformokon alkalmaz AI-t vagy automatiz\u00e1l\u00e1st:<\/p>\n<div class=\"_tableContainer_80l1q_1\">\n<div class=\"_tableWrapper_80l1q_14 group flex w-fit flex-col-reverse\">\n<table class=\"w-fit min-w-(--thread-content-width)\" data-start=\"1007\" data-end=\"1549\">\n<thead data-start=\"1007\" data-end=\"1038\">\n<tr data-start=\"1007\" data-end=\"1038\">\n<th data-start=\"1007\" data-end=\"1017\" data-col-size=\"sm\">Ter\u00fclet<\/th>\n<th data-start=\"1017\" data-end=\"1038\" data-col-size=\"md\">Haszn\u00e1lat jellege<\/th>\n<\/tr>\n<\/thead>\n<tbody data-start=\"1071\" data-end=\"1549\">\n<tr data-start=\"1071\" data-end=\"1129\">\n<td data-start=\"1071\" data-end=\"1084\" data-col-size=\"sm\">\ud83d\udcda Oktat\u00e1s<\/td>\n<td data-col-size=\"md\" data-start=\"1084\" data-end=\"1129\">Automatikus tesztgener\u00e1l\u00e1s, szintfelm\u00e9r\u00e9s<\/td>\n<\/tr>\n<tr data-start=\"1130\" data-end=\"1204\">\n<td data-start=\"1130\" data-end=\"1148\" data-col-size=\"sm\">\ud83e\udde0 Vizsg\u00e1ztat\u00e1s<\/td>\n<td data-col-size=\"md\" data-start=\"1148\" data-end=\"1204\">AI-alap\u00fa \u00e9rt\u00e9kel\u00e9si aj\u00e1nl\u00e1sok (nem v\u00e9gleges d\u00f6nt\u00e9s!)<\/td>\n<\/tr>\n<tr data-start=\"1205\" data-end=\"1259\">\n<td data-start=\"1205\" data-end=\"1224\" data-col-size=\"sm\">\ud83e\uddfe \u00dcgyf\u00e9lkezel\u00e9s<\/td>\n<td data-col-size=\"md\" data-start=\"1224\" data-end=\"1259\">Chatbot, e-mail v\u00e1lasz sablonok<\/td>\n<\/tr>\n<tr data-start=\"1260\" data-end=\"1333\">\n<td data-start=\"1260\" data-end=\"1276\" data-col-size=\"sm\">\ud83d\udcdd Sz\u00f6veg\u00edr\u00e1s<\/td>\n<td data-col-size=\"md\" data-start=\"1276\" data-end=\"1333\">Tartalom\u00f6tletek, v\u00e1zlatok el\u0151\u00e1ll\u00edt\u00e1sa AI seg\u00edts\u00e9g\u00e9vel<\/td>\n<\/tr>\n<tr data-start=\"1334\" data-end=\"1404\">\n<td data-start=\"1334\" data-end=\"1350\" data-col-size=\"sm\">\ud83c\udfa8 K\u00e9palkot\u00e1s<\/td>\n<td data-col-size=\"md\" data-start=\"1350\" data-end=\"1404\">AI-alap\u00fa illusztr\u00e1ci\u00f3k, gener\u00e1lt vizu\u00e1lis tartalom<\/td>\n<\/tr>\n<tr data-start=\"1405\" data-end=\"1474\">\n<td data-start=\"1405\" data-end=\"1426\" data-col-size=\"sm\">\ud83d\uddc2\ufe0f Adminisztr\u00e1ci\u00f3<\/td>\n<td data-col-size=\"md\" data-start=\"1426\" data-end=\"1474\">Automatiz\u00e1lt \u0171rlapfeldolgoz\u00e1s, CRM workflowk<\/td>\n<\/tr>\n<tr data-start=\"1475\" data-end=\"1549\">\n<td data-start=\"1475\" data-end=\"1489\" data-col-size=\"sm\">\ud83d\udcac K\u00f6z\u00f6ss\u00e9g<\/td>\n<td data-col-size=\"md\" data-start=\"1489\" data-end=\"1549\">Automatikus komment moder\u00e1l\u00e1s, gyan\u00fas viselked\u00e9s sz\u0171r\u00e9se<\/td>\n<\/tr>\n<\/tbody>\n<\/table>\n<div class=\"sticky end-(--thread-content-margin) h-0 self-end select-none\">\n<div class=\"absolute end-0 flex items-end\"><\/div>\n<\/div>\n<\/div>\n<\/div>\n<hr data-start=\"1551\" data-end=\"1554\" \/>\n<h3 data-start=\"1556\" data-end=\"1606\"><strong data-start=\"1560\" data-end=\"1606\">3. Az AI \u00e1ltal k\u00e9sz\u00edtett tartalom st\u00e1tusza<\/strong><\/h3>\n<ul data-start=\"1608\" data-end=\"2089\">\n<li data-start=\"1608\" data-end=\"1746\">\n<p data-start=\"1610\" data-end=\"1746\">Az AI (pl. sz\u00f6veg- vagy k\u00e9palkot\u00f3 eszk\u00f6z) \u00e1ltal el\u0151\u00e1ll\u00edtott tartalom nem min\u0151s\u00fcl emberi szerz\u0151i m\u0171nek a legt\u00f6bb jogrendszer szerint.<\/p>\n<\/li>\n<li data-start=\"1747\" data-end=\"1847\">\n<p data-start=\"1749\" data-end=\"1847\">Az Elite2You minden esetben emberi ellen\u0151rz\u00e9st alkalmaz a publik\u00e1l\u00e1s vagy d\u00f6nt\u00e9shozatal el\u0151tt.<\/p>\n<\/li>\n<li data-start=\"1848\" data-end=\"2089\">\n<p data-start=\"1850\" data-end=\"1977\">A tanul\u00f3k, modellek \u00e9s felhaszn\u00e1l\u00f3k fel\u00e9 AI \u00e1ltal 100%-ban k\u00e9sz\u00edtett tartalmat vagy \u00e9rt\u00e9kel\u00e9st egy\u00e9rtelm\u0171en meg kell jel\u00f6lni, pl.:<\/p>\n<blockquote data-start=\"1980\" data-end=\"2089\">\n<p data-start=\"1982\" data-end=\"2089\">\u201eEz a v\u00e1lasz mesters\u00e9ges intelligencia seg\u00edts\u00e9g\u00e9vel k\u00e9sz\u00fclt.\u201d<br data-start=\"2043\" data-end=\"2046\" \/>\u201eEz egy automatikusan gener\u00e1lt vizsga.\u201d<\/p>\n<\/blockquote>\n<\/li>\n<\/ul>\n<hr data-start=\"2091\" data-end=\"2094\" \/>\n<h3 data-start=\"2096\" data-end=\"2139\"><strong data-start=\"2100\" data-end=\"2139\">4. Etikai elvek az AI haszn\u00e1latakor<\/strong><\/h3>\n<p data-start=\"2141\" data-end=\"2218\"><strong>Az AI-t \u00e9s az automatiz\u00e1lt d\u00f6nt\u00e9shozatalt az al\u00e1bbi elvek ment\u00e9n alkalmazzuk:<\/strong><\/p>\n<ul data-start=\"2220\" data-end=\"2624\">\n<li data-start=\"2220\" data-end=\"2308\">\n<p data-start=\"2222\" data-end=\"2308\"><strong data-start=\"2222\" data-end=\"2239\">\u00c1tl\u00e1that\u00f3s\u00e1g:<\/strong> A felhaszn\u00e1l\u00f3t minden esetben t\u00e1j\u00e9koztatni kell az AI haszn\u00e1lat\u00e1r\u00f3l, ha az\u00a0 100%-ban a seg\u00edts\u00e9g\u00e9re volt az oktat\u00f3nak, a munkat\u00e1rsaknak, stb.<\/p>\n<\/li>\n<li data-start=\"2309\" data-end=\"2385\">\n<p data-start=\"2311\" data-end=\"2385\"><strong data-start=\"2311\" data-end=\"2333\">Emberi fel\u00fcgyelet:<\/strong> Minden AI \u00e1ltal t\u00e1mogatott d\u00f6nt\u00e9st ember hagy j\u00f3v\u00e1.<\/p>\n<\/li>\n<li data-start=\"2386\" data-end=\"2525\">\n<p data-start=\"2388\" data-end=\"2525\"><strong data-start=\"2388\" data-end=\"2416\">Diszkrimin\u00e1ci\u00f3mentess\u00e9g:<\/strong> Tilos olyan algoritmust haszn\u00e1lni, amely b\u00e1rmilyen megk\u00fcl\u00f6nb\u00f6ztet\u00e9st okoz (pl. nem, kor, sz\u00e1rmaz\u00e1s alapj\u00e1n).<\/p>\n<\/li>\n<li data-start=\"2526\" data-end=\"2624\">\n<p data-start=\"2528\" data-end=\"2624\"><strong data-start=\"2528\" data-end=\"2546\">Adatbiztons\u00e1g:<\/strong> Minden AI-eszk\u00f6z csak a GDPR-nak megfelel\u0151 m\u00f3don kezelhet szem\u00e9lyes adatokat.<\/p>\n<\/li>\n<\/ul>\n<hr data-start=\"2626\" data-end=\"2629\" \/>\n<h3 data-start=\"2631\" data-end=\"2697\"><strong data-start=\"2635\" data-end=\"2697\">5. Tiltott AI-haszn\u00e1lati form\u00e1k az Elite2You rendszereiben<\/strong><\/h3>\n<p data-start=\"2699\" data-end=\"2747\"><strong>Az al\u00e1bbi felhaszn\u00e1l\u00e1si m\u00f3dok szigor\u00faan tilosak:<\/strong><\/p>\n<ul data-start=\"2749\" data-end=\"3079\">\n<li data-start=\"2749\" data-end=\"2829\">\n<p data-start=\"2751\" data-end=\"2829\">Modell vagy tanul\u00f3 profilk\u00e9p\u00e9nek mesters\u00e9ges m\u00f3dos\u00edt\u00e1sa beleegyez\u00e9s n\u00e9lk\u00fcl<\/p>\n<\/li>\n<li data-start=\"2830\" data-end=\"2885\">\n<p data-start=\"2832\" data-end=\"2885\">Deepfake technol\u00f3gia alkalmaz\u00e1sa vagy terjeszt\u00e9se<\/p>\n<\/li>\n<li data-start=\"2886\" data-end=\"2964\">\n<p data-start=\"2888\" data-end=\"2964\">Automatikusan gener\u00e1lt hamis \u00e9rt\u00e9kel\u00e9sek, kommentek vagy teszteredm\u00e9nyek<\/p>\n<\/li>\n<li data-start=\"2965\" data-end=\"3008\">\n<p data-start=\"2967\" data-end=\"3008\">Chatbot \u00e1ltali f\u00e9lrevezet\u0151 tan\u00e1csad\u00e1s<\/p>\n<\/li>\n<li data-start=\"3009\" data-end=\"3079\">\n<p data-start=\"3011\" data-end=\"3079\">Harmadik f\u00e9l AI-eszk\u00f6zeinek haszn\u00e1lata az Elite2You enged\u00e9lye n\u00e9lk\u00fcl<\/p>\n<\/li>\n<\/ul>\n<hr data-start=\"3081\" data-end=\"3084\" \/>\n<h3 data-start=\"3086\" data-end=\"3147\"><strong data-start=\"3090\" data-end=\"3147\">6. Felhaszn\u00e1l\u00f3k \u00e9s tanul\u00f3k \u00e1ltal haszn\u00e1lt AI-eszk\u00f6z\u00f6k<\/strong><\/h3>\n<ul data-start=\"3149\" data-end=\"3519\">\n<li data-start=\"3149\" data-end=\"3298\">\n<p data-start=\"3151\" data-end=\"3298\">A tanul\u00f3k csak olyan AI-eszk\u00f6zt haszn\u00e1lhatnak (pl. ChatGPT, Notion AI), amely nem s\u00e9rti az oktat\u00e1s hiteless\u00e9g\u00e9t, \u00e9s nem ker\u00fcl plagiz\u00e1l\u00e1sra.<\/p>\n<\/li>\n<li data-start=\"3299\" data-end=\"3397\">\n<p data-start=\"3301\" data-end=\"3397\">Vizsga, feladat vagy essz\u00e9 sor\u00e1n AI-eszk\u00f6z haszn\u00e1lata csak el\u0151zetes enged\u00e9llyel megengedett.<\/p>\n<\/li>\n<li data-start=\"3398\" data-end=\"3519\">\n<p data-start=\"3400\" data-end=\"3464\">Minden AI \u00e1ltal t\u00e1mogatott beadott anyagn\u00e1l fel kell t\u00fcntetni:<\/p>\n<blockquote data-start=\"3467\" data-end=\"3519\">\n<p data-start=\"3469\" data-end=\"3519\">\u201eA v\u00e1lasz elk\u00e9sz\u00edt\u00e9s\u00e9ben AI-eszk\u00f6z is seg\u00edtett.\u201d<\/p>\n<\/blockquote>\n<\/li>\n<\/ul>\n<hr data-start=\"3521\" data-end=\"3524\" \/>\n<h3 data-start=\"3526\" data-end=\"3575\"><strong data-start=\"3530\" data-end=\"3575\">7. Jogk\u00f6vetkezm\u00e9nyek szab\u00e1lyszeg\u00e9s eset\u00e9n<\/strong><\/h3>\n<p data-start=\"3577\" data-end=\"3671\"><strong>Az AI-haszn\u00e1lati szab\u00e1lyok megszeg\u00e9se eset\u00e9n az Elite2You a k\u00f6vetkez\u0151 l\u00e9p\u00e9seket alkalmazhatja:<\/strong><\/p>\n<ul data-start=\"3673\" data-end=\"3877\">\n<li data-start=\"3673\" data-end=\"3708\">\n<p data-start=\"3675\" data-end=\"3708\">Figyelmeztet\u00e9s vagy felf\u00fcggeszt\u00e9s<\/p>\n<\/li>\n<li data-start=\"3709\" data-end=\"3743\">\n<p data-start=\"3711\" data-end=\"3743\">Vizsga eredm\u00e9ny \u00e9rv\u00e9nytelen\u00edt\u00e9se<\/p>\n<\/li>\n<li data-start=\"3744\" data-end=\"3788\">\n<p data-start=\"3746\" data-end=\"3788\">Szerz\u0151d\u00e9s vagy egy\u00fcttm\u0171k\u00f6d\u00e9s megsz\u00fcntet\u00e9se<\/p>\n<\/li>\n<li data-start=\"3789\" data-end=\"3877\">\n<p data-start=\"3791\" data-end=\"3877\">Jogszab\u00e1lys\u00e9rt\u00e9s eset\u00e9n: jogi l\u00e9p\u00e9sek (k\u00fcl\u00f6n\u00f6sen adatv\u00e9delmi vagy etikai v\u00e9ts\u00e9g miatt)<\/p>\n<\/li>\n<\/ul>\n<hr data-start=\"3879\" data-end=\"3882\" \/>\n<h3 data-start=\"3884\" data-end=\"3913\"><strong data-start=\"3888\" data-end=\"3913\">8. Z\u00e1r\u00f3 rendelkez\u00e9sek<\/strong><\/h3>\n<p data-start=\"3915\" data-end=\"3942\"><strong>Ez a szab\u00e1lyzat vonatkozik:<\/strong><\/p>\n<ul data-start=\"3943\" data-end=\"4136\">\n<li data-start=\"3943\" data-end=\"3998\">\n<p data-start=\"3945\" data-end=\"3998\">Minden Elite2You munkat\u00e1rsra, tan\u00e1rra, vizsgabiztosra<\/p>\n<\/li>\n<li data-start=\"3999\" data-end=\"4049\">\n<p data-start=\"4001\" data-end=\"4049\">Minden regisztr\u00e1lt tanul\u00f3ra, modellre, partnerre<\/p>\n<\/li>\n<li data-start=\"4050\" data-end=\"4136\">\n<p data-start=\"4052\" data-end=\"4136\">Mindenki m\u00e1sra, aki az Elite2You rendszer\u00e9ben AI- vagy automatiz\u00e1lt funkci\u00f3t haszn\u00e1l<\/p>\n<\/li>\n<\/ul>\n","protected":false},"excerpt":{"rendered":"<p>AI \u00e9s Automatiz\u00e1l\u00e1s Haszn\u00e1lati Szab\u00e1lyzat Hat\u00e1lyos: 2024. \u00c1prilis 14-t\u0151l 1. A szab\u00e1lyzat c\u00e9lja A jelen dokumentum c\u00e9lja, hogy \u00e1tl\u00e1that\u00f3 keretet &hellip; <a href=\"https:\/\/elite2you.com\/hu\/ai-szabalyozasa\/\" class=\"more-link\">Continue reading <span class=\"screen-reader-text\">AI szab\u00e1lyoz\u00e1sa<\/span><\/a><\/p>\n","protected":false},"author":5,"featured_media":0,"parent":0,"menu_order":0,"comment_status":"closed","ping_status":"closed","template":"","meta":{"_monsterinsights_skip_tracking":false,"_monsterinsights_sitenote_active":false,"_monsterinsights_sitenote_note":"","_monsterinsights_sitenote_category":0,"footnotes":""},"class_list":["post-20302","page","type-page","status-publish","hentry"],"_links":{"self":[{"href":"https:\/\/elite2you.com\/hu\/wp-json\/wp\/v2\/pages\/20302","targetHints":{"allow":["GET"]}}],"collection":[{"href":"https:\/\/elite2you.com\/hu\/wp-json\/wp\/v2\/pages"}],"about":[{"href":"https:\/\/elite2you.com\/hu\/wp-json\/wp\/v2\/types\/page"}],"author":[{"embeddable":true,"href":"https:\/\/elite2you.com\/hu\/wp-json\/wp\/v2\/users\/5"}],"replies":[{"embeddable":true,"href":"https:\/\/elite2you.com\/hu\/wp-json\/wp\/v2\/comments?post=20302"}],"version-history":[{"count":2,"href":"https:\/\/elite2you.com\/hu\/wp-json\/wp\/v2\/pages\/20302\/revisions"}],"predecessor-version":[{"id":20305,"href":"https:\/\/elite2you.com\/hu\/wp-json\/wp\/v2\/pages\/20302\/revisions\/20305"}],"wp:attachment":[{"href":"https:\/\/elite2you.com\/hu\/wp-json\/wp\/v2\/media?parent=20302"}],"curies":[{"name":"wp","href":"https:\/\/api.w.org\/{rel}","templated":true}]}}