{"id":2035,"date":"2015-07-22T16:47:14","date_gmt":"2015-07-22T16:47:14","guid":{"rendered":"http:\/\/www.coffeecreamthemes.com\/themes\/modellic\/wordpress\/shop\/"},"modified":"2025-08-23T14:59:48","modified_gmt":"2025-08-23T14:59:48","slug":"models","status":"publish","type":"page","link":"https:\/\/elite2you.com\/hu\/models\/","title":{"rendered":"Modelljeink"},"content":{"rendered":"<div class=\"wpb-content-wrapper\"><p>[vc_row][vc_column][vc_column_text]<\/p>\n<p style=\"text-align: center;\">\u00d6r\u00f6mmel mutatjuk be modelljeinket weboldalunkon!<\/p>\n<p style=\"text-align: center;\">Minden modell\u00fcnk egyedi \u00e9s k\u00fcl\u00f6nleges, \u00e9s b\u00fcszk\u00e9k vagyunk r\u00e1, hogy vel\u00fcnk dolgoznak. Profiljaik b\u00f6ng\u00e9sz\u00e9s\u00e9vel megismerkedhet t\u00f6rt\u00e9neteikkel, szenved\u00e9ly\u00fckkel \u00e9s leg\u00fajabb tartalmaikkal. Minden itt l\u00e1that\u00f3 modell valahonnan kezdte, \u00e9s \u00fcgyn\u00f6ks\u00e9g\u00fcnk seg\u00edtett nekik el\u00e9rni a modellszakma cs\u00facs\u00e1t. T\u00f6rt\u00e9neteik felfedez\u00e9s\u00e9vel l\u00e1thatja, hogy b\u00e1rkib\u0151l kihozzuk a legjobbat, aki igaz\u00e1n akarja. Tekintse meg kiemelt modelljeinket, ismerje meg kedvenceiket, \u00e9s mer\u00edtsen ihletet munk\u00e1ikb\u00f3l!<\/p>\n<p style=\"text-align: center;\">C\u00e9lunk, hogy minden modell\u00fcnk sz\u00e1m\u00e1ra a legjobb megjelen\u00e9st biztos\u00edtsuk, \u00e9s seg\u00edts\u00fcnk nekik kapcsolatba l\u00e9pni rajong\u00f3ikkal \u00e9s a k\u00f6z\u00f6ns\u00e9g\u00fckkel.<\/p>\n<p style=\"text-align: center;\">Kattintson a profilokra, \u00e9s fedezze fel, mi\u00e9rt v\u00e1lasztj\u00e1k sokan \u0151ket!<\/p>\n<p>[\/vc_column_text][\/vc_column][\/vc_row][vc_row][vc_column]<div class=\"woocommerce columns-4 \"><div id=\"content-loop\"><ul class=\"products columns-4\"><li class=\"product type-product post-22808 status-publish first instock product_cat-women has-post-thumbnail featured shipping-taxable product-type-simple\">\n\t<a href=\"https:\/\/elite2you.com\/hu\/termek\/aria-blue\/\" class=\"woocommerce-LoopProduct-link woocommerce-loop-product__link\"><img loading=\"lazy\" decoding=\"async\" width=\"360\" height=\"307\" src=\"https:\/\/elite2you.com\/wp-content\/uploads\/2026\/04\/Aria-Blue-360x307.jpg\" class=\"attachment-woocommerce_thumbnail size-woocommerce_thumbnail\" alt=\"Aria Blue\" srcset=\"https:\/\/elite2you.com\/wp-content\/uploads\/2026\/04\/Aria-Blue-360x307.jpg 360w, https:\/\/elite2you.com\/wp-content\/uploads\/2026\/04\/Aria-Blue-300x256.jpg 300w, https:\/\/elite2you.com\/wp-content\/uploads\/2026\/04\/Aria-Blue-1024x874.jpg 1024w, https:\/\/elite2you.com\/wp-content\/uploads\/2026\/04\/Aria-Blue-768x655.jpg 768w, https:\/\/elite2you.com\/wp-content\/uploads\/2026\/04\/Aria-Blue.jpg 1280w\" sizes=\"auto, (max-width: 360px) 100vw, 360px\" \/><\/a><a href=\"https:\/\/elite2you.com\/hu\/termek\/aria-blue\/\"><h2 class=\"woocommerce-loop-product__title\">Aria Blue<\/h2><\/a><\/li>\n<li class=\"product type-product post-22793 status-publish instock product_cat-women product_tag-young has-post-thumbnail featured shipping-taxable product-type-simple\">\n\t<a href=\"https:\/\/elite2you.com\/hu\/termek\/lera-nyxee\/\" class=\"woocommerce-LoopProduct-link woocommerce-loop-product__link\"><img loading=\"lazy\" decoding=\"async\" width=\"360\" height=\"480\" src=\"https:\/\/elite2you.com\/wp-content\/uploads\/2025\/11\/Lera-3-360x480.jpeg\" class=\"attachment-woocommerce_thumbnail size-woocommerce_thumbnail\" alt=\"Lera Nyxee artistic portrait with red hair and black top, modern dark feminine style\" srcset=\"https:\/\/elite2you.com\/wp-content\/uploads\/2025\/11\/Lera-3-360x480.jpeg 360w, https:\/\/elite2you.com\/wp-content\/uploads\/2025\/11\/Lera-3-225x300.jpeg 225w, https:\/\/elite2you.com\/wp-content\/uploads\/2025\/11\/Lera-3-768x1024.jpeg 768w, https:\/\/elite2you.com\/wp-content\/uploads\/2025\/11\/Lera-3-1152x1536.jpeg 1152w, https:\/\/elite2you.com\/wp-content\/uploads\/2025\/11\/Lera-3-1536x2048.jpeg 1536w, https:\/\/elite2you.com\/wp-content\/uploads\/2025\/11\/Lera-3-1320x1760.jpeg 1320w, https:\/\/elite2you.com\/wp-content\/uploads\/2025\/11\/Lera-3-scaled.jpeg 1920w\" sizes=\"auto, (max-width: 360px) 100vw, 360px\" \/><\/a><a href=\"https:\/\/elite2you.com\/hu\/termek\/lera-nyxee\/\"><h2 class=\"woocommerce-loop-product__title\">Lera Nyxee<\/h2><\/a><\/li>\n<li class=\"product type-product post-22839 status-publish instock product_cat-women has-post-thumbnail featured shipping-taxable product-type-simple\">\n\t<a href=\"https:\/\/elite2you.com\/hu\/termek\/lexy-love\/\" class=\"woocommerce-LoopProduct-link woocommerce-loop-product__link\"><img loading=\"lazy\" decoding=\"async\" width=\"360\" height=\"480\" src=\"https:\/\/elite2you.com\/wp-content\/uploads\/2026\/04\/Lexy-Love-360x480.jpg\" class=\"attachment-woocommerce_thumbnail size-woocommerce_thumbnail\" alt=\"Lexy Love\" srcset=\"https:\/\/elite2you.com\/wp-content\/uploads\/2026\/04\/Lexy-Love-360x480.jpg 360w, https:\/\/elite2you.com\/wp-content\/uploads\/2026\/04\/Lexy-Love-225x300.jpg 225w, https:\/\/elite2you.com\/wp-content\/uploads\/2026\/04\/Lexy-Love-768x1024.jpg 768w, https:\/\/elite2you.com\/wp-content\/uploads\/2026\/04\/Lexy-Love.jpg 960w\" sizes=\"auto, (max-width: 360px) 100vw, 360px\" \/><\/a><a href=\"https:\/\/elite2you.com\/hu\/termek\/lexy-love\/\"><h2 class=\"woocommerce-loop-product__title\">Lexy Love<\/h2><\/a><\/li>\n<li class=\"product type-product post-22791 status-publish last instock product_cat-women product_tag-young has-post-thumbnail featured shipping-taxable product-type-simple\">\n\t<a href=\"https:\/\/elite2you.com\/hu\/termek\/mira-vera\/\" class=\"woocommerce-LoopProduct-link woocommerce-loop-product__link\"><img loading=\"lazy\" decoding=\"async\" width=\"360\" height=\"480\" src=\"https:\/\/elite2you.com\/wp-content\/uploads\/2025\/11\/Mira-Vera-3-360x480.jpg\" class=\"attachment-woocommerce_thumbnail size-woocommerce_thumbnail\" alt=\"Mira Vera fantasy model with blue hair in a snowy forest, artistic winter portrait\" srcset=\"https:\/\/elite2you.com\/wp-content\/uploads\/2025\/11\/Mira-Vera-3-360x480.jpg 360w, https:\/\/elite2you.com\/wp-content\/uploads\/2025\/11\/Mira-Vera-3-225x300.jpg 225w, https:\/\/elite2you.com\/wp-content\/uploads\/2025\/11\/Mira-Vera-3-768x1024.jpg 768w, https:\/\/elite2you.com\/wp-content\/uploads\/2025\/11\/Mira-Vera-3.jpg 960w\" sizes=\"auto, (max-width: 360px) 100vw, 360px\" \/><\/a><a href=\"https:\/\/elite2you.com\/hu\/termek\/mira-vera\/\"><h2 class=\"woocommerce-loop-product__title\">Mira Vera<\/h2><\/a><\/li>\n<\/ul><\/div><\/div>[\/vc_column][\/vc_row]<\/p>\n<\/div>","protected":false},"excerpt":{"rendered":"<p>[vc_row][vc_column][vc_column_text] \u00d6r\u00f6mmel mutatjuk be modelljeinket weboldalunkon! Minden modell\u00fcnk egyedi \u00e9s k\u00fcl\u00f6nleges, \u00e9s b\u00fcszk\u00e9k vagyunk r\u00e1, hogy vel\u00fcnk dolgoznak. Profiljaik b\u00f6ng\u00e9sz\u00e9s\u00e9vel &hellip; <a href=\"https:\/\/elite2you.com\/hu\/models\/\" class=\"more-link\">Continue reading <span class=\"screen-reader-text\">Modelljeink<\/span><\/a><\/p>\n","protected":false},"author":5,"featured_media":0,"parent":0,"menu_order":0,"comment_status":"closed","ping_status":"open","template":"","meta":{"_monsterinsights_skip_tracking":false,"_monsterinsights_sitenote_active":false,"_monsterinsights_sitenote_note":"","_monsterinsights_sitenote_category":0,"footnotes":""},"class_list":["post-2035","page","type-page","status-publish","hentry"],"_links":{"self":[{"href":"https:\/\/elite2you.com\/hu\/wp-json\/wp\/v2\/pages\/2035","targetHints":{"allow":["GET"]}}],"collection":[{"href":"https:\/\/elite2you.com\/hu\/wp-json\/wp\/v2\/pages"}],"about":[{"href":"https:\/\/elite2you.com\/hu\/wp-json\/wp\/v2\/types\/page"}],"author":[{"embeddable":true,"href":"https:\/\/elite2you.com\/hu\/wp-json\/wp\/v2\/users\/5"}],"replies":[{"embeddable":true,"href":"https:\/\/elite2you.com\/hu\/wp-json\/wp\/v2\/comments?post=2035"}],"version-history":[{"count":5,"href":"https:\/\/elite2you.com\/hu\/wp-json\/wp\/v2\/pages\/2035\/revisions"}],"predecessor-version":[{"id":22369,"href":"https:\/\/elite2you.com\/hu\/wp-json\/wp\/v2\/pages\/2035\/revisions\/22369"}],"wp:attachment":[{"href":"https:\/\/elite2you.com\/hu\/wp-json\/wp\/v2\/media?parent=2035"}],"curies":[{"name":"wp","href":"https:\/\/api.w.org\/{rel}","templated":true}]}}