{"id":20358,"date":"2025-07-08T06:32:12","date_gmt":"2025-07-08T06:32:12","guid":{"rendered":"https:\/\/elite2you.com\/?page_id=20358"},"modified":"2025-07-08T06:32:12","modified_gmt":"2025-07-08T06:32:12","slug":"szerzoi-jogi-hasznalati-engedely","status":"publish","type":"page","link":"https:\/\/elite2you.com\/hu\/szerzoi-jogi-hasznalati-engedely\/","title":{"rendered":"Szerz\u0151i Jogi Haszn\u00e1lati Enged\u00e9ly"},"content":{"rendered":"<h2 data-start=\"77\" data-end=\"140\"><strong data-start=\"80\" data-end=\"138\">Szerz\u0151i Jogi Haszn\u00e1lati Enged\u00e9ly \u00e9s K\u00e9pjog Nyilatkozat<\/strong><\/h2>\n<p data-start=\"141\" data-end=\"259\"><strong data-start=\"141\" data-end=\"182\">(Modellekre \u00e9s Fot\u00f3sokra vonatkoz\u00f3an)<\/strong><br data-start=\"182\" data-end=\"185\" \/><strong data-start=\"185\" data-end=\"206\">Hat\u00e1lyos: 2024.04.14.<\/strong><br data-start=\"206\" data-end=\"209\" \/><strong data-start=\"209\" data-end=\"259\">Kibocs\u00e1t\u00f3: Elite2You Digit\u00e1lis Modell\u00fcgyn\u00f6ks\u00e9g<\/strong><\/p>\n<hr data-start=\"261\" data-end=\"264\" \/>\n<h3 data-start=\"266\" data-end=\"295\"><strong data-start=\"270\" data-end=\"295\">1. A szab\u00e1lyzat c\u00e9lja<\/strong><\/h3>\n<p data-start=\"296\" data-end=\"609\">Jelen szab\u00e1lyzat c\u00e9lja, hogy szab\u00e1lyozza a fot\u00f3- \u00e9s vide\u00f3felv\u00e9teleken szerepl\u0151 szem\u00e9lyek k\u00e9pm\u00e1s\u00e1hoz f\u0171z\u0151d\u0151 jogok, valamint a fot\u00f3sok \u00e1ltal k\u00e9sz\u00edtett felv\u00e9telek szerz\u0151i jogainak kezel\u00e9s\u00e9t.<br data-start=\"483\" data-end=\"486\" \/>C\u00e9lunk a modellek \u00e9s fot\u00f3sok jogainak v\u00e9delme, valamint a kereskedelmi \u00e9s prom\u00f3ci\u00f3s c\u00e9l\u00fa felhaszn\u00e1l\u00e1s jogszer\u0171 biztos\u00edt\u00e1sa.<\/p>\n<hr data-start=\"611\" data-end=\"614\" \/>\n<h3 data-start=\"616\" data-end=\"636\"><strong data-start=\"620\" data-end=\"636\">2. Alapelvek<\/strong><\/h3>\n<ul data-start=\"638\" data-end=\"962\">\n<li data-start=\"638\" data-end=\"765\">\n<p data-start=\"640\" data-end=\"765\">A modell k\u00e9pm\u00e1s\u00e1hoz val\u00f3 joga szem\u00e9lyhez f\u0171z\u0151d\u0151 jog, amelynek haszn\u00e1lat\u00e1hoz el\u0151zetes \u00edr\u00e1sbeli hozz\u00e1j\u00e1rul\u00e1s sz\u00fcks\u00e9ges.<\/p>\n<\/li>\n<li data-start=\"766\" data-end=\"962\">\n<p data-start=\"768\" data-end=\"962\">A fot\u00f3s \u00e1ltal k\u00e9sz\u00edtett k\u00e9p szerz\u0151i jogi v\u00e9delem alatt \u00e1ll, \u00e9s a felhaszn\u00e1l\u00e1shoz szint\u00e9n \u00edr\u00e1sos enged\u00e9ly sz\u00fcks\u00e9ges, kiv\u00e9ve, ha azokat az Elite2You megrendel\u00e9s\u00e9re, \u00e1tadott joggal hozta l\u00e9tre.<\/p>\n<\/li>\n<\/ul>\n<hr data-start=\"964\" data-end=\"967\" \/>\n<h3 data-start=\"969\" data-end=\"1041\"><strong data-start=\"973\" data-end=\"1041\">3. Modell hozz\u00e1j\u00e1rul\u00e1sa a k\u00e9pek felhaszn\u00e1l\u00e1s\u00e1hoz (Model Release)<\/strong><\/h3>\n<h4 data-start=\"1043\" data-end=\"1078\">3.1. <strong data-start=\"1053\" data-end=\"1078\">K\u00f6telez\u0151 hozz\u00e1j\u00e1rul\u00e1s<\/strong><\/h4>\n<p data-start=\"1079\" data-end=\"1137\"><strong>Minden modell k\u00f6teles a k\u00f6vetkez\u0151ket elfogadni \u00e9s al\u00e1\u00edrni:<\/strong><\/p>\n<ul data-start=\"1138\" data-end=\"1476\">\n<li data-start=\"1138\" data-end=\"1281\">\n<p data-start=\"1140\" data-end=\"1281\">Hozz\u00e1j\u00e1rul, hogy az \u00e1ltala k\u00e9sz\u00fclt k\u00e9peket, vide\u00f3kat az Elite2You felhaszn\u00e1lja marketing, oktat\u00e1s, \u00e9rt\u00e9kes\u00edt\u00e9s vagy egy\u00e9b kereskedelmi c\u00e9lra.<\/p>\n<\/li>\n<li data-start=\"1282\" data-end=\"1476\">\n<p data-start=\"1284\" data-end=\"1476\">Elfogadja, hogy a tartalmak az Elite2You weboldalain (pl. elite2you.com, elite2fans.com, models2you.com) \u00e9s k\u00fcls\u0151 platformokon (Instagram, TikTok, Google Ads, plak\u00e1tok stb.) is megjelenhetnek.<\/p>\n<\/li>\n<\/ul>\n<h4 data-start=\"1478\" data-end=\"1508\">3.2. <strong data-start=\"1488\" data-end=\"1508\">Visszavon\u00e1s joga<\/strong><\/h4>\n<p data-start=\"1509\" data-end=\"1568\"><strong>A modell k\u00e9rheti egyes tartalmak elt\u00e1vol\u00edt\u00e1s\u00e1t, amennyiben:<\/strong><\/p>\n<ul data-start=\"1569\" data-end=\"1763\">\n<li data-start=\"1569\" data-end=\"1625\">\n<p data-start=\"1571\" data-end=\"1625\">azok ellent\u00e9tesek az etikai vagy jogi szab\u00e1lyzatokkal,<\/p>\n<\/li>\n<li data-start=\"1626\" data-end=\"1763\">\n<p data-start=\"1628\" data-end=\"1763\">a megjelen\u00edt\u00e9s vesz\u00e9lyezteti szem\u00e9lyes biztons\u00e1g\u00e1t vagy j\u00f3 h\u00edrnev\u00e9t.<br data-start=\"1696\" data-end=\"1699\" \/>Az elt\u00e1vol\u00edt\u00e1si k\u00e9relmet az Elite2You 30 napon bel\u00fcl b\u00edr\u00e1lja el.<\/p>\n<\/li>\n<\/ul>\n<h4 data-start=\"1765\" data-end=\"1805\">3.3. <strong data-start=\"1775\" data-end=\"1805\">Tartalomhaszn\u00e1lat korl\u00e1tai<\/strong><\/h4>\n<p data-start=\"1806\" data-end=\"1914\">A modell k\u00e9pei nem adhat\u00f3k \u00e1t m\u00e1s k\u00fcls\u0151 f\u00e9lnek kereskedelmi c\u00e9lra a modell tudta \u00e9s beleegyez\u00e9se n\u00e9lk\u00fcl.<\/p>\n<hr data-start=\"1916\" data-end=\"1919\" \/>\n<h3 data-start=\"1921\" data-end=\"1998\"><strong data-start=\"1925\" data-end=\"1998\">4. Fot\u00f3s nyilatkozata \u00e9s szerz\u0151i jogi enged\u00e9ly (Photographer Release)<\/strong><\/h3>\n<h4 data-start=\"2000\" data-end=\"2056\">4.1. <strong data-start=\"2010\" data-end=\"2056\">Jog\u00e1truh\u00e1z\u00e1s \u00fcgyn\u00f6ks\u00e9gi megrendel\u00e9s eset\u00e9n<\/strong><\/h4>\n<p data-start=\"2057\" data-end=\"2132\">Az Elite2You \u00e1ltal megb\u00edzott fot\u00f3s a megb\u00edz\u00e1s elfogad\u00e1s\u00e1val v\u00e1llalja, hogy:<\/p>\n<ul data-start=\"2133\" data-end=\"2394\">\n<li data-start=\"2133\" data-end=\"2290\">\n<p data-start=\"2135\" data-end=\"2290\">a k\u00e9sz\u00edtett k\u00e9pek teljes vagy r\u00e9szleges felhaszn\u00e1l\u00e1si jog\u00e1t \u00e1tadja az \u00fcgyn\u00f6ks\u00e9gnek, bele\u00e9rtve a prom\u00f3ci\u00f3s, hirdet\u00e9si \u00e9s oktat\u00e1si c\u00e9l\u00fa felhaszn\u00e1l\u00e1st is,<\/p>\n<\/li>\n<li data-start=\"2291\" data-end=\"2394\">\n<p data-start=\"2293\" data-end=\"2394\">a k\u00e9pek\u00e9rt k\u00fcl\u00f6n jogd\u00edj vagy visszat\u00e9r\u0151 d\u00edjaz\u00e1s nem j\u00e1r, ha a fot\u00f3z\u00e1s\u00e9rt m\u00e1r fix d\u00edjaz\u00e1s t\u00f6rt\u00e9nt.<\/p>\n<\/li>\n<\/ul>\n<h4 data-start=\"2396\" data-end=\"2435\">4.2. <strong data-start=\"2406\" data-end=\"2435\">Fot\u00f3s \u00e1ltal\u00e1nos enged\u00e9lye<\/strong><\/h4>\n<p data-start=\"2436\" data-end=\"2486\"><strong>A k\u00fcls\u0151 fot\u00f3sok k\u00f6telesek nyilatkozni arr\u00f3l, hogy:<\/strong><\/p>\n<ul data-start=\"2487\" data-end=\"2806\">\n<li data-start=\"2487\" data-end=\"2564\">\n<p data-start=\"2489\" data-end=\"2564\">a k\u00e9peket saj\u00e1t eszk\u00f6zeikkel \u00e9s \u00f6n\u00e1ll\u00f3 munkav\u00e9gz\u00e9s\u00fck sor\u00e1n k\u00e9sz\u00edtett\u00e9k,<\/p>\n<\/li>\n<li data-start=\"2565\" data-end=\"2650\">\n<p data-start=\"2567\" data-end=\"2650\">rendelkeznek minden sz\u00fcks\u00e9ges technikai \u00e9s jogi jogosults\u00e1ggal a fot\u00f3k k\u00e9sz\u00edt\u00e9s\u00e9re,<\/p>\n<\/li>\n<li data-start=\"2651\" data-end=\"2806\">\n<p data-start=\"2653\" data-end=\"2806\">v\u00e1llalj\u00e1k, hogy a k\u00e9peket nem \u00e9rt\u00e9kes\u00edtik vagy nem teszik k\u00f6zz\u00e9 harmadik f\u00e9l sz\u00e1m\u00e1ra, kiv\u00e9ve ha err\u0151l a modellel \u00e9s az Elite2You-val k\u00fcl\u00f6n meg\u00e1llapodtak.<\/p>\n<\/li>\n<\/ul>\n<hr data-start=\"2808\" data-end=\"2811\" \/>\n<h3 data-start=\"2813\" data-end=\"2846\"><strong data-start=\"2817\" data-end=\"2846\">5. Tulajdonjog \u00e9s t\u00e1rol\u00e1s<\/strong><\/h3>\n<ul data-start=\"2848\" data-end=\"3118\">\n<li data-start=\"2848\" data-end=\"2972\">\n<p data-start=\"2850\" data-end=\"2972\">A k\u00e9pek \u00e9s vide\u00f3k digit\u00e1lis m\u00e1solatai az Elite2You bels\u0151 szerverein vagy dedik\u00e1lt felh\u0151alap\u00fa t\u00e1rhelyen ker\u00fclnek t\u00e1rol\u00e1sra.<\/p>\n<\/li>\n<li data-start=\"2973\" data-end=\"3118\">\n<p data-start=\"2975\" data-end=\"3118\">Az eredeti f\u00e1jlokhoz csak a kijel\u00f6lt tartalomfelel\u0151s\u00f6k, ter\u00fcleti igazgat\u00f3k \u00e9s a modell saj\u00e1t hozz\u00e1f\u00e9r\u00e9ssel rendelkez\u0151 k\u00e9pvisel\u0151je f\u00e9rhet hozz\u00e1.<\/p>\n<\/li>\n<\/ul>\n<hr data-start=\"3120\" data-end=\"3123\" \/>\n<h3 data-start=\"3125\" data-end=\"3163\"><strong data-start=\"3129\" data-end=\"3163\">6. Jogvit\u00e1k \u00e9s jog\u00e9rv\u00e9nyes\u00edt\u00e9s<\/strong><\/h3>\n<ul data-start=\"3165\" data-end=\"3464\">\n<li data-start=\"3165\" data-end=\"3265\">\n<p data-start=\"3167\" data-end=\"3265\">B\u00e1rmely tartalommal kapcsolatos jogvita eset\u00e9n a felek els\u0151dlegesen b\u00e9k\u00e9s egyeztet\u00e9sre t\u00f6rekednek.<\/p>\n<\/li>\n<li data-start=\"3266\" data-end=\"3371\">\n<p data-start=\"3268\" data-end=\"3371\">A vit\u00e1s \u00fcgyek rendez\u00e9s\u00e9nek helye: [Adott orsz\u00e1g szerint illet\u00e9kes joghat\u00f3s\u00e1g], az Elite2You hivatalos sz\u00e9khelye szerint.<\/p>\n<\/li>\n<li data-start=\"3372\" data-end=\"3464\">\n<p data-start=\"3374\" data-end=\"3464\">A fot\u00f3sok \u00e9s modellek k\u00f6telesek minden vit\u00e1s \u00fcgyben egy\u00fcttm\u0171k\u00f6dni, \u00e9s j\u00f3hiszem\u0171en elj\u00e1rni.<\/p>\n<\/li>\n<\/ul>\n<hr data-start=\"3466\" data-end=\"3469\" \/>\n<h3 data-start=\"3471\" data-end=\"3505\"><strong data-start=\"3475\" data-end=\"3505\">7. Kapcsol\u00f3d\u00f3 dokumentumok<\/strong><\/h3>\n<p data-start=\"3506\" data-end=\"3547\"><strong>Ez a szab\u00e1lyzat kieg\u00e9sz\u00edti az al\u00e1bbiakat:<\/strong><\/p>\n<ul data-start=\"3548\" data-end=\"3644\">\n<li data-start=\"3548\" data-end=\"3571\">\n<p data-start=\"3550\" data-end=\"3571\">Kock\u00e1zati Nyilatkozat<\/p>\n<\/li>\n<li data-start=\"3572\" data-end=\"3596\">\n<p data-start=\"3574\" data-end=\"3596\">Adatv\u00e9delmi Szab\u00e1lyzat<\/p>\n<\/li>\n<li data-start=\"3597\" data-end=\"3611\">\n<p data-start=\"3599\" data-end=\"3611\">Etikai K\u00f3dex<\/p>\n<\/li>\n<li data-start=\"3612\" data-end=\"3644\">\n<p data-start=\"3614\" data-end=\"3644\">Tartalomellen\u0151rz\u00e9si Szab\u00e1lyzat<\/p>\n<\/li>\n<\/ul>\n<hr data-start=\"3646\" data-end=\"3649\" \/>\n<h3 data-start=\"3651\" data-end=\"3680\"><strong data-start=\"3655\" data-end=\"3680\">8. Z\u00e1r\u00f3 rendelkez\u00e9sek<\/strong><\/h3>\n<p data-start=\"3681\" data-end=\"3886\">Jelen szab\u00e1lyzat az Elite2You \u00e1ltal k\u00e9sz\u00edtett, megrendelt vagy a rendszer\u00e9be felt\u00f6lt\u00f6tt tartalmak eset\u00e9re \u00e9rv\u00e9nyes. A szab\u00e1lyzat hat\u00e1lyba l\u00e9p\u00e9s\u00e9nek napj\u00e1t\u00f3l k\u00f6telez\u0151 \u00e9rv\u00e9ny\u0171 minden modell \u00e9s fot\u00f3s sz\u00e1m\u00e1ra.<\/p>\n","protected":false},"excerpt":{"rendered":"<p>Szerz\u0151i Jogi Haszn\u00e1lati Enged\u00e9ly \u00e9s K\u00e9pjog Nyilatkozat (Modellekre \u00e9s Fot\u00f3sokra vonatkoz\u00f3an)Hat\u00e1lyos: 2024.04.14.Kibocs\u00e1t\u00f3: Elite2You Digit\u00e1lis Modell\u00fcgyn\u00f6ks\u00e9g 1. A szab\u00e1lyzat c\u00e9lja Jelen &hellip; <a href=\"https:\/\/elite2you.com\/hu\/szerzoi-jogi-hasznalati-engedely\/\" class=\"more-link\">Continue reading <span class=\"screen-reader-text\">Szerz\u0151i Jogi Haszn\u00e1lati Enged\u00e9ly<\/span><\/a><\/p>\n","protected":false},"author":5,"featured_media":0,"parent":0,"menu_order":0,"comment_status":"closed","ping_status":"closed","template":"","meta":{"_monsterinsights_skip_tracking":false,"_monsterinsights_sitenote_active":false,"_monsterinsights_sitenote_note":"","_monsterinsights_sitenote_category":0,"footnotes":""},"class_list":["post-20358","page","type-page","status-publish","hentry"],"_links":{"self":[{"href":"https:\/\/elite2you.com\/hu\/wp-json\/wp\/v2\/pages\/20358","targetHints":{"allow":["GET"]}}],"collection":[{"href":"https:\/\/elite2you.com\/hu\/wp-json\/wp\/v2\/pages"}],"about":[{"href":"https:\/\/elite2you.com\/hu\/wp-json\/wp\/v2\/types\/page"}],"author":[{"embeddable":true,"href":"https:\/\/elite2you.com\/hu\/wp-json\/wp\/v2\/users\/5"}],"replies":[{"embeddable":true,"href":"https:\/\/elite2you.com\/hu\/wp-json\/wp\/v2\/comments?post=20358"}],"version-history":[{"count":1,"href":"https:\/\/elite2you.com\/hu\/wp-json\/wp\/v2\/pages\/20358\/revisions"}],"predecessor-version":[{"id":20360,"href":"https:\/\/elite2you.com\/hu\/wp-json\/wp\/v2\/pages\/20358\/revisions\/20360"}],"wp:attachment":[{"href":"https:\/\/elite2you.com\/hu\/wp-json\/wp\/v2\/media?parent=20358"}],"curies":[{"name":"wp","href":"https:\/\/api.w.org\/{rel}","templated":true}]}}