{"id":20361,"date":"2025-07-08T06:36:05","date_gmt":"2025-07-08T06:36:05","guid":{"rendered":"https:\/\/elite2you.com\/?page_id=20361"},"modified":"2025-07-08T06:36:05","modified_gmt":"2025-07-08T06:36:05","slug":"partneri-egyuttmukodesi-szabalyzat","status":"publish","type":"page","link":"https:\/\/elite2you.com\/hu\/partneri-egyuttmukodesi-szabalyzat\/","title":{"rendered":"Partneri Egy\u00fcttm\u0171k\u00f6d\u00e9si Szab\u00e1lyzat"},"content":{"rendered":"<h2 data-start=\"70\" data-end=\"146\"><strong data-start=\"73\" data-end=\"144\">Partneri \u00e9s Alv\u00e1llalkoz\u00f3i Titoktart\u00e1si \u00e9s Egy\u00fcttm\u0171k\u00f6d\u00e9si Szab\u00e1lyzat<\/strong><\/h2>\n<p data-start=\"147\" data-end=\"221\"><strong data-start=\"147\" data-end=\"168\">Hat\u00e1lyos: 2024.04.14.<\/strong><br data-start=\"168\" data-end=\"171\" \/><strong data-start=\"171\" data-end=\"221\">Kibocs\u00e1t\u00f3: Elite2You Digit\u00e1lis Modell\u00fcgyn\u00f6ks\u00e9g<\/strong><\/p>\n<hr data-start=\"223\" data-end=\"226\" \/>\n<h3 data-start=\"228\" data-end=\"257\"><strong data-start=\"232\" data-end=\"257\">1. A szab\u00e1lyzat c\u00e9lja<\/strong><\/h3>\n<p data-start=\"258\" data-end=\"643\">Jelen szab\u00e1lyzat c\u00e9lja, hogy meghat\u00e1rozza az Elite2You Digit\u00e1lis Modell\u00fcgyn\u00f6ks\u00e9ggel (a tov\u00e1bbiakban: \u201e\u00dcgyn\u00f6ks\u00e9g\u201d) egy\u00fcttm\u0171k\u00f6d\u0151 partnerek, k\u00fcls\u0151 szolg\u00e1ltat\u00f3k, oktat\u00f3k, mentorok, fot\u00f3sok, stylistok \u00e9s egy\u00e9b alv\u00e1llalkoz\u00f3k sz\u00e1m\u00e1ra a titoktart\u00e1si \u00e9s egy\u00fcttm\u0171k\u00f6d\u00e9si k\u00f6telezetts\u00e9geket.<br data-start=\"536\" data-end=\"539\" \/>A szab\u00e1lyzat c\u00e9lja az \u00dcgyn\u00f6ks\u00e9g know-how-j\u00e1nak, \u00fczleti titkainak, modelljeinek \u00e9s rendszereinek v\u00e9delme.<\/p>\n<hr data-start=\"645\" data-end=\"648\" \/>\n<h3 data-start=\"650\" data-end=\"676\"><strong data-start=\"654\" data-end=\"676\">2. Alkalmaz\u00e1si k\u00f6r<\/strong><\/h3>\n<p data-start=\"677\" data-end=\"760\"><strong>A szab\u00e1lyzat hat\u00e1lya kiterjed minden olyan szem\u00e9llyel vagy szervezettel, aki\/amely:<\/strong><\/p>\n<ul data-start=\"761\" data-end=\"1115\">\n<li data-start=\"761\" data-end=\"879\">\n<p data-start=\"763\" data-end=\"879\">nem bels\u0151 munkav\u00e1llal\u00f3, de az Elite2You-val szerz\u0151d\u00e9ses jogviszonyban \u00e1ll (sz\u00e1mlak\u00e9pes vagy eseti megb\u00edz\u00e1s alapj\u00e1n),<\/p>\n<\/li>\n<li data-start=\"880\" data-end=\"1010\">\n<p data-start=\"882\" data-end=\"1010\">az \u00dcgyn\u00f6ks\u00e9g nev\u00e9ben vagy \u00e9rdek\u00e9ben b\u00e1rmilyen feladatot ell\u00e1t (pl. fot\u00f3z\u00e1s, oktat\u00e1s, rendezv\u00e9nyszervez\u00e9s, toborz\u00e1s, tan\u00e1csad\u00e1s),<\/p>\n<\/li>\n<li data-start=\"1011\" data-end=\"1115\">\n<p data-start=\"1013\" data-end=\"1115\">hozz\u00e1f\u00e9r\u00e9st kap bizalmas inform\u00e1ci\u00f3khoz, modellek adataihoz, bels\u0151 oktat\u00e1si anyagokhoz, rendszerekhez.<\/p>\n<\/li>\n<\/ul>\n<hr data-start=\"1117\" data-end=\"1120\" \/>\n<h3 data-start=\"1122\" data-end=\"1159\"><strong data-start=\"1126\" data-end=\"1159\">3. Titoktart\u00e1si k\u00f6telezetts\u00e9g<\/strong><\/h3>\n<h4 data-start=\"1161\" data-end=\"1222\">3.1. <strong data-start=\"1171\" data-end=\"1222\">Bizalmas inform\u00e1ci\u00f3k k\u00f6r\u00e9be tartozik k\u00fcl\u00f6n\u00f6sen:<\/strong><\/h4>\n<ul data-start=\"1223\" data-end=\"1479\">\n<li data-start=\"1223\" data-end=\"1282\">\n<p data-start=\"1225\" data-end=\"1282\">modellek szem\u00e9lyes adatai, k\u00e9pei, vide\u00f3i, online fi\u00f3kjai,<\/p>\n<\/li>\n<li data-start=\"1283\" data-end=\"1339\">\n<p data-start=\"1285\" data-end=\"1339\">oktat\u00e1si anyagok, vizsgarendszerek, tan\u00fas\u00edtv\u00e1nymint\u00e1k,<\/p>\n<\/li>\n<li data-start=\"1340\" data-end=\"1399\">\n<p data-start=\"1342\" data-end=\"1399\">bels\u0151 \u00fczleti strat\u00e9gi\u00e1k, partnerlist\u00e1k, marketinganyagok,<\/p>\n<\/li>\n<li data-start=\"1400\" data-end=\"1479\">\n<p data-start=\"1402\" data-end=\"1479\">az \u00dcgyn\u00f6ks\u00e9g \u00e1ltal haszn\u00e1lt digit\u00e1lis platformok \u00e9s azok m\u0171k\u00f6d\u00e9si folyamatai.<\/p>\n<\/li>\n<\/ul>\n<h4 data-start=\"1481\" data-end=\"1511\">3.2. <strong data-start=\"1491\" data-end=\"1511\">K\u00f6telezetts\u00e9gek:<\/strong><\/h4>\n<ul data-start=\"1512\" data-end=\"1780\">\n<li data-start=\"1512\" data-end=\"1600\">\n<p data-start=\"1514\" data-end=\"1600\">A partner k\u00f6teles minden \u00fczleti, technikai \u00e9s szem\u00e9lyes adatot bizalmasan kezelni,<\/p>\n<\/li>\n<li data-start=\"1601\" data-end=\"1677\">\n<p data-start=\"1603\" data-end=\"1677\">A kapott inform\u00e1ci\u00f3kat csak az egy\u00fcttm\u0171k\u00f6d\u00e9s c\u00e9lj\u00e1ra haszn\u00e1lhatja fel,<\/p>\n<\/li>\n<li data-start=\"1678\" data-end=\"1780\">\n<p data-start=\"1680\" data-end=\"1780\">A bizalmas adatokat nem oszthatja meg harmadik f\u00e9llel, sem sz\u00f3ban, sem \u00edr\u00e1sban, sem digit\u00e1lisan.<\/p>\n<\/li>\n<\/ul>\n<h4 data-start=\"1782\" data-end=\"1821\">3.3. <strong data-start=\"1792\" data-end=\"1821\">A titoktart\u00e1s id\u0151tartama:<\/strong><\/h4>\n<ul data-start=\"1822\" data-end=\"1926\">\n<li data-start=\"1822\" data-end=\"1926\">\n<p data-start=\"1824\" data-end=\"1926\">A titoktart\u00e1s nemcsak az akt\u00edv egy\u00fcttm\u0171k\u00f6d\u00e9s idej\u00e9re, hanem azt k\u00f6vet\u0151en legal\u00e1bb 5 \u00e9vig \u00e9rv\u00e9nyes.<\/p>\n<\/li>\n<\/ul>\n<hr data-start=\"1928\" data-end=\"1931\" \/>\n<h3 data-start=\"1933\" data-end=\"1974\"><strong data-start=\"1937\" data-end=\"1974\">4. Egy\u00fcttm\u0171k\u00f6d\u00e9si k\u00f6telezetts\u00e9gek<\/strong><\/h3>\n<h4 data-start=\"1976\" data-end=\"2026\">4.1. <strong data-start=\"1986\" data-end=\"2026\">M\u00e1rkah\u0171s\u00e9g \u00e9s egy\u00fcttm\u0171k\u00f6d\u00e9si sz\u00e1nd\u00e9k<\/strong><\/h4>\n<p data-start=\"2027\" data-end=\"2052\"><strong>A partner v\u00e1llalja, hogy:<\/strong><\/p>\n<ul data-start=\"2053\" data-end=\"2416\">\n<li data-start=\"2053\" data-end=\"2130\">\n<p data-start=\"2055\" data-end=\"2130\">egy\u00fcttm\u0171k\u00f6d\u00e9s\u00e9t j\u00f3hiszem\u0171en, az \u00dcgyn\u00f6ks\u00e9g \u00e9rdekeit szem el\u0151tt tartva v\u00e9gzi,<\/p>\n<\/li>\n<li data-start=\"2131\" data-end=\"2226\">\n<p data-start=\"2133\" data-end=\"2226\">nem k\u00e9pvisel konkurens v\u00e1llalkoz\u00e1st az egy\u00fcttm\u0171k\u00f6d\u00e9s ideje alatt azonos szolg\u00e1ltat\u00e1si k\u00f6rben,<\/p>\n<\/li>\n<li data-start=\"2227\" data-end=\"2308\">\n<p data-start=\"2229\" data-end=\"2308\">nem toboroz el modelleket vagy \u00fcgyfeleket az \u00dcgyn\u00f6ks\u00e9gt\u0151l saj\u00e1t vagy m\u00e1s c\u00e9lra,<\/p>\n<\/li>\n<li data-start=\"2309\" data-end=\"2416\">\n<p data-start=\"2311\" data-end=\"2416\">nem haszn\u00e1lja fel az \u00dcgyn\u00f6ks\u00e9g anyagait saj\u00e1t v\u00e1llalkoz\u00e1sban, oktat\u00e1sban, platformon, k\u00f6z\u00f6ss\u00e9gi m\u00e9di\u00e1ban.<\/p>\n<\/li>\n<\/ul>\n<h4 data-start=\"2418\" data-end=\"2461\">4.2. <strong data-start=\"2428\" data-end=\"2461\">Kommunik\u00e1ci\u00f3 \u00e9s adatbiztons\u00e1g<\/strong><\/h4>\n<ul data-start=\"2462\" data-end=\"2721\">\n<li data-start=\"2462\" data-end=\"2584\">\n<p data-start=\"2464\" data-end=\"2584\">A partner k\u00f6teles a modellekkel \u00e9s munkat\u00e1rsakkal val\u00f3 kommunik\u00e1ci\u00f3t kultur\u00e1ltan, etikusan \u00e9s adatbiztons\u00e1gosan v\u00e9gezni.<\/p>\n<\/li>\n<li data-start=\"2585\" data-end=\"2721\">\n<p data-start=\"2587\" data-end=\"2721\">K\u00fcl\u00f6n\u00f6sen tilos a priv\u00e1t, nem c\u00e9ges csatorn\u00e1kon kereszt\u00fcl t\u00f6rt\u00e9n\u0151 adatk\u00fcld\u00e9s, f\u00e1jlmegoszt\u00e1s, tartalomk\u00fcld\u00e9s (pl. Messenger, WhatsApp).<\/p>\n<\/li>\n<\/ul>\n<hr data-start=\"2723\" data-end=\"2726\" \/>\n<h3 data-start=\"2728\" data-end=\"2769\"><strong data-start=\"2732\" data-end=\"2769\">5. Szerz\u0151d\u00e9sszeg\u00e9s k\u00f6vetkezm\u00e9nyei<\/strong><\/h3>\n<ul data-start=\"2770\" data-end=\"3083\">\n<li data-start=\"2770\" data-end=\"2879\">\n<p data-start=\"2772\" data-end=\"2879\">A titoktart\u00e1s megszeg\u00e9se vagy az egy\u00fcttm\u0171k\u00f6d\u00e9si szab\u00e1lyok megs\u00e9rt\u00e9se s\u00falyos szerz\u0151d\u00e9sszeg\u00e9snek min\u0151s\u00fcl.<\/p>\n<\/li>\n<li data-start=\"2880\" data-end=\"2976\">\n<p data-start=\"2882\" data-end=\"2976\">A szab\u00e1lys\u00e9rt\u00e9s azonnali szerz\u0151d\u00e9sbont\u00e1st \u00e9s k\u00e1rt\u00e9r\u00edt\u00e9si k\u00f6telezetts\u00e9get vonhat maga ut\u00e1n.<\/p>\n<\/li>\n<li data-start=\"2977\" data-end=\"3083\">\n<p data-start=\"2979\" data-end=\"3083\">Az \u00dcgyn\u00f6ks\u00e9g fenntartja a jogot b\u00edr\u00f3s\u00e1gi, adatv\u00e9delmi hat\u00f3s\u00e1gi vagy polg\u00e1ri peres elj\u00e1r\u00e1s megind\u00edt\u00e1s\u00e1ra.<\/p>\n<\/li>\n<\/ul>\n<hr data-start=\"3085\" data-end=\"3088\" \/>\n<h3 data-start=\"3090\" data-end=\"3126\"><strong data-start=\"3094\" data-end=\"3126\">6. Nyilatkozatt\u00e9teli tilalom<\/strong><\/h3>\n<ul data-start=\"3127\" data-end=\"3303\">\n<li data-start=\"3127\" data-end=\"3224\">\n<p data-start=\"3129\" data-end=\"3224\">A partner az \u00dcgyn\u00f6ks\u00e9g nev\u00e9ben nem nyilatkozhat, nem adhat sajt\u00f3anyagot, nem ind\u00edthat kamp\u00e1nyt.<\/p>\n<\/li>\n<li data-start=\"3225\" data-end=\"3303\">\n<p data-start=\"3227\" data-end=\"3303\">A nyilv\u00e1nos megjelen\u00e9s kiz\u00e1r\u00f3lag el\u0151zetes \u00edr\u00e1sos enged\u00e9ly alapj\u00e1n t\u00f6rt\u00e9nhet.<\/p>\n<\/li>\n<\/ul>\n<hr data-start=\"3305\" data-end=\"3308\" \/>\n<h3 data-start=\"3310\" data-end=\"3344\"><strong data-start=\"3314\" data-end=\"3344\">7. Kapcsol\u00f3d\u00f3 dokumentumok<\/strong><\/h3>\n<p data-start=\"3345\" data-end=\"3386\"><strong>Ez a szab\u00e1lyzat kieg\u00e9sz\u00edti az al\u00e1bbiakat:<\/strong><\/p>\n<ul data-start=\"3387\" data-end=\"3503\">\n<li data-start=\"3387\" data-end=\"3401\">\n<p data-start=\"3389\" data-end=\"3401\">Etikai K\u00f3dex<\/p>\n<\/li>\n<li data-start=\"3402\" data-end=\"3434\">\n<p data-start=\"3404\" data-end=\"3434\">Bels\u0151 Munkav\u00e1llal\u00f3i Ir\u00e1nyelvek<\/p>\n<\/li>\n<li data-start=\"3435\" data-end=\"3478\">\n<p data-start=\"3437\" data-end=\"3478\">Nyilatkozatt\u00e9teli tilalom \/ PR Szab\u00e1lyzat<\/p>\n<\/li>\n<li data-start=\"3479\" data-end=\"3503\">\n<p data-start=\"3481\" data-end=\"3503\">Adatv\u00e9delmi Szab\u00e1lyzat<\/p>\n<\/li>\n<\/ul>\n<hr data-start=\"3505\" data-end=\"3508\" \/>\n<h3 data-start=\"3510\" data-end=\"3539\"><strong data-start=\"3514\" data-end=\"3539\">8. Z\u00e1r\u00f3 rendelkez\u00e9sek<\/strong><\/h3>\n<p data-start=\"3540\" data-end=\"3749\">Jelen szab\u00e1lyzat al\u00e1\u00edr\u00e1s n\u00e9lk\u00fcl is \u00e9rv\u00e9nyes, ha a partner tev\u00e9kenys\u00e9ge az Elite2You hivatalos megb\u00edz\u00e1s\u00e1b\u00f3l t\u00f6rt\u00e9nik.<br data-start=\"3656\" data-end=\"3659\" \/>A szab\u00e1lyzat hat\u00e1lyba l\u00e9p\u00e9s\u00e9nek napj\u00e1t\u00f3l k\u00f6telez\u0151 \u00e9rv\u00e9ny\u0171 minden egy\u00fcttm\u0171k\u00f6d\u0151 f\u00e9l sz\u00e1m\u00e1ra.<\/p>\n","protected":false},"excerpt":{"rendered":"<p>Partneri \u00e9s Alv\u00e1llalkoz\u00f3i Titoktart\u00e1si \u00e9s Egy\u00fcttm\u0171k\u00f6d\u00e9si Szab\u00e1lyzat Hat\u00e1lyos: 2024.04.14.Kibocs\u00e1t\u00f3: Elite2You Digit\u00e1lis Modell\u00fcgyn\u00f6ks\u00e9g 1. A szab\u00e1lyzat c\u00e9lja Jelen szab\u00e1lyzat c\u00e9lja, hogy &hellip; <a href=\"https:\/\/elite2you.com\/hu\/partneri-egyuttmukodesi-szabalyzat\/\" class=\"more-link\">Continue reading <span class=\"screen-reader-text\">Partneri Egy\u00fcttm\u0171k\u00f6d\u00e9si Szab\u00e1lyzat<\/span><\/a><\/p>\n","protected":false},"author":5,"featured_media":0,"parent":0,"menu_order":0,"comment_status":"closed","ping_status":"closed","template":"","meta":{"_monsterinsights_skip_tracking":false,"_monsterinsights_sitenote_active":false,"_monsterinsights_sitenote_note":"","_monsterinsights_sitenote_category":0,"footnotes":""},"class_list":["post-20361","page","type-page","status-publish","hentry"],"_links":{"self":[{"href":"https:\/\/elite2you.com\/hu\/wp-json\/wp\/v2\/pages\/20361","targetHints":{"allow":["GET"]}}],"collection":[{"href":"https:\/\/elite2you.com\/hu\/wp-json\/wp\/v2\/pages"}],"about":[{"href":"https:\/\/elite2you.com\/hu\/wp-json\/wp\/v2\/types\/page"}],"author":[{"embeddable":true,"href":"https:\/\/elite2you.com\/hu\/wp-json\/wp\/v2\/users\/5"}],"replies":[{"embeddable":true,"href":"https:\/\/elite2you.com\/hu\/wp-json\/wp\/v2\/comments?post=20361"}],"version-history":[{"count":1,"href":"https:\/\/elite2you.com\/hu\/wp-json\/wp\/v2\/pages\/20361\/revisions"}],"predecessor-version":[{"id":20364,"href":"https:\/\/elite2you.com\/hu\/wp-json\/wp\/v2\/pages\/20361\/revisions\/20364"}],"wp:attachment":[{"href":"https:\/\/elite2you.com\/hu\/wp-json\/wp\/v2\/media?parent=20361"}],"curies":[{"name":"wp","href":"https:\/\/api.w.org\/{rel}","templated":true}]}}