{"id":20404,"date":"2025-07-09T16:49:38","date_gmt":"2025-07-09T16:49:38","guid":{"rendered":"https:\/\/elite2you.com\/?page_id=20404"},"modified":"2025-07-11T09:20:03","modified_gmt":"2025-07-11T09:20:03","slug":"kihivas","status":"publish","type":"page","link":"https:\/\/elite2you.com\/hu\/kihivas\/","title":{"rendered":"Kih\u00edv\u00e1s!"},"content":{"rendered":"<div class=\"wpb-content-wrapper\"><p>[vc_row][vc_column][vc_column_text css=\"\"]<\/p>\n<div class=\"xdj266r x14z9mp xat24cr x1lziwak x1vvkbs x126k92a\">\n<h1 style=\"text-align: center;\">Szeretn\u00e9l digit\u00e1lis modell lenni?<\/h1>\n<h2 style=\"text-align: center;\">Csatlakozz Casting kih\u00edv\u00e1sunkhoz \u2013 \u00e9s nyerj igazi nyerem\u00e9nyeket!<\/h2>\n<p style=\"text-align: center;\"><strong>1.000.000.- forint \u00e9rt\u00e9k\u0171 \u00f6sszd\u00edjaz\u00e1s!<\/strong><\/p>\n<\/div>\n<p>[\/vc_column_text][vc_empty_space height=\"60px\"][\/vc_column][\/vc_row][vc_row][vc_column width=\"1\/2&#8243;][vc_column_text css=\"\"]<\/p>\n<div class=\"x14z9mp xat24cr x1lziwak x1vvkbs xtlvy1s x126k92a\">\n<div><\/div>\n<\/div>\n<div class=\"x14z9mp xat24cr x1lziwak x1vvkbs xtlvy1s x126k92a\">\n<div><span class=\"html-span xexx8yu xyri2b x18d9i69 x1c1uobl x1hl2dhg x16tdsg8 x1vvkbs x3nfvp2 x1j61x8r x1fcty0u xdj266r xat24cr xm2jcoa x1mpyi22 xxymvpz xlup9mm x1kky2od\"><img loading=\"lazy\" decoding=\"async\" class=\"xz74otr x15mokao x1ga7v0g x16uus16 xbiv7yw\" src=\"https:\/\/static.xx.fbcdn.net\/images\/emoji.php\/v9\/tff\/1\/16\/1f4c6.png\" alt=\"\ud83d\udcc6\" width=\"16\" height=\"16\" \/><\/span><strong> Kih\u00edv\u00e1s Id\u0151szak:<\/strong><\/div>\n<div>2025. j\u00falius 10. \u2013 szeptember 30.<\/div>\n<\/div>\n<p>[\/vc_column_text][vc_column_text css=\"\"]<\/p>\n<div class=\"xdj266r x14z9mp xat24cr x1lziwak x1vvkbs x126k92a\">\n<h2><\/h2>\n<div style=\"text-align: center;\">Az Elite2You egy glob\u00e1lis TikTok, Instagram \u00e9s Facebook kih\u00edv\u00e1st ind\u00edt ambici\u00f3zus n\u0151k sz\u00e1m\u00e1ra, akik k\u00e9szen \u00e1llnak bel\u00e9pni a digit\u00e1lis modellked\u00e9s vil\u00e1g\u00e1ba.<\/div>\n<\/div>\n<div class=\"x14z9mp xat24cr x1lziwak x1vvkbs xtlvy1s x126k92a\" style=\"text-align: center;\">\n<div><\/div>\n<\/div>\n<div class=\"x14z9mp xat24cr x1lziwak x1vvkbs xtlvy1s x126k92a\">\n<div><\/div>\n<\/div>\n<div class=\"x14z9mp xat24cr x1lziwak x1vvkbs xtlvy1s x126k92a\">\n<div><\/div>\n<\/div>\n<p>[\/vc_column_text][vc_empty_space][vc_column_text css=\"\"]<\/p>\n<div class=\"xdj266r x14z9mp xat24cr x1lziwak x1vvkbs x126k92a\">\n<h2><\/h2>\n<div style=\"text-align: center;\"><\/div>\n<\/div>\n<div><\/div>\n<div class=\"x14z9mp xat24cr x1lziwak x1vvkbs xtlvy1s x126k92a\" style=\"text-align: center;\">\n<div><\/div>\n<\/div>\n<div class=\"x14z9mp xat24cr x1lziwak x1vvkbs xtlvy1s x126k92a\">\n<h3 style=\"text-align: center;\">Ez a <span class=\"html-span xdj266r x14z9mp xat24cr x1lziwak xexx8yu xyri2b x18d9i69 x1c1uobl x1hl2dhg x16tdsg8 x1vvkbs\"><\/span>te es\u00e9lyed, hogy n\u00f6veld a k\u00f6z\u00f6ns\u00e9ged, megmutasd a st\u00edlusod, \u00e9s p\u00e9nzt + szakmai lehet\u0151s\u00e9geket nyerj \u2013 csak egy posztol\u00e1ssal!<\/h3>\n<div><\/div>\n<\/div>\n<div class=\"x14z9mp xat24cr x1lziwak x1vvkbs xtlvy1s x126k92a\">\n<div><\/div>\n<\/div>\n<p>[\/vc_column_text][\/vc_column][vc_column width=\"1\/2&#8243;][vc_single_image image=\"20420&#8243; img_size=\"full\" alignment=\"center\" css_animation=\"bounceInRight\" css=\"\"][\/vc_column][\/vc_row][vc_row][vc_column][vc_empty_space][\/vc_column][\/vc_row][vc_row][vc_column][vc_text_separator title=\"HOGYAN CSATLAKOZHATSZ?\" css=\"\"][\/vc_column][\/vc_row][vc_row][vc_column width=\"1\/3&#8243;][vc_column_text css=\"\"]<\/p>\n<div class=\"x14z9mp xat24cr x1lziwak x1vvkbs xtlvy1s x126k92a\">\n<div><span class=\"html-span xexx8yu xyri2b x18d9i69 x1c1uobl x1hl2dhg x16tdsg8 x1vvkbs x3nfvp2 x1j61x8r x1fcty0u xdj266r xat24cr xm2jcoa x1mpyi22 xxymvpz xlup9mm x1kky2od\"><img loading=\"lazy\" decoding=\"async\" class=\"xz74otr x15mokao x1ga7v0g x16uus16 xbiv7yw\" src=\"https:\/\/static.xx.fbcdn.net\/images\/emoji.php\/v9\/tc0\/1\/16\/1f4e9.png\" alt=\"\ud83d\udce9\" width=\"16\" height=\"16\" \/><\/span> <strong>M\u00e1sold ki ezt a sz\u00f6veget:<\/strong><\/div>\n<\/div>\n<div class=\"x14z9mp xat24cr x1lziwak x1vvkbs xtlvy1s x126k92a\">\n<div>Szeretn\u00e9k csatlakozni a 2025-\u00f6s Casting kih\u00edv\u00e1shoz.<\/div>\n<\/div>\n<div class=\"x14z9mp xat24cr x1lziwak x1vvkbs xtlvy1s x126k92a\">\n<div>Itt a Facebook oldalam:<\/div>\n<div>Itt az Instagram oldalam:<\/div>\n<div>Itt a TikTok oldalam:<\/div>\n<\/div>\n<p>[\/vc_column_text][\/vc_column][vc_column width=\"1\/3&#8243;][vc_column_text css=\"\"]<\/p>\n<div class=\"x14z9mp xat24cr x1lziwak x1vvkbs xtlvy1s x126k92a\">\n<div><strong><span class=\"html-span xexx8yu xyri2b x18d9i69 x1c1uobl x1hl2dhg x16tdsg8 x1vvkbs x3nfvp2 x1j61x8r x1fcty0u xdj266r xat24cr xm2jcoa x1mpyi22 xxymvpz xlup9mm x1kky2od\"><img loading=\"lazy\" decoding=\"async\" class=\"xz74otr x15mokao x1ga7v0g x16uus16 xbiv7yw\" src=\"https:\/\/static.xx.fbcdn.net\/images\/emoji.php\/v9\/t33\/1\/16\/2705.png\" alt=\"\u2705\" width=\"16\" height=\"16\" \/><\/span> \u00a0K\u00fcldd el nek\u00fcnk a kim\u00e1solt sz\u00f6veget emailben<\/strong> \u2013 nincs sz\u00fcks\u00e9g \u0171rlapra!<\/div>\n<div><\/div>\n<\/div>\n<div class=\"x14z9mp xat24cr x1lziwak x1vvkbs xtlvy1s x126k92a\">\n<div><span class=\"html-span xexx8yu xyri2b x18d9i69 x1c1uobl x1hl2dhg x16tdsg8 x1vvkbs x3nfvp2 x1j61x8r x1fcty0u xdj266r xat24cr xm2jcoa x1mpyi22 xxymvpz xlup9mm x1kky2od\"><img loading=\"lazy\" decoding=\"async\" class=\"xz74otr x15mokao x1ga7v0g x16uus16 xbiv7yw\" src=\"https:\/\/static.xx.fbcdn.net\/images\/emoji.php\/v9\/t37\/1\/16\/2709.png\" alt=\"\u2709\ufe0f\" width=\"16\" height=\"16\" \/><\/span> <strong>Email:<\/strong> casting@elite2you.com<\/div>\n<\/div>\n<p>[\/vc_column_text][\/vc_column][vc_column width=\"1\/3&#8243;][vc_column_text css=\"\"]<\/p>\n<div class=\"x14z9mp xat24cr x1lziwak x1vvkbs xtlvy1s x126k92a\">\n<div><strong>L\u00e1jkold \u00e9s k\u00f6vesd \u00fcgyn\u00f6ks\u00e9g\u00fcnk oldalait a Facebookon, Instagramon \u00e9s TikTokon.<\/strong><\/div>\n<div><\/div>\n<\/div>\n<div class=\"x14z9mp xat24cr x1lziwak x1vvkbs xtlvy1s x126k92a\">\n<div>Miut\u00e1n megkaptad a v\u00e1lasz emailt, tegy\u00e9l k\u00f6zz\u00e9 legal\u00e1bb 1 vide\u00f3t vagy fot\u00f3t hetente az Instagramodon, a facebookodon \u00e9s a TikTokon.<\/div>\n<\/div>\n<p>[\/vc_column_text][\/vc_column][\/vc_row][vc_row][vc_column][vc_empty_space][\/vc_column][\/vc_row][vc_row][vc_column][vc_text_separator title=\"Minden posztnak tartalmaznia kell\" css=\"\"][\/vc_column][\/vc_row][vc_row][vc_column width=\"1\/2&#8243;][vc_empty_space height=\"120px\"][vc_column_text css=\"\"]<\/p>\n<div class=\"x14z9mp xat24cr x1lziwak x1vvkbs xtlvy1s x126k92a\">\n<div><\/div>\n<div><\/div>\n<div><span class=\"html-span xexx8yu xyri2b x18d9i69 x1c1uobl x1hl2dhg x16tdsg8 x1vvkbs x3nfvp2 x1j61x8r x1fcty0u xdj266r xat24cr xm2jcoa x1mpyi22 xxymvpz xlup9mm x1kky2od\"><img loading=\"lazy\" decoding=\"async\" class=\"xz74otr x15mokao x1ga7v0g x16uus16 xbiv7yw\" src=\"https:\/\/static.xx.fbcdn.net\/images\/emoji.php\/v9\/tf3\/1\/16\/1f539.png\" alt=\"\ud83d\udd39\" width=\"16\" height=\"16\" \/><\/span> <strong>Az Elite2You log\u00f3t t\u00f6ltsd le innen \u2192<\/strong><\/div>\n<div><span class=\"html-span xexx8yu xyri2b x18d9i69 x1c1uobl x1hl2dhg x16tdsg8 x1vvkbs x3nfvp2 x1j61x8r x1fcty0u xdj266r xat24cr xm2jcoa x1mpyi22 xxymvpz xlup9mm x1kky2od\"><img loading=\"lazy\" decoding=\"async\" class=\"xz74otr x15mokao x1ga7v0g x16uus16 xbiv7yw\" src=\"https:\/\/static.xx.fbcdn.net\/images\/emoji.php\/v9\/tf3\/1\/16\/1f539.png\" alt=\"\ud83d\udd39\" width=\"16\" height=\"16\" \/><\/span> <strong>Minden poszt tartalmazza a k\u00f6vetkez\u0151 sort:<\/strong> \u201eK\u00e9sz\u00fclt az Elite2You Casting Challenge kih\u00edv\u00e1sra\u201d<\/div>\n<div><span class=\"html-span xexx8yu xyri2b x18d9i69 x1c1uobl x1hl2dhg x16tdsg8 x1vvkbs x3nfvp2 x1j61x8r x1fcty0u xdj266r xat24cr xm2jcoa x1mpyi22 xxymvpz xlup9mm x1kky2od\"><img loading=\"lazy\" decoding=\"async\" class=\"xz74otr x15mokao x1ga7v0g x16uus16 xbiv7yw\" src=\"https:\/\/static.xx.fbcdn.net\/images\/emoji.php\/v9\/tf3\/1\/16\/1f539.png\" alt=\"\ud83d\udd39\" width=\"16\" height=\"16\" \/><\/span> <strong>Haszn\u00e1lj hashtageket:<\/strong> <span class=\"html-span xdj266r x14z9mp xat24cr x1lziwak xexx8yu xyri2b x18d9i69 x1c1uobl x1hl2dhg x16tdsg8 x1vvkbs\"><a class=\"x1i10hfl xjbqb8w x1ejq31n x18oe1m7 x1sy0etr xstzfhl x972fbf x10w94by x1qhh985 x14e42zd x9f619 x1ypdohk xt0psk2 xe8uvvx xdj266r x14z9mp xat24cr x1lziwak xexx8yu xyri2b x18d9i69 x1c1uobl x16tdsg8 x1hl2dhg xggy1nq x1a2a7pz xkrqix3 x1sur9pj x1fey0fg x1s688f\" tabindex=\"0\" role=\"link\" href=\"https:\/\/www.facebook.com\/hashtag\/castingchallenge2025?__eep__=6&amp;__cft__[0]=AZU43Rph7QXfDkXmo_YCyvEVopgspOBLdJ2SlSr-nNZ5r_2OZMvmdi7-e__XBFcU7C-AZoeQSmrpa6CG7tL7FnWqlQM39KFv3aA9RS-Y5ve_NERYb3s8q43xNT93rggjYi16XPf0TGct1otEzTZR7MWPPBPWZWdQ4kuLIpvoEWa1fA&amp;__tn__=*NK-R\">#CastingChallenge2025<\/a><\/span> \u00e9s <span class=\"html-span xdj266r x14z9mp xat24cr x1lziwak xexx8yu xyri2b x18d9i69 x1c1uobl x1hl2dhg x16tdsg8 x1vvkbs\"><a class=\"x1i10hfl xjbqb8w x1ejq31n x18oe1m7 x1sy0etr xstzfhl x972fbf x10w94by x1qhh985 x14e42zd x9f619 x1ypdohk xt0psk2 xe8uvvx xdj266r x14z9mp xat24cr x1lziwak xexx8yu xyri2b x18d9i69 x1c1uobl x16tdsg8 x1hl2dhg xggy1nq x1a2a7pz xkrqix3 x1sur9pj x1fey0fg x1s688f\" tabindex=\"0\" role=\"link\" href=\"https:\/\/www.facebook.com\/hashtag\/elite2you?__eep__=6&amp;__cft__[0]=AZU43Rph7QXfDkXmo_YCyvEVopgspOBLdJ2SlSr-nNZ5r_2OZMvmdi7-e__XBFcU7C-AZoeQSmrpa6CG7tL7FnWqlQM39KFv3aA9RS-Y5ve_NERYb3s8q43xNT93rggjYi16XPf0TGct1otEzTZR7MWPPBPWZWdQ4kuLIpvoEWa1fA&amp;__tn__=*NK-R\">#Elite2You<\/a><\/span><\/div>\n<div><\/div>\n<\/div>\n<div class=\"x14z9mp xat24cr x1lziwak x1vvkbs xtlvy1s x126k92a\">\n<div><\/div>\n<\/div>\n<p>[\/vc_column_text][\/vc_column][vc_column width=\"1\/2&#8243;][vc_single_image image=\"19006&#8243; img_size=\"medium\" alignment=\"center\" css_animation=\"bounceInRight\" css=\"\"][\/vc_column][\/vc_row][vc_row][vc_column][vc_text_separator title=\"NYEREM\u00c9NYEK\" color=\"sandy_brown\" css=\"\"][\/vc_column][\/vc_row][vc_row][vc_column width=\"1\/3&#8243;][vc_column_text css=\"\"]<\/p>\n<div style=\"flex: 1;\">\n<div style=\"font-size: 36px; text-align: center;\">\ud83e\udd49<\/div>\n<h3 style=\"text-align: center;\"><strong>3. helyezett<\/strong><\/h3>\n<p style=\"text-align: center;\"><u>20.000 Ft k\u00e9szp\u00e9nz<\/u><\/p>\n<p style=\"text-align: center;\">+ Profi portf\u00f3li\u00f3 fot\u00f3z\u00e1s<\/p>\n<\/div>\n<div class=\"x14z9mp xat24cr x1lziwak x1vvkbs xtlvy1s x126k92a\" style=\"text-align: center;\"><\/div>\n<div class=\"x14z9mp xat24cr x1lziwak x1vvkbs xtlvy1s x126k92a\">\n<div><\/div>\n<div><\/div>\n<\/div>\n<div class=\"x14z9mp xat24cr x1lziwak x1vvkbs xtlvy1s x126k92a\"><\/div>\n<div class=\"x14z9mp xat24cr x1lziwak x1vvkbs xtlvy1s x126k92a\">\n<div><\/div>\n<\/div>\n<p>[\/vc_column_text][\/vc_column][vc_column width=\"1\/3&#8243;][vc_column_text css=\"\"]<\/p>\n<div style=\"flex: 1;\">\n<div style=\"font-size: 36px; text-align: center;\">\ud83e\udd48<\/div>\n<h3 style=\"text-align: center;\"><strong>\ud83e\udd48 2. helyezett<\/strong><\/h3>\n<p style=\"text-align: center;\"><u>50.000 Ft k\u00e9szp\u00e9nz<\/u><\/p>\n<p style=\"text-align: center;\">+ Profi portf\u00f3li\u00f3 fot\u00f3z\u00e1s<\/p>\n<p style=\"text-align: center;\">+ Kezd\u0151 modelltanfolyam<\/p>\n<\/div>\n<p>[\/vc_column_text][\/vc_column][vc_column width=\"1\/3&#8243;][vc_column_text css=\"\"]<\/p>\n<div style=\"flex: 1;\">\n<div style=\"font-size: 36px; text-align: center;\">\ud83e\udd47<\/div>\n<h3 style=\"text-align: center;\"><strong>1. helyezett<\/strong><\/h3>\n<p style=\"text-align: center;\"><u>100.000 Ft k\u00e9szp\u00e9nz<\/u><br \/>\n\u2013 Ingyenes professzion\u00e1lis portf\u00f3li\u00f3 fot\u00f3z\u00e1s<br \/>\n\u2013 Ingyenes kezd\u0151 modelltanfolyam<br \/>\n\u2013 1 \u00e9ves szerz\u0151d\u00e9s az Elite2You-val<\/p>\n<\/div>\n<p>[\/vc_column_text][\/vc_column][\/vc_row][vc_row][vc_column][vc_text_separator title=\"B\u00d3NUSZOK\" color=\"sandy_brown\" css=\"\"][\/vc_column][\/vc_row][vc_row][vc_column width=\"1\/2&#8243;][vc_column_text css=\"\"]<\/p>\n<div class=\"x14z9mp xat24cr x1lziwak x1vvkbs xtlvy1s x126k92a\">\n<div><\/div>\n<div><strong><span class=\"html-span xexx8yu xyri2b x18d9i69 x1c1uobl x1hl2dhg x16tdsg8 x1vvkbs x3nfvp2 x1j61x8r x1fcty0u xdj266r xat24cr xm2jcoa x1mpyi22 xxymvpz xlup9mm x1kky2od\"><img loading=\"lazy\" decoding=\"async\" class=\"xz74otr x15mokao x1ga7v0g x16uus16 xbiv7yw\" src=\"https:\/\/static.xx.fbcdn.net\/images\/emoji.php\/v9\/t3d\/1\/16\/1f3c5.png\" alt=\"\ud83c\udfc5\" width=\"16\" height=\"16\" \/><\/span> Legkreat\u00edvabb poszt<\/strong><\/div>\n<div><strong><span class=\"html-span xexx8yu xyri2b x18d9i69 x1c1uobl x1hl2dhg x16tdsg8 x1vvkbs x3nfvp2 x1j61x8r x1fcty0u xdj266r xat24cr xm2jcoa x1mpyi22 xxymvpz xlup9mm x1kky2od\"><img loading=\"lazy\" decoding=\"async\" class=\"xz74otr x15mokao x1ga7v0g x16uus16 xbiv7yw\" src=\"https:\/\/static.xx.fbcdn.net\/images\/emoji.php\/v9\/t3d\/1\/16\/1f3c5.png\" alt=\"\ud83c\udfc5\" width=\"16\" height=\"16\" \/><\/span> Legjobb styling<\/strong><\/div>\n<div><\/div>\n<\/div>\n<div class=\"x14z9mp xat24cr x1lziwak x1vvkbs xtlvy1s x126k92a\">\n<div><\/div>\n<\/div>\n<p>[\/vc_column_text][\/vc_column][vc_column width=\"1\/2&#8243;][vc_column_text css=\"\"]<\/p>\n<div class=\"x14z9mp xat24cr x1lziwak x1vvkbs xtlvy1s x126k92a\">\n<div><strong><span class=\"html-span xexx8yu xyri2b x18d9i69 x1c1uobl x1hl2dhg x16tdsg8 x1vvkbs x3nfvp2 x1j61x8r x1fcty0u xdj266r xat24cr xm2jcoa x1mpyi22 xxymvpz xlup9mm x1kky2od\"><img loading=\"lazy\" decoding=\"async\" class=\"xz74otr x15mokao x1ga7v0g x16uus16 xbiv7yw\" src=\"https:\/\/static.xx.fbcdn.net\/images\/emoji.php\/v9\/t3d\/1\/16\/1f3c5.png\" alt=\"\ud83c\udfc5\" width=\"16\" height=\"16\" \/><\/span> Legimpoz\u00e1nsabb \u00e1talakul\u00e1s<\/strong><\/div>\n<div><strong><span class=\"html-span xexx8yu xyri2b x18d9i69 x1c1uobl x1hl2dhg x16tdsg8 x1vvkbs x3nfvp2 x1j61x8r x1fcty0u xdj266r xat24cr xm2jcoa x1mpyi22 xxymvpz xlup9mm x1kky2od\"><img loading=\"lazy\" decoding=\"async\" class=\"xz74otr x15mokao x1ga7v0g x16uus16 xbiv7yw\" src=\"https:\/\/static.xx.fbcdn.net\/images\/emoji.php\/v9\/t3d\/1\/16\/1f3c5.png\" alt=\"\ud83c\udfc5\" width=\"16\" height=\"16\" \/><\/span> Legmagasabb \u00f6sszes\u00edtett el\u00e9r\u00e9s (az \u00f6sszes h\u00e9ten)<\/strong><\/div>\n<\/div>\n<p>[\/vc_column_text][\/vc_column][\/vc_row][vc_row][vc_column][vc_empty_space][vc_column_text css=\"\"]<\/p>\n<p style=\"background-color: #ffe7c2; padding: 12px; border-radius: 8px; text-align: center;\">\ud83d\udccc <strong>A B\u00f3nuszok nem p\u00e9nzbeli jutalommal j\u00e1rnak<\/strong>, hanem szakmai elismer\u00e9ssel, <strong>kiemelt megjelen\u00e9si lehet\u0151s\u00e9gekkel<\/strong> \u00e9s \u00e9rt\u00e9kes<br \/>\n<strong>exkluz\u00edv b\u00f3nuszokkal<\/strong>. C\u00e9lunk, hogy seg\u00edts\u00fcnk neked el\u0151rejutni a digit\u00e1lis modellkarrieredben, \u00e9s reflektorf\u00e9nybe \u00e1ll\u00edtsuk a legkiemelked\u0151bb teljes\u00edtm\u00e9nyeket.[\/vc_column_text][\/vc_column][\/vc_row][vc_row][vc_column][vc_empty_space][vc_column_text css=\"\"]<\/p>\n<h3 data-start=\"190\" data-end=\"241\">\ud83d\udc8e A k\u00fcl\u00f6nd\u00edjasok extra aj\u00e1nd\u00e9kban r\u00e9szes\u00fclnek:<\/h3>\n<p data-start=\"243\" data-end=\"451\"><strong>Azok a r\u00e9sztvev\u0151k, akik nem ker\u00fcltek be az els\u0151 h\u00e1rom helyezett k\u00f6z\u00e9, de a zs\u0171ri\u00a0 szerint kiemelked\u0151 teljes\u00edtm\u00e9nyt ny\u00fajtottak, az al\u00e1bbi elismer\u00e9sekben \u00e9s lehet\u0151s\u00e9gekben r\u00e9szes\u00fclnek:<\/strong><\/p>\n<ul>\n<li>\ud83d\udce3 <strong>Kiemelt poszt<\/strong> a k\u00f6z\u00f6ss\u00e9gi oldalakon (pl. Instagram Story, Elite2Fans bels\u0151 oldal)<\/li>\n<li>\ud83c\udf10 <strong>Megjelen\u00e9s<\/strong> az Elite2You hivatalos weboldal\u00e1n vagy h\u00edrlevel\u00e9ben<\/li>\n<li>\ud83c\udf81 <strong>Aj\u00e1nd\u00e9kutalv\u00e1ny<\/strong> a webshopb\u00f3l<\/li>\n<li>\ud83e\uddd8\u200d\u2640\ufe0f <strong>Ingyenes coaching<\/strong> vagy konzult\u00e1ci\u00f3 egy igazgat\u00f3val<\/li>\n<li>\ud83c\udf93 <strong>Ingyenes bel\u00e9p\u0151<\/strong> egy kezd\u0151 kurzusra<\/li>\n<li>\ud83d\udcf8 <strong>Plusz 1 profi portf\u00f3li\u00f3fot\u00f3z\u00e1s<\/strong><\/li>\n<li>\ud83d\udcf0 <strong>Interj\u00fa a blogon<\/strong> (\u201eH\u00f3nap Modellje\u201d rovat)<\/li>\n<\/ul>\n<p>[\/vc_column_text][\/vc_column][\/vc_row][vc_row][vc_column][vc_column_text css=\"\"]<\/p>\n<div class=\"x14z9mp xat24cr x1lziwak x1vvkbs xtlvy1s x126k92a\">\n<h3><\/h3>\n<div><\/div>\n<\/div>\n<div class=\"x14z9mp xat24cr x1lziwak x1vvkbs xtlvy1s x126k92a\">\n<h2 style=\"text-align: center;\">Min\u00e9l t\u00f6bbet posztolsz, ann\u00e1l nagyobb az es\u00e9lyed!<\/h2>\n<\/div>\n<div class=\"x14z9mp xat24cr x1lziwak x1vvkbs xtlvy1s x126k92a\">\n<h3 style=\"text-align: center;\"><span class=\"html-span xexx8yu xyri2b x18d9i69 x1c1uobl x1hl2dhg x16tdsg8 x1vvkbs x3nfvp2 x1j61x8r x1fcty0u xdj266r xat24cr xm2jcoa x1mpyi22 xxymvpz xlup9mm x1kky2od\"><img loading=\"lazy\" decoding=\"async\" class=\"xz74otr x15mokao x1ga7v0g x16uus16 xbiv7yw\" src=\"https:\/\/static.xx.fbcdn.net\/images\/emoji.php\/v9\/tf4\/1\/16\/2728.png\" alt=\"\u2728\" width=\"16\" height=\"16\" \/><\/span> Hadd besz\u00e9ljen a tartalmad. Hadd ragyogjon a st\u00edlusod.<\/h3>\n<\/div>\n<div class=\"x14z9mp xat24cr x1lziwak x1vvkbs xtlvy1s x126k92a\">\n<p style=\"text-align: center;\">Kezdd el digit\u00e1lis modellkarrieredet \u2013 az Elite2You-val!<\/p>\n<\/div>\n<p>[\/vc_column_text][\/vc_column][\/vc_row][vc_row css=\".vc_custom_1752094675829{background-color: #F5F5F5 !important;}\"][vc_column][vc_text_separator title=\"A Kih\u00edv\u00e1s Szab\u00e1lyzata\" color=\"sandy_brown\" css=\"\"][vc_column_text css=\"\"]<span class=\"html-span xexx8yu xyri2b x18d9i69 x1c1uobl x1hl2dhg x16tdsg8 x1vvkbs x3nfvp2 x1j61x8r x1fcty0u xdj266r xat24cr xm2jcoa x1mpyi22 xxymvpz xlup9mm x1kky2od\"><img loading=\"lazy\" decoding=\"async\" class=\"xz74otr x15mokao x1ga7v0g x16uus16 xbiv7yw\" src=\"https:\/\/static.xx.fbcdn.net\/images\/emoji.php\/v9\/te1\/1\/16\/1f51e.png\" alt=\"\ud83d\udd1e\" width=\"16\" height=\"16\" \/><\/span> A r\u00e9szv\u00e9telhez 18 \u00e9ven fel\u00fclinek kell lenned.[\/vc_column_text][vc_toggle title=\"1. A nyerem\u00e9nyj\u00e1t\u00e9k \u00e9s a verseny f\u0151d\u00edjai\" css=\"\"]A verseny hivatalos helyezettjei \u2013 az 1., 2. \u00e9s 3. helyezett \u2013 p\u00e9nzbeli jutalomban \u00e9s k\u00fcl\u00f6n nyerem\u00e9nycsomagban r\u00e9szes\u00fclnek. Ezek a nyerem\u00e9nyek fix \u00e9rt\u00e9k\u0171ek, el\u0151re meghat\u00e1rozott felt\u00e9telek szerint ker\u00fclnek \u00e1tad\u00e1sra.[\/vc_toggle][vc_toggle title=\"2. B\u00f3nuszok \u00e9s k\u00fcl\u00f6nd\u00edjak \u2013 nem p\u00e9nzbeli elismer\u00e9sek\" css=\"\"]<\/p>\n<p data-start=\"671\" data-end=\"1008\">A b\u00f3nuszok \u00e9s k\u00fcl\u00f6nd\u00edjak <strong data-start=\"696\" data-end=\"730\">nem j\u00e1rnak p\u00e9nzbeli jutalommal<\/strong>, viszont \u00e9rt\u00e9kes szakmai \u00e9s prom\u00f3ci\u00f3s lehet\u0151s\u00e9geket biztos\u00edtanak. Ezeket a d\u00edjakat azok a r\u00e9sztvev\u0151k kaphatj\u00e1k, akik b\u00e1r nem \u00e9rt\u00e9k el a dobog\u00f3s helyez\u00e9st, m\u00e9gis kiemelked\u0151 munk\u00e1t v\u00e9geztek, \u00e9s figyelemre m\u00e9lt\u00f3 teljes\u00edtm\u00e9nyt ny\u00fajtottak a zs\u0171ri vagy a k\u00f6z\u00f6ss\u00e9g meg\u00edt\u00e9l\u00e9se alapj\u00e1n.<\/p>\n<p data-start=\"1010\" data-end=\"1174\"><strong data-start=\"1010\" data-end=\"1030\">A d\u00edjaz\u00e1s c\u00e9lja:<\/strong><br data-start=\"1030\" data-end=\"1033\" \/>T\u00e1mogatni a r\u00e9sztvev\u0151k szakmai fejl\u0151d\u00e9s\u00e9t, reflektorf\u00e9nybe helyezni a tehets\u00e9get, \u00e9s el\u0151seg\u00edteni az el\u0151rel\u00e9p\u00e9st a digit\u00e1lis modellkarrierben.<\/p>\n<p>[\/vc_toggle][vc_toggle title=\"3. A b\u00f3nuszban\/k\u00fcl\u00f6nd\u00edjban r\u00e9szes\u00fcl\u0151k aj\u00e1nd\u00e9kai lehetnek:\" css=\"\"]<\/p>\n<ul data-start=\"1248\" data-end=\"1618\">\n<li data-start=\"1248\" data-end=\"1334\">\n<p data-start=\"1250\" data-end=\"1334\">\ud83d\udce3 Kiemelt poszt a k\u00f6z\u00f6ss\u00e9gi oldalakon (pl. Instagram Story, Elite2Fans bels\u0151 oldal)<\/p>\n<\/li>\n<li data-start=\"1335\" data-end=\"1402\">\n<p data-start=\"1337\" data-end=\"1402\">\ud83c\udf10 Megjelen\u00e9s az Elite2You hivatalos weboldal\u00e1n vagy h\u00edrlevel\u00e9ben<\/p>\n<\/li>\n<li data-start=\"1403\" data-end=\"1436\">\n<p data-start=\"1405\" data-end=\"1436\">\ud83c\udf81 Aj\u00e1nd\u00e9kutalv\u00e1ny a webshopb\u00f3l<\/p>\n<\/li>\n<li data-start=\"1437\" data-end=\"1495\">\n<p data-start=\"1439\" data-end=\"1495\">\ud83e\uddd8\u200d\u2640\ufe0f Ingyenes coaching vagy konzult\u00e1ci\u00f3 egy igazgat\u00f3val<\/p>\n<\/li>\n<li data-start=\"1496\" data-end=\"1535\">\n<p data-start=\"1498\" data-end=\"1535\">\ud83c\udf93 Ingyenes bel\u00e9p\u0151 egy kezd\u0151 kurzusra<\/p>\n<\/li>\n<li data-start=\"1536\" data-end=\"1571\">\n<p data-start=\"1538\" data-end=\"1571\">\ud83d\udcf8 Plusz 1 profi portf\u00f3li\u00f3fot\u00f3z\u00e1s<\/p>\n<\/li>\n<li data-start=\"1572\" data-end=\"1618\">\n<p data-start=\"1574\" data-end=\"1618\">\ud83d\udcf0 Interj\u00fa a blogon (\u201eH\u00f3nap Modellje\u201d rovat)<\/p>\n<\/li>\n<\/ul>\n<p data-start=\"1620\" data-end=\"1733\"><em data-start=\"1620\" data-end=\"1733\">A d\u00edjak t\u00edpusa \u00e9s m\u00e9rt\u00e9ke elt\u00e9r\u0151 lehet, \u00e9s az Elite2You vezet\u0151s\u00e9ge egyedileg \u00e1llap\u00edtja meg az adott fordul\u00f3ban.<\/em><\/p>\n<p>[\/vc_toggle][vc_toggle title=\"4. D\u00edjaz\u00e1si szempontok \u00e9s elb\u00edr\u00e1l\u00e1s\" css=\"\"]<\/p>\n<p data-start=\"1785\" data-end=\"1847\">A k\u00fcl\u00f6nd\u00edjak oda\u00edt\u00e9l\u00e9s\u00e9nek szempontjai lehetnek t\u00f6bbek k\u00f6z\u00f6tt:<\/p>\n<ul data-start=\"1848\" data-end=\"1967\">\n<li data-start=\"1848\" data-end=\"1861\">\n<p data-start=\"1850\" data-end=\"1861\">Kreativit\u00e1s<\/p>\n<\/li>\n<li data-start=\"1862\" data-end=\"1884\">\n<p data-start=\"1864\" data-end=\"1884\">St\u00edlus \u00e9s megjelen\u00e9s<\/p>\n<\/li>\n<li data-start=\"1885\" data-end=\"1906\">\n<p data-start=\"1887\" data-end=\"1906\">Fejl\u0151d\u00e9si potenci\u00e1l<\/p>\n<\/li>\n<li data-start=\"1907\" data-end=\"1928\">\n<p data-start=\"1909\" data-end=\"1928\">K\u00f6z\u00f6ss\u00e9gi aktivit\u00e1s<\/p>\n<\/li>\n<li data-start=\"1929\" data-end=\"1967\">\n<p data-start=\"1931\" data-end=\"1967\">Szem\u00e9lyes t\u00f6rt\u00e9net vagy bemutatkoz\u00e1s<\/p>\n<\/li>\n<\/ul>\n<p data-start=\"1969\" data-end=\"2109\">Az elb\u00edr\u00e1l\u00e1s szubjekt\u00edv szempontok alapj\u00e1n, a szervez\u0151k \u00e9s a szakmai zs\u0171ri d\u00f6nt\u00e9se szerint t\u00f6rt\u00e9nik. A d\u00edjak kioszt\u00e1sa nem k\u00f6telez\u0151 jelleg\u0171.<\/p>\n<p>[\/vc_toggle][vc_toggle title=\"5. Jogi nyilatkozat\" css=\"\"]A b\u00f3nuszok \u00e9s k\u00fcl\u00f6nd\u00edjak nem min\u0151s\u00fclnek p\u00e9nz\u00fcgyi \u00e9rt\u00e9kkel rendelkez\u0151, \u00e1truh\u00e1zhat\u00f3 juttat\u00e1snak. Az Elite2You fenntartja a jogot arra, hogy a d\u00edjak t\u00edpus\u00e1t, mennyis\u00e9g\u00e9t \u00e9s el\u00e9rhet\u0151s\u00e9g\u00e9t el\u0151zetes bejelent\u00e9s n\u00e9lk\u00fcl m\u00f3dos\u00edtsa.[\/vc_toggle][\/vc_column][\/vc_row]<\/p>\n<\/div>","protected":false},"excerpt":{"rendered":"<p>[vc_row][vc_column][vc_column_text css=\"\"] Szeretn\u00e9l digit\u00e1lis modell lenni? Csatlakozz Casting kih\u00edv\u00e1sunkhoz \u2013 \u00e9s nyerj igazi nyerem\u00e9nyeket! 1.000.000.- forint \u00e9rt\u00e9k\u0171 \u00f6sszd\u00edjaz\u00e1s! [\/vc_column_text][vc_empty_space height=\"60px\"][\/vc_column][\/vc_row][vc_row][vc_column &hellip; <a href=\"https:\/\/elite2you.com\/hu\/kihivas\/\" class=\"more-link\">Continue reading <span class=\"screen-reader-text\">Kih\u00edv\u00e1s!<\/span><\/a><\/p>\n","protected":false},"author":5,"featured_media":0,"parent":0,"menu_order":0,"comment_status":"closed","ping_status":"closed","template":"","meta":{"_monsterinsights_skip_tracking":false,"_monsterinsights_sitenote_active":false,"_monsterinsights_sitenote_note":"","_monsterinsights_sitenote_category":0,"footnotes":""},"class_list":["post-20404","page","type-page","status-publish","hentry"],"_links":{"self":[{"href":"https:\/\/elite2you.com\/hu\/wp-json\/wp\/v2\/pages\/20404","targetHints":{"allow":["GET"]}}],"collection":[{"href":"https:\/\/elite2you.com\/hu\/wp-json\/wp\/v2\/pages"}],"about":[{"href":"https:\/\/elite2you.com\/hu\/wp-json\/wp\/v2\/types\/page"}],"author":[{"embeddable":true,"href":"https:\/\/elite2you.com\/hu\/wp-json\/wp\/v2\/users\/5"}],"replies":[{"embeddable":true,"href":"https:\/\/elite2you.com\/hu\/wp-json\/wp\/v2\/comments?post=20404"}],"version-history":[{"count":57,"href":"https:\/\/elite2you.com\/hu\/wp-json\/wp\/v2\/pages\/20404\/revisions"}],"predecessor-version":[{"id":22059,"href":"https:\/\/elite2you.com\/hu\/wp-json\/wp\/v2\/pages\/20404\/revisions\/22059"}],"wp:attachment":[{"href":"https:\/\/elite2you.com\/hu\/wp-json\/wp\/v2\/media?parent=20404"}],"curies":[{"name":"wp","href":"https:\/\/api.w.org\/{rel}","templated":true}]}}