{"id":1793,"date":"2016-04-29T09:25:35","date_gmt":"2016-04-29T09:25:35","guid":{"rendered":"http:\/\/www.coffeecreamthemes.com\/themes\/modellic\/wordpress\/product\/olivia-vasquez\/"},"modified":"2025-03-10T14:40:40","modified_gmt":"2025-03-10T14:40:40","slug":"olivia-vasquez","status":"publish","type":"product","link":"https:\/\/elite2you.com\/hu\/termek\/olivia-vasquez\/","title":{"rendered":"Olivia Vasquez"},"content":{"rendered":"<p data-start=\"0\" data-end=\"54\"><strong data-start=\"0\" data-end=\"52\">\ud83d\udd25 Olivia Vasquez \u2013 Az \u00e9rz\u00e9ki t\u00e1nc kir\u00e1lyn\u0151je \ud83d\udd25<\/strong><\/p>\n<p data-start=\"56\" data-end=\"175\"><strong data-start=\"56\" data-end=\"169\">Sziasztok, Olivia Vasquez vagyok, de sokan Olivia Blaze n\u00e9ven ismernek \u2013 \u00e9s \u00fcdv\u00f6z\u00f6llek a hivatalos oldalamon!<\/strong> \ud83d\udc83\u2728<\/p>\n<p data-start=\"177\" data-end=\"524\">A t\u00e1nc mindig is a v\u00e9remben volt. <strong data-start=\"211\" data-end=\"314\">F\u00e9lmagyar \u00e9s f\u00e9lspanyol vagyok \u2013 egy titokzatos keleti sz\u00e9ps\u00e9g spanyol temperamentummal f\u0171szerezve.<\/strong> Az \u00e9desany\u00e1m egy er\u0151s \u00e9s f\u00fcggetlen magyar n\u0151, az \u00e9desap\u00e1m egy karizmatikus spanyol utaz\u00f3, aki ugyan sosem maradt igaz\u00e1n az \u00e9letem r\u00e9sze, de a szenved\u00e9lyt \u00e9s a m\u0171v\u00e9szet ir\u00e1nti szeretetet m\u00e9gis \u00f6r\u00f6k\u00f6ltem t\u0151le.<\/p>\n<p data-start=\"526\" data-end=\"819\">M\u00e1r kisl\u00e1nyk\u00e9nt beleszerettem a mozg\u00e1sba: <strong data-start=\"568\" data-end=\"642\">balettel kezdtem, majd k\u00e9s\u0151bb felfedeztem a hast\u00e1nc hipnotikus vil\u00e1g\u00e1t<\/strong>. A keleti \u00e9s latin t\u00e1ncok \u00f6tv\u00f6zete egy teljesen \u00faj dimenzi\u00f3t nyitott meg el\u0151ttem \u2013 <strong data-start=\"726\" data-end=\"817\">itt tal\u00e1ltam meg \u00f6nmagam, itt v\u00e1ltam igaz\u00e1n n\u0151v\u00e9, \u00e9s itt kezd\u0151d\u00f6tt el az \u00e9n t\u00f6rt\u00e9netem.<\/strong><\/p>\n<h3 data-start=\"821\" data-end=\"877\"><strong data-start=\"825\" data-end=\"875\">\ud83d\udc83 A testem a t\u00f6rt\u00e9netem, a t\u00e1nc az \u00e9n nyelvem<\/strong><\/h3>\n<p data-start=\"878\" data-end=\"1165\">A t\u00e1nc sz\u00e1momra nem puszt\u00e1n mozdulatok sorozata \u2013 <strong data-start=\"928\" data-end=\"1001\">ez egy \u00e9rzelem, egy v\u00e1gy, egy \u00fczenet, amelyet a testemmel mes\u00e9lek el.<\/strong> A hast\u00e1nc kecses eleganci\u00e1ja, az egzotikus t\u00e1nc \u00e9rz\u00e9kis\u00e9ge \u00e9s a modern mozg\u00e1s dinamik\u00e1ja mind egy\u00fctt form\u00e1lj\u00e1k azt a k\u00fcl\u00f6nleges m\u0171v\u00e9szi vil\u00e1got, amit k\u00e9pviselek.<\/p>\n<p data-start=\"1167\" data-end=\"1475\">\u00c1m nemcsak a test, hanem az elme is \u00e9rdekel \u2013 <strong data-start=\"1213\" data-end=\"1248\">pszichol\u00f3gi\u00e1t szeretn\u00e9k tanulni<\/strong>, hogy meg\u00e9rtsem az emberek v\u00e1gyait, motiv\u00e1ci\u00f3it, \u00e9s seg\u00edtsek nekik felszabad\u00edtani \u00f6nmagukat. Az egyetemi tand\u00edj viszont nem olcs\u00f3, ez\u00e9rt \u00fagy d\u00f6nt\u00f6ttem, hogy <strong data-start=\"1406\" data-end=\"1473\">modellked\u00e9ssel \u00e9s \u00e9rz\u00e9ki t\u00e1nccal teremtem meg a j\u00f6v\u0151m alapjait.<\/strong><\/p>\n<h3 data-start=\"1477\" data-end=\"1530\"><strong data-start=\"1481\" data-end=\"1528\">\ud83d\udd25 Az Elite2Fans-en \u00faj fejezetet nyitok! \ud83d\udd25<\/strong><\/h3>\n<p data-start=\"1531\" data-end=\"1820\">Kezdetben az OnlyFans-en osztottam meg a m\u0171v\u00e9szetemet, de azt\u00e1n <strong data-start=\"1595\" data-end=\"1635\">felfedeztem az Elite2Fans platformot<\/strong>, ahol <strong data-start=\"1642\" data-end=\"1712\">sokkal t\u00f6bbet kereshetek, \u00e9s m\u00e9g szabadabban fejezhetem ki \u00f6nmagam<\/strong>. Most itt folytatom az utamat, \u00e9s megh\u00edvlak t\u00e9ged is, hogy <strong data-start=\"1772\" data-end=\"1818\">l\u00e9gy r\u00e9szese ennek a k\u00fcl\u00f6nleges \u00e9lm\u00e9nynek!<\/strong><\/p>\n<h3 data-start=\"1822\" data-end=\"1870\"><strong data-start=\"1826\" data-end=\"1868\">\ud83d\udcf8 Mit tal\u00e1lsz n\u00e1lam az Elite2Fans-en?<\/strong><\/h3>\n<p data-start=\"1871\" data-end=\"2326\">\u2714 <strong data-start=\"1873\" data-end=\"1904\">100% exkluz\u00edv erotikus t\u00e1nc<\/strong> \u2013 hast\u00e1nc, egzotikus mozdulatok, \u00e9rz\u00e9ki sztript\u00edz-elemek egy teljesen \u00faj dimenzi\u00f3ban.<br data-start=\"1990\" data-end=\"1993\" \/>\u2714 <strong data-start=\"1995\" data-end=\"2019\">Interakt\u00edv tartalmak<\/strong> \u2013 szem\u00e9lyes \u00fczenetek, egyedi vide\u00f3k \u00e9s k\u00fcl\u00f6nleges k\u00e9r\u00e9sek teljes\u00edt\u00e9se.<br data-start=\"2090\" data-end=\"2093\" \/>\u2714 <strong data-start=\"2095\" data-end=\"2136\">Pszichol\u00f3giai gondolatok \u00e9s motiv\u00e1ci\u00f3<\/strong> \u2013 mert az \u00f6nbizalom \u00e9s a v\u00e1gy felszabad\u00edt\u00e1sa a test \u00e9s az elme harm\u00f3ni\u00e1j\u00e1r\u00f3l sz\u00f3l.<br data-start=\"2219\" data-end=\"2222\" \/>\u2714 <strong data-start=\"2224\" data-end=\"2247\">Tematikus fot\u00f3z\u00e1sok<\/strong> \u2013 egzotikus helysz\u00edneken, k\u00fcl\u00f6nleges hangulatokkal \u00e9s m\u0171v\u00e9szi koncepci\u00f3kkal.<\/p>\n<h3 data-start=\"2328\" data-end=\"2376\"><strong data-start=\"2332\" data-end=\"2374\">\ud83d\udc8e Mi\u00e9rt k\u00fcl\u00f6nleges Olivia Vasquez? \ud83d\udc8e<\/strong><\/h3>\n<p data-start=\"2377\" data-end=\"2804\">\u27a1 <strong data-start=\"2379\" data-end=\"2412\">Nem egy tipikus modell vagyok<\/strong>, hanem egy <strong data-start=\"2424\" data-end=\"2454\">m\u0171v\u00e9sz, egy intelligens n\u0151<\/strong>, aki a test\u00e9vel t\u00f6rt\u00e9neteket mes\u00e9l el.<br data-start=\"2493\" data-end=\"2496\" \/>\u27a1 <strong data-start=\"2498\" data-end=\"2585\">Egyedi niche \u2013 a keleti \u00e9s spanyol t\u00e1ncok titokzatoss\u00e1ga, \u00e9rz\u00e9kis\u00e9ge \u00e9s eleganci\u00e1ja<\/strong> egyszerre van jelen a m\u0171v\u00e9szetemben.<br data-start=\"2622\" data-end=\"2625\" \/>\u27a1 <strong data-start=\"2627\" data-end=\"2653\">Egy \u00e1lom megval\u00f3s\u00edt\u00e1sa<\/strong> \u2013 a k\u00f6vet\u0151im nemcsak egy szexi modellt l\u00e1tnak bennem, hanem egy c\u00e9ltudatos n\u0151t, aki <strong data-start=\"2738\" data-end=\"2802\">kem\u00e9nyen dolgozik az egyetemi tanulm\u00e1nyai\u00e9rt \u00e9s a j\u00f6v\u0151j\u00e9\u00e9rt.<\/strong><\/p>\n<h3 data-start=\"2806\" data-end=\"2874\"><strong data-start=\"2810\" data-end=\"2872\">\ud83d\udd0d Fedezz fel m\u00e1s gy\u00f6ny\u00f6r\u0171 \u00e9s tehets\u00e9ges modelleket is! \ud83d\udd0d<\/strong><\/h3>\n<p data-start=\"2875\" data-end=\"3091\">Ha szeretn\u00e9d l\u00e1tni, milyen <strong data-start=\"2902\" data-end=\"2925\">csod\u00e1latos modellek<\/strong> dolgoznak m\u00e9g ezen a platformon, l\u00e1togass el a <strong data-start=\"2973\" data-end=\"3013\"><a href=\"https:\/\/models2you.com\" target=\"_new\" rel=\"noopener\" data-start=\"2975\" data-end=\"3011\">Models2You<\/a><\/strong> oldalra! Itt a legszebb \u00e9s legtehets\u00e9gesebb modellek v\u00e1rnak r\u00e1d egy helyen.<\/p>\n<p data-start=\"3093\" data-end=\"3221\">\ud83d\udcab <strong data-start=\"3096\" data-end=\"3216\">Ha szeretn\u00e9d felfedezni az \u00e9n vil\u00e1gomat \u00e9s igaz\u00e1n k\u00f6zel ker\u00fclni hozz\u00e1m, csatlakozz most az Elite2Fans k\u00f6z\u00f6ss\u00e9gemhez!<\/strong> \ud83d\udcab<\/p>\n<p data-start=\"3223\" data-end=\"3317\">\u27a1 <strong data-start=\"3225\" data-end=\"3315\"><a href=\"https:\/\/elite2fans.com\/\" target=\"_new\" rel=\"noopener\" data-start=\"3227\" data-end=\"3313\">Kattints ide, \u00e9s l\u00e9gy r\u00e9szese ennek a k\u00fcl\u00f6nleges \u00e9lm\u00e9nynek!<\/a><\/strong><\/p>\n<p data-start=\"3319\" data-end=\"3414\" data-is-last-node=\"\" data-is-only-node=\"\">A t\u00e1ncom egy t\u00f6rt\u00e9net \u2013 most <strong data-start=\"3348\" data-end=\"3397\">veled egy\u00fctt \u00edrjuk meg a k\u00f6vetkez\u0151 fejezetet!<\/strong> V\u00e1rlak ott! \ud83d\ude18\ud83d\udc95<\/p>\n","protected":false},"excerpt":{"rendered":"<p data-start=\"0\" data-end=\"54\"><strong data-start=\"0\" data-end=\"52\">\ud83d\udd25 Olivia Vasquez \u2013 Az \u00e9rz\u00e9ki t\u00e1nc kir\u00e1lyn\u0151je \ud83d\udd25<\/strong><\/p>\n<p data-start=\"56\" data-end=\"175\"><strong data-start=\"56\" data-end=\"169\">Sziasztok, Olivia Vasquez vagyok, de sokan Olivia Blaze n\u00e9ven ismernek \u2013 \u00e9s \u00fcdv\u00f6z\u00f6llek a hivatalos oldalamon!<\/strong> \ud83d\udc83\u2728<\/p>\n<p data-start=\"177\" data-end=\"524\">A t\u00e1nc mindig is a v\u00e9remben volt. <strong data-start=\"211\" data-end=\"314\">F\u00e9lmagyar \u00e9s f\u00e9lspanyol vagyok \u2013 egy titokzatos keleti sz\u00e9ps\u00e9g spanyol temperamentummal f\u0171szerezve.<\/strong> Az \u00e9desany\u00e1m egy er\u0151s \u00e9s f\u00fcggetlen magyar n\u0151, az \u00e9desap\u00e1m egy karizmatikus spanyol utaz\u00f3, aki ugyan sosem maradt igaz\u00e1n az \u00e9letem r\u00e9sze, de a szenved\u00e9lyt \u00e9s a m\u0171v\u00e9szet ir\u00e1nti szeretetet m\u00e9gis \u00f6r\u00f6k\u00f6ltem t\u0151le.<\/p>\n<p data-start=\"177\" data-end=\"524\"><strong>Elite2Fans<\/strong> <strong>el\u0151fizet\u00e9si d\u00edjam havonta: 9.99.- doll\u00e1r \/ h\u00f3<\/strong><\/p>\n","protected":false},"featured_media":1778,"template":"","meta":{"_monsterinsights_skip_tracking":false,"_monsterinsights_sitenote_active":false,"_monsterinsights_sitenote_note":"","_monsterinsights_sitenote_category":0},"product_brand":[],"product_cat":[157],"product_tag":[141,153,155,156,158],"class_list":{"0":"post-1793","1":"product","2":"type-product","3":"status-publish","4":"has-post-thumbnail","6":"product_cat-women","7":"product_tag-caucasian","8":"product_tag-red","9":"product_tag-white","10":"product_tag-woman","11":"product_tag-young","13":"first","14":"instock","15":"featured","16":"shipping-taxable","17":"product-type-simple"},"_links":{"self":[{"href":"https:\/\/elite2you.com\/hu\/wp-json\/wp\/v2\/product\/1793","targetHints":{"allow":["GET"]}}],"collection":[{"href":"https:\/\/elite2you.com\/hu\/wp-json\/wp\/v2\/product"}],"about":[{"href":"https:\/\/elite2you.com\/hu\/wp-json\/wp\/v2\/types\/product"}],"wp:featuredmedia":[{"embeddable":true,"href":"https:\/\/elite2you.com\/hu\/wp-json\/wp\/v2\/media\/1778"}],"wp:attachment":[{"href":"https:\/\/elite2you.com\/hu\/wp-json\/wp\/v2\/media?parent=1793"}],"wp:term":[{"taxonomy":"product_brand","embeddable":true,"href":"https:\/\/elite2you.com\/hu\/wp-json\/wp\/v2\/product_brand?post=1793"},{"taxonomy":"product_cat","embeddable":true,"href":"https:\/\/elite2you.com\/hu\/wp-json\/wp\/v2\/product_cat?post=1793"},{"taxonomy":"product_tag","embeddable":true,"href":"https:\/\/elite2you.com\/hu\/wp-json\/wp\/v2\/product_tag?post=1793"}],"curies":[{"name":"wp","href":"https:\/\/api.w.org\/{rel}","templated":true}]}}