{"id":1806,"date":"2016-04-29T10:37:44","date_gmt":"2016-04-29T10:37:44","guid":{"rendered":"http:\/\/www.coffeecreamthemes.com\/themes\/modellic\/wordpress\/product\/ora-dean\/"},"modified":"2025-03-10T14:34:40","modified_gmt":"2025-03-10T14:34:40","slug":"ora-dean","status":"publish","type":"product","link":"https:\/\/elite2you.com\/hu\/termek\/ora-dean\/","title":{"rendered":"Ora Dean"},"content":{"rendered":"<p data-start=\"0\" data-end=\"50\"><strong data-start=\"0\" data-end=\"48\">\ud83d\udd25 Ora Dean \u2013 A harcos cs\u00e1b\u00edt\u00e1s istenn\u0151je \ud83d\udd25<\/strong><\/p>\n<p data-start=\"52\" data-end=\"162\"><strong data-start=\"52\" data-end=\"155\">Sziasztok, Ora Dean vagyok, de sokan Ora Kwan n\u00e9ven ismernek \u2013 \u00e9s \u00fcdv\u00f6z\u00f6llek a hivatalos oldalamon!<\/strong> \ud83e\udd4b\ud83d\udc8b<\/p>\n<p data-start=\"164\" data-end=\"264\"><strong data-start=\"164\" data-end=\"262\">Az \u00e9n vil\u00e1gomban az er\u0151 \u00e9s az \u00e9rz\u00e9kis\u00e9g nem ellent\u00e9tek \u2013 hanem t\u00f6k\u00e9letes harm\u00f3ni\u00e1ban l\u00e9teznek.<\/strong><\/p>\n<p data-start=\"266\" data-end=\"579\">Sz\u00f6ul utc\u00e1in n\u0151ttem fel, egy olyan vil\u00e1gban, ahol a t\u00fal\u00e9l\u00e9shez <strong data-start=\"329\" data-end=\"366\">kitart\u00e1s, fegyelem \u00e9s er\u0151 kellett<\/strong>. \u00c9desany\u00e1m kor\u00e1n meghalt, \u00edgy <strong data-start=\"397\" data-end=\"447\">az ap\u00e1m nevelt fel, aki harcm\u0171v\u00e9sz mester volt<\/strong>. Nemcsak a k\u00fczdelem technik\u00e1ira tan\u00edtott meg, hanem arra is, hogy <strong data-start=\"514\" data-end=\"576\">a test \u00e9s az elme feletti kontroll a val\u00f3di hatalom kulcsa<\/strong>.<\/p>\n<p data-start=\"581\" data-end=\"905\">Fiatalon felfedeztem egy m\u00e1sik vil\u00e1got is \u2013 a <strong data-start=\"627\" data-end=\"657\">f\u00e9tis \u00e9s BDSM szubkult\u00far\u00e1t<\/strong>, ahol r\u00e1j\u00f6ttem, hogy <strong data-start=\"679\" data-end=\"777\">a harcm\u0171v\u00e9szetek fegyelme \u00e9s a f\u00e9tis vil\u00e1ga k\u00f6z\u00f6tt m\u00e9lyebb kapcsolat van, mint azt b\u00e1rki hinn\u00e9<\/strong>. Mindkett\u0151 az <strong data-start=\"792\" data-end=\"846\">uralomr\u00f3l, a kontrollr\u00f3l \u00e9s az \u00f6nkifejez\u00e9sr\u0151l sz\u00f3l<\/strong> \u2013 \u00e9s \u00e9n ezt a k\u00e9t vil\u00e1got \u00f6tv\u00f6z\u00f6m a saj\u00e1t m\u0171v\u00e9szetemben.<\/p>\n<h3 data-start=\"907\" data-end=\"945\"><strong data-start=\"911\" data-end=\"943\">\ud83d\udd25 Harcosb\u00f3l lett cs\u00e1b\u00edt\u00f3 \ud83d\udd25<\/strong><\/h3>\n<p data-start=\"946\" data-end=\"1258\">\u00c9n nem egy \u00e1tlagos modell vagyok. <strong data-start=\"980\" data-end=\"1038\">A testem az \u00e9n fegyverem, a v\u00e1gyaid pedig a c\u00e9lpontom.<\/strong> A mozdulataim nem csup\u00e1n \u00e9rz\u00e9kiek \u2013 er\u0151t, dominanci\u00e1t \u00e9s f\u00fcggetlens\u00e9get sug\u00e1roznak. <strong data-start=\"1123\" data-end=\"1192\">A harcm\u0171v\u00e9szetek \u00e9s az erotika tal\u00e1lkoz\u00e1s\u00e1n\u00e1l sz\u00fclettem meg \u00fajra,<\/strong> egy olyan form\u00e1ban, amely egyszerre h\u00f3d\u00edt\u00f3 \u00e9s kisz\u00e1m\u00edthatatlan.<\/p>\n<h3 data-start=\"1260\" data-end=\"1310\"><strong data-start=\"1264\" data-end=\"1308\">\ud83d\udc83 Harcm\u0171v\u00e9szet \u00e9s f\u00e9tis erotika f\u00fazi\u00f3ja<\/strong><\/h3>\n<p data-start=\"1311\" data-end=\"1756\">\u2714 <strong data-start=\"1313\" data-end=\"1334\">Harcos dominancia<\/strong> \u2013 A mozdulataim er\u0151t \u00e9s kontrollt fejeznek ki.<br data-start=\"1381\" data-end=\"1384\" \/>\u2714 <strong data-start=\"1386\" data-end=\"1405\">F\u00e9tis eszt\u00e9tika<\/strong> \u2013 Latex, b\u0151r, harcm\u0171v\u00e9szeti uniformisok, maszkok \u00e9s f\u00e9tis kieg\u00e9sz\u00edt\u0151k egyedi kombin\u00e1ci\u00f3ja.<br data-start=\"1496\" data-end=\"1499\" \/>\u2714 <strong data-start=\"1501\" data-end=\"1528\">\u00c9rz\u00e9ki harci mozdulatok<\/strong> \u2013 A test hajl\u00e9konys\u00e1g\u00e1nak, erej\u00e9nek \u00e9s dinamizmus\u00e1nak kihangs\u00falyoz\u00e1sa egy \u00faj szintre emeli az erotik\u00e1t.<br data-start=\"1632\" data-end=\"1635\" \/>\u2714 <strong data-start=\"1637\" data-end=\"1660\">A n\u0151i er\u0151 \u00fcnnepl\u00e9se<\/strong> \u2013 Minden tartalmamban a n\u0151i dominancia, az \u00f6n\u00e1ll\u00f3s\u00e1g \u00e9s a szexualit\u00e1s egyens\u00faly\u00e1t k\u00e9pviselem.<\/p>\n<h3 data-start=\"1758\" data-end=\"1794\"><strong data-start=\"1762\" data-end=\"1792\">\ud83d\udd25 Mi\u00e9rt az Elite2Fans? \ud83d\udd25<\/strong><\/h3>\n<p data-start=\"1795\" data-end=\"1988\">OnlyFans-en kezdtem, de <strong data-start=\"1819\" data-end=\"1875\">az Elite2Fans-en v\u00e9gre megmutathatom az igazi \u00e9nemet<\/strong>. Itt <strong data-start=\"1881\" data-end=\"1903\">nincsenek korl\u00e1tok<\/strong>, \u00e9s m\u00e9g t\u00f6bbet kereshetek azzal, hogy a saj\u00e1t szab\u00e1lyaim szerint \u00e9p\u00edtem az utamat.<\/p>\n<h3 data-start=\"1990\" data-end=\"2038\"><strong data-start=\"1994\" data-end=\"2036\">\ud83d\udcf8 Mit tal\u00e1lsz n\u00e1lam az Elite2Fans-en?<\/strong><\/h3>\n<p data-start=\"2039\" data-end=\"2451\">\u2714 <strong data-start=\"2041\" data-end=\"2081\">Harcm\u0171v\u00e9szeti \u00e9s f\u00e9tis fot\u00f3sorozatok<\/strong> \u2013 a harci p\u00f3zok \u00e9s a f\u00e9tis divat egyed\u00fcl\u00e1ll\u00f3 \u00f6tv\u00f6zete.<br data-start=\"2136\" data-end=\"2139\" \/>\u2714 <strong data-start=\"2141\" data-end=\"2189\">\u00c9rz\u00e9ki vide\u00f3k a harcm\u0171v\u00e9szetek mozdulataival<\/strong> \u2013 rugalmass\u00e1g, er\u0151 \u00e9s dominancia az erotika nyelv\u00e9n.<br data-start=\"2242\" data-end=\"2245\" \/>\u2714 <strong data-start=\"2247\" data-end=\"2271\">Interakt\u00edv tartalmak<\/strong> \u2013 k\u00e9rdezz-felelek, egyedi vide\u00f3k, edz\u00e9si tippek \u00e9s f\u00e9tis \u00fatmutat\u00f3k.<br data-start=\"2339\" data-end=\"2342\" \/>\u2714 <strong data-start=\"2344\" data-end=\"2374\">F\u00e9tis t\u00e9m\u00e1j\u00fa szerepj\u00e1t\u00e9kok<\/strong> \u2013 dominancia, al\u00e1rendelts\u00e9g \u00e9s harcm\u0171v\u00e9szeti elemek izgalmas kombin\u00e1ci\u00f3ja.<\/p>\n<h3 data-start=\"2453\" data-end=\"2495\"><strong data-start=\"2457\" data-end=\"2493\">\ud83d\udc8e Mi\u00e9rt k\u00fcl\u00f6nleges Ora Dean? \ud83d\udc8e<\/strong><\/h3>\n<p data-start=\"2496\" data-end=\"2885\">\u27a1 <strong data-start=\"2498\" data-end=\"2519\">Egyedi kombin\u00e1ci\u00f3<\/strong> \u2013 A harcm\u0171v\u00e9szet \u00e9s a f\u00e9tis erotika f\u00fazi\u00f3ja ritka \u00e9s izgalmas m\u0171v\u00e9szeti forma.<br data-start=\"2598\" data-end=\"2601\" \/>\u27a1 <strong data-start=\"2603\" data-end=\"2629\">Hiteles h\u00e1tt\u00e9rt\u00f6rt\u00e9net<\/strong> \u2013 Egy harcos, aki saj\u00e1t erej\u00e9b\u0151l k\u00fczd\u00f6tte fel mag\u00e1t, \u00e9s egy teljesen egyedi utat v\u00e1lasztott.<br data-start=\"2722\" data-end=\"2725\" \/>\u27a1 <strong data-start=\"2727\" data-end=\"2759\">Er\u0151 \u00e9s szexualit\u00e1s \u00fcnnepl\u00e9se<\/strong> \u2013 Nemcsak cs\u00e1b\u00edtok, hanem inspir\u00e1lok is, mert <strong data-start=\"2806\" data-end=\"2883\">a n\u0151i er\u0151 \u00e9s az \u00e9rz\u00e9kis\u00e9g egyszerre l\u00e9tezhet, \u00e9s \u00e9n ezt be is bizony\u00edtom.<\/strong><\/p>\n<h3 data-start=\"2887\" data-end=\"2939\"><strong data-start=\"2891\" data-end=\"2937\">\ud83d\udd0d K\u00edv\u00e1ncsi vagy m\u00e1s egyedi modellekre? \ud83d\udd0d<\/strong><\/h3>\n<p data-start=\"2940\" data-end=\"3131\">Ha \u00e9rdekelnek <strong data-start=\"2954\" data-end=\"2989\">a k\u00fcl\u00f6nleges \u00e9s egyedi modellek<\/strong>, l\u00e1togass el a <strong data-start=\"3005\" data-end=\"3045\"><a href=\"https:\/\/models2you.com\" target=\"_new\" rel=\"noopener\" data-start=\"3007\" data-end=\"3043\">Models2You<\/a><\/strong> oldalra! <strong data-start=\"3055\" data-end=\"3129\">Itt megtal\u00e1lhatod a leger\u0151sebb \u00e9s leg\u00e9rz\u00e9kibb karaktereket egy helyen.<\/strong><\/p>\n<p data-start=\"3133\" data-end=\"3243\">\ud83d\udcab <strong data-start=\"3136\" data-end=\"3238\">Csatlakozz hozz\u00e1m az Elite2Fans-en, \u00e9s l\u00e9pj be egy vil\u00e1gba, ahol a harc \u00e9s a cs\u00e1b\u00edt\u00e1s eggy\u00e9 v\u00e1lik.<\/strong> \ud83d\udcab<\/p>\n<p data-start=\"3245\" data-end=\"3313\">\u27a1 <strong data-start=\"3247\" data-end=\"3311\"><a href=\"https:\/\/elite2fans.com\/\" target=\"_new\" rel=\"noopener\" data-start=\"3249\" data-end=\"3309\">Kattints ide, \u00e9s \u00e9rezd az er\u0151met!<\/a><\/strong><\/p>\n<p data-start=\"3315\" data-end=\"3370\" data-is-last-node=\"\" data-is-only-node=\"\">\u00c9n nem csak harcolok \u2013 <strong data-start=\"3338\" data-end=\"3355\">\u00e9n uralkodom.<\/strong> V\u00e1rlak. \ud83e\udd4b\ud83d\udd25\ud83d\udc8b<\/p>\n","protected":false},"excerpt":{"rendered":"<p data-start=\"0\" data-end=\"50\"><strong data-start=\"0\" data-end=\"48\">\ud83d\udd25 Ora Dean \u2013 A harcos cs\u00e1b\u00edt\u00e1s istenn\u0151je \ud83d\udd25<\/strong><\/p>\n<p data-start=\"52\" data-end=\"162\"><strong data-start=\"52\" data-end=\"155\">Sziasztok, Ora Dean vagyok, de sokan Ora Kwan n\u00e9ven ismernek \u2013 \u00e9s \u00fcdv\u00f6z\u00f6llek a hivatalos oldalamon!<\/strong> \ud83e\udd4b\ud83d\udc8b<\/p>\n<p data-start=\"164\" data-end=\"264\"><strong data-start=\"164\" data-end=\"262\">Az \u00e9n vil\u00e1gomban az er\u0151 \u00e9s az \u00e9rz\u00e9kis\u00e9g nem ellent\u00e9tek \u2013 hanem t\u00f6k\u00e9letes harm\u00f3ni\u00e1ban l\u00e9teznek.<\/strong><\/p>\n<p data-start=\"266\" data-end=\"579\">Sz\u00f6ul utc\u00e1in n\u0151ttem fel, egy olyan vil\u00e1gban, ahol a t\u00fal\u00e9l\u00e9shez <strong data-start=\"329\" data-end=\"366\">kitart\u00e1s, fegyelem \u00e9s er\u0151 kellett<\/strong>. \u00c9desany\u00e1m kor\u00e1n meghalt, \u00edgy <strong data-start=\"397\" data-end=\"447\">az ap\u00e1m nevelt fel, aki harcm\u0171v\u00e9sz mester volt<\/strong>. Nemcsak a k\u00fczdelem technik\u00e1ira tan\u00edtott meg, hanem arra is, hogy <strong data-start=\"514\" data-end=\"576\">a test \u00e9s az elme feletti kontroll a val\u00f3di hatalom kulcsa<\/strong>.<\/p>\n<p data-start=\"266\" data-end=\"579\"><strong>Elite2Fans<\/strong> <strong>el\u0151fizet\u00e9si d\u00edjam havonta: 17.99.- doll\u00e1r \/ h\u00f3<\/strong><\/p>\n","protected":false},"featured_media":1775,"template":"","meta":{"_monsterinsights_skip_tracking":false,"_monsterinsights_sitenote_active":false,"_monsterinsights_sitenote_note":"","_monsterinsights_sitenote_category":0},"product_brand":[],"product_cat":[157],"product_tag":[127,131,155,156,158],"class_list":{"0":"post-1806","1":"product","2":"type-product","3":"status-publish","4":"has-post-thumbnail","6":"product_cat-women","7":"product_tag-asian","8":"product_tag-black-hair","9":"product_tag-white","10":"product_tag-woman","11":"product_tag-young","13":"first","14":"instock","15":"featured","16":"shipping-taxable","17":"product-type-simple"},"_links":{"self":[{"href":"https:\/\/elite2you.com\/hu\/wp-json\/wp\/v2\/product\/1806","targetHints":{"allow":["GET"]}}],"collection":[{"href":"https:\/\/elite2you.com\/hu\/wp-json\/wp\/v2\/product"}],"about":[{"href":"https:\/\/elite2you.com\/hu\/wp-json\/wp\/v2\/types\/product"}],"wp:featuredmedia":[{"embeddable":true,"href":"https:\/\/elite2you.com\/hu\/wp-json\/wp\/v2\/media\/1775"}],"wp:attachment":[{"href":"https:\/\/elite2you.com\/hu\/wp-json\/wp\/v2\/media?parent=1806"}],"wp:term":[{"taxonomy":"product_brand","embeddable":true,"href":"https:\/\/elite2you.com\/hu\/wp-json\/wp\/v2\/product_brand?post=1806"},{"taxonomy":"product_cat","embeddable":true,"href":"https:\/\/elite2you.com\/hu\/wp-json\/wp\/v2\/product_cat?post=1806"},{"taxonomy":"product_tag","embeddable":true,"href":"https:\/\/elite2you.com\/hu\/wp-json\/wp\/v2\/product_tag?post=1806"}],"curies":[{"name":"wp","href":"https:\/\/api.w.org\/{rel}","templated":true}]}}