{"id":1813,"date":"2016-04-29T12:27:54","date_gmt":"2016-04-29T12:27:54","guid":{"rendered":"http:\/\/www.coffeecreamthemes.com\/themes\/modellic\/wordpress\/product\/evelyn-foster\/"},"modified":"2025-03-10T14:31:24","modified_gmt":"2025-03-10T14:31:24","slug":"evelyn-foster","status":"publish","type":"product","link":"https:\/\/elite2you.com\/hu\/termek\/evelyn-foster\/","title":{"rendered":"Evelyn Foster"},"content":{"rendered":"<p data-start=\"0\" data-end=\"78\"><strong data-start=\"0\" data-end=\"73\">Sziasztok, Evelyn Foster vagyok, \u00e9s \u00fcdv\u00f6z\u00f6llek a hivatalos oldalamon!<\/strong> \ud83d\udc96<\/p>\n<p data-start=\"80\" data-end=\"561\"><strong data-start=\"80\" data-end=\"112\">A t\u00f6rt\u00e9netem nem h\u00e9tk\u00f6znapi.<\/strong> Angli\u00e1ban sz\u00fclettem \u00e9s itt is \u00e9lek, de a csal\u00e1dom t\u00f6rt\u00e9nete sokkal messzebbre ny\u00falik vissza. <strong data-start=\"206\" data-end=\"329\">A sz\u00fcleim D\u00e9l-Afrik\u00e1b\u00f3l sz\u00e1rmaznak, \u00e9s az apartheid idej\u00e9n k\u00f6lt\u00f6ztek Angli\u00e1ba, hogy egy jobb \u00e9letet \u00e9p\u00edtsenek maguknak.<\/strong> \u00c9desany\u00e1m kiv\u00e1l\u00f3 szak\u00e1csn\u0151, \u00e9desap\u00e1m pedig kamionsof\u0151rk\u00e9nt dolgozott, hogy biztos\u00edtsa a csal\u00e1dunk meg\u00e9lhet\u00e9s\u00e9t. \u0150k mindig kem\u00e9nyen dolgoztak, \u00e9s megtan\u00edtott\u00e1k nekem, hogy az \u00e1lmaink\u00e9rt k\u00fczdeni kell \u2013 \u00e9n pedig pontosan ezt teszem.<\/p>\n<h3 data-start=\"563\" data-end=\"615\"><strong data-start=\"567\" data-end=\"613\">\ud83e\uddb7 A fogorvosi iskola \u00e9s a nagy felismer\u00e9s<\/strong><\/h3>\n<p data-start=\"616\" data-end=\"959\">Fiatalon elhat\u00e1roztam, hogy <strong data-start=\"644\" data-end=\"663\">fogorvos leszek<\/strong>, \u00e9s egyetemre mentem, hogy val\u00f3ra v\u00e1ltsam ezt az \u00e1lmomat. De k\u00f6zben r\u00e1j\u00f6ttem, hogy van m\u00e9g valami, amit nem akarok veszni hagyni: <strong data-start=\"794\" data-end=\"844\">a sz\u00e9ps\u00e9gemet \u00e9s az \u00f6nkifejez\u00e9sem szabads\u00e1g\u00e1t.<\/strong> Nem akartam \u00e9vekig egy steril rendel\u0151 falai k\u00f6z\u00f6tt \u00e9lni \u00fagy, hogy k\u00f6zben egy m\u00e1sik oldalam kihaszn\u00e1latlan marad.<\/p>\n<p data-start=\"961\" data-end=\"1415\">Ez\u00e9rt <strong data-start=\"967\" data-end=\"1003\">elind\u00edtottam egy OnlyFans fi\u00f3kot<\/strong>, ahol <strong data-start=\"1010\" data-end=\"1036\">meztelen j\u00f3g\u00e1t tan\u00edtok<\/strong>. Sz\u00e1momra a test \u00e9s a l\u00e9lek harm\u00f3ni\u00e1ja mindig is fontos volt, \u00e9s r\u00e1j\u00f6ttem, hogy rengetegen szeretn\u00e9nek t\u0151lem tanulni. Az OnlyFans-en gyorsan sikeress\u00e9 v\u00e1ltam, \u00e9s egyre t\u00f6bb ember csatlakozott hozz\u00e1m. De a legfontosabb, hogy <strong data-start=\"1261\" data-end=\"1413\">ez egy eszk\u00f6z lett arra, hogy el\u00e9rjem a legnagyobb \u00e1lmomat: saj\u00e1t \u00e9ttermet nyitni az \u00e9desany\u00e1mnak, hogy v\u00e9gre megmutathassa a vil\u00e1gnak a tehets\u00e9g\u00e9t.<\/strong><\/p>\n<h3 data-start=\"1417\" data-end=\"1475\"><strong data-start=\"1421\" data-end=\"1473\">\ud83d\udd25 Az Elite2Fans \u2013 egy \u00faj szint a siker fel\u00e9! \ud83d\udd25<\/strong><\/h3>\n<p data-start=\"1476\" data-end=\"1810\">Ahogy egyre nagyobb lett a k\u00f6z\u00f6ss\u00e9gem, <strong data-start=\"1515\" data-end=\"1555\">felfedeztem az Elite2Fans platformot<\/strong>, \u00e9s r\u00e1j\u00f6ttem, hogy <strong data-start=\"1575\" data-end=\"1657\">itt m\u00e9g nagyobb szabads\u00e1gom van, \u00e9s m\u00e9g t\u00f6bbet kereshetek, mint az OnlyFans-en<\/strong>. \u00cdgy \u00fagy d\u00f6nt\u00f6ttem, hogy <strong data-start=\"1683\" data-end=\"1713\">sz\u00fcneteltetem az egyetemet<\/strong>, \u00e9s <strong data-start=\"1718\" data-end=\"1765\">teljes g\u0151zzel belev\u00e1gok ebbe az \u00faj kalandba<\/strong>, hogy anyuk\u00e1m \u00e9tterme val\u00f3s\u00e1gg\u00e1 v\u00e1lhasson.<\/p>\n<h3 data-start=\"1812\" data-end=\"1860\"><strong data-start=\"1816\" data-end=\"1858\">\ud83d\udcf8 Mit tal\u00e1lsz n\u00e1lam az Elite2Fans-en?<\/strong><\/h3>\n<p data-start=\"1861\" data-end=\"2287\">\u2714 <strong data-start=\"1863\" data-end=\"1889\">100% exkluz\u00edv tartalom<\/strong> \u2013 meztelen j\u00f3ga, pr\u00e9mium min\u0151s\u00e9g\u0171 fot\u00f3k \u00e9s vide\u00f3k, amelyeket m\u00e1shol nem l\u00e1thatsz.<br data-start=\"1971\" data-end=\"1974\" \/>\u2714 <strong data-start=\"1976\" data-end=\"1997\">Val\u00f3di interakci\u00f3<\/strong> \u2013 itt k\u00f6zvetlen kapcsolatba l\u00e9phetsz velem, besz\u00e9lgethet\u00fcnk \u00e9s \u00fczenetet is k\u00fcldhetsz.<br data-start=\"2083\" data-end=\"2086\" \/>\u2714 <strong data-start=\"2088\" data-end=\"2124\">Pillanatk\u00e9pek a mindennapjaimb\u00f3l<\/strong> \u2013 betekint\u00e9st nyerhetsz az \u00e9letembe, az edz\u00e9seimbe \u00e9s az utaz\u00e1saimba.<br data-start=\"2194\" data-end=\"2197\" \/>\u2714 <strong data-start=\"2199\" data-end=\"2230\">Sensual &amp; glamour tartalmak<\/strong> \u2013 n\u0151ies, \u00e9rz\u00e9ki \u00e9s m\u0171v\u00e9szi tartalmak egyedi st\u00edlusban.<\/p>\n<h3 data-start=\"2289\" data-end=\"2357\"><strong data-start=\"2293\" data-end=\"2355\">\ud83d\udc8e Fedezz fel m\u00e1s gy\u00f6ny\u00f6r\u0171 \u00e9s tehets\u00e9ges modelleket is! \ud83d\udc8e<\/strong><\/h3>\n<p data-start=\"2358\" data-end=\"2643\">Ha szeretn\u00e9d l\u00e1tni, milyen csod\u00e1latos modellek dolgoznak m\u00e9g ezen a platformon, l\u00e1togass el a <strong data-start=\"2452\" data-end=\"2492\"><a href=\"https:\/\/models2you.com\" target=\"_new\" rel=\"noopener\" data-start=\"2454\" data-end=\"2490\">Models2You<\/a><\/strong> oldalra! <strong data-start=\"2502\" data-end=\"2572\">Ez a platform \u00f6sszehozza a legszebb \u00e9s legtehets\u00e9gesebb modelleket<\/strong>, hogy k\u00f6nnyed\u00e9n megtal\u00e1ld kedvenceidet \u00e9s kapcsolatba l\u00e9phess vel\u00fck.<\/p>\n<p data-start=\"2645\" data-end=\"2767\">\ud83d\udcab <strong data-start=\"2648\" data-end=\"2762\">Ha szeretn\u00e9d t\u00e1mogatni az utamat, \u00e9s igaz\u00e1n k\u00f6zel ker\u00fclni hozz\u00e1m, csatlakozz most az Elite2Fans k\u00f6z\u00f6ss\u00e9gemhez!<\/strong> \ud83d\udcab<\/p>\n<p data-start=\"2769\" data-end=\"2863\">\u27a1 <strong data-start=\"2771\" data-end=\"2861\"><a href=\"https:\/\/elite2fans.com\/\" target=\"_new\" rel=\"noopener\" data-start=\"2773\" data-end=\"2859\">Kattints ide, \u00e9s l\u00e9gy r\u00e9szese ennek a k\u00fcl\u00f6nleges \u00e9lm\u00e9nynek!<\/a><\/strong><\/p>\n<p data-start=\"2865\" data-end=\"2967\" data-is-last-node=\"\" data-is-only-node=\"\">Ez nem csak az \u00e9n t\u00f6rt\u00e9netem \u2013 most <strong data-start=\"2901\" data-end=\"2950\">veled egy\u00fctt \u00edrjuk meg a k\u00f6vetkez\u0151 fejezetet!<\/strong> V\u00e1rlak ott! \ud83d\ude18\ud83d\udc95<\/p>\n","protected":false},"excerpt":{"rendered":"<p data-start=\"0\" data-end=\"78\"><strong data-start=\"0\" data-end=\"73\">Sziasztok, Evelyn Foster vagyok, \u00e9s \u00fcdv\u00f6z\u00f6llek a hivatalos oldalamon!<\/strong> \ud83d\udc96<\/p>\n<p data-start=\"80\" data-end=\"561\"><strong data-start=\"80\" data-end=\"112\">A t\u00f6rt\u00e9netem nem h\u00e9tk\u00f6znapi.<\/strong> Angli\u00e1ban sz\u00fclettem \u00e9s itt is \u00e9lek, de a csal\u00e1dom t\u00f6rt\u00e9nete sokkal messzebbre ny\u00falik vissza. <strong data-start=\"206\" data-end=\"329\">A sz\u00fcleim D\u00e9l-Afrik\u00e1b\u00f3l sz\u00e1rmaznak, \u00e9s az apartheid idej\u00e9n k\u00f6lt\u00f6ztek Angli\u00e1ba, hogy egy jobb \u00e9letet \u00e9p\u00edtsenek maguknak.<\/strong> \u00c9desany\u00e1m kiv\u00e1l\u00f3 szak\u00e1csn\u0151, \u00e9desap\u00e1m pedig kamionsof\u0151rk\u00e9nt dolgozott, hogy biztos\u00edtsa a csal\u00e1dunk meg\u00e9lhet\u00e9s\u00e9t. \u0150k mindig kem\u00e9nyen dolgoztak, \u00e9s megtan\u00edtott\u00e1k nekem, hogy az \u00e1lmaink\u00e9rt k\u00fczdeni kell \u2013 \u00e9n pedig pontosan ezt teszem.<\/p>\n<p data-start=\"80\" data-end=\"561\"><strong>Elite2Fans<\/strong> <strong>el\u0151fizet\u00e9si d\u00edjam havonta: 9.99.- doll\u00e1r \/ h\u00f3<\/strong><\/p>\n","protected":false},"featured_media":1773,"template":"","meta":{"_monsterinsights_skip_tracking":false,"_monsterinsights_sitenote_active":false,"_monsterinsights_sitenote_note":"","_monsterinsights_sitenote_category":0},"product_brand":[],"product_cat":[157],"product_tag":[127,131,155,156,158],"class_list":{"0":"post-1813","1":"product","2":"type-product","3":"status-publish","4":"has-post-thumbnail","6":"product_cat-women","7":"product_tag-asian","8":"product_tag-black-hair","9":"product_tag-white","10":"product_tag-woman","11":"product_tag-young","13":"first","14":"instock","15":"featured","16":"shipping-taxable","17":"product-type-simple"},"_links":{"self":[{"href":"https:\/\/elite2you.com\/hu\/wp-json\/wp\/v2\/product\/1813","targetHints":{"allow":["GET"]}}],"collection":[{"href":"https:\/\/elite2you.com\/hu\/wp-json\/wp\/v2\/product"}],"about":[{"href":"https:\/\/elite2you.com\/hu\/wp-json\/wp\/v2\/types\/product"}],"wp:featuredmedia":[{"embeddable":true,"href":"https:\/\/elite2you.com\/hu\/wp-json\/wp\/v2\/media\/1773"}],"wp:attachment":[{"href":"https:\/\/elite2you.com\/hu\/wp-json\/wp\/v2\/media?parent=1813"}],"wp:term":[{"taxonomy":"product_brand","embeddable":true,"href":"https:\/\/elite2you.com\/hu\/wp-json\/wp\/v2\/product_brand?post=1813"},{"taxonomy":"product_cat","embeddable":true,"href":"https:\/\/elite2you.com\/hu\/wp-json\/wp\/v2\/product_cat?post=1813"},{"taxonomy":"product_tag","embeddable":true,"href":"https:\/\/elite2you.com\/hu\/wp-json\/wp\/v2\/product_tag?post=1813"}],"curies":[{"name":"wp","href":"https:\/\/api.w.org\/{rel}","templated":true}]}}