{"id":1814,"date":"2016-04-29T12:30:41","date_gmt":"2016-04-29T12:30:41","guid":{"rendered":"http:\/\/www.coffeecreamthemes.com\/themes\/modellic\/wordpress\/product\/geneva-parks\/"},"modified":"2025-03-10T14:29:59","modified_gmt":"2025-03-10T14:29:59","slug":"geneva-parks","status":"publish","type":"product","link":"https:\/\/elite2you.com\/hu\/termek\/geneva-parks\/","title":{"rendered":"Geneva Parks"},"content":{"rendered":"<p data-start=\"0\" data-end=\"85\"><strong data-start=\"0\" data-end=\"80\">Sziasztok, Geneva Parks vagyok, \u00e9s \u00f6r\u00f6mmel \u00fcdv\u00f6z\u00f6llek a hivatalos oldalamon!<\/strong> \ud83d\udc96<\/p>\n<p data-start=\"87\" data-end=\"322\">Sokaknak a modellked\u00e9s egy szakma. Nekem egy <strong data-start=\"132\" data-end=\"154\">sorsford\u00edt\u00f3 utaz\u00e1s<\/strong> volt \u2013 egy t\u00f6rt\u00e9net, amely az amerikai kisv\u00e1rosi utc\u00e1kr\u00f3l a reflektorf\u00e9nybe vezetett. <strong data-start=\"241\" data-end=\"320\">Amerik\u00e1ban sz\u00fclettem \u00e9s itt is \u00e9lek, de az utam nem volt mindig egy\u00e9rtelm\u0171.<\/strong><\/p>\n<p data-start=\"324\" data-end=\"565\">Gyerekk\u00e9nt mindig is k\u00fcl\u00f6nc voltam \u2013 a k\u00f6nyvek \u00e9s a m\u0171v\u00e9szet vil\u00e1ga vonzott, mik\u00f6zben a kamer\u00e1t ink\u00e1bb \u00e9n fogtam, mintsem hogy el\u0151ttem \u00e1lljak. <strong data-start=\"467\" data-end=\"563\">Nem \u00e1lmodtam modellkarrierr\u0151l, am\u00edg egy v\u00e9letlen tal\u00e1lkoz\u00e1s meg nem v\u00e1ltoztatta az \u00e9letemet.<\/strong><\/p>\n<p data-start=\"567\" data-end=\"843\">Egy nap egy fot\u00f3s felfigyelt r\u00e1m egy k\u00e1v\u00e9z\u00f3ban. Egy r\u00f6vid besz\u00e9lget\u00e9s ut\u00e1n megh\u00edvott egy pr\u00f3bafot\u00f3z\u00e1sra. <strong data-start=\"672\" data-end=\"779\">El\u0151sz\u00f6r furcsa volt a kamera el\u0151tt \u00e1llni \u2013 de ahogy az els\u0151 vaku felvillant, valami k\u00fcl\u00f6nleges t\u00f6rt\u00e9nt.<\/strong> R\u00e1j\u00f6ttem, hogy <strong data-start=\"795\" data-end=\"840\">ez az a hely, ahol igaz\u00e1n \u00f6nmagam lehetek<\/strong>.<\/p>\n<p data-start=\"845\" data-end=\"1138\">Innent\u0151l kezdve minden megv\u00e1ltozott. <strong data-start=\"882\" data-end=\"930\">Kifut\u00f3k, exkluz\u00edv fot\u00f3z\u00e1sok, divatmagazinok\u2026<\/strong> minden olyan gyorsan t\u00f6rt\u00e9nt, hogy n\u00e9ha m\u00e9g \u00e9n sem hittem el, hogy a sors ilyen fordulatot vett. <strong data-start=\"1028\" data-end=\"1136\">Azt\u00e1n r\u00e1j\u00f6ttem, hogy a kamera el\u0151tt nem csak egy arc vagyok \u2013 hanem egy t\u00f6rt\u00e9net, egy \u00e9rz\u00e9s, egy \u00fczenet.<\/strong><\/p>\n<h3 data-start=\"1140\" data-end=\"1197\"><strong data-start=\"1144\" data-end=\"1195\">\ud83d\udd25 Az Elite2Fans-en egy \u00faj fejezet kezd\u0151dik! \ud83d\udd25<\/strong><\/h3>\n<p data-start=\"1198\" data-end=\"1446\">Hossz\u00fa ideig kerestem azt a platformot, ahol val\u00f3ban <strong data-start=\"1251\" data-end=\"1401\">\u00e9n ir\u00e1ny\u00edthatok, ahol \u00e9n oszthatom meg a t\u00f6rt\u00e9netem, a pillanataim, \u00e9s ahol k\u00f6zvetlen kapcsolatban lehetek azokkal, akik val\u00f3ban \u00e9rt\u00e9kelnek engem.<\/strong> <strong data-start=\"1402\" data-end=\"1444\">Ez\u00e9rt d\u00f6nt\u00f6ttem az Elite2Fans mellett!<\/strong><\/p>\n<h3 data-start=\"1448\" data-end=\"1496\"><strong data-start=\"1452\" data-end=\"1494\">\ud83d\udcf8 Mit tal\u00e1lsz n\u00e1lam az Elite2Fans-en?<\/strong><\/h3>\n<p data-start=\"1497\" data-end=\"1954\">\u2714 <strong data-start=\"1499\" data-end=\"1525\">100% exkluz\u00edv tartalom<\/strong> \u2013 egyedi, pr\u00e9mium min\u0151s\u00e9g\u0171 fot\u00f3k \u00e9s vide\u00f3k, amelyeket m\u00e1shol nem l\u00e1thatsz.<br data-start=\"1600\" data-end=\"1603\" \/>\u2714 <strong data-start=\"1605\" data-end=\"1626\">Val\u00f3di interakci\u00f3<\/strong> \u2013 itt nemcsak k\u00f6vethetsz, hanem besz\u00e9lgethet\u00fcnk, \u00fczeneteket v\u00e1lthatunk \u00e9s igaz\u00e1n kapcsolatba l\u00e9phet\u00fcnk.<br data-start=\"1730\" data-end=\"1733\" \/>\u2714 <strong data-start=\"1735\" data-end=\"1767\">Kulissz\u00e1k m\u00f6g\u00f6tti pillanatok<\/strong> \u2013 betekint\u00e9st nyerhetsz a mindennapjaimba, a fot\u00f3z\u00e1saimba, az utaz\u00e1saimba \u00e9s az \u00e9letembe.<br data-start=\"1857\" data-end=\"1860\" \/>\u2714 <strong data-start=\"1862\" data-end=\"1893\">Sensual &amp; glamour tartalmak<\/strong> \u2013 \u00e9rz\u00e9ki, n\u0151ies \u00e9s kifinomult pillanatok egyedi st\u00edlusban.<\/p>\n<h3 data-start=\"1956\" data-end=\"2024\"><strong data-start=\"1960\" data-end=\"2022\">\ud83d\udc8e Fedezz fel m\u00e1s gy\u00f6ny\u00f6r\u0171 \u00e9s tehets\u00e9ges modelleket is! \ud83d\udc8e<\/strong><\/h3>\n<p data-start=\"2025\" data-end=\"2310\">Ha szeretn\u00e9d l\u00e1tni, milyen csod\u00e1latos modellek dolgoznak m\u00e9g ezen a platformon, l\u00e1togass el a <strong data-start=\"2119\" data-end=\"2159\"><a href=\"https:\/\/models2you.com\" target=\"_new\" rel=\"noopener\" data-start=\"2121\" data-end=\"2157\">Models2You<\/a><\/strong> oldalra! <strong data-start=\"2169\" data-end=\"2239\">Ez a platform \u00f6sszehozza a legszebb \u00e9s legtehets\u00e9gesebb modelleket<\/strong>, hogy k\u00f6nnyed\u00e9n megtal\u00e1ld kedvenceidet \u00e9s kapcsolatba l\u00e9phess vel\u00fck.<\/p>\n<p data-start=\"2312\" data-end=\"2435\">\ud83d\udcab <strong data-start=\"2315\" data-end=\"2430\">Ha szeretn\u00e9l felfedezni engem \u00e9s exkluz\u00edv tartalmakhoz hozz\u00e1f\u00e9rni, csatlakozz most az Elite2Fans k\u00f6z\u00f6ss\u00e9gemhez!<\/strong> \ud83d\udcab<\/p>\n<p data-start=\"2437\" data-end=\"2531\">\u27a1 <strong data-start=\"2439\" data-end=\"2529\"><a href=\"https:\/\/elite2fans.com\/\" target=\"_new\" rel=\"noopener\" data-start=\"2441\" data-end=\"2527\">Kattints ide, \u00e9s l\u00e9gy r\u00e9szese ennek a k\u00fcl\u00f6nleges \u00e9lm\u00e9nynek!<\/a><\/strong><\/p>\n<p data-start=\"2533\" data-end=\"2622\" data-is-last-node=\"\" data-is-only-node=\"\">Ez az \u00e9n t\u00f6rt\u00e9netem \u2013 most pedig \u00edrjuk meg egy\u00fctt a k\u00f6vetkez\u0151 fejezetet! V\u00e1rlak ott! \ud83d\ude18\ud83d\udc95<\/p>\n","protected":false},"excerpt":{"rendered":"<p data-start=\"0\" data-end=\"85\"><strong data-start=\"0\" data-end=\"80\">Sziasztok, Geneva Parks vagyok, \u00e9s \u00f6r\u00f6mmel \u00fcdv\u00f6z\u00f6llek a hivatalos oldalamon!<\/strong> \ud83d\udc96<\/p>\n<p data-start=\"87\" data-end=\"322\">Sokaknak a modellked\u00e9s egy szakma. Nekem egy <strong data-start=\"132\" data-end=\"154\">sorsford\u00edt\u00f3 utaz\u00e1s<\/strong> volt \u2013 egy t\u00f6rt\u00e9net, amely az amerikai kisv\u00e1rosi utc\u00e1kr\u00f3l a reflektorf\u00e9nybe vezetett. <strong data-start=\"241\" data-end=\"320\">Amerik\u00e1ban sz\u00fclettem \u00e9s itt is \u00e9lek, de az utam nem volt mindig egy\u00e9rtelm\u0171.<\/strong><\/p>\n<p data-start=\"87\" data-end=\"322\"><strong>Elite2Fans<\/strong> <strong>el\u0151fizet\u00e9si d\u00edjam havonta: 9.99.- doll\u00e1r \/ h\u00f3<\/strong><\/p>\n","protected":false},"featured_media":1772,"template":"","meta":{"_monsterinsights_skip_tracking":false,"_monsterinsights_sitenote_active":false,"_monsterinsights_sitenote_note":"","_monsterinsights_sitenote_category":0},"product_brand":[],"product_cat":[157],"product_tag":[127,131,155,156,158],"class_list":{"0":"post-1814","1":"product","2":"type-product","3":"status-publish","4":"has-post-thumbnail","6":"product_cat-women","7":"product_tag-asian","8":"product_tag-black-hair","9":"product_tag-white","10":"product_tag-woman","11":"product_tag-young","13":"first","14":"instock","15":"featured","16":"shipping-taxable","17":"product-type-simple"},"_links":{"self":[{"href":"https:\/\/elite2you.com\/hu\/wp-json\/wp\/v2\/product\/1814","targetHints":{"allow":["GET"]}}],"collection":[{"href":"https:\/\/elite2you.com\/hu\/wp-json\/wp\/v2\/product"}],"about":[{"href":"https:\/\/elite2you.com\/hu\/wp-json\/wp\/v2\/types\/product"}],"wp:featuredmedia":[{"embeddable":true,"href":"https:\/\/elite2you.com\/hu\/wp-json\/wp\/v2\/media\/1772"}],"wp:attachment":[{"href":"https:\/\/elite2you.com\/hu\/wp-json\/wp\/v2\/media?parent=1814"}],"wp:term":[{"taxonomy":"product_brand","embeddable":true,"href":"https:\/\/elite2you.com\/hu\/wp-json\/wp\/v2\/product_brand?post=1814"},{"taxonomy":"product_cat","embeddable":true,"href":"https:\/\/elite2you.com\/hu\/wp-json\/wp\/v2\/product_cat?post=1814"},{"taxonomy":"product_tag","embeddable":true,"href":"https:\/\/elite2you.com\/hu\/wp-json\/wp\/v2\/product_tag?post=1814"}],"curies":[{"name":"wp","href":"https:\/\/api.w.org\/{rel}","templated":true}]}}