{"id":2022,"date":"2016-06-15T07:49:39","date_gmt":"2016-06-15T07:49:39","guid":{"rendered":"http:\/\/www.coffeecreamthemes.com\/themes\/modellic\/wordpress-black\/product\/ethel-cole\/"},"modified":"2025-03-10T14:28:13","modified_gmt":"2025-03-10T14:28:13","slug":"ethel-cole","status":"publish","type":"product","link":"https:\/\/elite2you.com\/hu\/termek\/ethel-cole\/","title":{"rendered":"Ethel Cole"},"content":{"rendered":"<p data-start=\"0\" data-end=\"83\"><strong data-start=\"0\" data-end=\"78\">Sziasztok, Ethel Cole vagyok, \u00e9s \u00f6r\u00f6mmel \u00fcdv\u00f6z\u00f6llek a hivatalos oldalamon!<\/strong> \ud83d\udc96<\/p>\n<p data-start=\"85\" data-end=\"350\">Spanyolorsz\u00e1gb\u00f3l sz\u00e1rmazom, ahol m\u00e1r fiatal koromt\u00f3l kezdve rajongtam a divat\u00e9rt \u00e9s a sz\u00e9ps\u00e9g vil\u00e1g\u00e1\u00e9rt. <strong data-start=\"190\" data-end=\"348\">A modellked\u00e9s sz\u00e1momra nem csup\u00e1n egy munka, hanem egy \u00e9let\u00e9rz\u00e9s, egy m\u0171v\u00e9szi \u00f6nkifejez\u00e9s, ahol minden egyes mozdulat \u00e9s tekintet egy t\u00f6rt\u00e9netet mes\u00e9l el.<\/strong><\/p>\n<p data-start=\"352\" data-end=\"731\">Az \u00e9vek sor\u00e1n rengeteg tapasztalatot szereztem <strong data-start=\"399\" data-end=\"459\">fot\u00f3z\u00e1sokon, divatbemutat\u00f3kon \u00e9s exkluz\u00edv rendezv\u00e9nyeken<\/strong>. A kifut\u00f3 \u00e9s a kamera el\u0151tt \u00e1llni sz\u00e1momra mindig is egy olyan t\u00e9r volt, ahol teljesen \u00f6nmagam lehetek, \u00e9s \u00e1tadhatom azt a magabiztoss\u00e1got \u00e9s energi\u00e1t, amely bel\u0151lem \u00e1rad. <strong data-start=\"632\" data-end=\"729\">A szenved\u00e9lyem a divat, az eszt\u00e9tika \u00e9s az elegancia, \u00e9s szeretn\u00e9m ezt veletek is megosztani!<\/strong><\/p>\n<h3 data-start=\"733\" data-end=\"792\"><strong data-start=\"737\" data-end=\"790\">\ud83d\udd25 Mostant\u00f3l el\u00e9rhet\u0151 vagyok az Elite2Fans-en! \ud83d\udd25<\/strong><\/h3>\n<p data-start=\"793\" data-end=\"1018\">Ha szeretn\u00e9d felfedezni a vil\u00e1gomat \u00e9s igaz\u00e1n k\u00f6zel ker\u00fclni hozz\u00e1m, akkor most egy teljesen \u00faj \u00e9lm\u00e9nyt hoztam el neked! Az <strong data-start=\"916\" data-end=\"975\">Elite2Fans-en mostant\u00f3l exkluz\u00edv tartalmakat osztok meg<\/strong>, amelyeket sehol m\u00e1shol nem tal\u00e1lsz meg.<\/p>\n<p data-start=\"1020\" data-end=\"1497\">\ud83d\udcf8 <strong data-start=\"1023\" data-end=\"1062\">Mit tal\u00e1lsz n\u00e1lam az Elite2Fans-en?<\/strong><br data-start=\"1062\" data-end=\"1065\" \/>\u2714 <strong data-start=\"1067\" data-end=\"1100\">100% exkluz\u00edv fot\u00f3k \u00e9s vide\u00f3k<\/strong> \u2013 pr\u00e9mium min\u0151s\u00e9gben, egyedi tartalmak, amelyeket m\u00e1shol nem l\u00e1thatsz.<br data-start=\"1171\" data-end=\"1174\" \/>\u2714 <strong data-start=\"1176\" data-end=\"1197\">Val\u00f3di interakci\u00f3<\/strong> \u2013 itt val\u00f3ban besz\u00e9lgethet\u00fcnk, \u00fczeneteket v\u00e1lthatunk \u00e9s k\u00f6zelebb ker\u00fclhetsz hozz\u00e1m.<br data-start=\"1281\" data-end=\"1284\" \/>\u2714 <strong data-start=\"1286\" data-end=\"1322\">Pillanatk\u00e9pek a mindennapjaimb\u00f3l<\/strong> \u2013 betekinthetsz a kulissz\u00e1k m\u00f6g\u00e9, a fot\u00f3z\u00e1saimba, utaz\u00e1saimba \u00e9s az \u00e9letembe.<br data-start=\"1400\" data-end=\"1403\" \/>\u2714 <strong data-start=\"1405\" data-end=\"1436\" data-is-only-node=\"\">Sensual &amp; glamour tartalmak<\/strong> \u2013 \u00e9rz\u00e9ki, n\u0151ies \u00e9s kifinomult pillanatok egyedi st\u00edlusban.<\/p>\n<h3 data-start=\"1499\" data-end=\"1567\"><strong data-start=\"1503\" data-end=\"1565\">\ud83d\udc8e Fedezz fel m\u00e1s gy\u00f6ny\u00f6r\u0171 \u00e9s tehets\u00e9ges modelleket is! \ud83d\udc8e<\/strong><\/h3>\n<p data-start=\"1568\" data-end=\"1819\">Ha szeretn\u00e9d l\u00e1tni, milyen csod\u00e1latos modellek dolgoznak m\u00e9g ezen a platformon, l\u00e1togass el a <strong data-start=\"1662\" data-end=\"1702\"><a href=\"https:\/\/models2you.com\" target=\"_new\" rel=\"noopener\" data-start=\"1664\" data-end=\"1700\">Models2You<\/a><\/strong> oldalra! Itt a legszebb \u00e9s legtehets\u00e9gesebb modellek v\u00e1rnak r\u00e1d egy helyen, hogy k\u00f6nnyed\u00e9n megtal\u00e1ld kedvenceidet.<\/p>\n<p data-start=\"1821\" data-end=\"1944\">\ud83d\udcab <strong data-start=\"1824\" data-end=\"1939\">Ha szeretn\u00e9l felfedezni engem \u00e9s exkluz\u00edv tartalmakhoz hozz\u00e1f\u00e9rni, csatlakozz most az Elite2Fans k\u00f6z\u00f6ss\u00e9gemhez!<\/strong> \ud83d\udcab<\/p>\n<p data-start=\"1946\" data-end=\"2040\">\u27a1 <strong data-start=\"1948\" data-end=\"2038\"><a href=\"https:\/\/elite2fans.com\/\" target=\"_new\" rel=\"noopener\" data-start=\"1950\" data-end=\"2036\">Kattints ide, \u00e9s l\u00e9gy r\u00e9szese ennek a k\u00fcl\u00f6nleges \u00e9lm\u00e9nynek!<\/a><\/strong><\/p>\n<p data-start=\"2042\" data-end=\"2083\" data-is-last-node=\"\" data-is-only-node=\"\">Izgatottan v\u00e1rom, hogy tal\u00e1lkozzunk! \ud83d\ude18\ud83d\udc95<\/p>\n","protected":false},"excerpt":{"rendered":"<p data-start=\"0\" data-end=\"83\"><strong data-start=\"0\" data-end=\"78\">Sziasztok, Ethel Cole vagyok, \u00e9s \u00f6r\u00f6mmel \u00fcdv\u00f6z\u00f6llek a hivatalos oldalamon!<\/strong> \ud83d\udc96<\/p>\n<p data-start=\"85\" data-end=\"350\">Spanyolorsz\u00e1gb\u00f3l sz\u00e1rmazom, ahol m\u00e1r fiatal koromt\u00f3l kezdve rajongtam a divat\u00e9rt \u00e9s a sz\u00e9ps\u00e9g vil\u00e1g\u00e1\u00e9rt. <strong data-start=\"190\" data-end=\"348\">A modellked\u00e9s sz\u00e1momra nem csup\u00e1n egy munka, hanem egy \u00e9let\u00e9rz\u00e9s, egy m\u0171v\u00e9szi \u00f6nkifejez\u00e9s, ahol minden egyes mozdulat \u00e9s tekintet egy t\u00f6rt\u00e9netet mes\u00e9l el.<\/strong><\/p>\n<p data-start=\"85\" data-end=\"350\"><strong>Elite2Fans<\/strong> <strong>el\u0151fizet\u00e9si d\u00edjam havonta: 5.99.- doll\u00e1r \/ h\u00f3<\/strong><\/p>\n","protected":false},"featured_media":2004,"template":"","meta":{"_monsterinsights_skip_tracking":false,"_monsterinsights_sitenote_active":false,"_monsterinsights_sitenote_note":"","_monsterinsights_sitenote_category":0},"product_brand":[],"product_cat":[157],"product_tag":[125,129,131,156,158],"class_list":{"0":"post-2022","1":"product","2":"type-product","3":"status-publish","4":"has-post-thumbnail","6":"product_cat-women","7":"product_tag-african","8":"product_tag-black","9":"product_tag-black-hair","10":"product_tag-woman","11":"product_tag-young","13":"first","14":"instock","15":"featured","16":"shipping-taxable","17":"product-type-simple"},"_links":{"self":[{"href":"https:\/\/elite2you.com\/hu\/wp-json\/wp\/v2\/product\/2022","targetHints":{"allow":["GET"]}}],"collection":[{"href":"https:\/\/elite2you.com\/hu\/wp-json\/wp\/v2\/product"}],"about":[{"href":"https:\/\/elite2you.com\/hu\/wp-json\/wp\/v2\/types\/product"}],"wp:featuredmedia":[{"embeddable":true,"href":"https:\/\/elite2you.com\/hu\/wp-json\/wp\/v2\/media\/2004"}],"wp:attachment":[{"href":"https:\/\/elite2you.com\/hu\/wp-json\/wp\/v2\/media?parent=2022"}],"wp:term":[{"taxonomy":"product_brand","embeddable":true,"href":"https:\/\/elite2you.com\/hu\/wp-json\/wp\/v2\/product_brand?post=2022"},{"taxonomy":"product_cat","embeddable":true,"href":"https:\/\/elite2you.com\/hu\/wp-json\/wp\/v2\/product_cat?post=2022"},{"taxonomy":"product_tag","embeddable":true,"href":"https:\/\/elite2you.com\/hu\/wp-json\/wp\/v2\/product_tag?post=2022"}],"curies":[{"name":"wp","href":"https:\/\/api.w.org\/{rel}","templated":true}]}}