{"id":2023,"date":"2016-06-15T09:39:07","date_gmt":"2016-06-15T09:39:07","guid":{"rendered":"http:\/\/www.coffeecreamthemes.com\/themes\/modellic\/wordpress-black\/product\/janis-harper\/"},"modified":"2025-03-10T14:25:15","modified_gmt":"2025-03-10T14:25:15","slug":"janis-harper","status":"publish","type":"product","link":"https:\/\/elite2you.com\/hu\/termek\/janis-harper\/","title":{"rendered":"Janis Harper"},"content":{"rendered":"<p data-start=\"0\" data-end=\"85\"><strong data-start=\"0\" data-end=\"80\">Sziasztok, Janis Harper vagyok, \u00e9s \u00f6r\u00f6mmel \u00fcdv\u00f6z\u00f6llek a hivatalos oldalamon!<\/strong> \ud83d\udc96<\/p>\n<p data-start=\"87\" data-end=\"454\">A modellked\u00e9s mindig is a szenved\u00e9lyem volt. Sz\u00e1momra ez nem csup\u00e1n egy munka, hanem egy olyan \u00e9letforma, ahol teljesen szabadon kifejezhetem magam. <strong data-start=\"236\" data-end=\"311\">Im\u00e1dom a divatot, a sz\u00e9ps\u00e9get \u00e9s a m\u0171v\u00e9szi \u00f6nkifejez\u00e9s minden form\u00e1j\u00e1t.<\/strong> A kamera el\u0151tt \u00e1llni sz\u00e1momra olyan, mintha egy teljesen \u00faj vil\u00e1gba l\u00e9pn\u00e9k \u2013 minden egyes p\u00f3z, tekintet \u00e9s mozdulat egy t\u00f6rt\u00e9netet mes\u00e9l el.<\/p>\n<p data-start=\"456\" data-end=\"810\">A vil\u00e1g k\u00fcl\u00f6nb\u00f6z\u0151 pontjain dolgoztam m\u00e1r \u2013 <strong data-start=\"499\" data-end=\"559\">fot\u00f3z\u00e1sokon, divatbemutat\u00f3kon \u00e9s exkluz\u00edv rendezv\u00e9nyeken<\/strong> is r\u00e9szt vettem, amelyek folyamatosan inspir\u00e1lnak \u00e9s motiv\u00e1lnak, hogy mindig \u00fajabb kih\u00edv\u00e1sok el\u00e9 \u00e1ll\u00edtsam magam. Hiszem, hogy a sz\u00e9ps\u00e9g nem csak a k\u00fcls\u0151s\u00e9gekr\u0151l sz\u00f3l, hanem arr\u00f3l az energi\u00e1r\u00f3l \u00e9s kisug\u00e1rz\u00e1sr\u00f3l is, amit minden nap magunkkal visz\u00fcnk.<\/p>\n<h3 data-start=\"812\" data-end=\"874\"><strong data-start=\"816\" data-end=\"872\">\ud83d\udc8e Keresel m\u00e1s gy\u00f6ny\u00f6r\u0171 \u00e9s tehets\u00e9ges modelleket? \ud83d\udc8e<\/strong><\/h3>\n<p data-start=\"875\" data-end=\"1151\">Ha hozz\u00e1m hasonl\u00f3, gy\u00f6ny\u00f6r\u0171 \u00e9s magabiztos modelleket szeretn\u00e9l felfedezni, l\u00e1togass el a <strong data-start=\"964\" data-end=\"1004\"><a href=\"https:\/\/models2you.com\" target=\"_new\" rel=\"noopener\" data-start=\"966\" data-end=\"1002\">Models2You<\/a><\/strong> oldalra! Ez a platform <strong data-start=\"1028\" data-end=\"1076\">a legjobb modelleket gy\u0171jti \u00f6ssze egy helyen<\/strong>, \u00edgy k\u00f6nnyed\u00e9n megtal\u00e1lhatod kedvenceidet \u00e9s kapcsolatba l\u00e9phetsz vel\u00fck.<\/p>\n<h3 data-start=\"1153\" data-end=\"1200\"><strong data-start=\"1157\" data-end=\"1198\">\ud83d\udd25 Egy \u00faj kezdet az Elite2Fans-en! \ud83d\udd25<\/strong><\/h3>\n<p data-start=\"1201\" data-end=\"1504\">Eddig is jelen voltam a k\u00f6z\u00f6ss\u00e9gi m\u00e9di\u00e1ban, de most <strong data-start=\"1253\" data-end=\"1283\">az Elite2Fans-re k\u00f6lt\u00f6ztem<\/strong>, hogy egy teljesen \u00faj szintre emeljem a kapcsolatomat a rajong\u00f3immal. Ez a platform lehet\u0151s\u00e9get ad arra, hogy <strong data-start=\"1394\" data-end=\"1502\">igaz\u00e1n szem\u00e9lyes \u00e9s exkluz\u00edv tartalmakat osszak meg veletek, amelyeket sehol m\u00e1shol nem tal\u00e1lhattok meg!<\/strong><\/p>\n<p data-start=\"1506\" data-end=\"2015\">\ud83d\udcf8 <strong data-start=\"1509\" data-end=\"1549\">Mit tal\u00e1lsz az Elite2Fans oldalamon?<\/strong><br data-start=\"1549\" data-end=\"1552\" \/>\u2714 <strong data-start=\"1554\" data-end=\"1581\">100% exkluz\u00edv tartalmak<\/strong> \u2013 gondosan v\u00e1logatott, pr\u00e9mium min\u0151s\u00e9g\u0171 fot\u00f3k \u00e9s vide\u00f3k, amelyeket m\u00e1shol nem l\u00e1thatsz.<br data-start=\"1669\" data-end=\"1672\" \/>\u2714 <strong data-start=\"1674\" data-end=\"1703\">K\u00f6zvetlen kapcsolat velem<\/strong> \u2013 itt val\u00f3ban besz\u00e9lgethet\u00fcnk, \u00fczeneteket v\u00e1lthatunk \u00e9s interakci\u00f3ba l\u00e9phet\u00fcnk.<br data-start=\"1783\" data-end=\"1786\" \/>\u2714 <strong data-start=\"1788\" data-end=\"1824\">Pillanatk\u00e9pek a mindennapjaimb\u00f3l<\/strong> \u2013 betekint\u00e9st nyerhetsz a kulissz\u00e1k m\u00f6g\u00e9, a fot\u00f3z\u00e1saimba, utaz\u00e1saimba \u00e9s a val\u00f3di \u00e9letembe.<br data-start=\"1916\" data-end=\"1919\" \/>\u2714 <strong data-start=\"1921\" data-end=\"1952\">Sensual &amp; glamour tartalmak<\/strong> \u2013 elegancia, n\u0151iess\u00e9g \u00e9s \u00e9rz\u00e9kis\u00e9g egy k\u00fcl\u00f6nleges k\u00f6nt\u00f6sben.<\/p>\n<h3 data-start=\"2017\" data-end=\"2050\"><strong data-start=\"2021\" data-end=\"2048\">\ud83d\udc96 Mi\u00e9rt az Elite2Fans?<\/strong><\/h3>\n<p data-start=\"2051\" data-end=\"2371\">Az\u00e9rt v\u00e1lasztottam ezt a platformot, mert itt <strong data-start=\"2097\" data-end=\"2137\">minden r\u00f3lam \u00e9s a rajong\u00f3imr\u00f3l sz\u00f3l!<\/strong> Itt <strong data-start=\"2142\" data-end=\"2255\">nincs cenz\u00fara, nincs korl\u00e1toz\u00e1s, \u00e9s k\u00f6zvetlen kapcsolatban lehetek azokkal, akik val\u00f3ban \u00e9rt\u00e9kelik a munk\u00e1mat<\/strong>. R\u00e1ad\u00e1sul itt <strong data-start=\"2270\" data-end=\"2304\">\u00e9n is sokkal t\u00f6bbet kereshetek<\/strong>, \u00edgy m\u00e9g jobb \u00e9s exkluz\u00edvabb tartalmakat tudok k\u00e9sz\u00edteni nektek!<\/p>\n<p data-start=\"2373\" data-end=\"2471\">\ud83d\udcab <strong data-start=\"2376\" data-end=\"2466\">Ha szeretn\u00e9l igaz\u00e1n k\u00f6zel ker\u00fclni hozz\u00e1m, csatlakozz most az Elite2Fans k\u00f6z\u00f6ss\u00e9gemhez!<\/strong> \ud83d\udcab<\/p>\n<p data-start=\"2473\" data-end=\"2567\">\u27a1 <strong data-start=\"2475\" data-end=\"2565\"><a href=\"https:\/\/elite2fans.com\/\" target=\"_new\" rel=\"noopener\" data-start=\"2477\" data-end=\"2563\">Kattints ide, \u00e9s legy\u00e9l r\u00e9sze ennek a k\u00fcl\u00f6nleges \u00e9lm\u00e9nynek!<\/a><\/strong><\/p>\n<p data-start=\"2569\" data-end=\"2658\" data-is-last-node=\"\" data-is-only-node=\"\">Nagyon izgatott vagyok, hogy egy\u00fctt \u00e9p\u00edts\u00fck fel ezt az exkluz\u00edv vil\u00e1got! V\u00e1rlak ott!<\/p>\n","protected":false},"excerpt":{"rendered":"<p data-start=\"0\" data-end=\"85\"><strong data-start=\"0\" data-end=\"80\">Sziasztok, Janis Harper vagyok, \u00e9s \u00f6r\u00f6mmel \u00fcdv\u00f6z\u00f6llek a hivatalos oldalamon!<\/strong> \ud83d\udc96<\/p>\n<p data-start=\"87\" data-end=\"454\">A modellked\u00e9s mindig is a szenved\u00e9lyem volt. Sz\u00e1momra ez nem csup\u00e1n egy munka, hanem egy olyan \u00e9letforma, ahol teljesen szabadon kifejezhetem magam. <strong data-start=\"236\" data-end=\"311\">Im\u00e1dom a divatot, a sz\u00e9ps\u00e9get \u00e9s a m\u0171v\u00e9szi \u00f6nkifejez\u00e9s minden form\u00e1j\u00e1t.<\/strong> A kamera el\u0151tt \u00e1llni sz\u00e1momra olyan, mintha egy teljesen \u00faj vil\u00e1gba l\u00e9pn\u00e9k \u2013 minden egyes p\u00f3z, tekintet \u00e9s mozdulat egy t\u00f6rt\u00e9netet mes\u00e9l el.<\/p>\n<p data-start=\"87\" data-end=\"454\"><strong>Elite2Fans<\/strong> <strong>el\u0151fizet\u00e9si d\u00edjam havonta: 12.99.- doll\u00e1r \/ h\u00f3<\/strong><\/p>\n","protected":false},"featured_media":1989,"template":"","meta":{"_monsterinsights_skip_tracking":false,"_monsterinsights_sitenote_active":false,"_monsterinsights_sitenote_note":"","_monsterinsights_sitenote_category":0},"product_brand":[],"product_cat":[157],"product_tag":[131,141,155,156,158],"class_list":{"0":"post-2023","1":"product","2":"type-product","3":"status-publish","4":"has-post-thumbnail","6":"product_cat-women","7":"product_tag-black-hair","8":"product_tag-caucasian","9":"product_tag-white","10":"product_tag-woman","11":"product_tag-young","13":"first","14":"instock","15":"featured","16":"shipping-taxable","17":"product-type-simple"},"_links":{"self":[{"href":"https:\/\/elite2you.com\/hu\/wp-json\/wp\/v2\/product\/2023","targetHints":{"allow":["GET"]}}],"collection":[{"href":"https:\/\/elite2you.com\/hu\/wp-json\/wp\/v2\/product"}],"about":[{"href":"https:\/\/elite2you.com\/hu\/wp-json\/wp\/v2\/types\/product"}],"wp:featuredmedia":[{"embeddable":true,"href":"https:\/\/elite2you.com\/hu\/wp-json\/wp\/v2\/media\/1989"}],"wp:attachment":[{"href":"https:\/\/elite2you.com\/hu\/wp-json\/wp\/v2\/media?parent=2023"}],"wp:term":[{"taxonomy":"product_brand","embeddable":true,"href":"https:\/\/elite2you.com\/hu\/wp-json\/wp\/v2\/product_brand?post=2023"},{"taxonomy":"product_cat","embeddable":true,"href":"https:\/\/elite2you.com\/hu\/wp-json\/wp\/v2\/product_cat?post=2023"},{"taxonomy":"product_tag","embeddable":true,"href":"https:\/\/elite2you.com\/hu\/wp-json\/wp\/v2\/product_tag?post=2023"}],"curies":[{"name":"wp","href":"https:\/\/api.w.org\/{rel}","templated":true}]}}