{"id":2024,"date":"2016-06-15T10:06:59","date_gmt":"2016-06-15T10:06:59","guid":{"rendered":"http:\/\/www.coffeecreamthemes.com\/themes\/modellic\/wordpress-black\/product\/marta-wallace\/"},"modified":"2025-11-15T11:10:14","modified_gmt":"2025-11-15T11:10:14","slug":"marta-wallace","status":"publish","type":"product","link":"https:\/\/elite2you.com\/hu\/termek\/marta-wallace\/","title":{"rendered":"Marta Wallace"},"content":{"rendered":"<p data-start=\"0\" data-end=\"86\"><strong data-start=\"0\" data-end=\"81\">Sziasztok, Marta Wallace vagyok, \u00e9s \u00f6r\u00f6mmel \u00fcdv\u00f6z\u00f6llek a hivatalos oldalamon!<\/strong> \ud83d\udc96<\/p>\n<p data-start=\"88\" data-end=\"460\">A t\u00f6rt\u00e9netem k\u00fcl\u00f6nleges \u00e9s izgalmas \u2013 <strong data-start=\"126\" data-end=\"181\">N\u00e9metorsz\u00e1gban sz\u00fclettem, Magyarorsz\u00e1gon n\u0151ttem fel<\/strong>, \u00e9s a szenved\u00e9lyem, a divat elvitt <strong data-start=\"217\" data-end=\"246\">Olaszorsz\u00e1gba \u00e9s Londonba<\/strong>, ahol m\u00e1r t\u00f6bb neves divatbemutat\u00f3n is r\u00e9szt vettem. A kifut\u00f3 mindig is az egyik kedvenc helyem volt, hiszen ott val\u00f3ban megmutathatom az egy\u00e9nis\u00e9gemet, a st\u00edlusomat \u00e9s azt az energi\u00e1t, amit a divat ir\u00e1nt \u00e9rzek.<\/p>\n<p data-start=\"462\" data-end=\"763\">A modellked\u00e9s sz\u00e1momra nem csak munka, hanem <strong data-start=\"507\" data-end=\"545\">\u00f6nkifejez\u00e9s, m\u0171v\u00e9szet \u00e9s szabads\u00e1g<\/strong>. Egy j\u00f3l elkapott pillanat, egy leny\u0171g\u00f6z\u0151 fot\u00f3 vagy egy exkluz\u00edv vide\u00f3 t\u00f6bbet mondhat minden sz\u00f3n\u00e1l. Ez\u00e9rt d\u00f6nt\u00f6ttem \u00fagy, hogy <strong data-start=\"673\" data-end=\"760\">m\u00e9g t\u00f6bbet mutatok magamb\u00f3l azoknak, akik igaz\u00e1n \u00e9rt\u00e9kelik \u00e9s t\u00e1mogatj\u00e1k a munk\u00e1mat<\/strong>.<\/p>\n<h3 data-start=\"765\" data-end=\"818\"><strong data-start=\"769\" data-end=\"816\">\ud83d\udd25 \u00daj fejezetet nyitok az Elite2Fans-en! \ud83d\udd25<\/strong><\/h3>\n<p data-start=\"819\" data-end=\"1022\">Kor\u00e1bban az <strong data-start=\"831\" data-end=\"846\">OnlyFans-en<\/strong> is jelen voltam, \u00e9s fantasztikus tapasztalat volt, de <strong data-start=\"901\" data-end=\"1020\">most az Elite2Fans-re k\u00f6lt\u00f6ztem, mert itt sokkal t\u00f6bbet ny\u00fajthatok a rajong\u00f3imnak \u00e9s \u00e9n magam is t\u00f6bbet kereshetek!<\/strong><\/p>\n<p data-start=\"1024\" data-end=\"1178\">Itt <strong data-start=\"1028\" data-end=\"1100\">exkluz\u00edv tartalmakat osztok meg, amelyeket sehol m\u00e1shol nem l\u00e1thatsz<\/strong>, \u00e9s ez az egyetlen platform, ahol <strong data-start=\"1135\" data-end=\"1175\">k\u00f6zvetlen kapcsolatba l\u00e9phetsz velem<\/strong>.<\/p>\n<p data-start=\"1180\" data-end=\"1618\">\ud83d\udc83 <strong data-start=\"1183\" data-end=\"1225\">Mit tal\u00e1lhatsz n\u00e1lam az Elite2Fans-en?<\/strong><br data-start=\"1225\" data-end=\"1228\" \/>\u2714 <strong data-start=\"1230\" data-end=\"1263\">100% exkluz\u00edv fot\u00f3k \u00e9s vide\u00f3k<\/strong> \u2013 pr\u00e9mium min\u0151s\u00e9gben, egyedi tartalmak, amiket m\u00e1shol nem l\u00e1thatsz.<br data-start=\"1331\" data-end=\"1334\" \/>\u2714 <strong data-start=\"1336\" data-end=\"1357\">Val\u00f3di interakci\u00f3<\/strong> \u2013 itt nem csak k\u00f6vethetsz, hanem val\u00f3ban besz\u00e9lgethet\u00fcnk is!<br data-start=\"1418\" data-end=\"1421\" \/>\u2714 <strong data-start=\"1423\" data-end=\"1459\">Pillanatk\u00e9pek a mindennapjaimb\u00f3l<\/strong> \u2013 a kamer\u00e1k m\u00f6g\u00f6tt, utaz\u00e1sok, backstage \u00e9lm\u00e9nyek \u00e9s sok m\u00e1s \u00e9rdekess\u00e9g.<br data-start=\"1531\" data-end=\"1534\" \/>\u2714 <strong data-start=\"1536\" data-end=\"1575\" data-is-only-node=\"\">Sensual &amp; glamour st\u00edlus\u00fa fot\u00f3z\u00e1sok<\/strong> \u2013 a legjobb oldalamat mutatom meg neked!<\/p>\n<p data-start=\"1620\" data-end=\"1832\"><strong data-start=\"1620\" data-end=\"1746\">Az Elite2Fans egy olyan platform, ahol val\u00f3ban a rajong\u00f3k\u00e9rt dolgozhatok, \u00e9s ahol te is sokkal k\u00f6zelebb ker\u00fclhetsz hozz\u00e1m.<\/strong> Itt <strong data-start=\"1751\" data-end=\"1830\">nemcsak t\u00e1mogatod a munk\u00e1mat, hanem egy teljesen \u00faj \u00e9lm\u00e9ny r\u00e9szese lehetsz!<\/strong><\/p>\n<p data-start=\"1834\" data-end=\"1903\">\u2728 <strong data-start=\"1836\" data-end=\"1899\">Csatlakozz most, \u00e9s l\u00e9gy r\u00e9sze ennek a k\u00fcl\u00f6nleges vil\u00e1gnak!<\/strong><\/p>\n","protected":false},"excerpt":{"rendered":"<p data-start=\"0\" data-end=\"86\"><strong data-start=\"0\" data-end=\"81\">Sziasztok, Marta Wallace vagyok, \u00e9s \u00f6r\u00f6mmel \u00fcdv\u00f6z\u00f6llek a hivatalos oldalamon!<\/strong> \ud83d\udc96<\/p>\n<p data-start=\"88\" data-end=\"460\">A t\u00f6rt\u00e9netem k\u00fcl\u00f6nleges \u00e9s izgalmas \u2013 <strong data-start=\"126\" data-end=\"181\">N\u00e9metorsz\u00e1gban sz\u00fclettem, Magyarorsz\u00e1gon n\u0151ttem fel<\/strong>, \u00e9s a szenved\u00e9lyem, a divat elvitt <strong data-start=\"217\" data-end=\"246\">Olaszorsz\u00e1gba \u00e9s Londonba<\/strong>, ahol m\u00e1r t\u00f6bb neves divatbemutat\u00f3n is r\u00e9szt vettem. A kifut\u00f3 mindig is az egyik kedvenc helyem volt, hiszen ott val\u00f3ban megmutathatom az egy\u00e9nis\u00e9gemet, a st\u00edlusomat \u00e9s azt az energi\u00e1t, amit a divat ir\u00e1nt \u00e9rzek.<\/p>\n<p data-start=\"88\" data-end=\"460\"><strong>Elite2Fans<\/strong> <strong>el\u0151fizet\u00e9si d\u00edjam havonta: 14.99.- doll\u00e1r \/ h\u00f3<\/strong><\/p>\n","protected":false},"featured_media":1992,"template":"","meta":{"_monsterinsights_skip_tracking":false,"_monsterinsights_sitenote_active":false,"_monsterinsights_sitenote_note":"","_monsterinsights_sitenote_category":0},"product_brand":[],"product_cat":[157],"product_tag":[133,141,155,156,158],"class_list":{"0":"post-2024","1":"product","2":"type-product","3":"status-publish","4":"has-post-thumbnail","6":"product_cat-women","7":"product_tag-blonde","8":"product_tag-caucasian","9":"product_tag-white","10":"product_tag-woman","11":"product_tag-young","13":"first","14":"instock","15":"featured","16":"shipping-taxable","17":"product-type-simple"},"_links":{"self":[{"href":"https:\/\/elite2you.com\/hu\/wp-json\/wp\/v2\/product\/2024","targetHints":{"allow":["GET"]}}],"collection":[{"href":"https:\/\/elite2you.com\/hu\/wp-json\/wp\/v2\/product"}],"about":[{"href":"https:\/\/elite2you.com\/hu\/wp-json\/wp\/v2\/types\/product"}],"wp:featuredmedia":[{"embeddable":true,"href":"https:\/\/elite2you.com\/hu\/wp-json\/wp\/v2\/media\/1992"}],"wp:attachment":[{"href":"https:\/\/elite2you.com\/hu\/wp-json\/wp\/v2\/media?parent=2024"}],"wp:term":[{"taxonomy":"product_brand","embeddable":true,"href":"https:\/\/elite2you.com\/hu\/wp-json\/wp\/v2\/product_brand?post=2024"},{"taxonomy":"product_cat","embeddable":true,"href":"https:\/\/elite2you.com\/hu\/wp-json\/wp\/v2\/product_cat?post=2024"},{"taxonomy":"product_tag","embeddable":true,"href":"https:\/\/elite2you.com\/hu\/wp-json\/wp\/v2\/product_tag?post=2024"}],"curies":[{"name":"wp","href":"https:\/\/api.w.org\/{rel}","templated":true}]}}