{"id":2025,"date":"2016-06-15T10:17:08","date_gmt":"2016-06-15T10:17:08","guid":{"rendered":"http:\/\/www.coffeecreamthemes.com\/themes\/modellic\/wordpress-black\/product\/marilyn-jacobs\/"},"modified":"2025-03-10T14:22:17","modified_gmt":"2025-03-10T14:22:17","slug":"marilyn-jacobs","status":"publish","type":"product","link":"https:\/\/elite2you.com\/hu\/termek\/marilyn-jacobs\/","title":{"rendered":"Marilyn Jacobs"},"content":{"rendered":"<p>Sziasztok! Marilyn Jacobs vagyok, ez a m\u0171v\u00e9sz nevem, \u00e9s a modellked\u00e9s sz\u00e1momra nem csup\u00e1n munka, hanem \u00e9letst\u00edlus.<\/p>\n<p>A karrieremet fot\u00f3modellk\u00e9nt kezdtem, \u00e9s az \u00e9vek sor\u00e1n rengeteg tapasztalatot szereztem divatfot\u00f3z\u00e1sokon, kifut\u00f3kon \u00e9s kamp\u00e1nyokban. Ma m\u00e1r nemcsak modellk\u00e9nt dolgozom, hanem az OnlyFans vil\u00e1g\u00e1ban is otthonosan mozgok, ahol exkluz\u00edv tartalmakat k\u00e9sz\u00edtek a k\u00f6vet\u0151im sz\u00e1m\u00e1ra.<\/p>\n<p>Ha te is a modellked\u00e9s vil\u00e1g\u00e1ban szeretn\u00e9l \u00e9rv\u00e9nyes\u00fclni, esetleg az OnlyFans modell karrier ir\u00e1nt \u00e9rdekl\u0151dsz, akkor a megfelel\u0151 helyen j\u00e1rsz! Ez a modell \u00fcgyn\u00f6ks\u00e9g rengeteget seg\u00edthet a fejl\u0151d\u00e9sben, legyen sz\u00f3 fot\u00f3modell karrierr\u0151l vagy az online tartalomk\u00e9sz\u00edt\u00e9sr\u0151l. \u00c9n is hiszek abban, hogy a megfelel\u0151 t\u00e1mogat\u00e1s \u00e9s oktat\u00e1s kulcsfontoss\u00e1g\u00fa ahhoz, hogy valaki sikeres legyen ezen a ter\u00fcleten.<\/p>\n<p>A modellked\u00e9s sokoldal\u00fas\u00e1got \u00e9s elhivatotts\u00e1got ig\u00e9nyel. \u00c9n mindig arra t\u00f6rekszem, hogy minden fot\u00f3z\u00e1s \u00e9s projekt alkalm\u00e1val a legjobb form\u00e1mat ny\u00fajtsam \u2013 legyen sz\u00f3 fashion editorialr\u00f3l, rekl\u00e1mkamp\u00e1nyr\u00f3l vagy ak\u00e1r kreat\u00edv online tartalmakr\u00f3l.<\/p>\n<p>Az Elite2Fans oldal sokkal jobb mint az Onlyfans oldal, mert olcs\u00f3bb! Am\u00edg az Onlyfans 20%-ot vesz le minden bev\u00e9telemb\u0151l, addig ennek az \u00fcgyn\u00fcks\u00e9gnek a k\u00f6z\u00f6ss\u00e9gi oldala csup\u00e1n 16%-ot k\u00e9r el . Els\u0151re tudom hogy ez nem sok, -kezd\u0151k\u00e9nt \u00e9szre sem veszed-, de amikor m\u00e1r 10.000 doll\u00e1rt keresel havonta, az m\u00e1r 400 doll\u00e1r megtakar\u00edt\u00e1st jelent neked minden h\u00f3napban.<\/p>\n<p>A 400 doll\u00e1rt meg te is tudod hogy mire k\u00f6ltsd el, nem kell ezt magyar\u00e1znom. Min\u00e9l t\u00f6bbet keresek, \u00e9s min\u00e9l t\u00f6bbet tudok megsp\u00f3rolni, ann\u00e1l t\u00f6bb p\u00e9nz marad a zsebemben. Nekem ez most nagyon fontos tekintve, hogy nem tudom meddig tudom ezt a fajta munk\u00e1t csin\u00e1lni, de am\u00edg lehet, szeretn\u00e9m kihozni bel\u0151le a maximumot.<\/p>\n<p>Engem ez \u00f6szt\u00f6n\u00f6z, hogy minden fot\u00f3z\u00e1son a maximumot adjam.<\/p>\n","protected":false},"excerpt":{"rendered":"<p>A modellked\u00e9s sz\u00e1momra nemcsak munka, hanem szenved\u00e9ly. Im\u00e1dom, hogy a kamera el\u0151tt mindig \u00faj arcokat, hangulatokat \u00e9s st\u00edlusokat fedezhetek fel. A kifut\u00f3n pedig minden l\u00e9p\u00e9sem egy t\u00f6rt\u00e9netet mes\u00e9l el \u2013 az elegancia, a magabiztoss\u00e1g \u00e9s a n\u0151iess\u00e9g t\u00f6k\u00e9letes harm\u00f3ni\u00e1j\u00e1t keresem.<\/p>\n<p><strong>Elite2Fans<\/strong> <strong>el\u0151fizet\u00e9si d\u00edjam havonta: 9.99.- doll\u00e1r \/ h\u00f3<\/strong><\/p>\n","protected":false},"featured_media":1995,"template":"","meta":{"_monsterinsights_skip_tracking":false,"_monsterinsights_sitenote_active":false,"_monsterinsights_sitenote_note":"","_monsterinsights_sitenote_category":0},"product_brand":[],"product_cat":[157],"product_tag":[133,141,155,156,158],"class_list":{"0":"post-2025","1":"product","2":"type-product","3":"status-publish","4":"has-post-thumbnail","6":"product_cat-women","7":"product_tag-blonde","8":"product_tag-caucasian","9":"product_tag-white","10":"product_tag-woman","11":"product_tag-young","13":"first","14":"instock","15":"featured","16":"shipping-taxable","17":"product-type-simple"},"_links":{"self":[{"href":"https:\/\/elite2you.com\/hu\/wp-json\/wp\/v2\/product\/2025","targetHints":{"allow":["GET"]}}],"collection":[{"href":"https:\/\/elite2you.com\/hu\/wp-json\/wp\/v2\/product"}],"about":[{"href":"https:\/\/elite2you.com\/hu\/wp-json\/wp\/v2\/types\/product"}],"wp:featuredmedia":[{"embeddable":true,"href":"https:\/\/elite2you.com\/hu\/wp-json\/wp\/v2\/media\/1995"}],"wp:attachment":[{"href":"https:\/\/elite2you.com\/hu\/wp-json\/wp\/v2\/media?parent=2025"}],"wp:term":[{"taxonomy":"product_brand","embeddable":true,"href":"https:\/\/elite2you.com\/hu\/wp-json\/wp\/v2\/product_brand?post=2025"},{"taxonomy":"product_cat","embeddable":true,"href":"https:\/\/elite2you.com\/hu\/wp-json\/wp\/v2\/product_cat?post=2025"},{"taxonomy":"product_tag","embeddable":true,"href":"https:\/\/elite2you.com\/hu\/wp-json\/wp\/v2\/product_tag?post=2025"}],"curies":[{"name":"wp","href":"https:\/\/api.w.org\/{rel}","templated":true}]}}