{"id":2027,"date":"2016-06-15T10:27:13","date_gmt":"2016-06-15T10:27:13","guid":{"rendered":"http:\/\/www.coffeecreamthemes.com\/themes\/modellic\/wordpress-black\/product\/colleen-rose\/"},"modified":"2025-03-10T14:19:05","modified_gmt":"2025-03-10T14:19:05","slug":"colleen-rose","status":"publish","type":"product","link":"https:\/\/elite2you.com\/hu\/termek\/colleen-rose\/","title":{"rendered":"Colleen Rose"},"content":{"rendered":"<p data-start=\"0\" data-end=\"85\"><strong data-start=\"0\" data-end=\"80\">Sziasztok, Colleen Rose vagyok, \u00e9s \u00fcdv\u00f6z\u00f6llek titeket a hivatalos oldalamon!<\/strong> \ud83d\udc96<\/p>\n<p data-start=\"87\" data-end=\"358\">A modellked\u00e9s mindig is a szenved\u00e9lyem volt, \u00e9s b\u00fcszke vagyok r\u00e1, hogy az <strong data-start=\"161\" data-end=\"174\">Elite2You<\/strong> profi csapat\u00e1nak tagjak\u00e9nt bontogathatom a sz\u00e1rnyaimat. Az \u00fcgyn\u00f6ks\u00e9g nemcsak a legjobb lehet\u0151s\u00e9geket biztos\u00edtja sz\u00e1momra, hanem egy olyan k\u00f6z\u00f6ss\u00e9get is, ahol igaz\u00e1n \u00f6nmagam lehetek!<\/p>\n<p data-start=\"360\" data-end=\"552\">Ha szeretn\u00e9tek betekinteni a kulissz\u00e1k m\u00f6g\u00e9, exkluz\u00edv tartalmakat l\u00e1tni r\u00f3lam, \u00e9s egy igaz\u00e1n szem\u00e9lyes kapcsolatot kialak\u00edtani velem, akkor <strong data-start=\"500\" data-end=\"548\">csatlakozzatok hozz\u00e1m az Elite2Fans oldal\u00e1n!<\/strong> \u2728<\/p>\n<p data-start=\"554\" data-end=\"820\"><strong data-start=\"554\" data-end=\"585\">Mi\u00e9rt \u00e9rdemes csatlakoznod?<\/strong><br data-start=\"585\" data-end=\"588\" \/>\ud83d\udc8b <strong data-start=\"591\" data-end=\"617\">100% exkluz\u00edv tartalom<\/strong> \u2013 csak itt, m\u00e1shol nem tal\u00e1lod meg!<br data-start=\"653\" data-end=\"656\" \/>\ud83d\udcac <strong data-start=\"659\" data-end=\"688\">K\u00f6zvetlen kapcsolat velem<\/strong> \u2013 \u00fczenetek, interakci\u00f3, \u00e9s k\u00fcl\u00f6nleges meglepet\u00e9sek!<br data-start=\"740\" data-end=\"743\" \/>\ud83c\udfa5 <strong data-start=\"746\" data-end=\"782\">Pr\u00e9mium min\u0151s\u00e9g\u0171 fot\u00f3k \u00e9s vide\u00f3k<\/strong> \u2013 a legjobb tartalmak, csak nektek!<\/p>\n<p data-start=\"822\" data-end=\"956\">Itt <strong data-start=\"826\" data-end=\"847\">minden r\u00f3lam sz\u00f3l<\/strong> \u2013 \u00e9s r\u00f3latok, akik t\u00e1mogatj\u00e1tok a munk\u00e1mat! \ud83d\udc95 Csatlakozz most, \u00e9s l\u00e9gy r\u00e9sze ennek a k\u00fcl\u00f6nleges vil\u00e1gnak!<\/p>\n<p data-start=\"958\" data-end=\"1034\">\u27a1 <strong data-start=\"960\" data-end=\"1032\"><a href=\"https:\/\/elite2fans.com\/\" target=\"_new\" rel=\"noopener\" data-start=\"962\" data-end=\"1030\">L\u00e1togass el az Elite2Fans oldalamra most!<\/a><\/strong><\/p>\n<p data-start=\"1036\" data-end=\"1075\">Alig v\u00e1rom, hogy tal\u00e1lkozzunk ott!<\/p>\n","protected":false},"excerpt":{"rendered":"<p data-start=\"0\" data-end=\"85\"><strong data-start=\"0\" data-end=\"80\">Sziasztok, Colleen Rose vagyok, \u00e9s \u00fcdv\u00f6z\u00f6llek titeket a hivatalos oldalamon!<\/strong> \ud83d\udc96<\/p>\n<p data-start=\"87\" data-end=\"358\">A modellked\u00e9s mindig is a szenved\u00e9lyem volt, \u00e9s b\u00fcszke vagyok r\u00e1, hogy az <strong data-start=\"161\" data-end=\"174\">Elite2You<\/strong> profi csapat\u00e1nak tagjak\u00e9nt bontogathatom a sz\u00e1rnyaimat. Az \u00fcgyn\u00f6ks\u00e9g nemcsak a legjobb lehet\u0151s\u00e9geket biztos\u00edtja sz\u00e1momra, hanem egy olyan k\u00f6z\u00f6ss\u00e9get is, ahol igaz\u00e1n \u00f6nmagam lehetek!<\/p>\n<p data-start=\"87\" data-end=\"358\"><strong>Elite2Fans<\/strong> <strong>el\u0151fizet\u00e9si d\u00edjam havonta: 8.99.- doll\u00e1r \/ h\u00f3<\/strong><\/p>\n","protected":false},"featured_media":2001,"template":"","meta":{"_monsterinsights_skip_tracking":false,"_monsterinsights_sitenote_active":false,"_monsterinsights_sitenote_note":"","_monsterinsights_sitenote_category":0},"product_brand":[],"product_cat":[157],"product_tag":[138,147,155,156,158],"class_list":{"0":"post-2027","1":"product","2":"type-product","3":"status-publish","4":"has-post-thumbnail","6":"product_cat-women","7":"product_tag-brown","8":"product_tag-latin","9":"product_tag-white","10":"product_tag-woman","11":"product_tag-young","13":"first","14":"instock","15":"featured","16":"shipping-taxable","17":"product-type-simple"},"_links":{"self":[{"href":"https:\/\/elite2you.com\/hu\/wp-json\/wp\/v2\/product\/2027","targetHints":{"allow":["GET"]}}],"collection":[{"href":"https:\/\/elite2you.com\/hu\/wp-json\/wp\/v2\/product"}],"about":[{"href":"https:\/\/elite2you.com\/hu\/wp-json\/wp\/v2\/types\/product"}],"wp:featuredmedia":[{"embeddable":true,"href":"https:\/\/elite2you.com\/hu\/wp-json\/wp\/v2\/media\/2001"}],"wp:attachment":[{"href":"https:\/\/elite2you.com\/hu\/wp-json\/wp\/v2\/media?parent=2027"}],"wp:term":[{"taxonomy":"product_brand","embeddable":true,"href":"https:\/\/elite2you.com\/hu\/wp-json\/wp\/v2\/product_brand?post=2027"},{"taxonomy":"product_cat","embeddable":true,"href":"https:\/\/elite2you.com\/hu\/wp-json\/wp\/v2\/product_cat?post=2027"},{"taxonomy":"product_tag","embeddable":true,"href":"https:\/\/elite2you.com\/hu\/wp-json\/wp\/v2\/product_tag?post=2027"}],"curies":[{"name":"wp","href":"https:\/\/api.w.org\/{rel}","templated":true}]}}