{"id":2028,"date":"2016-06-15T10:37:43","date_gmt":"2016-06-15T10:37:43","guid":{"rendered":"http:\/\/www.coffeecreamthemes.com\/themes\/modellic\/wordpress-black\/product\/regina-vega\/"},"modified":"2025-11-15T11:10:13","modified_gmt":"2025-11-15T11:10:13","slug":"regina-vega","status":"publish","type":"product","link":"https:\/\/elite2you.com\/hu\/termek\/regina-vega\/","title":{"rendered":"Regina Vega"},"content":{"rendered":"<p>Sziasztok! Regina Vega vagyok, \u00e9s szeretn\u00e9m megosztani veletek az utamat a modellked\u00e9s vil\u00e1g\u00e1ban.<\/p>\n<p>Gyermekkorom nem volt k\u00f6nny\u0171; szer\u00e9ny k\u00f6r\u00fclm\u00e9nyek k\u00f6z\u00f6tt n\u0151ttem fel, ahol minden nap kih\u00edv\u00e1st jelentett. Latin gy\u00f6kereim mindig is er\u0151t adtak, \u00e9s b\u00fcszkes\u00e9ggel t\u00f6lt\u00f6ttek el. Kult\u00far\u00e1m gazdags\u00e1ga \u00e9s soksz\u00edn\u0171s\u00e9ge inspir\u00e1lt arra, hogy \u00e1lmaimat k\u00f6vessem, \u00e9s megmutassam a vil\u00e1gnak, hogy honnan j\u00f6ttem.\u200b<\/p>\n<p>A modellked\u00e9s ir\u00e1nti szenved\u00e9lyem fiatal koromban kezd\u0151d\u00f6tt. Kem\u00e9ny munk\u00e1val \u00e9s kitart\u00e1ssal siker\u00fclt el\u00e9rnem, hogy ma m\u00e1r nemcsak modellk\u00e9nt dolgozom, hanem az Elite2Fans platformj\u00e1n is akt\u00edvan jelen vagyok, ahol exkluz\u00edv tartalmakat osztok meg k\u00f6vet\u0151immel.\u200b<\/p>\n<p>Az Elite2You modellkeres\u0151 oldal n\u00e9lk\u00fcl mindez nem lett volna lehets\u00e9ges. Ez az \u00fcgyn\u00f6ks\u00e9g nemcsak lehet\u0151s\u00e9get adott arra, hogy kibontakoztassam tehets\u00e9gemet, hanem folyamatos t\u00e1mogat\u00e1st \u00e9s oktat\u00e1st is ny\u00fajtott a karrierem sor\u00e1n. Az Elite2Fans platform pedig lehet\u0151v\u00e9 teszi sz\u00e1momra, hogy k\u00f6zvetlen kapcsolatot \u00e1poljak rajong\u00f3immal, \u00e9s megosszam vel\u00fck mindennapjaimat.\u200b<\/p>\n<p>B\u00fcszke vagyok arra, hogy honnan j\u00f6ttem, \u00e9s h\u00e1l\u00e1s vagyok azoknak, akik hittek bennem. Rem\u00e9lem, t\u00f6rt\u00e9netem inspir\u00e1ci\u00f3t ny\u00fajt mindazoknak, akik hasonl\u00f3 \u00e1lmokat d\u00e9delgetnek. Ne feledj\u00e9tek, a kitart\u00e1s \u00e9s a szenved\u00e9ly mindig meghozza gy\u00fcm\u00f6lcs\u00e9t!\u200b<\/p>\n","protected":false},"excerpt":{"rendered":"<p>Sziasztok! Regina Vega vagyok, \u00e9s szeretn\u00e9m megosztani veletek az utamat a modellked\u00e9s vil\u00e1g\u00e1ban.<\/p>\n<p>Gyermekkorom nem volt k\u00f6nny\u0171; szer\u00e9ny k\u00f6r\u00fclm\u00e9nyek k\u00f6z\u00f6tt n\u0151ttem fel, ahol minden nap kih\u00edv\u00e1st jelentett. Latin gy\u00f6kereim mindig is er\u0151t adtak, \u00e9s b\u00fcszkes\u00e9ggel t\u00f6lt\u00f6ttek el. Kult\u00far\u00e1m gazdags\u00e1ga \u00e9s soksz\u00edn\u0171s\u00e9ge inspir\u00e1lt arra, hogy \u00e1lmaimat k\u00f6vessem, \u00e9s megmutassam a vil\u00e1gnak, hogy honnan j\u00f6ttem.\u200b<\/p>\n<p><strong>Elite2Fans<\/strong> <strong>el\u0151fizet\u00e9si d\u00edjam havonta: 9.99.- doll\u00e1r \/ h\u00f3<\/strong><\/p>\n","protected":false},"featured_media":2007,"template":"","meta":{"_monsterinsights_skip_tracking":false,"_monsterinsights_sitenote_active":false,"_monsterinsights_sitenote_note":"","_monsterinsights_sitenote_category":0},"product_brand":[],"product_cat":[157],"product_tag":[138,147,156,158],"class_list":{"0":"post-2028","1":"product","2":"type-product","3":"status-publish","4":"has-post-thumbnail","6":"product_cat-women","7":"product_tag-brown","8":"product_tag-latin","9":"product_tag-woman","10":"product_tag-young","12":"first","13":"instock","14":"featured","15":"shipping-taxable","16":"product-type-simple"},"_links":{"self":[{"href":"https:\/\/elite2you.com\/hu\/wp-json\/wp\/v2\/product\/2028","targetHints":{"allow":["GET"]}}],"collection":[{"href":"https:\/\/elite2you.com\/hu\/wp-json\/wp\/v2\/product"}],"about":[{"href":"https:\/\/elite2you.com\/hu\/wp-json\/wp\/v2\/types\/product"}],"wp:featuredmedia":[{"embeddable":true,"href":"https:\/\/elite2you.com\/hu\/wp-json\/wp\/v2\/media\/2007"}],"wp:attachment":[{"href":"https:\/\/elite2you.com\/hu\/wp-json\/wp\/v2\/media?parent=2028"}],"wp:term":[{"taxonomy":"product_brand","embeddable":true,"href":"https:\/\/elite2you.com\/hu\/wp-json\/wp\/v2\/product_brand?post=2028"},{"taxonomy":"product_cat","embeddable":true,"href":"https:\/\/elite2you.com\/hu\/wp-json\/wp\/v2\/product_cat?post=2028"},{"taxonomy":"product_tag","embeddable":true,"href":"https:\/\/elite2you.com\/hu\/wp-json\/wp\/v2\/product_tag?post=2028"}],"curies":[{"name":"wp","href":"https:\/\/api.w.org\/{rel}","templated":true}]}}