{"id":22791,"date":"2025-11-13T22:21:14","date_gmt":"2025-11-13T22:21:14","guid":{"rendered":"https:\/\/elite2you.com\/product\/mira-vera\/"},"modified":"2025-11-15T10:39:02","modified_gmt":"2025-11-15T10:39:02","slug":"mira-vera","status":"publish","type":"product","link":"https:\/\/elite2you.com\/hu\/termek\/mira-vera\/","title":{"rendered":"Mira Vera"},"content":{"rendered":"<h2 data-start=\"329\" data-end=\"392\">\u2744\ufe0f Mira Vera \u2013 A t\u00e9l \u00e9s a fantasy vil\u00e1g m\u0171v\u00e9szn\u0151je \u2744\ufe0f<\/h2>\n<p data-start=\"394\" data-end=\"469\">Sziasztok,<span>\u00a0<\/span><strong data-start=\"405\" data-end=\"418\">Mira Vera<\/strong><span>\u00a0<\/span>vagyok, \u00e9s \u00fcdv\u00f6z\u00f6llek a hivatalos oldalamon! \u2728\ud83c\udf32<\/p>\n<p data-start=\"471\" data-end=\"785\">Oroszorsz\u00e1gban sz\u00fclettem, de \u00e9letem nagy r\u00e9sz\u00e9t Szerbi\u00e1ban \u00e9ltem, \u00edgy a sz\u00edvem m\u00e1r f\u00e9lig szerb.<br data-start=\"566\" data-end=\"569\" \/>Illusztr\u00e1tork\u00e9nt v\u00e9geztem, \u00e9s a mindennapjaim r\u00e9sze a fant\u00e1ziavil\u00e1gok, t\u00fcnd\u00e9rek \u00e9s mitikus l\u00e9nyek megrajzol\u00e1sa.<br data-start=\"680\" data-end=\"683\" \/>Szeretem, ha a val\u00f3s\u00e1g \u00e9s az \u00e1lom hat\u00e1rai elmos\u00f3dnak \u2014 mert a m\u0171v\u00e9szet sz\u00e1momra pontosan err\u0151l sz\u00f3l.<\/p>\n<p data-start=\"787\" data-end=\"1121\">Gyerekkorom \u00f3ta rajongok a term\u00e9szet\u00e9rt: a havas erd\u0151k\u00e9rt, a csendes s\u00e9t\u00e1k\u00e9rt, a h\u00f3pelyhek var\u00e1zs\u00e1\u00e9rt.<br data-start=\"889\" data-end=\"892\" \/>Azt hiszem, m\u00e9lyen legbel\u00fcl<span>\u00a0<\/span><strong data-start=\"920\" data-end=\"939\">egy erdei t\u00fcnde<\/strong><span>\u00a0<\/span>vagyok, aki a h\u00f3ban \u00e9s a f\u00e9nyben tal\u00e1l otthonra.<br data-start=\"988\" data-end=\"991\" \/>A kedvenc \u00e1llatom a pingvin \u2013 mert \u0151k is szeretik a hideget, de m\u00e9gis mindig egy\u00fctt maradnak, \u00e9s ez sz\u00e1momra gy\u00f6ny\u00f6r\u0171 szimb\u00f3lum.<\/p>\n<hr data-start=\"1123\" data-end=\"1126\" \/>\n<h2 data-start=\"1128\" data-end=\"1190\">\ud83c\udf28\ufe0f A m\u0171v\u00e9szet, a term\u00e9szet \u00e9s a fant\u00e1zia tal\u00e1lkoz\u00e1sa \ud83c\udf28\ufe0f<\/h2>\n<p data-start=\"1192\" data-end=\"1417\">Az<span>\u00a0<\/span><strong data-start=\"1195\" data-end=\"1209\">Elite2Fans<\/strong><span>\u00a0<\/span>oldalon olyan vil\u00e1got teremtek, ahol a<span>\u00a0<\/span><strong data-start=\"1249\" data-end=\"1283\">val\u00f3s\u00e1g \u00e9s a mese \u00f6sszefon\u00f3dik<\/strong>.<br data-start=\"1284\" data-end=\"1287\" \/>Az illusztr\u00e1ci\u00f3im, a fot\u00f3im \u00e9s a tartalmaim mind egy t\u00f6rt\u00e9netet mes\u00e9lnek \u2013 a szabads\u00e1gr\u00f3l, a n\u0151iess\u00e9gr\u0151l \u00e9s a k\u00e9pzelet erej\u00e9r\u0151l.<\/p>\n<p data-start=\"1419\" data-end=\"1457\">\ud83d\udcf8<span>\u00a0<\/span><strong data-start=\"1422\" data-end=\"1455\">Mit tal\u00e1lsz n\u00e1lam az oldalon?<\/strong><\/p>\n<p data-start=\"1459\" data-end=\"1799\">\u2714 Fantasy-ihlette fot\u00f3sorozatok \u2013 havas t\u00e1jak, erdei s\u00e9t\u00e1k \u00e9s m\u00e1gikus hangulat.<br data-start=\"1538\" data-end=\"1541\" \/>\u2714 Exkluz\u00edv m\u0171v\u00e9szeti illusztr\u00e1ci\u00f3k \u2013 rajzok \u00e9s digit\u00e1lis festm\u00e9nyek az \u00e9n fant\u00e1ziavil\u00e1gomb\u00f3l.<br data-start=\"1634\" data-end=\"1637\" \/>\u2714 Lifestyle tartalmak \u2013 te\u00e1k, k\u00f6nyvek, gyertyaf\u00e9ny \u00e9s term\u00e9szetk\u00f6zeli pillanatok.<br data-start=\"1718\" data-end=\"1721\" \/>\u2714 Szem\u00e9lyes vide\u00f3k \u00e9s \u00fczenetek \u2013 \u0151szinte gondolatok \u00e9s inspir\u00e1l\u00f3 t\u00f6rt\u00e9netek.<\/p>\n<hr data-start=\"1801\" data-end=\"1804\" \/>\n<h2 data-start=\"1806\" data-end=\"1844\">\ud83d\udcab Mi\u00e9rt k\u00fcl\u00f6nleges Mira Vera? \ud83d\udcab<\/h2>\n<p data-start=\"1846\" data-end=\"2057\">\u27a1<span>\u00a0<\/span><strong data-start=\"1848\" data-end=\"1887\">Mert a fant\u00e1zi\u00e1t a val\u00f3s\u00e1gba hozom.<\/strong><br data-start=\"1887\" data-end=\"1890\" \/>\u27a1<span>\u00a0<\/span><strong data-start=\"1892\" data-end=\"1962\">Mert a m\u0171v\u00e9szetem \u00e9s a tartalmaim nemcsak l\u00e1tv\u00e1ny, hanem \u00e9rz\u00e9s is.<\/strong><br data-start=\"1962\" data-end=\"1965\" \/>\u27a1<span>\u00a0<\/span><strong data-start=\"1967\" data-end=\"2057\">Mert hiszem, hogy a sz\u00e9ps\u00e9g a term\u00e9szet egyszer\u0171s\u00e9g\u00e9ben \u00e9s a k\u00e9pzelet erej\u00e9ben rejlik.<\/strong><\/p>\n<hr data-start=\"2059\" data-end=\"2062\" \/>\n<p data-start=\"2064\" data-end=\"2244\">\u2744\ufe0f Csatlakozz hozz\u00e1m az<span>\u00a0<\/span><strong data-start=\"2088\" data-end=\"2102\">Elite2Fans<\/strong>-en, \u00e9s l\u00e9pj be egy vil\u00e1gba, ahol a h\u00f3, a m\u0171v\u00e9szet \u00e9s az \u00e1lom eggy\u00e9 v\u00e1lik.<br data-start=\"2176\" data-end=\"2179\" \/>Itt minden k\u00e9p egy t\u00f6rt\u00e9net, \u00e9s minden t\u00f6rt\u00e9net egy apr\u00f3 csoda.<\/p>\n<p data-start=\"2246\" data-end=\"2316\">\ud83d\udc8b \u00dcdv az \u00e9n havas, var\u00e1zslatos univerzumomban \u2013<br data-start=\"2294\" data-end=\"2297\" \/><strong data-start=\"2297\" data-end=\"2310\">Mira Vera<\/strong><span>\u00a0<\/span>\ud83d\udd6f\ufe0f<\/p>\n<p data-start=\"2246\" data-end=\"2316\"><strong>Gyere \u00e9s tal\u00e1lkozzunk itt<\/strong>: <a href=\"https:\/\/elite2fans.com\/miravera\" target=\"_blank\" rel=\"noopener\">https:\/\/elite2fans.com\/miravera<\/a><\/p>\n","protected":false},"excerpt":{"rendered":"<p><span>Sziasztok,\u00a0<\/span><strong data-start=\"405\" data-end=\"418\">Mira Vera<\/strong><span>\u00a0vagyok, \u00e9s \u00fcdv\u00f6z\u00f6llek a hivatalos oldalamon! \u2728\ud83c\udf32<\/span><\/p>\n","protected":false},"featured_media":22784,"template":"","meta":{"_monsterinsights_skip_tracking":false,"_monsterinsights_sitenote_active":false,"_monsterinsights_sitenote_note":"","_monsterinsights_sitenote_category":0},"product_brand":[],"product_cat":[157],"product_tag":[158],"class_list":{"0":"post-22791","1":"product","2":"type-product","3":"status-publish","4":"has-post-thumbnail","6":"product_cat-women","7":"product_tag-young","9":"first","10":"instock","11":"featured","12":"shipping-taxable","13":"product-type-simple"},"_links":{"self":[{"href":"https:\/\/elite2you.com\/hu\/wp-json\/wp\/v2\/product\/22791","targetHints":{"allow":["GET"]}}],"collection":[{"href":"https:\/\/elite2you.com\/hu\/wp-json\/wp\/v2\/product"}],"about":[{"href":"https:\/\/elite2you.com\/hu\/wp-json\/wp\/v2\/types\/product"}],"wp:featuredmedia":[{"embeddable":true,"href":"https:\/\/elite2you.com\/hu\/wp-json\/wp\/v2\/media\/22784"}],"wp:attachment":[{"href":"https:\/\/elite2you.com\/hu\/wp-json\/wp\/v2\/media?parent=22791"}],"wp:term":[{"taxonomy":"product_brand","embeddable":true,"href":"https:\/\/elite2you.com\/hu\/wp-json\/wp\/v2\/product_brand?post=22791"},{"taxonomy":"product_cat","embeddable":true,"href":"https:\/\/elite2you.com\/hu\/wp-json\/wp\/v2\/product_cat?post=22791"},{"taxonomy":"product_tag","embeddable":true,"href":"https:\/\/elite2you.com\/hu\/wp-json\/wp\/v2\/product_tag?post=22791"}],"curies":[{"name":"wp","href":"https:\/\/api.w.org\/{rel}","templated":true}]}}