{"id":22793,"date":"2025-11-15T11:51:25","date_gmt":"2025-11-15T11:51:25","guid":{"rendered":"https:\/\/elite2you.com\/?post_type=product&#038;p=22793"},"modified":"2025-11-15T12:25:02","modified_gmt":"2025-11-15T12:25:02","slug":"lera-nyxee","status":"publish","type":"product","link":"https:\/\/elite2you.com\/hu\/termek\/lera-nyxee\/","title":{"rendered":"Lera Nyxee"},"content":{"rendered":"<h2 data-start=\"406\" data-end=\"472\">\ud83d\udd25 Lera Nyxee \u2013 A s\u00f6t\u00e9t elegancia \u00e9s a n\u0151i energia m\u0171v\u00e9szete \ud83d\udd25<\/h2>\n<p data-start=\"474\" data-end=\"550\">Sziasztok, <strong data-start=\"485\" data-end=\"499\">Lera Nyxee<\/strong> vagyok, \u00e9s \u00fcdv\u00f6z\u00f6llek a hivatalos oldalamon! \ud83d\udda4\u2728<\/p>\n<p data-start=\"552\" data-end=\"846\">A m\u0171v\u00e9szet, az \u00f6nkifejez\u00e9s \u00e9s a rejt\u00e9ly az \u00e9letem r\u00e9szei. Mindig is vonzott a s\u00f6t\u00e9t eszt\u00e9tika, a f\u00e9ny \u00e9s \u00e1rny\u00e9k j\u00e1t\u00e9ka, a n\u0151i l\u00e9lek m\u00e9lys\u00e9ge.<br data-start=\"693\" data-end=\"696\" \/>Sz\u00e1momra a modellked\u00e9s nem csup\u00e1n p\u00f3zol\u00e1s \u2013 hanem t\u00f6rt\u00e9netmes\u00e9l\u00e9s. Minden k\u00e9p egy \u00e9rz\u00e9s, minden mozdulat egy gondolat, minden \u00e1rnyalat egy hangulat.<\/p>\n<p data-start=\"848\" data-end=\"1051\">Fiatal korom \u00f3ta a vizu\u00e1lis m\u0171v\u00e9szetek b\u0171v\u00f6let\u00e9ben \u00e9lek: fot\u00f3z\u00e1s, smink, styling, performansz \u2013 ezek mind eszk\u00f6z\u00f6k arra, hogy megmutassam, milyen soksz\u00edn\u0171 tud lenni egy n\u0151, ha nem f\u00e9l a saj\u00e1t erej\u00e9t\u0151l.<\/p>\n<p data-start=\"1053\" data-end=\"1300\">\ud83d\udc8e <strong data-start=\"1056\" data-end=\"1089\">A s\u00f6t\u00e9ts\u00e9g is lehet gy\u00f6ny\u00f6r\u0171.<\/strong><br data-start=\"1089\" data-end=\"1092\" \/>Nem hiszek a t\u00f6k\u00e9letess\u00e9gben \u2013 hiszek az \u0151szintes\u00e9gben, a sejtelmess\u00e9gben, az \u00e9rzelmekben. A v\u00f6r\u00f6s hajam \u00e9s a fekete ruh\u00e1im m\u00f6g\u00f6tt nemcsak st\u00edlus, hanem \u00fczenet is van: az er\u0151 \u00e9s az \u00e9rz\u00e9kis\u00e9g egy\u00fctt l\u00e9tezik.<\/p>\n<hr data-start=\"1302\" data-end=\"1305\" \/>\n<h2 data-start=\"1307\" data-end=\"1369\">\ud83d\udd6f\ufe0f A m\u0171v\u00e9szi \u00f6nkifejez\u00e9s \u00e9s az \u00e9rz\u00e9kis\u00e9g tal\u00e1lkoz\u00e1sa \ud83d\udd6f\ufe0f<\/h2>\n<p data-start=\"1371\" data-end=\"1545\">Az Elite2Fans-en olyan tartalmakat k\u00e9sz\u00edtek, ahol a n\u0151i energia, a kreativit\u00e1s \u00e9s az intimit\u00e1s egyens\u00falyban van.<br data-start=\"1483\" data-end=\"1486\" \/>Ez az \u00e9n vil\u00e1gom \u2013 eleg\u00e1ns, s\u00f6t\u00e9t, titokzatos \u00e9s \u0151szinte.<\/p>\n<p data-start=\"1547\" data-end=\"1585\">\ud83d\udcf8 <strong data-start=\"1550\" data-end=\"1583\">Mit tal\u00e1lsz n\u00e1lam az oldalon?<\/strong><\/p>\n<p data-start=\"1587\" data-end=\"1908\">\u2714 M\u0171v\u00e9szi fot\u00f3sorozatok \u2013 f\u00fcst, f\u00e9ny, csipke, test \u00e9s l\u00e9lek harm\u00f3ni\u00e1ja.<br data-start=\"1658\" data-end=\"1661\" \/>\u2714 Exkluz\u00edv behind-the-scenes tartalmak \u2013 betekint\u00e9s a fot\u00f3z\u00e1sok kulissz\u00e1i m\u00f6g\u00e9.<br data-start=\"1740\" data-end=\"1743\" \/>\u2714 R\u00f6vid vide\u00f3k \u00e9s vizu\u00e1lis performanszok \u2013 \u00e9rz\u00e9sek mozdulatokban.<br data-start=\"1808\" data-end=\"1811\" \/>\u2714 Egyedi \u00fczenetek \u00e9s szem\u00e9lyes kapcsol\u00f3d\u00e1s \u2013 ha szeretn\u00e9d megismerni, ki vagyok a k\u00e9pek m\u00f6g\u00f6tt.<\/p>\n<hr data-start=\"1910\" data-end=\"1913\" \/>\n<h2 data-start=\"1915\" data-end=\"1954\">\ud83d\udcab Mi\u00e9rt k\u00fcl\u00f6nleges Lera Nyxee? \ud83d\udcab<\/h2>\n<p data-start=\"1956\" data-end=\"2245\">\u27a1 <strong data-start=\"1958\" data-end=\"2006\">Mert nem csup\u00e1n modell vagyok, hanem alkot\u00f3.<\/strong> A kamera sz\u00e1momra ecset, a f\u00e9ny pedig v\u00e1szon.<br data-start=\"2052\" data-end=\"2055\" \/>\u27a1 <strong data-start=\"2057\" data-end=\"2090\">Hiteless\u00e9g, st\u00edlus, karakter.<\/strong> Minden poszt m\u00f6g\u00f6tt val\u00f3di \u00e9rzelem van, nem sablon.<br data-start=\"2142\" data-end=\"2145\" \/>\u27a1 <strong data-start=\"2147\" data-end=\"2168\">Egyedi eszt\u00e9tika.<\/strong> A dark-art \u00e9s a n\u0151i elegancia \u00f6tv\u00f6z\u00e9se \u2013 pr\u00e9mium, m\u0171v\u00e9szi, felejthetetlen.<\/p>\n<hr data-start=\"2247\" data-end=\"2250\" \/>\n<p data-start=\"2252\" data-end=\"2468\">\ud83c\udf0c L\u00e9pj be a vil\u00e1gomba, ahol a f\u00e9ny tal\u00e1lkozik az \u00e1rny\u00e9kkal, \u00e9s a v\u00e1gy m\u0171v\u00e9szett\u00e9 v\u00e1lik.<br data-start=\"2340\" data-end=\"2343\" \/>Csatlakozz hozz\u00e1m az <strong data-start=\"2364\" data-end=\"2378\">Elite2Fans<\/strong>-en, \u00e9s fedezd fel, hogyan lesz az \u00f6nkifejez\u00e9sb\u0151l szenved\u00e9ly, a szenved\u00e9lyb\u0151l pedig er\u0151.<\/p>\n<p data-start=\"2470\" data-end=\"2528\">\ud83d\udc8b \u00dcdv a s\u00f6t\u00e9t elegancia vil\u00e1g\u00e1ban \u2013<br data-start=\"2506\" data-end=\"2509\" \/><strong data-start=\"2509\" data-end=\"2523\">Lera Nyxee<\/strong> \ud83d\udda4<\/p>\n<p data-start=\"2470\" data-end=\"2528\"><b>Gyere \u00e9s tal\u00e1lkozzunk itt: <\/b><a href=\"https:\/\/elite2fans.com\/lera-nyxee\" target=\"_blank\" rel=\"noopener\">https:\/\/elite2fans.com\/lera-nyxee<\/a><\/p>\n","protected":false},"excerpt":{"rendered":"<p>Sziasztok, <strong data-start=\"485\" data-end=\"499\">Lera Nyxee<\/strong> vagyok, \u00e9s \u00fcdv\u00f6z\u00f6llek a hivatalos oldalamon! \ud83d\udda4\u2728<\/p>\n","protected":false},"featured_media":22758,"template":"","meta":{"_monsterinsights_skip_tracking":false,"_monsterinsights_sitenote_active":false,"_monsterinsights_sitenote_note":"","_monsterinsights_sitenote_category":0},"product_brand":[],"product_cat":[157],"product_tag":[158],"class_list":{"0":"post-22793","1":"product","2":"type-product","3":"status-publish","4":"has-post-thumbnail","6":"product_cat-women","7":"product_tag-young","9":"first","10":"instock","11":"featured","12":"shipping-taxable","13":"product-type-simple"},"_links":{"self":[{"href":"https:\/\/elite2you.com\/hu\/wp-json\/wp\/v2\/product\/22793","targetHints":{"allow":["GET"]}}],"collection":[{"href":"https:\/\/elite2you.com\/hu\/wp-json\/wp\/v2\/product"}],"about":[{"href":"https:\/\/elite2you.com\/hu\/wp-json\/wp\/v2\/types\/product"}],"wp:featuredmedia":[{"embeddable":true,"href":"https:\/\/elite2you.com\/hu\/wp-json\/wp\/v2\/media\/22758"}],"wp:attachment":[{"href":"https:\/\/elite2you.com\/hu\/wp-json\/wp\/v2\/media?parent=22793"}],"wp:term":[{"taxonomy":"product_brand","embeddable":true,"href":"https:\/\/elite2you.com\/hu\/wp-json\/wp\/v2\/product_brand?post=22793"},{"taxonomy":"product_cat","embeddable":true,"href":"https:\/\/elite2you.com\/hu\/wp-json\/wp\/v2\/product_cat?post=22793"},{"taxonomy":"product_tag","embeddable":true,"href":"https:\/\/elite2you.com\/hu\/wp-json\/wp\/v2\/product_tag?post=22793"}],"curies":[{"name":"wp","href":"https:\/\/api.w.org\/{rel}","templated":true}]}}